{"id":47722,"date":"2025-02-16T21:29:11","date_gmt":"2025-02-17T05:29:11","guid":{"rendered":"https:\/\/nuniforms.provisdemo.com\/sobre-nosotras\/"},"modified":"2026-04-13T00:43:07","modified_gmt":"2026-04-13T08:43:07","slug":"sobre-nosotras","status":"publish","type":"page","link":"https:\/\/nuniformswholesale.com\/es\/sobre-nosotras\/","title":{"rendered":"Natural Uniforms &#8211; Nuestra historia de marca"},"content":{"rendered":"\t\t<div data-elementor-type=\"wp-page\" data-elementor-id=\"47722\" class=\"elementor elementor-47722 elementor-91\" data-elementor-post-type=\"page\">\n\t\t\t\t<div class=\"elementor-element elementor-element-265efd7 e-flex e-con-boxed glozin-responsive-column glozin-tablet-column--default glozin-responsive-column glozin-mobile-column--default e-con e-parent\" data-id=\"265efd7\" data-element_type=\"container\" data-e-type=\"container\">\n\t\t\t\t\t<div class=\"e-con-inner\">\n\t\t<div class=\"elementor-element elementor-element-0aaf1c8 e-con-full e-flex glozin-responsive-column glozin-tablet-column--default glozin-responsive-column glozin-mobile-column--default e-con e-child\" data-id=\"0aaf1c8\" data-element_type=\"container\" data-e-type=\"container\">\n\t\t\t\t<\/div>\n\t\t<div class=\"elementor-element elementor-element-58be98e e-con-full e-flex glozin-responsive-column glozin-tablet-column--default glozin-responsive-column glozin-mobile-column--default e-con e-child\" data-id=\"58be98e\" data-element_type=\"container\" data-e-type=\"container\">\n\t\t\t\t<div class=\"elementor-element elementor-element-28908af elementor-widget elementor-widget-image\" data-id=\"28908af\" data-element_type=\"widget\" data-e-type=\"widget\" data-widget_type=\"image.default\">\n\t\t\t\t\t\t\t\t\t\t\t\t\t\t\t<img fetchpriority=\"high\" decoding=\"async\" width=\"2048\" height=\"930\" src=\"https:\/\/nuniformswholesale.com\/wp-content\/smush-webp\/2025\/08\/banner-2048x930-1.jpg.webp\" class=\"attachment-full size-full wp-image-47729\" alt=\"\" srcset=\"https:\/\/nuniformswholesale.com\/wp-content\/smush-webp\/2025\/08\/banner-2048x930-1.jpg.webp 2048w, https:\/\/nuniformswholesale.com\/wp-content\/smush-webp\/2025\/08\/banner-2048x930-1-800x363.jpg.webp 800w, https:\/\/nuniformswholesale.com\/wp-content\/smush-webp\/2025\/08\/banner-2048x930-1-130x59.jpg.webp 130w, https:\/\/nuniformswholesale.com\/wp-content\/smush-webp\/2025\/08\/banner-2048x930-1-400x182.jpg.webp 400w, https:\/\/nuniformswholesale.com\/wp-content\/smush-webp\/2025\/08\/banner-2048x930-1-300x136.jpg.webp 300w, https:\/\/nuniformswholesale.com\/wp-content\/smush-webp\/2025\/08\/banner-2048x930-1-1024x465.jpg.webp 1024w, https:\/\/nuniformswholesale.com\/wp-content\/smush-webp\/2025\/08\/banner-2048x930-1-768x349.jpg.webp 768w, https:\/\/nuniformswholesale.com\/wp-content\/uploads\/2025\/08\/banner-2048x930-1-1536x698.jpg 1536w\" sizes=\"(max-width: 2048px) 100vw, 2048px\" \/>\t\t\t\t\t\t\t\t\t\t\t\t\t\t\t<\/div>\n\t\t\t\t<\/div>\n\t\t<div class=\"elementor-element elementor-element-bc6d739 e-con-full e-flex glozin-responsive-column glozin-tablet-column--default glozin-responsive-column glozin-mobile-column--default e-con e-child\" data-id=\"bc6d739\" data-element_type=\"container\" data-e-type=\"container\">\n\t\t\t\t<\/div>\n\t\t\t\t\t<\/div>\n\t\t\t\t<\/div>\n\t\t<div class=\"elementor-element elementor-element-3e754fc e-flex e-con-boxed glozin-responsive-column glozin-tablet-column--default glozin-responsive-column glozin-mobile-column--default e-con e-parent\" data-id=\"3e754fc\" data-element_type=\"container\" data-e-type=\"container\">\n\t\t\t\t\t<div class=\"e-con-inner\">\n\t\t<div class=\"elementor-element elementor-element-09871fe e-con-full e-flex glozin-responsive-column glozin-tablet-column--default glozin-responsive-column glozin-mobile-column--default e-con e-child\" data-id=\"09871fe\" data-element_type=\"container\" data-e-type=\"container\">\n\t\t\t\t<\/div>\n\t\t<div class=\"elementor-element elementor-element-c98cb9f e-con-full e-flex glozin-responsive-column glozin-tablet-column--default glozin-responsive-column glozin-mobile-column--default e-con e-child\" data-id=\"c98cb9f\" data-element_type=\"container\" data-e-type=\"container\">\n\t\t\t\t<div class=\"elementor-element elementor-element-47626f0 elementor-widget elementor-widget-text-editor\" data-id=\"47626f0\" data-element_type=\"widget\" data-e-type=\"widget\" data-widget_type=\"text-editor.default\">\n\t\t\t\t\t\t\t\t\t<div class=\"about-natural-uniforms\"><h4>Donde la comodidad se une con el cuidado<\/h4><p>En Natural Uniforms, colaboramos con distribuidores, minoristas y organizaciones de salud para ofrecer ropa m\u00e9dica de alta calidad dise\u00f1ada para rendimiento, comodidad y valor. Durante m\u00e1s de dos d\u00e9cadas, hemos sido una fuente confiable de uniformes m\u00e9dicos dise\u00f1ados para satisfacer las exigencias de los profesionales de la salud en todos los niveles de atenci\u00f3n.<\/p><h4>Dise\u00f1ado para las exigencias del sector salud<\/h4><p>Entendemos las necesidades de la industria de la salud porque hemos construido nuestra base en torno a ella. Desde hospitales y cl\u00ednicas hasta proveedores de atenci\u00f3n independientes, nuestros uniformes est\u00e1n dise\u00f1ados para apoyar a equipos que trabajan largas horas, est\u00e1n en constante movimiento y requieren ropa confiable todos los d\u00edas.<\/p><h4>Dise\u00f1ado para el rendimiento. Creado para escalar.<\/h4><p>Cada producto se desarrolla teniendo en cuenta tanto al usuario final como a nuestros socios mayoristas:<\/p><ul><li>Tallas consistentes y est\u00e1ndares de producci\u00f3n confiables<\/li><li>Tejidos duraderos y transpirables dise\u00f1ados para lavado industrial repetido<\/li><li>Dise\u00f1os funcionales que priorizan la comodidad y utilidad en entornos de ritmo acelerado<\/li><li>Continuidad de colores y estilos para facilitar la implementaci\u00f3n de programas y uniformes de equipo<\/li><\/ul><p>Nuestro enfoque es simple: ofrecer uniformes que funcionen para los profesionales y escalen para su negocio.<\/p><h4>Por qu\u00e9 asociarse con nosotros<\/h4><p>Elegir Natural Uniforms significa elegir un proveedor comprometido con su \u00e9xito a largo plazo. No solo fabricamos uniformes, sino que apoyamos a nuestros socios mayoristas con la infraestructura y la consistencia necesarias para crecer con confianza.<\/p><ul><li><strong>Cadena de suministro confiable<\/strong> \u2013 Capacidad de producci\u00f3n estable y cumplimiento constante para una demanda continua<\/li><li><strong>Precios preparados para mayoristas<\/strong> \u2013 Estructuras de precios competitivas dise\u00f1adas para m\u00e1rgenes y escalabilidad<\/li><li><strong>Est\u00e1ndares de calidad consistentes<\/strong> \u2013 Cada pedido se produce con estricta atenci\u00f3n al material, ajuste y acabado<\/li><li><strong>Amplio portafolio de productos<\/strong> \u2013 Estilos, colores y tallas dise\u00f1ados para diversos entornos de atenci\u00f3n m\u00e9dica<\/li><li><strong>Soporte enfocado en socios<\/strong> \u2013 Servicio dedicado para optimizar pedidos y necesidades de cumplimiento<\/li><\/ul><p>Hacemos m\u00e1s f\u00e1cil que usted abastezca, venda y escale con confianza.<\/p><h4>Un socio mayorista confiable<\/h4><p>Natural Uniforms suministra millones de prendas a proveedores de atenci\u00f3n m\u00e9dica y distribuidores de uniformes, ganando una reputaci\u00f3n de confiabilidad, consistencia y valor a largo plazo. Ya sea que est\u00e9 abasteciendo estantes minoristas o equipando sistemas de salud completos, ofrecemos la estabilidad de producto y la confianza en el suministro que su negocio necesita.<\/p><h4>Apoyando el negocio del cuidado<\/h4><p>Detr\u00e1s de cada profesional de la salud hay un sistema que lo respalda, y estamos orgullosos de ser parte de esa cadena de suministro. Nuestra misi\u00f3n es ayudar a nuestros socios a ofrecer uniformes confiables en los que los trabajadores de la salud puedan confiar en cada turno.<\/p><p><strong>Natural Uniforms<\/strong><br \/>Un socio mayorista dise\u00f1ado para cada cuerpo, cada rol, cada turno<\/p><\/div>\t\t\t\t\t\t\t\t<\/div>\n\t\t\t\t<\/div>\n\t\t<div class=\"elementor-element elementor-element-a48fe25 e-con-full e-flex glozin-responsive-column glozin-tablet-column--default glozin-responsive-column glozin-mobile-column--default e-con e-child\" data-id=\"a48fe25\" data-element_type=\"container\" data-e-type=\"container\">\n\t\t\t\t<\/div>\n\t\t\t\t\t<\/div>\n\t\t\t\t<\/div>\n\t\t<div class=\"elementor-element elementor-element-08377cd e-flex e-con-boxed glozin-responsive-column glozin-tablet-column--default glozin-responsive-column glozin-mobile-column--default e-con e-parent\" data-id=\"08377cd\" data-element_type=\"container\" data-e-type=\"container\" data-settings=\"{&quot;background_background&quot;:&quot;classic&quot;}\">\n\t\t\t\t\t<div class=\"e-con-inner\">\n\t\t\t\t<div class=\"elementor-element elementor-element-1bea9da elementor-widget elementor-widget-glozin-heading\" data-id=\"1bea9da\" data-element_type=\"widget\" data-e-type=\"widget\" data-widget_type=\"glozin-heading.default\">\n\t\t\t\t<div class=\"elementor-widget-container\">\n\t\t\t\t\t\t\t<div class=\"glozin-heading-elementor\">\n\t\t\t\t<h2 class=\"glozin-heading d-flex align-items-center my-0 glozin-heading--default\">\n\t\t\t\t\tAsociarse con nosotras\t\t\t\t<\/h2>\n\t\t\t<\/div>\n\t\t\t\t\t\t<\/div>\n\t\t\t\t<\/div>\n\t\t\t\t<div class=\"elementor-element elementor-element-13e7ba0 elementor-widget elementor-widget-glozin-heading\" data-id=\"13e7ba0\" data-element_type=\"widget\" data-e-type=\"widget\" data-widget_type=\"glozin-heading.default\">\n\t\t\t\t<div class=\"elementor-widget-container\">\n\t\t\t\t\t\t\t<div class=\"glozin-heading-elementor\">\n\t\t\t\t<div class=\"glozin-heading d-flex align-items-center my-0 glozin-heading--default\">\n\t\t\t\t\t\u00danase a una red creciente de empresas que conf\u00edan en nuestra calidad.<br class=\"d-none d-block-md\" \/>  Cont\u00e1ctenos para explorar nuestras \u00faltimas colecciones y opciones de venta al por mayor exclusivas.\t\t\t\t<\/div>\n\t\t\t<\/div>\n\t\t\t\t\t\t<\/div>\n\t\t\t\t<\/div>\n\t\t\t\t<div class=\"elementor-element elementor-element-da165da elementor-align-center elementor-widget elementor-widget-glozin-button\" data-id=\"da165da\" data-element_type=\"widget\" data-e-type=\"widget\" data-widget_type=\"glozin-button.default\">\n\t\t\t\t<div class=\"elementor-widget-container\">\n\t\t\t\t\t\t\t<a href=\"https:\/\/nuniforms.com\/es\/contactenos\/\" class=\"glozin-button-link glozin-button gz-button\" aria-label=\"Link for Cont\u00e1ctanos\">\r\n\t\t\t\t\t\t\t\t\t\t\r\n\t\t\t<span class=\"glozin-button-text\">Cont\u00e1ctanos<\/span>\t\t<\/a>\r\n\t\t\t\t\t\t<\/div>\n\t\t\t\t<\/div>\n\t\t\t\t\t<\/div>\n\t\t\t\t<\/div>\n\t\t\t\t<\/div>\n\t\t","protected":false},"excerpt":{"rendered":"<p>Donde la comodidad se une con el cuidado En Natural Uniforms, colaboramos con distribuidores, minoristas y organizaciones de salud para ofrecer ropa m\u00e9dica de alta calidad dise\u00f1ada para rendimiento, comodidad y valor. Durante m\u00e1s de dos d\u00e9cadas, hemos sido una fuente confiable de uniformes m\u00e9dicos dise\u00f1ados para satisfacer las exigencias de los profesionales de la [&hellip;]<\/p>\n","protected":false},"author":1,"featured_media":47728,"parent":0,"menu_order":0,"comment_status":"closed","ping_status":"closed","template":"","meta":{"footnotes":""},"class_list":["post-47722","page","type-page","status-publish","has-post-thumbnail","hentry"],"yoast_head":"<!-- This site is optimized with the Yoast SEO plugin v27.4 - https:\/\/yoast.com\/product\/yoast-seo-wordpress\/ -->\n<title>Uniforme profesional - Natural Uniforms Wholesale<\/title>\n<meta name=\"description\" content=\"M\u00e1s informaci\u00f3n sobre Natural Uniforms Wholesale, Su fuente confiable de uniformes profesionales dise\u00f1ados para la comodidad y el estilo. \u00a1Cont\u00e1ctenos hoy!\" \/>\n<meta name=\"robots\" content=\"index, follow, max-snippet:-1, max-image-preview:large, max-video-preview:-1\" \/>\n<link rel=\"canonical\" href=\"https:\/\/nuniformswholesale.com\/es\/sobre-nosotras\/\" \/>\n<meta property=\"og:locale\" content=\"es_ES\" \/>\n<meta property=\"og:type\" content=\"article\" \/>\n<meta property=\"og:title\" content=\"Uniforme profesional - Natural Uniforms Wholesale\" \/>\n<meta property=\"og:description\" content=\"M\u00e1s informaci\u00f3n sobre Natural Uniforms Wholesale, Su fuente confiable de uniformes profesionales dise\u00f1ados para la comodidad y el estilo. \u00a1Cont\u00e1ctenos hoy!\" \/>\n<meta property=\"og:url\" content=\"https:\/\/nuniformswholesale.com\/es\/sobre-nosotras\/\" \/>\n<meta property=\"og:site_name\" content=\"Natural Uniforms Wholesale\" \/>\n<meta property=\"article:modified_time\" content=\"2026-04-13T08:43:07+00:00\" \/>\n<meta property=\"og:image\" content=\"https:\/\/nuniformswholesale.com\/wp-content\/uploads\/2025\/02\/GettyImages-2153163600-scaled.jpg\" \/>\n\t<meta property=\"og:image:width\" content=\"1920\" \/>\n\t<meta property=\"og:image:height\" content=\"1013\" \/>\n\t<meta property=\"og:image:type\" content=\"image\/jpeg\" \/>\n<meta name=\"twitter:card\" content=\"summary_large_image\" \/>\n<meta name=\"twitter:label1\" content=\"Tiempo de lectura\" \/>\n\t<meta name=\"twitter:data1\" content=\"1 minuto\" \/>\n<script type=\"application\/ld+json\" class=\"yoast-schema-graph\">{\"@context\":\"https:\\\/\\\/schema.org\",\"@graph\":[{\"@type\":\"WebPage\",\"@id\":\"https:\\\/\\\/nuniformswholesale.com\\\/es\\\/sobre-nosotras\\\/\",\"url\":\"https:\\\/\\\/nuniformswholesale.com\\\/es\\\/sobre-nosotras\\\/\",\"name\":\"Uniforme profesional - Natural Uniforms Wholesale\",\"isPartOf\":{\"@id\":\"https:\\\/\\\/nuniformswholesale.com\\\/es\\\/#website\"},\"primaryImageOfPage\":{\"@id\":\"https:\\\/\\\/nuniformswholesale.com\\\/es\\\/sobre-nosotras\\\/#primaryimage\"},\"image\":{\"@id\":\"https:\\\/\\\/nuniformswholesale.com\\\/es\\\/sobre-nosotras\\\/#primaryimage\"},\"thumbnailUrl\":\"https:\\\/\\\/nuniformswholesale.com\\\/wp-content\\\/uploads\\\/2025\\\/02\\\/GettyImages-2153163600-scaled.jpg\",\"datePublished\":\"2025-02-17T05:29:11+00:00\",\"dateModified\":\"2026-04-13T08:43:07+00:00\",\"description\":\"M\u00e1s informaci\u00f3n sobre Natural Uniforms Wholesale, Su fuente confiable de uniformes profesionales dise\u00f1ados para la comodidad y el estilo. \u00a1Cont\u00e1ctenos hoy!\",\"breadcrumb\":{\"@id\":\"https:\\\/\\\/nuniformswholesale.com\\\/es\\\/sobre-nosotras\\\/#breadcrumb\"},\"inLanguage\":\"es\",\"potentialAction\":[{\"@type\":\"ReadAction\",\"target\":[\"https:\\\/\\\/nuniformswholesale.com\\\/es\\\/sobre-nosotras\\\/\"]}]},{\"@type\":\"ImageObject\",\"inLanguage\":\"es\",\"@id\":\"https:\\\/\\\/nuniformswholesale.com\\\/es\\\/sobre-nosotras\\\/#primaryimage\",\"url\":\"https:\\\/\\\/nuniformswholesale.com\\\/wp-content\\\/uploads\\\/2025\\\/02\\\/GettyImages-2153163600-scaled.jpg\",\"contentUrl\":\"https:\\\/\\\/nuniformswholesale.com\\\/wp-content\\\/uploads\\\/2025\\\/02\\\/GettyImages-2153163600-scaled.jpg\",\"width\":1920,\"height\":1013,\"caption\":\"Cuatro profesionales de la salud, tres con uniformes azules y uno con bata blanca, de pie y sonriendo en un entorno m\u00e9dico.\"},{\"@type\":\"BreadcrumbList\",\"@id\":\"https:\\\/\\\/nuniformswholesale.com\\\/es\\\/sobre-nosotras\\\/#breadcrumb\",\"itemListElement\":[{\"@type\":\"ListItem\",\"position\":1,\"name\":\"Home\",\"item\":\"https:\\\/\\\/nuniformswholesale.com\\\/es\\\/\"},{\"@type\":\"ListItem\",\"position\":2,\"name\":\"Natural Uniforms &#8211; Nuestra historia de marca\"}]},{\"@type\":\"WebSite\",\"@id\":\"https:\\\/\\\/nuniformswholesale.com\\\/es\\\/#website\",\"url\":\"https:\\\/\\\/nuniformswholesale.com\\\/es\\\/\",\"name\":\"Natural Uniforms\",\"description\":\"Natural Uniforms - Every Day Uniforms\",\"publisher\":{\"@id\":\"https:\\\/\\\/nuniformswholesale.com\\\/es\\\/#organization\"},\"alternateName\":\"Natural Uniforms\",\"potentialAction\":[{\"@type\":\"SearchAction\",\"target\":{\"@type\":\"EntryPoint\",\"urlTemplate\":\"https:\\\/\\\/nuniformswholesale.com\\\/es\\\/?s={search_term_string}\"},\"query-input\":{\"@type\":\"PropertyValueSpecification\",\"valueRequired\":true,\"valueName\":\"search_term_string\"}}],\"inLanguage\":\"es\"},{\"@type\":\"Organization\",\"@id\":\"https:\\\/\\\/nuniformswholesale.com\\\/es\\\/#organization\",\"name\":\"Natural Uniforms\",\"url\":\"https:\\\/\\\/nuniformswholesale.com\\\/es\\\/\",\"logo\":{\"@type\":\"ImageObject\",\"inLanguage\":\"es\",\"@id\":\"https:\\\/\\\/nuniformswholesale.com\\\/es\\\/#\\\/schema\\\/logo\\\/image\\\/\",\"url\":\"https:\\\/\\\/nuniformswholesale.com\\\/wp-content\\\/uploads\\\/2025\\\/08\\\/dsBuffer.bmp-2-1024x295-1-Photoroom.png\",\"contentUrl\":\"https:\\\/\\\/nuniformswholesale.com\\\/wp-content\\\/uploads\\\/2025\\\/08\\\/dsBuffer.bmp-2-1024x295-1-Photoroom.png\",\"width\":296,\"height\":85,\"caption\":\"Natural Uniforms\"},\"image\":{\"@id\":\"https:\\\/\\\/nuniformswholesale.com\\\/es\\\/#\\\/schema\\\/logo\\\/image\\\/\"}}]}<\/script>\n<!-- \/ Yoast SEO plugin. -->","yoast_head_json":{"title":"Uniforme profesional - Natural Uniforms Wholesale","description":"M\u00e1s informaci\u00f3n sobre Natural Uniforms Wholesale, Su fuente confiable de uniformes profesionales dise\u00f1ados para la comodidad y el estilo. \u00a1Cont\u00e1ctenos hoy!","robots":{"index":"index","follow":"follow","max-snippet":"max-snippet:-1","max-image-preview":"max-image-preview:large","max-video-preview":"max-video-preview:-1"},"canonical":"https:\/\/nuniformswholesale.com\/es\/sobre-nosotras\/","og_locale":"es_ES","og_type":"article","og_title":"Uniforme profesional - Natural Uniforms Wholesale","og_description":"M\u00e1s informaci\u00f3n sobre Natural Uniforms Wholesale, Su fuente confiable de uniformes profesionales dise\u00f1ados para la comodidad y el estilo. \u00a1Cont\u00e1ctenos hoy!","og_url":"https:\/\/nuniformswholesale.com\/es\/sobre-nosotras\/","og_site_name":"Natural Uniforms Wholesale","article_modified_time":"2026-04-13T08:43:07+00:00","og_image":[{"width":1920,"height":1013,"url":"https:\/\/nuniformswholesale.com\/wp-content\/uploads\/2025\/02\/GettyImages-2153163600-scaled.jpg","type":"image\/jpeg"}],"twitter_card":"summary_large_image","twitter_misc":{"Tiempo de lectura":"1 minuto"},"schema":{"@context":"https:\/\/schema.org","@graph":[{"@type":"WebPage","@id":"https:\/\/nuniformswholesale.com\/es\/sobre-nosotras\/","url":"https:\/\/nuniformswholesale.com\/es\/sobre-nosotras\/","name":"Uniforme profesional - Natural Uniforms Wholesale","isPartOf":{"@id":"https:\/\/nuniformswholesale.com\/es\/#website"},"primaryImageOfPage":{"@id":"https:\/\/nuniformswholesale.com\/es\/sobre-nosotras\/#primaryimage"},"image":{"@id":"https:\/\/nuniformswholesale.com\/es\/sobre-nosotras\/#primaryimage"},"thumbnailUrl":"https:\/\/nuniformswholesale.com\/wp-content\/uploads\/2025\/02\/GettyImages-2153163600-scaled.jpg","datePublished":"2025-02-17T05:29:11+00:00","dateModified":"2026-04-13T08:43:07+00:00","description":"M\u00e1s informaci\u00f3n sobre Natural Uniforms Wholesale, Su fuente confiable de uniformes profesionales dise\u00f1ados para la comodidad y el estilo. \u00a1Cont\u00e1ctenos hoy!","breadcrumb":{"@id":"https:\/\/nuniformswholesale.com\/es\/sobre-nosotras\/#breadcrumb"},"inLanguage":"es","potentialAction":[{"@type":"ReadAction","target":["https:\/\/nuniformswholesale.com\/es\/sobre-nosotras\/"]}]},{"@type":"ImageObject","inLanguage":"es","@id":"https:\/\/nuniformswholesale.com\/es\/sobre-nosotras\/#primaryimage","url":"https:\/\/nuniformswholesale.com\/wp-content\/uploads\/2025\/02\/GettyImages-2153163600-scaled.jpg","contentUrl":"https:\/\/nuniformswholesale.com\/wp-content\/uploads\/2025\/02\/GettyImages-2153163600-scaled.jpg","width":1920,"height":1013,"caption":"Cuatro profesionales de la salud, tres con uniformes azules y uno con bata blanca, de pie y sonriendo en un entorno m\u00e9dico."},{"@type":"BreadcrumbList","@id":"https:\/\/nuniformswholesale.com\/es\/sobre-nosotras\/#breadcrumb","itemListElement":[{"@type":"ListItem","position":1,"name":"Home","item":"https:\/\/nuniformswholesale.com\/es\/"},{"@type":"ListItem","position":2,"name":"Natural Uniforms &#8211; Nuestra historia de marca"}]},{"@type":"WebSite","@id":"https:\/\/nuniformswholesale.com\/es\/#website","url":"https:\/\/nuniformswholesale.com\/es\/","name":"Natural Uniforms","description":"Natural Uniforms - Every Day Uniforms","publisher":{"@id":"https:\/\/nuniformswholesale.com\/es\/#organization"},"alternateName":"Natural Uniforms","potentialAction":[{"@type":"SearchAction","target":{"@type":"EntryPoint","urlTemplate":"https:\/\/nuniformswholesale.com\/es\/?s={search_term_string}"},"query-input":{"@type":"PropertyValueSpecification","valueRequired":true,"valueName":"search_term_string"}}],"inLanguage":"es"},{"@type":"Organization","@id":"https:\/\/nuniformswholesale.com\/es\/#organization","name":"Natural Uniforms","url":"https:\/\/nuniformswholesale.com\/es\/","logo":{"@type":"ImageObject","inLanguage":"es","@id":"https:\/\/nuniformswholesale.com\/es\/#\/schema\/logo\/image\/","url":"https:\/\/nuniformswholesale.com\/wp-content\/uploads\/2025\/08\/dsBuffer.bmp-2-1024x295-1-Photoroom.png","contentUrl":"https:\/\/nuniformswholesale.com\/wp-content\/uploads\/2025\/08\/dsBuffer.bmp-2-1024x295-1-Photoroom.png","width":296,"height":85,"caption":"Natural Uniforms"},"image":{"@id":"https:\/\/nuniformswholesale.com\/es\/#\/schema\/logo\/image\/"}}]}},"_links":{"self":[{"href":"https:\/\/nuniformswholesale.com\/es\/wp-json\/wp\/v2\/pages\/47722","targetHints":{"allow":["GET"]}}],"collection":[{"href":"https:\/\/nuniformswholesale.com\/es\/wp-json\/wp\/v2\/pages"}],"about":[{"href":"https:\/\/nuniformswholesale.com\/es\/wp-json\/wp\/v2\/types\/page"}],"author":[{"embeddable":true,"href":"https:\/\/nuniformswholesale.com\/es\/wp-json\/wp\/v2\/users\/1"}],"replies":[{"embeddable":true,"href":"https:\/\/nuniformswholesale.com\/es\/wp-json\/wp\/v2\/comments?post=47722"}],"version-history":[{"count":23,"href":"https:\/\/nuniformswholesale.com\/es\/wp-json\/wp\/v2\/pages\/47722\/revisions"}],"predecessor-version":[{"id":73243,"href":"https:\/\/nuniformswholesale.com\/es\/wp-json\/wp\/v2\/pages\/47722\/revisions\/73243"}],"wp:featuredmedia":[{"embeddable":true,"href":"https:\/\/nuniformswholesale.com\/es\/wp-json\/wp\/v2\/media\/47728"}],"wp:attachment":[{"href":"https:\/\/nuniformswholesale.com\/es\/wp-json\/wp\/v2\/media?parent=47722"}],"curies":[{"name":"wp","href":"https:\/\/api.w.org\/{rel}","templated":true}]}}