{"id":47906,"date":"2025-02-16T21:29:17","date_gmt":"2025-02-17T05:29:17","guid":{"rendered":"https:\/\/nuniforms.provisdemo.com\/tienda\/"},"modified":"2025-09-04T02:12:09","modified_gmt":"2025-09-04T10:12:09","slug":"tienda","status":"publish","type":"page","link":"https:\/\/nuniformswholesale.com\/es\/tienda\/","title":{"rendered":"Tienda"},"content":{"rendered":"","protected":false},"excerpt":{"rendered":"","protected":false},"author":1,"featured_media":47638,"parent":0,"menu_order":0,"comment_status":"closed","ping_status":"closed","template":"","meta":{"footnotes":""},"class_list":["post-47906","page","type-page","status-publish","has-post-thumbnail","hentry"],"yoast_head":"<!-- This site is optimized with the Yoast SEO plugin v27.4 - https:\/\/yoast.com\/product\/yoast-seo-wordpress\/ -->\n<title>Batas de laboratorio m\u00e9dico - Natural Uniforms Wholesale<\/title>\n<meta name=\"description\" content=\"Explore nuestras batas de laboratorio m\u00e9dicas premium en Natural Uniforms Wholesale. Duradero, elegante y dise\u00f1ado para profesionales. \u00a1Navega ahora!\" \/>\n<meta name=\"robots\" content=\"index, follow, max-snippet:-1, max-image-preview:large, max-video-preview:-1\" \/>\n<link rel=\"canonical\" href=\"https:\/\/nuniformswholesale.com\/es\/tienda\/\" \/>\n<meta property=\"og:locale\" content=\"es_ES\" \/>\n<meta property=\"og:type\" content=\"article\" \/>\n<meta property=\"og:title\" content=\"Batas de laboratorio m\u00e9dico - Natural Uniforms Wholesale\" \/>\n<meta property=\"og:description\" content=\"Explore nuestras batas de laboratorio m\u00e9dicas premium en Natural Uniforms Wholesale. Duradero, elegante y dise\u00f1ado para profesionales. \u00a1Navega ahora!\" \/>\n<meta property=\"og:url\" content=\"https:\/\/nuniformswholesale.com\/es\/tienda\/\" \/>\n<meta property=\"og:site_name\" content=\"Natural Uniforms Wholesale\" \/>\n<meta property=\"article:modified_time\" content=\"2025-09-04T10:12:09+00:00\" \/>\n<meta property=\"og:image\" content=\"https:\/\/nuniformswholesale.com\/wp-content\/uploads\/2025\/02\/GettyImages-532394887-scaled.jpg\" \/>\n\t<meta property=\"og:image:width\" content=\"1620\" \/>\n\t<meta property=\"og:image:height\" content=\"1080\" \/>\n\t<meta property=\"og:image:type\" content=\"image\/jpeg\" \/>\n<meta name=\"twitter:card\" content=\"summary_large_image\" \/>\n<script type=\"application\/ld+json\" class=\"yoast-schema-graph\">{\"@context\":\"https:\\\/\\\/schema.org\",\"@graph\":[{\"@type\":\"WebPage\",\"@id\":\"https:\\\/\\\/nuniformswholesale.com\\\/es\\\/tienda\\\/\",\"url\":\"https:\\\/\\\/nuniformswholesale.com\\\/es\\\/tienda\\\/\",\"name\":\"Batas de laboratorio m\u00e9dico - Natural Uniforms Wholesale\",\"isPartOf\":{\"@id\":\"https:\\\/\\\/nuniformswholesale.com\\\/es\\\/#website\"},\"primaryImageOfPage\":{\"@id\":\"https:\\\/\\\/nuniformswholesale.com\\\/es\\\/tienda\\\/#primaryimage\"},\"image\":{\"@id\":\"https:\\\/\\\/nuniformswholesale.com\\\/es\\\/tienda\\\/#primaryimage\"},\"thumbnailUrl\":\"https:\\\/\\\/nuniformswholesale.com\\\/wp-content\\\/uploads\\\/2025\\\/02\\\/GettyImages-532394887-scaled.jpg\",\"datePublished\":\"2025-02-17T05:29:17+00:00\",\"dateModified\":\"2025-09-04T10:12:09+00:00\",\"description\":\"Explore nuestras batas de laboratorio m\u00e9dicas premium en Natural Uniforms Wholesale. Duradero, elegante y dise\u00f1ado para profesionales. \u00a1Navega ahora!\",\"breadcrumb\":{\"@id\":\"https:\\\/\\\/nuniformswholesale.com\\\/es\\\/tienda\\\/#breadcrumb\"},\"inLanguage\":\"es\",\"potentialAction\":[{\"@type\":\"ReadAction\",\"target\":[\"https:\\\/\\\/nuniformswholesale.com\\\/es\\\/tienda\\\/\"]}]},{\"@type\":\"ImageObject\",\"inLanguage\":\"es\",\"@id\":\"https:\\\/\\\/nuniformswholesale.com\\\/es\\\/tienda\\\/#primaryimage\",\"url\":\"https:\\\/\\\/nuniformswholesale.com\\\/wp-content\\\/uploads\\\/2025\\\/02\\\/GettyImages-532394887-scaled.jpg\",\"contentUrl\":\"https:\\\/\\\/nuniformswholesale.com\\\/wp-content\\\/uploads\\\/2025\\\/02\\\/GettyImages-532394887-scaled.jpg\",\"width\":1620,\"height\":1080,\"caption\":\"Un grupo de profesionales m\u00e9dicos vestidos con uniformes quir\u00fargicos camina por un pasillo de hospital, sosteniendo cuadernos y estetoscopios, mientras conversan.\"},{\"@type\":\"BreadcrumbList\",\"@id\":\"https:\\\/\\\/nuniformswholesale.com\\\/es\\\/tienda\\\/#breadcrumb\",\"itemListElement\":[{\"@type\":\"ListItem\",\"position\":1,\"name\":\"Home\",\"item\":\"https:\\\/\\\/nuniformswholesale.com\\\/es\\\/\"},{\"@type\":\"ListItem\",\"position\":2,\"name\":\"Tienda\"}]},{\"@type\":\"WebSite\",\"@id\":\"https:\\\/\\\/nuniformswholesale.com\\\/es\\\/#website\",\"url\":\"https:\\\/\\\/nuniformswholesale.com\\\/es\\\/\",\"name\":\"Natural Uniforms\",\"description\":\"Natural Uniforms - Every Day Uniforms\",\"publisher\":{\"@id\":\"https:\\\/\\\/nuniformswholesale.com\\\/es\\\/#organization\"},\"alternateName\":\"Natural Uniforms\",\"potentialAction\":[{\"@type\":\"SearchAction\",\"target\":{\"@type\":\"EntryPoint\",\"urlTemplate\":\"https:\\\/\\\/nuniformswholesale.com\\\/es\\\/?s={search_term_string}\"},\"query-input\":{\"@type\":\"PropertyValueSpecification\",\"valueRequired\":true,\"valueName\":\"search_term_string\"}}],\"inLanguage\":\"es\"},{\"@type\":\"Organization\",\"@id\":\"https:\\\/\\\/nuniformswholesale.com\\\/es\\\/#organization\",\"name\":\"Natural Uniforms\",\"url\":\"https:\\\/\\\/nuniformswholesale.com\\\/es\\\/\",\"logo\":{\"@type\":\"ImageObject\",\"inLanguage\":\"es\",\"@id\":\"https:\\\/\\\/nuniformswholesale.com\\\/es\\\/#\\\/schema\\\/logo\\\/image\\\/\",\"url\":\"https:\\\/\\\/nuniformswholesale.com\\\/wp-content\\\/uploads\\\/2025\\\/08\\\/dsBuffer.bmp-2-1024x295-1-Photoroom.png\",\"contentUrl\":\"https:\\\/\\\/nuniformswholesale.com\\\/wp-content\\\/uploads\\\/2025\\\/08\\\/dsBuffer.bmp-2-1024x295-1-Photoroom.png\",\"width\":296,\"height\":85,\"caption\":\"Natural Uniforms\"},\"image\":{\"@id\":\"https:\\\/\\\/nuniformswholesale.com\\\/es\\\/#\\\/schema\\\/logo\\\/image\\\/\"}}]}<\/script>\n<!-- \/ Yoast SEO plugin. -->","yoast_head_json":{"title":"Batas de laboratorio m\u00e9dico - Natural Uniforms Wholesale","description":"Explore nuestras batas de laboratorio m\u00e9dicas premium en Natural Uniforms Wholesale. Duradero, elegante y dise\u00f1ado para profesionales. \u00a1Navega ahora!","robots":{"index":"index","follow":"follow","max-snippet":"max-snippet:-1","max-image-preview":"max-image-preview:large","max-video-preview":"max-video-preview:-1"},"canonical":"https:\/\/nuniformswholesale.com\/es\/tienda\/","og_locale":"es_ES","og_type":"article","og_title":"Batas de laboratorio m\u00e9dico - Natural Uniforms Wholesale","og_description":"Explore nuestras batas de laboratorio m\u00e9dicas premium en Natural Uniforms Wholesale. Duradero, elegante y dise\u00f1ado para profesionales. \u00a1Navega ahora!","og_url":"https:\/\/nuniformswholesale.com\/es\/tienda\/","og_site_name":"Natural Uniforms Wholesale","article_modified_time":"2025-09-04T10:12:09+00:00","og_image":[{"width":1620,"height":1080,"url":"https:\/\/nuniformswholesale.com\/wp-content\/uploads\/2025\/02\/GettyImages-532394887-scaled.jpg","type":"image\/jpeg"}],"twitter_card":"summary_large_image","schema":{"@context":"https:\/\/schema.org","@graph":[{"@type":"WebPage","@id":"https:\/\/nuniformswholesale.com\/es\/tienda\/","url":"https:\/\/nuniformswholesale.com\/es\/tienda\/","name":"Batas de laboratorio m\u00e9dico - Natural Uniforms Wholesale","isPartOf":{"@id":"https:\/\/nuniformswholesale.com\/es\/#website"},"primaryImageOfPage":{"@id":"https:\/\/nuniformswholesale.com\/es\/tienda\/#primaryimage"},"image":{"@id":"https:\/\/nuniformswholesale.com\/es\/tienda\/#primaryimage"},"thumbnailUrl":"https:\/\/nuniformswholesale.com\/wp-content\/uploads\/2025\/02\/GettyImages-532394887-scaled.jpg","datePublished":"2025-02-17T05:29:17+00:00","dateModified":"2025-09-04T10:12:09+00:00","description":"Explore nuestras batas de laboratorio m\u00e9dicas premium en Natural Uniforms Wholesale. Duradero, elegante y dise\u00f1ado para profesionales. \u00a1Navega ahora!","breadcrumb":{"@id":"https:\/\/nuniformswholesale.com\/es\/tienda\/#breadcrumb"},"inLanguage":"es","potentialAction":[{"@type":"ReadAction","target":["https:\/\/nuniformswholesale.com\/es\/tienda\/"]}]},{"@type":"ImageObject","inLanguage":"es","@id":"https:\/\/nuniformswholesale.com\/es\/tienda\/#primaryimage","url":"https:\/\/nuniformswholesale.com\/wp-content\/uploads\/2025\/02\/GettyImages-532394887-scaled.jpg","contentUrl":"https:\/\/nuniformswholesale.com\/wp-content\/uploads\/2025\/02\/GettyImages-532394887-scaled.jpg","width":1620,"height":1080,"caption":"Un grupo de profesionales m\u00e9dicos vestidos con uniformes quir\u00fargicos camina por un pasillo de hospital, sosteniendo cuadernos y estetoscopios, mientras conversan."},{"@type":"BreadcrumbList","@id":"https:\/\/nuniformswholesale.com\/es\/tienda\/#breadcrumb","itemListElement":[{"@type":"ListItem","position":1,"name":"Home","item":"https:\/\/nuniformswholesale.com\/es\/"},{"@type":"ListItem","position":2,"name":"Tienda"}]},{"@type":"WebSite","@id":"https:\/\/nuniformswholesale.com\/es\/#website","url":"https:\/\/nuniformswholesale.com\/es\/","name":"Natural Uniforms","description":"Natural Uniforms - Every Day Uniforms","publisher":{"@id":"https:\/\/nuniformswholesale.com\/es\/#organization"},"alternateName":"Natural Uniforms","potentialAction":[{"@type":"SearchAction","target":{"@type":"EntryPoint","urlTemplate":"https:\/\/nuniformswholesale.com\/es\/?s={search_term_string}"},"query-input":{"@type":"PropertyValueSpecification","valueRequired":true,"valueName":"search_term_string"}}],"inLanguage":"es"},{"@type":"Organization","@id":"https:\/\/nuniformswholesale.com\/es\/#organization","name":"Natural Uniforms","url":"https:\/\/nuniformswholesale.com\/es\/","logo":{"@type":"ImageObject","inLanguage":"es","@id":"https:\/\/nuniformswholesale.com\/es\/#\/schema\/logo\/image\/","url":"https:\/\/nuniformswholesale.com\/wp-content\/uploads\/2025\/08\/dsBuffer.bmp-2-1024x295-1-Photoroom.png","contentUrl":"https:\/\/nuniformswholesale.com\/wp-content\/uploads\/2025\/08\/dsBuffer.bmp-2-1024x295-1-Photoroom.png","width":296,"height":85,"caption":"Natural Uniforms"},"image":{"@id":"https:\/\/nuniformswholesale.com\/es\/#\/schema\/logo\/image\/"}}]}},"_links":{"self":[{"href":"https:\/\/nuniformswholesale.com\/es\/wp-json\/wp\/v2\/pages\/47906","targetHints":{"allow":["GET"]}}],"collection":[{"href":"https:\/\/nuniformswholesale.com\/es\/wp-json\/wp\/v2\/pages"}],"about":[{"href":"https:\/\/nuniformswholesale.com\/es\/wp-json\/wp\/v2\/types\/page"}],"author":[{"embeddable":true,"href":"https:\/\/nuniformswholesale.com\/es\/wp-json\/wp\/v2\/users\/1"}],"replies":[{"embeddable":true,"href":"https:\/\/nuniformswholesale.com\/es\/wp-json\/wp\/v2\/comments?post=47906"}],"version-history":[{"count":5,"href":"https:\/\/nuniformswholesale.com\/es\/wp-json\/wp\/v2\/pages\/47906\/revisions"}],"predecessor-version":[{"id":47913,"href":"https:\/\/nuniformswholesale.com\/es\/wp-json\/wp\/v2\/pages\/47906\/revisions\/47913"}],"wp:featuredmedia":[{"embeddable":true,"href":"https:\/\/nuniformswholesale.com\/es\/wp-json\/wp\/v2\/media\/47638"}],"wp:attachment":[{"href":"https:\/\/nuniformswholesale.com\/es\/wp-json\/wp\/v2\/media?parent=47906"}],"curies":[{"name":"wp","href":"https:\/\/api.w.org\/{rel}","templated":true}]}}