{"id":48123,"date":"2025-07-18T15:04:49","date_gmt":"2025-07-18T23:04:49","guid":{"rendered":"https:\/\/nuniforms.provisdemo.com\/product\/conjunto-de-top-elastico-con-cuello-en-v-y-pantalon-cargo-para-mujer-estilo-n-8400set\/"},"modified":"2026-04-14T00:47:19","modified_gmt":"2026-04-14T08:47:19","slug":"conjunto-de-top-elastico-con-cuello-en-v-y-pantalon-cargo-para-mujer-estilo-n-8400set","status":"publish","type":"product","link":"https:\/\/nuniformswholesale.com\/es\/producto\/conjunto-de-top-elastico-con-cuello-en-v-y-pantalon-cargo-para-mujer-estilo-n-8400set\/","title":{"rendered":"CONJUNTO M\u00c9DICO COOL STRETCH CON CUELLO EN V Y PANTAL\u00d3N CARGO PARA MUJER (ESTILO N.\u00ba 8400SET)"},"content":{"rendered":"<p><strong>Aspectos destacados del producto:<\/strong><\/p>\n<p><strong>Disponible en tallas Petite y Regular (largo corto y est\u00e1ndar)<\/strong><\/p>\n<div>\n<p><strong data-start=\"211\" data-end=\"224\">Material:<\/strong><\/p>\n<ul data-start=\"227\" data-end=\"344\">\n<li data-start=\"227\" data-end=\"257\">93 % Poli\u00e9ster \/ 7 % Elastano<\/li>\n<li data-start=\"258\" data-end=\"310\">Tejido ligero, transpirable y con evacuaci\u00f3n de la humedad.<\/li>\n<li data-start=\"311\" data-end=\"344\">Resistente a las arrugas y de f\u00e1cil cuidado.<\/li>\n<\/ul>\n<p><strong data-start=\"355\" data-end=\"372\">Caracter\u00edsticas principales:<\/strong><\/p>\n<ul data-start=\"373\" data-end=\"576\">\n<li data-start=\"373\" data-end=\"409\">Mangas cortas con cuello en V.<\/li>\n<li data-start=\"410\" data-end=\"470\">4 bolsillos en total:\n<ul data-start=\"431\" data-end=\"470\">\n<li data-start=\"431\" data-end=\"470\">Incluye un bolsillo oculto para tel\u00e9fono m\u00f3vil.<\/li>\n<\/ul>\n<\/li>\n<li data-start=\"471\" data-end=\"499\">Bucle el\u00e1stico para tarjeta de identificaci\u00f3n<\/li>\n<li data-start=\"500\" data-end=\"535\">Aberturas laterales para facilitar el movimiento.<\/li>\n<li data-start=\"536\" data-end=\"576\">Costuras con doble aguja para mayor durabilidad.<\/li>\n<\/ul>\n<p><strong data-start=\"587\" data-end=\"606\">Caracter\u00edsticas de los pantalones:<\/strong><\/p>\n<ul data-start=\"607\" data-end=\"842\">\n<li data-start=\"607\" data-end=\"661\">Tiro medio con cinturilla el\u00e1stica y cord\u00f3n ajustable.<\/li>\n<li data-start=\"662\" data-end=\"786\">8 bolsillos en total:\n<ul data-start=\"685\" data-end=\"786\">\n<li data-start=\"685\" data-end=\"704\">2 bolsillos delanteros<\/li>\n<li data-start=\"707\" data-end=\"725\">2 bolsillos traseros<\/li>\n<li data-start=\"728\" data-end=\"786\">4 bolsillos cargo (incluido un bolsillo oculto para tel\u00e9fono m\u00f3vil)<\/li>\n<\/ul>\n<\/li>\n<li data-start=\"787\" data-end=\"842\">Pierna recta con aberturas laterales para mayor comodidad y movilidad.<\/li>\n<\/ul>\n<\/div>\n","protected":false},"excerpt":{"rendered":"<p><strong>Aspectos destacados del producto:<\/strong><\/p>\n<p><strong>Disponible en tallas Petite y Regular<\/strong><\/p>\n<div>\n<p><strong data-start=\"211\" data-end=\"224\">Material:<\/strong><\/p>\n<ul data-start=\"227\" data-end=\"344\">\n<li data-start=\"227\" data-end=\"257\">93 % poli\u00e9ster \/ 7 % elastano<\/li>\n<li data-start=\"258\" data-end=\"310\">Tejido ligero, transpirable y con evacuaci\u00f3n de la humedad.<\/li>\n<li data-start=\"311\" data-end=\"344\">Resistente a las arrugas y de f\u00e1cil cuidado.<\/li>\n<\/ul>\n<p><strong data-start=\"355\" data-end=\"372\">Caracter\u00edsticas principales:<\/strong><\/p>\n<ul data-start=\"373\" data-end=\"576\">\n<li data-start=\"373\" data-end=\"409\">Mangas cortas con cuello en V.<\/li>\n<li data-start=\"410\" data-end=\"470\">4 bolsillos en total:\n<ul data-start=\"431\" data-end=\"470\">\n<li data-start=\"431\" data-end=\"470\">Incluye un bolsillo oculto para tel\u00e9fono m\u00f3vil.<\/li>\n<\/ul>\n<\/li>\n<li data-start=\"471\" data-end=\"499\">Bucle el\u00e1stico para tarjeta de identificaci\u00f3n<\/li>\n<li data-start=\"500\" data-end=\"535\">Aberturas laterales para facilitar el movimiento.<\/li>\n<li data-start=\"536\" data-end=\"576\">Costuras con doble aguja para mayor durabilidad.<\/li>\n<\/ul>\n<p><strong data-start=\"587\" data-end=\"606\">Caracter\u00edsticas de los pantalones:<\/strong><\/p>\n<ul data-start=\"607\" data-end=\"842\">\n<li data-start=\"607\" data-end=\"661\">Tiro medio con cinturilla el\u00e1stica y cord\u00f3n ajustable.<\/li>\n<li data-start=\"662\" data-end=\"786\">8 bolsillos en total:\n<ul data-start=\"685\" data-end=\"786\">\n<li data-start=\"685\" data-end=\"704\">2 bolsillos delanteros<\/li>\n<li data-start=\"707\" data-end=\"725\">2 bolsillos traseros<\/li>\n<li data-start=\"728\" data-end=\"786\">4 bolsillos cargo (incluido un bolsillo oculto para tel\u00e9fono m\u00f3vil)<\/li>\n<\/ul>\n<\/li>\n<li data-start=\"787\" data-end=\"842\">Pierna recta con aberturas laterales para mayor comodidad y movilidad.<\/li>\n<\/ul>\n<\/div>\n","protected":false},"featured_media":56540,"comment_status":"open","ping_status":"closed","template":"","meta":[],"product_brand":[],"product_cat":[712,722,307,299,298,535],"product_tag":[725,661,727],"class_list":{"0":"post-48123","1":"product","2":"type-product","3":"status-publish","4":"has-post-thumbnail","6":"product_cat-cargo","7":"product_cat-stretch","8":"product_cat-scrub-sets","9":"product_cat-best-seller","10":"product_cat-mujer","11":"product_cat-pijama-quirurgico","12":"product_tag-scrub-set","13":"product_tag-stretch","14":"product_tag-women","15":"pa_color-aceituna","16":"pa_color-agua-azul","17":"pa_color-azul-marino-verdadero","18":"pa_color-azul-real-verdadero","19":"pa_color-berenjena","20":"pa_color-black","21":"pa_color-borgona","22":"pa_color-carbon","23":"pa_color-coral","24":"pa_color-gris-brezo","25":"pa_color-lavanda","26":"pa_color-red","27":"pa_color-rosa-fuerte","28":"pa_color-techo-azul","29":"pa_color-verde-azulado","30":"pa_color-verde-cazador-verde","31":"pa_color-white","32":"pa_size-2x","33":"pa_size-3x","34":"pa_size-l","35":"pa_size-l-petite","36":"pa_size-m","37":"pa_size-m-petite","38":"pa_size-s","39":"pa_size-s-petite","40":"pa_size-xl","41":"pa_size-xl-petite","42":"pa_size-xs","43":"pa_size-xs-petite","45":"first","46":"instock","47":"purchasable","48":"product-type-variable"},"yoast_head":"<!-- This site is optimized with the Yoast SEO plugin v27.4 - https:\/\/yoast.com\/product\/yoast-seo-wordpress\/ -->\n<title>CONJUNTO M\u00c9DICO COOL STRETCH CON CUELLO EN V Y PANTAL\u00d3N CARGO PARA MUJER (ESTILO N.\u00ba 8400SET) - Natural Uniforms Wholesale<\/title>\n<meta name=\"robots\" content=\"index, follow, max-snippet:-1, max-image-preview:large, max-video-preview:-1\" \/>\n<link rel=\"canonical\" href=\"https:\/\/nuniformswholesale.com\/es\/producto\/conjunto-de-top-elastico-con-cuello-en-v-y-pantalon-cargo-para-mujer-estilo-n-8400set\/\" \/>\n<meta property=\"og:locale\" content=\"es_ES\" \/>\n<meta property=\"og:type\" content=\"article\" \/>\n<meta property=\"og:title\" content=\"CONJUNTO M\u00c9DICO COOL STRETCH CON CUELLO EN V Y PANTAL\u00d3N CARGO PARA MUJER (ESTILO N.\u00ba 8400SET) - Natural Uniforms Wholesale\" \/>\n<meta property=\"og:description\" content=\"Aspectos destacados del producto:  Disponible en tallas Petite y Regular   Material:   93 % poli\u00e9ster \/ 7 % elastano  Tejido ligero, transpirable y con evacuaci\u00f3n de la humedad.  Resistente a las arrugas y de f\u00e1cil cuidado.  Caracter\u00edsticas principales:   Mangas cortas con cuello en V.  4 bolsillos en total:   Incluye un bolsillo oculto para tel\u00e9fono m\u00f3vil.    Bucle el\u00e1stico para tarjeta de identificaci\u00f3n  Aberturas laterales para facilitar el movimiento.  Costuras con doble aguja para mayor durabilidad.  Caracter\u00edsticas de los pantalones:   Tiro medio con cinturilla el\u00e1stica y cord\u00f3n ajustable.  8 bolsillos en total:   2 bolsillos delanteros  2 bolsillos traseros  4 bolsillos cargo (incluido un bolsillo oculto para tel\u00e9fono m\u00f3vil)    Pierna recta con aberturas laterales para mayor comodidad y movilidad.\" \/>\n<meta property=\"og:url\" content=\"https:\/\/nuniformswholesale.com\/es\/producto\/conjunto-de-top-elastico-con-cuello-en-v-y-pantalon-cargo-para-mujer-estilo-n-8400set\/\" \/>\n<meta property=\"og:site_name\" content=\"Natural Uniforms Wholesale\" \/>\n<meta property=\"article:modified_time\" content=\"2026-04-14T08:47:19+00:00\" \/>\n<meta property=\"og:image\" content=\"https:\/\/nuniformswholesale.com\/wp-content\/uploads\/2025\/07\/8400_front-view_1_woman_White.jpg\" \/>\n\t<meta property=\"og:image:width\" content=\"800\" \/>\n\t<meta property=\"og:image:height\" content=\"800\" \/>\n\t<meta property=\"og:image:type\" content=\"image\/jpeg\" \/>\n<meta name=\"twitter:card\" content=\"summary_large_image\" \/>\n<meta name=\"twitter:label1\" content=\"Tiempo de lectura\" \/>\n\t<meta name=\"twitter:data1\" content=\"1 minuto\" \/>\n<script type=\"application\/ld+json\" class=\"yoast-schema-graph\">{\"@context\":\"https:\\\/\\\/schema.org\",\"@graph\":[{\"@type\":\"WebPage\",\"@id\":\"https:\\\/\\\/nuniformswholesale.com\\\/es\\\/producto\\\/conjunto-de-top-elastico-con-cuello-en-v-y-pantalon-cargo-para-mujer-estilo-n-8400set\\\/\",\"url\":\"https:\\\/\\\/nuniformswholesale.com\\\/es\\\/producto\\\/conjunto-de-top-elastico-con-cuello-en-v-y-pantalon-cargo-para-mujer-estilo-n-8400set\\\/\",\"name\":\"CONJUNTO M\u00c9DICO COOL STRETCH CON CUELLO EN V Y PANTAL\u00d3N CARGO PARA MUJER (ESTILO N.\u00ba 8400SET) - Natural Uniforms Wholesale\",\"isPartOf\":{\"@id\":\"https:\\\/\\\/nuniformswholesale.com\\\/es\\\/#website\"},\"primaryImageOfPage\":{\"@id\":\"https:\\\/\\\/nuniformswholesale.com\\\/es\\\/producto\\\/conjunto-de-top-elastico-con-cuello-en-v-y-pantalon-cargo-para-mujer-estilo-n-8400set\\\/#primaryimage\"},\"image\":{\"@id\":\"https:\\\/\\\/nuniformswholesale.com\\\/es\\\/producto\\\/conjunto-de-top-elastico-con-cuello-en-v-y-pantalon-cargo-para-mujer-estilo-n-8400set\\\/#primaryimage\"},\"thumbnailUrl\":\"https:\\\/\\\/nuniformswholesale.com\\\/wp-content\\\/uploads\\\/2025\\\/07\\\/8400_front-view_1_woman_White.jpg\",\"datePublished\":\"2025-07-18T23:04:49+00:00\",\"dateModified\":\"2026-04-14T08:47:19+00:00\",\"breadcrumb\":{\"@id\":\"https:\\\/\\\/nuniformswholesale.com\\\/es\\\/producto\\\/conjunto-de-top-elastico-con-cuello-en-v-y-pantalon-cargo-para-mujer-estilo-n-8400set\\\/#breadcrumb\"},\"inLanguage\":\"es\",\"potentialAction\":[{\"@type\":\"ReadAction\",\"target\":[\"https:\\\/\\\/nuniformswholesale.com\\\/es\\\/producto\\\/conjunto-de-top-elastico-con-cuello-en-v-y-pantalon-cargo-para-mujer-estilo-n-8400set\\\/\"]}]},{\"@type\":\"ImageObject\",\"inLanguage\":\"es\",\"@id\":\"https:\\\/\\\/nuniformswholesale.com\\\/es\\\/producto\\\/conjunto-de-top-elastico-con-cuello-en-v-y-pantalon-cargo-para-mujer-estilo-n-8400set\\\/#primaryimage\",\"url\":\"https:\\\/\\\/nuniformswholesale.com\\\/wp-content\\\/uploads\\\/2025\\\/07\\\/8400_front-view_1_woman_White.jpg\",\"contentUrl\":\"https:\\\/\\\/nuniformswholesale.com\\\/wp-content\\\/uploads\\\/2025\\\/07\\\/8400_front-view_1_woman_White.jpg\",\"width\":800,\"height\":800},{\"@type\":\"BreadcrumbList\",\"@id\":\"https:\\\/\\\/nuniformswholesale.com\\\/es\\\/producto\\\/conjunto-de-top-elastico-con-cuello-en-v-y-pantalon-cargo-para-mujer-estilo-n-8400set\\\/#breadcrumb\",\"itemListElement\":[{\"@type\":\"ListItem\",\"position\":1,\"name\":\"Home\",\"item\":\"https:\\\/\\\/nuniformswholesale.com\\\/es\\\/\"},{\"@type\":\"ListItem\",\"position\":2,\"name\":\"Our Products\",\"item\":\"https:\\\/\\\/nuniformswholesale.com\\\/our-products\\\/\"},{\"@type\":\"ListItem\",\"position\":3,\"name\":\"CONJUNTO M\u00c9DICO COOL STRETCH CON CUELLO EN V Y PANTAL\u00d3N CARGO PARA MUJER (ESTILO N.\u00ba 8400SET)\"}]},{\"@type\":\"WebSite\",\"@id\":\"https:\\\/\\\/nuniformswholesale.com\\\/es\\\/#website\",\"url\":\"https:\\\/\\\/nuniformswholesale.com\\\/es\\\/\",\"name\":\"Natural Uniforms\",\"description\":\"Natural Uniforms - Every Day Uniforms\",\"publisher\":{\"@id\":\"https:\\\/\\\/nuniformswholesale.com\\\/es\\\/#organization\"},\"alternateName\":\"Natural Uniforms\",\"potentialAction\":[{\"@type\":\"SearchAction\",\"target\":{\"@type\":\"EntryPoint\",\"urlTemplate\":\"https:\\\/\\\/nuniformswholesale.com\\\/es\\\/?s={search_term_string}\"},\"query-input\":{\"@type\":\"PropertyValueSpecification\",\"valueRequired\":true,\"valueName\":\"search_term_string\"}}],\"inLanguage\":\"es\"},{\"@type\":\"Organization\",\"@id\":\"https:\\\/\\\/nuniformswholesale.com\\\/es\\\/#organization\",\"name\":\"Natural Uniforms\",\"url\":\"https:\\\/\\\/nuniformswholesale.com\\\/es\\\/\",\"logo\":{\"@type\":\"ImageObject\",\"inLanguage\":\"es\",\"@id\":\"https:\\\/\\\/nuniformswholesale.com\\\/es\\\/#\\\/schema\\\/logo\\\/image\\\/\",\"url\":\"https:\\\/\\\/nuniformswholesale.com\\\/wp-content\\\/uploads\\\/2025\\\/08\\\/dsBuffer.bmp-2-1024x295-1-Photoroom.png\",\"contentUrl\":\"https:\\\/\\\/nuniformswholesale.com\\\/wp-content\\\/uploads\\\/2025\\\/08\\\/dsBuffer.bmp-2-1024x295-1-Photoroom.png\",\"width\":296,\"height\":85,\"caption\":\"Natural Uniforms\"},\"image\":{\"@id\":\"https:\\\/\\\/nuniformswholesale.com\\\/es\\\/#\\\/schema\\\/logo\\\/image\\\/\"}}]}<\/script>\n<!-- \/ Yoast SEO plugin. -->","yoast_head_json":{"title":"CONJUNTO M\u00c9DICO COOL STRETCH CON CUELLO EN V Y PANTAL\u00d3N CARGO PARA MUJER (ESTILO N.\u00ba 8400SET) - Natural Uniforms Wholesale","robots":{"index":"index","follow":"follow","max-snippet":"max-snippet:-1","max-image-preview":"max-image-preview:large","max-video-preview":"max-video-preview:-1"},"canonical":"https:\/\/nuniformswholesale.com\/es\/producto\/conjunto-de-top-elastico-con-cuello-en-v-y-pantalon-cargo-para-mujer-estilo-n-8400set\/","og_locale":"es_ES","og_type":"article","og_title":"CONJUNTO M\u00c9DICO COOL STRETCH CON CUELLO EN V Y PANTAL\u00d3N CARGO PARA MUJER (ESTILO N.\u00ba 8400SET) - Natural Uniforms Wholesale","og_description":"Aspectos destacados del producto:  Disponible en tallas Petite y Regular   Material:   93 % poli\u00e9ster \/ 7 % elastano  Tejido ligero, transpirable y con evacuaci\u00f3n de la humedad.  Resistente a las arrugas y de f\u00e1cil cuidado.  Caracter\u00edsticas principales:   Mangas cortas con cuello en V.  4 bolsillos en total:   Incluye un bolsillo oculto para tel\u00e9fono m\u00f3vil.    Bucle el\u00e1stico para tarjeta de identificaci\u00f3n  Aberturas laterales para facilitar el movimiento.  Costuras con doble aguja para mayor durabilidad.  Caracter\u00edsticas de los pantalones:   Tiro medio con cinturilla el\u00e1stica y cord\u00f3n ajustable.  8 bolsillos en total:   2 bolsillos delanteros  2 bolsillos traseros  4 bolsillos cargo (incluido un bolsillo oculto para tel\u00e9fono m\u00f3vil)    Pierna recta con aberturas laterales para mayor comodidad y movilidad.","og_url":"https:\/\/nuniformswholesale.com\/es\/producto\/conjunto-de-top-elastico-con-cuello-en-v-y-pantalon-cargo-para-mujer-estilo-n-8400set\/","og_site_name":"Natural Uniforms Wholesale","article_modified_time":"2026-04-14T08:47:19+00:00","og_image":[{"width":800,"height":800,"url":"https:\/\/nuniformswholesale.com\/wp-content\/uploads\/2025\/07\/8400_front-view_1_woman_White.jpg","type":"image\/jpeg"}],"twitter_card":"summary_large_image","twitter_misc":{"Tiempo de lectura":"1 minuto"},"schema":{"@context":"https:\/\/schema.org","@graph":[{"@type":"WebPage","@id":"https:\/\/nuniformswholesale.com\/es\/producto\/conjunto-de-top-elastico-con-cuello-en-v-y-pantalon-cargo-para-mujer-estilo-n-8400set\/","url":"https:\/\/nuniformswholesale.com\/es\/producto\/conjunto-de-top-elastico-con-cuello-en-v-y-pantalon-cargo-para-mujer-estilo-n-8400set\/","name":"CONJUNTO M\u00c9DICO COOL STRETCH CON CUELLO EN V Y PANTAL\u00d3N CARGO PARA MUJER (ESTILO N.\u00ba 8400SET) - Natural Uniforms Wholesale","isPartOf":{"@id":"https:\/\/nuniformswholesale.com\/es\/#website"},"primaryImageOfPage":{"@id":"https:\/\/nuniformswholesale.com\/es\/producto\/conjunto-de-top-elastico-con-cuello-en-v-y-pantalon-cargo-para-mujer-estilo-n-8400set\/#primaryimage"},"image":{"@id":"https:\/\/nuniformswholesale.com\/es\/producto\/conjunto-de-top-elastico-con-cuello-en-v-y-pantalon-cargo-para-mujer-estilo-n-8400set\/#primaryimage"},"thumbnailUrl":"https:\/\/nuniformswholesale.com\/wp-content\/uploads\/2025\/07\/8400_front-view_1_woman_White.jpg","datePublished":"2025-07-18T23:04:49+00:00","dateModified":"2026-04-14T08:47:19+00:00","breadcrumb":{"@id":"https:\/\/nuniformswholesale.com\/es\/producto\/conjunto-de-top-elastico-con-cuello-en-v-y-pantalon-cargo-para-mujer-estilo-n-8400set\/#breadcrumb"},"inLanguage":"es","potentialAction":[{"@type":"ReadAction","target":["https:\/\/nuniformswholesale.com\/es\/producto\/conjunto-de-top-elastico-con-cuello-en-v-y-pantalon-cargo-para-mujer-estilo-n-8400set\/"]}]},{"@type":"ImageObject","inLanguage":"es","@id":"https:\/\/nuniformswholesale.com\/es\/producto\/conjunto-de-top-elastico-con-cuello-en-v-y-pantalon-cargo-para-mujer-estilo-n-8400set\/#primaryimage","url":"https:\/\/nuniformswholesale.com\/wp-content\/uploads\/2025\/07\/8400_front-view_1_woman_White.jpg","contentUrl":"https:\/\/nuniformswholesale.com\/wp-content\/uploads\/2025\/07\/8400_front-view_1_woman_White.jpg","width":800,"height":800},{"@type":"BreadcrumbList","@id":"https:\/\/nuniformswholesale.com\/es\/producto\/conjunto-de-top-elastico-con-cuello-en-v-y-pantalon-cargo-para-mujer-estilo-n-8400set\/#breadcrumb","itemListElement":[{"@type":"ListItem","position":1,"name":"Home","item":"https:\/\/nuniformswholesale.com\/es\/"},{"@type":"ListItem","position":2,"name":"Our Products","item":"https:\/\/nuniformswholesale.com\/our-products\/"},{"@type":"ListItem","position":3,"name":"CONJUNTO M\u00c9DICO COOL STRETCH CON CUELLO EN V Y PANTAL\u00d3N CARGO PARA MUJER (ESTILO N.\u00ba 8400SET)"}]},{"@type":"WebSite","@id":"https:\/\/nuniformswholesale.com\/es\/#website","url":"https:\/\/nuniformswholesale.com\/es\/","name":"Natural Uniforms","description":"Natural Uniforms - Every Day Uniforms","publisher":{"@id":"https:\/\/nuniformswholesale.com\/es\/#organization"},"alternateName":"Natural Uniforms","potentialAction":[{"@type":"SearchAction","target":{"@type":"EntryPoint","urlTemplate":"https:\/\/nuniformswholesale.com\/es\/?s={search_term_string}"},"query-input":{"@type":"PropertyValueSpecification","valueRequired":true,"valueName":"search_term_string"}}],"inLanguage":"es"},{"@type":"Organization","@id":"https:\/\/nuniformswholesale.com\/es\/#organization","name":"Natural Uniforms","url":"https:\/\/nuniformswholesale.com\/es\/","logo":{"@type":"ImageObject","inLanguage":"es","@id":"https:\/\/nuniformswholesale.com\/es\/#\/schema\/logo\/image\/","url":"https:\/\/nuniformswholesale.com\/wp-content\/uploads\/2025\/08\/dsBuffer.bmp-2-1024x295-1-Photoroom.png","contentUrl":"https:\/\/nuniformswholesale.com\/wp-content\/uploads\/2025\/08\/dsBuffer.bmp-2-1024x295-1-Photoroom.png","width":296,"height":85,"caption":"Natural Uniforms"},"image":{"@id":"https:\/\/nuniformswholesale.com\/es\/#\/schema\/logo\/image\/"}}]}},"_links":{"self":[{"href":"https:\/\/nuniformswholesale.com\/es\/wp-json\/wp\/v2\/product\/48123","targetHints":{"allow":["GET"]}}],"collection":[{"href":"https:\/\/nuniformswholesale.com\/es\/wp-json\/wp\/v2\/product"}],"about":[{"href":"https:\/\/nuniformswholesale.com\/es\/wp-json\/wp\/v2\/types\/product"}],"replies":[{"embeddable":true,"href":"https:\/\/nuniformswholesale.com\/es\/wp-json\/wp\/v2\/comments?post=48123"}],"wp:featuredmedia":[{"embeddable":true,"href":"https:\/\/nuniformswholesale.com\/es\/wp-json\/wp\/v2\/media\/56540"}],"wp:attachment":[{"href":"https:\/\/nuniformswholesale.com\/es\/wp-json\/wp\/v2\/media?parent=48123"}],"wp:term":[{"taxonomy":"product_brand","embeddable":true,"href":"https:\/\/nuniformswholesale.com\/es\/wp-json\/wp\/v2\/product_brand?post=48123"},{"taxonomy":"product_cat","embeddable":true,"href":"https:\/\/nuniformswholesale.com\/es\/wp-json\/wp\/v2\/product_cat?post=48123"},{"taxonomy":"product_tag","embeddable":true,"href":"https:\/\/nuniformswholesale.com\/es\/wp-json\/wp\/v2\/product_tag?post=48123"}],"curies":[{"name":"wp","href":"https:\/\/api.w.org\/{rel}","templated":true}]}}