{"id":48522,"date":"2025-05-06T13:55:25","date_gmt":"2025-05-06T21:55:25","guid":{"rendered":"https:\/\/nuniforms.provisdemo.com\/product\/blusa-medica-monarch-elastica-premium-para-mujer-estilo-3103top\/"},"modified":"2026-02-21T01:55:02","modified_gmt":"2026-02-21T09:55:02","slug":"blusa-medica-monarch-elastica-premium-para-mujer-estilo-3103top","status":"publish","type":"product","link":"https:\/\/nuniformswholesale.com\/es\/producto\/blusa-medica-monarch-elastica-premium-para-mujer-estilo-3103top\/","title":{"rendered":"BLUSA M\u00c9DICA PREMIUM EL\u00c1STICA TIPO JOGGER PARA MUJER (MODELO N\u00ba 3103TOP)"},"content":{"rendered":"<p><strong>Aspectos destacados del producto:<\/strong><\/p>\n<p><strong data-start=\"204\" data-end=\"228\">Tejido y confort:<\/strong><\/p>\n<ul data-start=\"229\" data-end=\"386\">\n<li data-start=\"229\" data-end=\"270\"><strong data-start=\"231\" data-end=\"244\">Material:<\/strong> 93 % poli\u00e9ster, 7 % elastano<\/li>\n<li data-start=\"271\" data-end=\"334\"><strong data-start=\"273\" data-end=\"286\">Ventajas:<\/strong> Duradero, flexible y suave para ofrecer comodidad durante todo el d\u00eda<\/li>\n<li data-start=\"335\" data-end=\"386\"><strong data-start=\"337\" data-end=\"349\">Elasticidad<\/strong>: Elasticidad premium para facilitar el movimiento<\/li>\n<\/ul>\n<p><strong data-start=\"388\" data-end=\"408\">Dise\u00f1o y ajuste:<\/strong><\/p>\n<ul data-start=\"409\" data-end=\"597\">\n<li data-start=\"409\" data-end=\"494\"><strong data-start=\"411\" data-end=\"429\">Estilo remetido:<\/strong> Dise\u00f1ado para llevarse por dentro del pantal\u00f3n y lograr un aspecto limpio y profesional<\/li>\n<li data-start=\"495\" data-end=\"574\"><strong data-start=\"497\" data-end=\"505\">Corte: <\/strong>Ajuste moderno y relajado, con corte femenino entallado pero no restrictivo<\/li>\n<li data-start=\"575\" data-end=\"597\"><strong data-start=\"577\" data-end=\"590\">Escote:<\/strong> Cuello en V<\/li>\n<\/ul>\n<p><strong data-start=\"599\" data-end=\"614\">Utilidad:<\/strong><\/p>\n<ul data-start=\"615\" data-end=\"709\">\n<li data-start=\"615\" data-end=\"658\"><strong data-start=\"617\" data-end=\"628\">Bolsillo:<\/strong> Bolsillo en el pecho en el lado izquierdo<\/li>\n<li data-start=\"659\" data-end=\"709\"><strong data-start=\"661\" data-end=\"671\">Etiqueta<\/strong>: Parche con el logotipo \u00abMONARCH\u00bb encima del bolsillo<\/li>\n<\/ul>\n<p><strong data-start=\"711\" data-end=\"724\">Valor:<\/strong><\/p>\n<ul data-start=\"725\" data-end=\"815\">\n<li data-start=\"725\" data-end=\"815\"><strong data-start=\"727\" data-end=\"750\">Calidad asequible:<\/strong> Pensada para ofrecer uniformes de alta calidad a un precio m\u00e1s accesible<\/li>\n<\/ul>\n","protected":false},"excerpt":{"rendered":"<p>Aspectos destacados del producto: Tejido y confort: Material: 93 % poli\u00e9ster, 7 % elastano Ventajas: Duradero, flexible y suave para ofrecer comodidad durante todo el d\u00eda Elasticidad: Elasticidad premium para facilitar el movimiento Dise\u00f1o y ajuste: Estilo remetido: Dise\u00f1ado para llevarse por dentro del pantal\u00f3n y lograr un aspecto limpio y profesional Corte: Ajuste moderno [&hellip;]<\/p>\n","protected":false},"featured_media":48508,"comment_status":"open","ping_status":"closed","template":"","meta":[],"product_brand":[378,565],"product_cat":[504,298,304],"product_tag":[622,351,614,625,618,619,380,617,620,624,623,621,615,616,725,726,626,727],"class_list":{"0":"post-48522","1":"product","2":"type-product","3":"status-publish","4":"has-post-thumbnail","6":"product_brand-monarch","7":"product_brand-monarch-uniforms","8":"product_cat-casacas-quirurgicas-para-mujer","9":"product_cat-mujer","10":"product_cat-new-arrivals","11":"product_tag-black","12":"product_tag-burgundy","13":"product_tag-caribbean-blue","14":"product_tag-ceil-blue","15":"product_tag-charcoal","16":"product_tag-conjunto-sanitario","17":"product_tag-coral","18":"product_tag-eggplant","19":"product_tag-heather-grey","20":"product_tag-hot-pink","21":"product_tag-jogger","22":"product_tag-lavender","23":"product_tag-navy-blue","24":"product_tag-royal-blue","25":"product_tag-scrub-set","26":"product_tag-true-hunter-green","27":"product_tag-verde-cazador-verdadero","28":"product_tag-women","29":"pa_color-aceituna","30":"pa_color-azul-caribeno","31":"pa_color-azul-marino","32":"pa_color-azul-real","33":"pa_color-berenjena","34":"pa_color-black","35":"pa_color-borgona","36":"pa_color-burgundy","37":"pa_color-carbon","38":"pa_color-ceil-blue","39":"pa_color-charcoal","40":"pa_color-coral","41":"pa_color-gris-brezo","42":"pa_color-hot-pink","43":"pa_color-lavanda","44":"pa_color-negra","45":"pa_color-rosa-fuerte","46":"pa_color-techo-azul","47":"pa_color-true-hunter-green","48":"pa_color-verde-cazador-verde","49":"pa_size-2x","50":"pa_size-3x","51":"pa_size-l","52":"pa_size-m","53":"pa_size-s","54":"pa_size-xl","55":"pa_size-xs","57":"first","58":"instock","59":"taxable","60":"shipping-taxable","61":"purchasable","62":"product-type-variable"},"yoast_head":"<!-- This site is optimized with the Yoast SEO plugin v27.4 - https:\/\/yoast.com\/product\/yoast-seo-wordpress\/ -->\n<title>BLUSA M\u00c9DICA PREMIUM EL\u00c1STICA TIPO JOGGER PARA MUJER (MODELO N\u00ba 3103TOP) - Natural Uniforms Wholesale<\/title>\n<meta name=\"robots\" content=\"index, follow, max-snippet:-1, max-image-preview:large, max-video-preview:-1\" \/>\n<link rel=\"canonical\" href=\"https:\/\/nuniformswholesale.com\/es\/producto\/blusa-medica-monarch-elastica-premium-para-mujer-estilo-3103top\/\" \/>\n<meta property=\"og:locale\" content=\"es_ES\" \/>\n<meta property=\"og:type\" content=\"article\" \/>\n<meta property=\"og:title\" content=\"BLUSA M\u00c9DICA PREMIUM EL\u00c1STICA TIPO JOGGER PARA MUJER (MODELO N\u00ba 3103TOP) - Natural Uniforms Wholesale\" \/>\n<meta property=\"og:description\" content=\"Aspectos destacados del producto: Tejido y confort: Material: 93 % poli\u00e9ster, 7 % elastano Ventajas: Duradero, flexible y suave para ofrecer comodidad durante todo el d\u00eda Elasticidad: Elasticidad premium para facilitar el movimiento Dise\u00f1o y ajuste: Estilo remetido: Dise\u00f1ado para llevarse por dentro del pantal\u00f3n y lograr un aspecto limpio y profesional Corte: Ajuste moderno [&hellip;]\" \/>\n<meta property=\"og:url\" content=\"https:\/\/nuniformswholesale.com\/es\/producto\/blusa-medica-monarch-elastica-premium-para-mujer-estilo-3103top\/\" \/>\n<meta property=\"og:site_name\" content=\"Natural Uniforms Wholesale\" \/>\n<meta property=\"article:modified_time\" content=\"2026-02-21T09:55:02+00:00\" \/>\n<meta property=\"og:image\" content=\"https:\/\/nuniformswholesale.com\/wp-content\/uploads\/2025\/05\/NU_11_11.jpg\" \/>\n\t<meta property=\"og:image:width\" content=\"2000\" \/>\n\t<meta property=\"og:image:height\" content=\"2000\" \/>\n\t<meta property=\"og:image:type\" content=\"image\/jpeg\" \/>\n<meta name=\"twitter:card\" content=\"summary_large_image\" \/>\n<meta name=\"twitter:label1\" content=\"Tiempo de lectura\" \/>\n\t<meta name=\"twitter:data1\" content=\"1 minuto\" \/>\n<script type=\"application\/ld+json\" class=\"yoast-schema-graph\">{\"@context\":\"https:\\\/\\\/schema.org\",\"@graph\":[{\"@type\":\"WebPage\",\"@id\":\"https:\\\/\\\/nuniformswholesale.com\\\/es\\\/producto\\\/blusa-medica-monarch-elastica-premium-para-mujer-estilo-3103top\\\/\",\"url\":\"https:\\\/\\\/nuniformswholesale.com\\\/es\\\/producto\\\/blusa-medica-monarch-elastica-premium-para-mujer-estilo-3103top\\\/\",\"name\":\"BLUSA M\u00c9DICA PREMIUM EL\u00c1STICA TIPO JOGGER PARA MUJER (MODELO N\u00ba 3103TOP) - Natural Uniforms Wholesale\",\"isPartOf\":{\"@id\":\"https:\\\/\\\/nuniformswholesale.com\\\/es\\\/#website\"},\"primaryImageOfPage\":{\"@id\":\"https:\\\/\\\/nuniformswholesale.com\\\/es\\\/producto\\\/blusa-medica-monarch-elastica-premium-para-mujer-estilo-3103top\\\/#primaryimage\"},\"image\":{\"@id\":\"https:\\\/\\\/nuniformswholesale.com\\\/es\\\/producto\\\/blusa-medica-monarch-elastica-premium-para-mujer-estilo-3103top\\\/#primaryimage\"},\"thumbnailUrl\":\"https:\\\/\\\/nuniformswholesale.com\\\/wp-content\\\/uploads\\\/2025\\\/05\\\/NU_11_11.jpg\",\"datePublished\":\"2025-05-06T21:55:25+00:00\",\"dateModified\":\"2026-02-21T09:55:02+00:00\",\"breadcrumb\":{\"@id\":\"https:\\\/\\\/nuniformswholesale.com\\\/es\\\/producto\\\/blusa-medica-monarch-elastica-premium-para-mujer-estilo-3103top\\\/#breadcrumb\"},\"inLanguage\":\"es\",\"potentialAction\":[{\"@type\":\"ReadAction\",\"target\":[\"https:\\\/\\\/nuniformswholesale.com\\\/es\\\/producto\\\/blusa-medica-monarch-elastica-premium-para-mujer-estilo-3103top\\\/\"]}]},{\"@type\":\"ImageObject\",\"inLanguage\":\"es\",\"@id\":\"https:\\\/\\\/nuniformswholesale.com\\\/es\\\/producto\\\/blusa-medica-monarch-elastica-premium-para-mujer-estilo-3103top\\\/#primaryimage\",\"url\":\"https:\\\/\\\/nuniformswholesale.com\\\/wp-content\\\/uploads\\\/2025\\\/05\\\/NU_11_11.jpg\",\"contentUrl\":\"https:\\\/\\\/nuniformswholesale.com\\\/wp-content\\\/uploads\\\/2025\\\/05\\\/NU_11_11.jpg\",\"width\":2000,\"height\":2000},{\"@type\":\"BreadcrumbList\",\"@id\":\"https:\\\/\\\/nuniformswholesale.com\\\/es\\\/producto\\\/blusa-medica-monarch-elastica-premium-para-mujer-estilo-3103top\\\/#breadcrumb\",\"itemListElement\":[{\"@type\":\"ListItem\",\"position\":1,\"name\":\"Home\",\"item\":\"https:\\\/\\\/nuniformswholesale.com\\\/es\\\/\"},{\"@type\":\"ListItem\",\"position\":2,\"name\":\"Our Products\",\"item\":\"https:\\\/\\\/nuniformswholesale.com\\\/our-products\\\/\"},{\"@type\":\"ListItem\",\"position\":3,\"name\":\"BLUSA M\u00c9DICA PREMIUM EL\u00c1STICA TIPO JOGGER PARA MUJER (MODELO N\u00ba 3103TOP)\"}]},{\"@type\":\"WebSite\",\"@id\":\"https:\\\/\\\/nuniformswholesale.com\\\/es\\\/#website\",\"url\":\"https:\\\/\\\/nuniformswholesale.com\\\/es\\\/\",\"name\":\"Natural Uniforms\",\"description\":\"Natural Uniforms - Every Day Uniforms\",\"publisher\":{\"@id\":\"https:\\\/\\\/nuniformswholesale.com\\\/es\\\/#organization\"},\"alternateName\":\"Natural Uniforms\",\"potentialAction\":[{\"@type\":\"SearchAction\",\"target\":{\"@type\":\"EntryPoint\",\"urlTemplate\":\"https:\\\/\\\/nuniformswholesale.com\\\/es\\\/?s={search_term_string}\"},\"query-input\":{\"@type\":\"PropertyValueSpecification\",\"valueRequired\":true,\"valueName\":\"search_term_string\"}}],\"inLanguage\":\"es\"},{\"@type\":\"Organization\",\"@id\":\"https:\\\/\\\/nuniformswholesale.com\\\/es\\\/#organization\",\"name\":\"Natural Uniforms\",\"url\":\"https:\\\/\\\/nuniformswholesale.com\\\/es\\\/\",\"logo\":{\"@type\":\"ImageObject\",\"inLanguage\":\"es\",\"@id\":\"https:\\\/\\\/nuniformswholesale.com\\\/es\\\/#\\\/schema\\\/logo\\\/image\\\/\",\"url\":\"https:\\\/\\\/nuniformswholesale.com\\\/wp-content\\\/uploads\\\/2025\\\/08\\\/dsBuffer.bmp-2-1024x295-1-Photoroom.png\",\"contentUrl\":\"https:\\\/\\\/nuniformswholesale.com\\\/wp-content\\\/uploads\\\/2025\\\/08\\\/dsBuffer.bmp-2-1024x295-1-Photoroom.png\",\"width\":296,\"height\":85,\"caption\":\"Natural Uniforms\"},\"image\":{\"@id\":\"https:\\\/\\\/nuniformswholesale.com\\\/es\\\/#\\\/schema\\\/logo\\\/image\\\/\"}}]}<\/script>\n<!-- \/ Yoast SEO plugin. -->","yoast_head_json":{"title":"BLUSA M\u00c9DICA PREMIUM EL\u00c1STICA TIPO JOGGER PARA MUJER (MODELO N\u00ba 3103TOP) - Natural Uniforms Wholesale","robots":{"index":"index","follow":"follow","max-snippet":"max-snippet:-1","max-image-preview":"max-image-preview:large","max-video-preview":"max-video-preview:-1"},"canonical":"https:\/\/nuniformswholesale.com\/es\/producto\/blusa-medica-monarch-elastica-premium-para-mujer-estilo-3103top\/","og_locale":"es_ES","og_type":"article","og_title":"BLUSA M\u00c9DICA PREMIUM EL\u00c1STICA TIPO JOGGER PARA MUJER (MODELO N\u00ba 3103TOP) - Natural Uniforms Wholesale","og_description":"Aspectos destacados del producto: Tejido y confort: Material: 93 % poli\u00e9ster, 7 % elastano Ventajas: Duradero, flexible y suave para ofrecer comodidad durante todo el d\u00eda Elasticidad: Elasticidad premium para facilitar el movimiento Dise\u00f1o y ajuste: Estilo remetido: Dise\u00f1ado para llevarse por dentro del pantal\u00f3n y lograr un aspecto limpio y profesional Corte: Ajuste moderno [&hellip;]","og_url":"https:\/\/nuniformswholesale.com\/es\/producto\/blusa-medica-monarch-elastica-premium-para-mujer-estilo-3103top\/","og_site_name":"Natural Uniforms Wholesale","article_modified_time":"2026-02-21T09:55:02+00:00","og_image":[{"width":2000,"height":2000,"url":"https:\/\/nuniformswholesale.com\/wp-content\/uploads\/2025\/05\/NU_11_11.jpg","type":"image\/jpeg"}],"twitter_card":"summary_large_image","twitter_misc":{"Tiempo de lectura":"1 minuto"},"schema":{"@context":"https:\/\/schema.org","@graph":[{"@type":"WebPage","@id":"https:\/\/nuniformswholesale.com\/es\/producto\/blusa-medica-monarch-elastica-premium-para-mujer-estilo-3103top\/","url":"https:\/\/nuniformswholesale.com\/es\/producto\/blusa-medica-monarch-elastica-premium-para-mujer-estilo-3103top\/","name":"BLUSA M\u00c9DICA PREMIUM EL\u00c1STICA TIPO JOGGER PARA MUJER (MODELO N\u00ba 3103TOP) - Natural Uniforms Wholesale","isPartOf":{"@id":"https:\/\/nuniformswholesale.com\/es\/#website"},"primaryImageOfPage":{"@id":"https:\/\/nuniformswholesale.com\/es\/producto\/blusa-medica-monarch-elastica-premium-para-mujer-estilo-3103top\/#primaryimage"},"image":{"@id":"https:\/\/nuniformswholesale.com\/es\/producto\/blusa-medica-monarch-elastica-premium-para-mujer-estilo-3103top\/#primaryimage"},"thumbnailUrl":"https:\/\/nuniformswholesale.com\/wp-content\/uploads\/2025\/05\/NU_11_11.jpg","datePublished":"2025-05-06T21:55:25+00:00","dateModified":"2026-02-21T09:55:02+00:00","breadcrumb":{"@id":"https:\/\/nuniformswholesale.com\/es\/producto\/blusa-medica-monarch-elastica-premium-para-mujer-estilo-3103top\/#breadcrumb"},"inLanguage":"es","potentialAction":[{"@type":"ReadAction","target":["https:\/\/nuniformswholesale.com\/es\/producto\/blusa-medica-monarch-elastica-premium-para-mujer-estilo-3103top\/"]}]},{"@type":"ImageObject","inLanguage":"es","@id":"https:\/\/nuniformswholesale.com\/es\/producto\/blusa-medica-monarch-elastica-premium-para-mujer-estilo-3103top\/#primaryimage","url":"https:\/\/nuniformswholesale.com\/wp-content\/uploads\/2025\/05\/NU_11_11.jpg","contentUrl":"https:\/\/nuniformswholesale.com\/wp-content\/uploads\/2025\/05\/NU_11_11.jpg","width":2000,"height":2000},{"@type":"BreadcrumbList","@id":"https:\/\/nuniformswholesale.com\/es\/producto\/blusa-medica-monarch-elastica-premium-para-mujer-estilo-3103top\/#breadcrumb","itemListElement":[{"@type":"ListItem","position":1,"name":"Home","item":"https:\/\/nuniformswholesale.com\/es\/"},{"@type":"ListItem","position":2,"name":"Our Products","item":"https:\/\/nuniformswholesale.com\/our-products\/"},{"@type":"ListItem","position":3,"name":"BLUSA M\u00c9DICA PREMIUM EL\u00c1STICA TIPO JOGGER PARA MUJER (MODELO N\u00ba 3103TOP)"}]},{"@type":"WebSite","@id":"https:\/\/nuniformswholesale.com\/es\/#website","url":"https:\/\/nuniformswholesale.com\/es\/","name":"Natural Uniforms","description":"Natural Uniforms - Every Day Uniforms","publisher":{"@id":"https:\/\/nuniformswholesale.com\/es\/#organization"},"alternateName":"Natural Uniforms","potentialAction":[{"@type":"SearchAction","target":{"@type":"EntryPoint","urlTemplate":"https:\/\/nuniformswholesale.com\/es\/?s={search_term_string}"},"query-input":{"@type":"PropertyValueSpecification","valueRequired":true,"valueName":"search_term_string"}}],"inLanguage":"es"},{"@type":"Organization","@id":"https:\/\/nuniformswholesale.com\/es\/#organization","name":"Natural Uniforms","url":"https:\/\/nuniformswholesale.com\/es\/","logo":{"@type":"ImageObject","inLanguage":"es","@id":"https:\/\/nuniformswholesale.com\/es\/#\/schema\/logo\/image\/","url":"https:\/\/nuniformswholesale.com\/wp-content\/uploads\/2025\/08\/dsBuffer.bmp-2-1024x295-1-Photoroom.png","contentUrl":"https:\/\/nuniformswholesale.com\/wp-content\/uploads\/2025\/08\/dsBuffer.bmp-2-1024x295-1-Photoroom.png","width":296,"height":85,"caption":"Natural Uniforms"},"image":{"@id":"https:\/\/nuniformswholesale.com\/es\/#\/schema\/logo\/image\/"}}]}},"_links":{"self":[{"href":"https:\/\/nuniformswholesale.com\/es\/wp-json\/wp\/v2\/product\/48522","targetHints":{"allow":["GET"]}}],"collection":[{"href":"https:\/\/nuniformswholesale.com\/es\/wp-json\/wp\/v2\/product"}],"about":[{"href":"https:\/\/nuniformswholesale.com\/es\/wp-json\/wp\/v2\/types\/product"}],"replies":[{"embeddable":true,"href":"https:\/\/nuniformswholesale.com\/es\/wp-json\/wp\/v2\/comments?post=48522"}],"wp:featuredmedia":[{"embeddable":true,"href":"https:\/\/nuniformswholesale.com\/es\/wp-json\/wp\/v2\/media\/48508"}],"wp:attachment":[{"href":"https:\/\/nuniformswholesale.com\/es\/wp-json\/wp\/v2\/media?parent=48522"}],"wp:term":[{"taxonomy":"product_brand","embeddable":true,"href":"https:\/\/nuniformswholesale.com\/es\/wp-json\/wp\/v2\/product_brand?post=48522"},{"taxonomy":"product_cat","embeddable":true,"href":"https:\/\/nuniformswholesale.com\/es\/wp-json\/wp\/v2\/product_cat?post=48522"},{"taxonomy":"product_tag","embeddable":true,"href":"https:\/\/nuniformswholesale.com\/es\/wp-json\/wp\/v2\/product_tag?post=48522"}],"curies":[{"name":"wp","href":"https:\/\/api.w.org\/{rel}","templated":true}]}}