{"id":48686,"date":"2025-08-15T15:18:38","date_gmt":"2025-08-15T23:18:38","guid":{"rendered":"https:\/\/nuniforms.provisdemo.com\/product\/overol-de-manga-corta-para-hombre-talla-alta-estilo-n-3991\/"},"modified":"2026-02-21T01:56:57","modified_gmt":"2026-02-21T09:56:57","slug":"overol-de-manga-corta-para-hombre-talla-alta-estilo-n-3991","status":"publish","type":"product","link":"https:\/\/nuniformswholesale.com\/es\/producto\/overol-de-manga-corta-para-hombre-talla-alta-estilo-n-3991\/","title":{"rendered":"OVEROL DE MANGA CORTA PARA HOMBRE TALLA ALTA (ESTILO N.\u00ba 3991)"},"content":{"rendered":"<p><strong>Aspectos destacados del producto:<\/strong><\/p>\n<ul>\n<li data-start=\"271\" data-end=\"371\"><strong data-start=\"273\" data-end=\"286\">Material:<\/strong>\n<ul data-start=\"291\" data-end=\"371\">\n<li data-start=\"291\" data-end=\"333\">65 % poli\u00e9ster \/ 35 % popelina de algod\u00f3n (5 oz)<\/li>\n<li data-start=\"336\" data-end=\"371\">Importado, ligero pero duradero<\/li>\n<\/ul>\n<\/li>\n<li data-start=\"373\" data-end=\"484\"><strong data-start=\"375\" data-end=\"400\">Comodidad y durabilidad:<\/strong>\n<ul data-start=\"405\" data-end=\"484\">\n<li data-start=\"405\" data-end=\"439\">Dise\u00f1ado para trabajos pesados<\/li>\n<li data-start=\"442\" data-end=\"484\">Transpirable y dise\u00f1ado para mantenerte fresco.<\/li>\n<\/ul>\n<\/li>\n<li data-start=\"486\" data-end=\"788\"><strong data-start=\"488\" data-end=\"501\">Caracter\u00edsticas:<\/strong>\n<ul data-start=\"506\" data-end=\"788\">\n<li data-start=\"506\" data-end=\"596\"><strong data-start=\"508\" data-end=\"524\">Seis bolsillos:<\/strong>\n<ul data-start=\"531\" data-end=\"596\">\n<li data-start=\"531\" data-end=\"549\">2 bolsillos laterales<\/li>\n<li data-start=\"554\" data-end=\"573\">2 bolsillos en el pecho<\/li>\n<li data-start=\"578\" data-end=\"596\">2 bolsillos traseros<\/li>\n<\/ul>\n<\/li>\n<li data-start=\"599\" data-end=\"653\"><strong data-start=\"601\" data-end=\"622\">Cintura el\u00e1stica<\/strong> para un ajuste seguro y firme.<\/li>\n<li data-start=\"656\" data-end=\"748\">Cremallera resistente cubierta con broche a presi\u00f3n y tapeta para una apariencia ordenada y profesional.<\/li>\n<li data-start=\"751\" data-end=\"788\">Cuello con solapa para un acabado limpio.<\/li>\n<\/ul>\n<\/li>\n<\/ul>\n","protected":false},"excerpt":{"rendered":"<p>Aspectos destacados del producto: Material: 65 % poli\u00e9ster \/ 35 % popelina de algod\u00f3n (5 oz) Importado, ligero pero duradero Comodidad y durabilidad: Dise\u00f1ado para trabajos pesados Transpirable y dise\u00f1ado para mantenerte fresco. Caracter\u00edsticas: Seis bolsillos: 2 bolsillos laterales 2 bolsillos en el pecho 2 bolsillos traseros Cintura el\u00e1stica para un ajuste seguro y firme. [&hellip;]<\/p>\n","protected":false},"featured_media":57496,"comment_status":"open","ping_status":"closed","template":"","meta":[],"product_brand":[349],"product_cat":[297,301],"product_tag":[],"class_list":{"0":"post-48686","1":"product","2":"type-product","3":"status-publish","4":"has-post-thumbnail","6":"product_brand-uniformes-naturales","7":"product_cat-hombre","8":"product_cat-mono-medico","9":"pa_color-azul-marino-oscuro","10":"pa_color-azul-real-verdadero","11":"pa_color-black","12":"pa_color-blanca","13":"pa_color-caqui","14":"pa_color-gris","15":"pa_color-hunter-green","16":"pa_color-naranja","17":"pa_color-negra","18":"pa_color-verde-cazador","19":"pa_color-white","20":"pa_size-2x","21":"pa_size-3x","22":"pa_size-4x","23":"pa_size-l","24":"pa_size-m","25":"pa_size-s","26":"pa_size-xl","27":"pa_size-xs","29":"first","30":"instock","31":"purchasable","32":"product-type-variable"},"yoast_head":"<!-- This site is optimized with the Yoast SEO plugin v27.4 - https:\/\/yoast.com\/product\/yoast-seo-wordpress\/ -->\n<title>OVEROL DE MANGA CORTA PARA HOMBRE TALLA ALTA (ESTILO n.\u00ba 3991) - Natural Uniforms Wholesale<\/title>\n<meta name=\"robots\" content=\"index, follow, max-snippet:-1, max-image-preview:large, max-video-preview:-1\" \/>\n<link rel=\"canonical\" href=\"https:\/\/nuniformswholesale.com\/es\/producto\/overol-de-manga-corta-para-hombre-talla-alta-estilo-n-3991\/\" \/>\n<meta property=\"og:locale\" content=\"es_ES\" \/>\n<meta property=\"og:type\" content=\"article\" \/>\n<meta property=\"og:title\" content=\"OVEROL DE MANGA CORTA PARA HOMBRE TALLA ALTA (ESTILO n.\u00ba 3991) - Natural Uniforms Wholesale\" \/>\n<meta property=\"og:description\" content=\"Aspectos destacados del producto: Material: 65 % poli\u00e9ster \/ 35 % popelina de algod\u00f3n (5 oz) Importado, ligero pero duradero Comodidad y durabilidad: Dise\u00f1ado para trabajos pesados Transpirable y dise\u00f1ado para mantenerte fresco. Caracter\u00edsticas: Seis bolsillos: 2 bolsillos laterales 2 bolsillos en el pecho 2 bolsillos traseros Cintura el\u00e1stica para un ajuste seguro y firme. [&hellip;]\" \/>\n<meta property=\"og:url\" content=\"https:\/\/nuniformswholesale.com\/es\/producto\/overol-de-manga-corta-para-hombre-talla-alta-estilo-n-3991\/\" \/>\n<meta property=\"og:site_name\" content=\"Natural Uniforms Wholesale\" \/>\n<meta property=\"article:modified_time\" content=\"2026-02-21T09:56:57+00:00\" \/>\n<meta property=\"og:image\" content=\"https:\/\/nuniformswholesale.com\/wp-content\/uploads\/2025\/07\/399_front-view_1_man_TRB.jpg\" \/>\n\t<meta property=\"og:image:width\" content=\"800\" \/>\n\t<meta property=\"og:image:height\" content=\"800\" \/>\n\t<meta property=\"og:image:type\" content=\"image\/jpeg\" \/>\n<meta name=\"twitter:card\" content=\"summary_large_image\" \/>\n<script type=\"application\/ld+json\" class=\"yoast-schema-graph\">{\"@context\":\"https:\\\/\\\/schema.org\",\"@graph\":[{\"@type\":\"WebPage\",\"@id\":\"https:\\\/\\\/nuniformswholesale.com\\\/es\\\/producto\\\/overol-de-manga-corta-para-hombre-talla-alta-estilo-n-3991\\\/\",\"url\":\"https:\\\/\\\/nuniformswholesale.com\\\/es\\\/producto\\\/overol-de-manga-corta-para-hombre-talla-alta-estilo-n-3991\\\/\",\"name\":\"OVEROL DE MANGA CORTA PARA HOMBRE TALLA ALTA (ESTILO n.\u00ba 3991) - Natural Uniforms Wholesale\",\"isPartOf\":{\"@id\":\"https:\\\/\\\/nuniformswholesale.com\\\/es\\\/#website\"},\"primaryImageOfPage\":{\"@id\":\"https:\\\/\\\/nuniformswholesale.com\\\/es\\\/producto\\\/overol-de-manga-corta-para-hombre-talla-alta-estilo-n-3991\\\/#primaryimage\"},\"image\":{\"@id\":\"https:\\\/\\\/nuniformswholesale.com\\\/es\\\/producto\\\/overol-de-manga-corta-para-hombre-talla-alta-estilo-n-3991\\\/#primaryimage\"},\"thumbnailUrl\":\"https:\\\/\\\/nuniformswholesale.com\\\/wp-content\\\/uploads\\\/2025\\\/07\\\/399_front-view_1_man_TRB.jpg\",\"datePublished\":\"2025-08-15T23:18:38+00:00\",\"dateModified\":\"2026-02-21T09:56:57+00:00\",\"breadcrumb\":{\"@id\":\"https:\\\/\\\/nuniformswholesale.com\\\/es\\\/producto\\\/overol-de-manga-corta-para-hombre-talla-alta-estilo-n-3991\\\/#breadcrumb\"},\"inLanguage\":\"es\",\"potentialAction\":[{\"@type\":\"ReadAction\",\"target\":[\"https:\\\/\\\/nuniformswholesale.com\\\/es\\\/producto\\\/overol-de-manga-corta-para-hombre-talla-alta-estilo-n-3991\\\/\"]}]},{\"@type\":\"ImageObject\",\"inLanguage\":\"es\",\"@id\":\"https:\\\/\\\/nuniformswholesale.com\\\/es\\\/producto\\\/overol-de-manga-corta-para-hombre-talla-alta-estilo-n-3991\\\/#primaryimage\",\"url\":\"https:\\\/\\\/nuniformswholesale.com\\\/wp-content\\\/uploads\\\/2025\\\/07\\\/399_front-view_1_man_TRB.jpg\",\"contentUrl\":\"https:\\\/\\\/nuniformswholesale.com\\\/wp-content\\\/uploads\\\/2025\\\/07\\\/399_front-view_1_man_TRB.jpg\",\"width\":800,\"height\":800},{\"@type\":\"BreadcrumbList\",\"@id\":\"https:\\\/\\\/nuniformswholesale.com\\\/es\\\/producto\\\/overol-de-manga-corta-para-hombre-talla-alta-estilo-n-3991\\\/#breadcrumb\",\"itemListElement\":[{\"@type\":\"ListItem\",\"position\":1,\"name\":\"Home\",\"item\":\"https:\\\/\\\/nuniformswholesale.com\\\/es\\\/\"},{\"@type\":\"ListItem\",\"position\":2,\"name\":\"Our Products\",\"item\":\"https:\\\/\\\/nuniformswholesale.com\\\/our-products\\\/\"},{\"@type\":\"ListItem\",\"position\":3,\"name\":\"OVEROL DE MANGA CORTA PARA HOMBRE TALLA ALTA (ESTILO N.\u00ba 3991)\"}]},{\"@type\":\"WebSite\",\"@id\":\"https:\\\/\\\/nuniformswholesale.com\\\/es\\\/#website\",\"url\":\"https:\\\/\\\/nuniformswholesale.com\\\/es\\\/\",\"name\":\"Natural Uniforms\",\"description\":\"Natural Uniforms - Every Day Uniforms\",\"publisher\":{\"@id\":\"https:\\\/\\\/nuniformswholesale.com\\\/es\\\/#organization\"},\"alternateName\":\"Natural Uniforms\",\"potentialAction\":[{\"@type\":\"SearchAction\",\"target\":{\"@type\":\"EntryPoint\",\"urlTemplate\":\"https:\\\/\\\/nuniformswholesale.com\\\/es\\\/?s={search_term_string}\"},\"query-input\":{\"@type\":\"PropertyValueSpecification\",\"valueRequired\":true,\"valueName\":\"search_term_string\"}}],\"inLanguage\":\"es\"},{\"@type\":\"Organization\",\"@id\":\"https:\\\/\\\/nuniformswholesale.com\\\/es\\\/#organization\",\"name\":\"Natural Uniforms\",\"url\":\"https:\\\/\\\/nuniformswholesale.com\\\/es\\\/\",\"logo\":{\"@type\":\"ImageObject\",\"inLanguage\":\"es\",\"@id\":\"https:\\\/\\\/nuniformswholesale.com\\\/es\\\/#\\\/schema\\\/logo\\\/image\\\/\",\"url\":\"https:\\\/\\\/nuniformswholesale.com\\\/wp-content\\\/uploads\\\/2025\\\/08\\\/dsBuffer.bmp-2-1024x295-1-Photoroom.png\",\"contentUrl\":\"https:\\\/\\\/nuniformswholesale.com\\\/wp-content\\\/uploads\\\/2025\\\/08\\\/dsBuffer.bmp-2-1024x295-1-Photoroom.png\",\"width\":296,\"height\":85,\"caption\":\"Natural Uniforms\"},\"image\":{\"@id\":\"https:\\\/\\\/nuniformswholesale.com\\\/es\\\/#\\\/schema\\\/logo\\\/image\\\/\"}}]}<\/script>\n<!-- \/ Yoast SEO plugin. -->","yoast_head_json":{"title":"OVEROL DE MANGA CORTA PARA HOMBRE TALLA ALTA (ESTILO n.\u00ba 3991) - Natural Uniforms Wholesale","robots":{"index":"index","follow":"follow","max-snippet":"max-snippet:-1","max-image-preview":"max-image-preview:large","max-video-preview":"max-video-preview:-1"},"canonical":"https:\/\/nuniformswholesale.com\/es\/producto\/overol-de-manga-corta-para-hombre-talla-alta-estilo-n-3991\/","og_locale":"es_ES","og_type":"article","og_title":"OVEROL DE MANGA CORTA PARA HOMBRE TALLA ALTA (ESTILO n.\u00ba 3991) - Natural Uniforms Wholesale","og_description":"Aspectos destacados del producto: Material: 65 % poli\u00e9ster \/ 35 % popelina de algod\u00f3n (5 oz) Importado, ligero pero duradero Comodidad y durabilidad: Dise\u00f1ado para trabajos pesados Transpirable y dise\u00f1ado para mantenerte fresco. Caracter\u00edsticas: Seis bolsillos: 2 bolsillos laterales 2 bolsillos en el pecho 2 bolsillos traseros Cintura el\u00e1stica para un ajuste seguro y firme. [&hellip;]","og_url":"https:\/\/nuniformswholesale.com\/es\/producto\/overol-de-manga-corta-para-hombre-talla-alta-estilo-n-3991\/","og_site_name":"Natural Uniforms Wholesale","article_modified_time":"2026-02-21T09:56:57+00:00","og_image":[{"width":800,"height":800,"url":"https:\/\/nuniformswholesale.com\/wp-content\/uploads\/2025\/07\/399_front-view_1_man_TRB.jpg","type":"image\/jpeg"}],"twitter_card":"summary_large_image","schema":{"@context":"https:\/\/schema.org","@graph":[{"@type":"WebPage","@id":"https:\/\/nuniformswholesale.com\/es\/producto\/overol-de-manga-corta-para-hombre-talla-alta-estilo-n-3991\/","url":"https:\/\/nuniformswholesale.com\/es\/producto\/overol-de-manga-corta-para-hombre-talla-alta-estilo-n-3991\/","name":"OVEROL DE MANGA CORTA PARA HOMBRE TALLA ALTA (ESTILO n.\u00ba 3991) - Natural Uniforms Wholesale","isPartOf":{"@id":"https:\/\/nuniformswholesale.com\/es\/#website"},"primaryImageOfPage":{"@id":"https:\/\/nuniformswholesale.com\/es\/producto\/overol-de-manga-corta-para-hombre-talla-alta-estilo-n-3991\/#primaryimage"},"image":{"@id":"https:\/\/nuniformswholesale.com\/es\/producto\/overol-de-manga-corta-para-hombre-talla-alta-estilo-n-3991\/#primaryimage"},"thumbnailUrl":"https:\/\/nuniformswholesale.com\/wp-content\/uploads\/2025\/07\/399_front-view_1_man_TRB.jpg","datePublished":"2025-08-15T23:18:38+00:00","dateModified":"2026-02-21T09:56:57+00:00","breadcrumb":{"@id":"https:\/\/nuniformswholesale.com\/es\/producto\/overol-de-manga-corta-para-hombre-talla-alta-estilo-n-3991\/#breadcrumb"},"inLanguage":"es","potentialAction":[{"@type":"ReadAction","target":["https:\/\/nuniformswholesale.com\/es\/producto\/overol-de-manga-corta-para-hombre-talla-alta-estilo-n-3991\/"]}]},{"@type":"ImageObject","inLanguage":"es","@id":"https:\/\/nuniformswholesale.com\/es\/producto\/overol-de-manga-corta-para-hombre-talla-alta-estilo-n-3991\/#primaryimage","url":"https:\/\/nuniformswholesale.com\/wp-content\/uploads\/2025\/07\/399_front-view_1_man_TRB.jpg","contentUrl":"https:\/\/nuniformswholesale.com\/wp-content\/uploads\/2025\/07\/399_front-view_1_man_TRB.jpg","width":800,"height":800},{"@type":"BreadcrumbList","@id":"https:\/\/nuniformswholesale.com\/es\/producto\/overol-de-manga-corta-para-hombre-talla-alta-estilo-n-3991\/#breadcrumb","itemListElement":[{"@type":"ListItem","position":1,"name":"Home","item":"https:\/\/nuniformswholesale.com\/es\/"},{"@type":"ListItem","position":2,"name":"Our Products","item":"https:\/\/nuniformswholesale.com\/our-products\/"},{"@type":"ListItem","position":3,"name":"OVEROL DE MANGA CORTA PARA HOMBRE TALLA ALTA (ESTILO N.\u00ba 3991)"}]},{"@type":"WebSite","@id":"https:\/\/nuniformswholesale.com\/es\/#website","url":"https:\/\/nuniformswholesale.com\/es\/","name":"Natural Uniforms","description":"Natural Uniforms - Every Day Uniforms","publisher":{"@id":"https:\/\/nuniformswholesale.com\/es\/#organization"},"alternateName":"Natural Uniforms","potentialAction":[{"@type":"SearchAction","target":{"@type":"EntryPoint","urlTemplate":"https:\/\/nuniformswholesale.com\/es\/?s={search_term_string}"},"query-input":{"@type":"PropertyValueSpecification","valueRequired":true,"valueName":"search_term_string"}}],"inLanguage":"es"},{"@type":"Organization","@id":"https:\/\/nuniformswholesale.com\/es\/#organization","name":"Natural Uniforms","url":"https:\/\/nuniformswholesale.com\/es\/","logo":{"@type":"ImageObject","inLanguage":"es","@id":"https:\/\/nuniformswholesale.com\/es\/#\/schema\/logo\/image\/","url":"https:\/\/nuniformswholesale.com\/wp-content\/uploads\/2025\/08\/dsBuffer.bmp-2-1024x295-1-Photoroom.png","contentUrl":"https:\/\/nuniformswholesale.com\/wp-content\/uploads\/2025\/08\/dsBuffer.bmp-2-1024x295-1-Photoroom.png","width":296,"height":85,"caption":"Natural Uniforms"},"image":{"@id":"https:\/\/nuniformswholesale.com\/es\/#\/schema\/logo\/image\/"}}]}},"_links":{"self":[{"href":"https:\/\/nuniformswholesale.com\/es\/wp-json\/wp\/v2\/product\/48686","targetHints":{"allow":["GET"]}}],"collection":[{"href":"https:\/\/nuniformswholesale.com\/es\/wp-json\/wp\/v2\/product"}],"about":[{"href":"https:\/\/nuniformswholesale.com\/es\/wp-json\/wp\/v2\/types\/product"}],"replies":[{"embeddable":true,"href":"https:\/\/nuniformswholesale.com\/es\/wp-json\/wp\/v2\/comments?post=48686"}],"wp:featuredmedia":[{"embeddable":true,"href":"https:\/\/nuniformswholesale.com\/es\/wp-json\/wp\/v2\/media\/57496"}],"wp:attachment":[{"href":"https:\/\/nuniformswholesale.com\/es\/wp-json\/wp\/v2\/media?parent=48686"}],"wp:term":[{"taxonomy":"product_brand","embeddable":true,"href":"https:\/\/nuniformswholesale.com\/es\/wp-json\/wp\/v2\/product_brand?post=48686"},{"taxonomy":"product_cat","embeddable":true,"href":"https:\/\/nuniformswholesale.com\/es\/wp-json\/wp\/v2\/product_cat?post=48686"},{"taxonomy":"product_tag","embeddable":true,"href":"https:\/\/nuniformswholesale.com\/es\/wp-json\/wp\/v2\/product_tag?post=48686"}],"curies":[{"name":"wp","href":"https:\/\/api.w.org\/{rel}","templated":true}]}}