{"id":49187,"date":"2025-08-04T14:19:25","date_gmt":"2025-08-04T22:19:25","guid":{"rendered":"https:\/\/nuniforms.provisdemo.com\/product\/camiseta-de-manga-larga-de-uniforme-natural-para-bebe-estilo-7260\/"},"modified":"2026-02-21T01:56:41","modified_gmt":"2026-02-21T09:56:41","slug":"camiseta-de-manga-larga-de-uniforme-natural-para-bebe-estilo-7260","status":"publish","type":"product","link":"https:\/\/nuniformswholesale.com\/es\/producto\/camiseta-de-manga-larga-de-uniforme-natural-para-bebe-estilo-7260\/","title":{"rendered":"CAMISETA AJUSTADA TIPO BABY TEE DE MANGA LARGA, CROP TOP (ESTILO 7260)"},"content":{"rendered":"<p><strong>Aspectos destacados del producto:<\/strong><\/p>\n<p><strong data-start=\"212\" data-end=\"232\">Material y sensaci\u00f3n:<\/strong><\/p>\n<ul data-start=\"233\" data-end=\"386\">\n<li data-start=\"233\" data-end=\"275\"><strong data-start=\"235\" data-end=\"246\">Tejido:<\/strong> 88 % poli\u00e9ster, 12 % elastano<\/li>\n<li data-start=\"276\" data-end=\"331\"><strong data-start=\"278\" data-end=\"290\">Textura:<\/strong> S\u00faper suave, el\u00e1stica, sensaci\u00f3n de segunda piel.<\/li>\n<li data-start=\"332\" data-end=\"386\">Durabilidad: larga duraci\u00f3n con una comodidad transpirable.<\/li>\n<\/ul>\n<p><strong data-start=\"393\" data-end=\"412\">Dise\u00f1o y estilo:<\/strong><\/p>\n<ul data-start=\"413\" data-end=\"620\">\n<li data-start=\"413\" data-end=\"463\"><strong data-start=\"415\" data-end=\"423\">Ajuste: <\/strong>corte entallado con una silueta favorecedora.<\/li>\n<li data-start=\"464\" data-end=\"555\">Largo: ligeramente recortado; se puede usar tal cual o doblado para lograr un look recortado de estilo Y2K.<\/li>\n<li data-start=\"556\" data-end=\"591\"><strong data-start=\"558\" data-end=\"571\">Escote:<\/strong> Cuello redondo cl\u00e1sico<\/li>\n<li data-start=\"592\" data-end=\"620\"><strong data-start=\"594\" data-end=\"606\">Mangas:<\/strong> largas<\/li>\n<\/ul>\n<p><strong data-start=\"627\" data-end=\"643\">Versatilidad:<\/strong><\/p>\n<ul data-start=\"644\" data-end=\"885\">\n<li data-start=\"644\" data-end=\"731\">Ocasiones: Perfecto para uso informal, entrenamientos, looks en capas, salidas nocturnas o momentos de relax.<\/li>\n<li data-start=\"732\" data-end=\"885\"><strong data-start=\"734\" data-end=\"751\">Consejos de estilo:<\/strong>\n<ul data-start=\"756\" data-end=\"885\">\n<li data-start=\"756\" data-end=\"828\">Combina bien con vaqueros, pantalones cargo, leggings de yoga, faldas o pantalones cortos.<\/li>\n<li data-start=\"831\" data-end=\"885\">Excelente base para llevar debajo de chaquetas o c\u00e1rdigans.<\/li>\n<\/ul>\n<\/li>\n<\/ul>\n<p><strong data-start=\"892\" data-end=\"914\">Instrucciones de cuidado:<\/strong><\/p>\n<ul data-start=\"915\" data-end=\"1020\">\n<li data-start=\"915\" data-end=\"948\">Lavable a m\u00e1quina (agua fr\u00eda)<\/li>\n<li data-start=\"949\" data-end=\"971\">Apto para lavado a mano<\/li>\n<li data-start=\"972\" data-end=\"989\">No usar lej\u00eda<\/li>\n<li data-start=\"990\" data-end=\"1020\">F\u00e1cil cuidado y resistente a las arrugas.<\/li>\n<\/ul>\n","protected":false},"excerpt":{"rendered":"<p>Aspectos destacados del producto: Material y sensaci\u00f3n: Tejido: 88 % poli\u00e9ster, 12 % elastano Textura: S\u00faper suave, el\u00e1stica, sensaci\u00f3n de segunda piel. Durabilidad: larga duraci\u00f3n con una comodidad transpirable. Dise\u00f1o y estilo: Ajuste: corte entallado con una silueta favorecedora. Largo: ligeramente recortado; se puede usar tal cual o doblado para lograr un look recortado de [&hellip;]<\/p>\n","protected":false},"featured_media":61141,"comment_status":"open","ping_status":"closed","template":"","meta":[],"product_brand":[349],"product_cat":[298,546],"product_tag":[],"class_list":{"0":"post-49187","1":"product","2":"type-product","3":"status-publish","4":"has-post-thumbnail","6":"product_brand-uniformes-naturales","7":"product_cat-mujer","8":"product_cat-mujer-camisetas-prendas-interiores-sanitarias","9":"pa_color-arcilla","10":"pa_color-arena","11":"pa_color-azul-estelar","12":"pa_color-azul-marino-verdadero","13":"pa_color-azul-real-verdadero","14":"pa_color-beso-del-sol","15":"pa_color-blanca","16":"pa_color-borgona","17":"pa_color-carbon","18":"pa_color-chateau-rose","19":"pa_color-chocolate-con-malta","20":"pa_color-eneldo-verde","21":"pa_color-lavanda","22":"pa_color-moneda-de-cobre","23":"pa_color-negra","24":"pa_color-purpura-argyle","25":"pa_color-red","26":"pa_color-roja","27":"pa_color-rosa","28":"pa_color-rosa-fuerte","29":"pa_color-verde-cazador-verde","30":"pa_size-2x","31":"pa_size-l","32":"pa_size-m","33":"pa_size-s","34":"pa_size-xl","35":"pa_size-xs","36":"pa_size-xxs","38":"first","39":"instock","40":"purchasable","41":"product-type-variable"},"yoast_head":"<!-- This site is optimized with the Yoast SEO plugin v27.4 - https:\/\/yoast.com\/product\/yoast-seo-wordpress\/ -->\n<title>CAMISETA AJUSTADA TIPO BABY TEE DE MANGA LARGA, CROP TOP (ESTILO 7260) - Natural Uniforms Wholesale<\/title>\n<meta name=\"robots\" content=\"index, follow, max-snippet:-1, max-image-preview:large, max-video-preview:-1\" \/>\n<link rel=\"canonical\" href=\"https:\/\/nuniformswholesale.com\/es\/producto\/camiseta-de-manga-larga-de-uniforme-natural-para-bebe-estilo-7260\/\" \/>\n<meta property=\"og:locale\" content=\"es_ES\" \/>\n<meta property=\"og:type\" content=\"article\" \/>\n<meta property=\"og:title\" content=\"CAMISETA AJUSTADA TIPO BABY TEE DE MANGA LARGA, CROP TOP (ESTILO 7260) - Natural Uniforms Wholesale\" \/>\n<meta property=\"og:description\" content=\"Aspectos destacados del producto: Material y sensaci\u00f3n: Tejido: 88 % poli\u00e9ster, 12 % elastano Textura: S\u00faper suave, el\u00e1stica, sensaci\u00f3n de segunda piel. Durabilidad: larga duraci\u00f3n con una comodidad transpirable. Dise\u00f1o y estilo: Ajuste: corte entallado con una silueta favorecedora. Largo: ligeramente recortado; se puede usar tal cual o doblado para lograr un look recortado de [&hellip;]\" \/>\n<meta property=\"og:url\" content=\"https:\/\/nuniformswholesale.com\/es\/producto\/camiseta-de-manga-larga-de-uniforme-natural-para-bebe-estilo-7260\/\" \/>\n<meta property=\"og:site_name\" content=\"Natural Uniforms Wholesale\" \/>\n<meta property=\"article:modified_time\" content=\"2026-02-21T09:56:41+00:00\" \/>\n<meta property=\"og:image\" content=\"https:\/\/nuniformswholesale.com\/wp-content\/uploads\/2025\/08\/7260-ARG-1-Main-Image-800X800.jpg\" \/>\n\t<meta property=\"og:image:width\" content=\"800\" \/>\n\t<meta property=\"og:image:height\" content=\"800\" \/>\n\t<meta property=\"og:image:type\" content=\"image\/jpeg\" \/>\n<meta name=\"twitter:card\" content=\"summary_large_image\" \/>\n<meta name=\"twitter:label1\" content=\"Tiempo de lectura\" \/>\n\t<meta name=\"twitter:data1\" content=\"1 minuto\" \/>\n<script type=\"application\/ld+json\" class=\"yoast-schema-graph\">{\"@context\":\"https:\\\/\\\/schema.org\",\"@graph\":[{\"@type\":\"WebPage\",\"@id\":\"https:\\\/\\\/nuniformswholesale.com\\\/es\\\/producto\\\/camiseta-de-manga-larga-de-uniforme-natural-para-bebe-estilo-7260\\\/\",\"url\":\"https:\\\/\\\/nuniformswholesale.com\\\/es\\\/producto\\\/camiseta-de-manga-larga-de-uniforme-natural-para-bebe-estilo-7260\\\/\",\"name\":\"CAMISETA AJUSTADA TIPO BABY TEE DE MANGA LARGA, CROP TOP (ESTILO 7260) - Natural Uniforms Wholesale\",\"isPartOf\":{\"@id\":\"https:\\\/\\\/nuniformswholesale.com\\\/es\\\/#website\"},\"primaryImageOfPage\":{\"@id\":\"https:\\\/\\\/nuniformswholesale.com\\\/es\\\/producto\\\/camiseta-de-manga-larga-de-uniforme-natural-para-bebe-estilo-7260\\\/#primaryimage\"},\"image\":{\"@id\":\"https:\\\/\\\/nuniformswholesale.com\\\/es\\\/producto\\\/camiseta-de-manga-larga-de-uniforme-natural-para-bebe-estilo-7260\\\/#primaryimage\"},\"thumbnailUrl\":\"https:\\\/\\\/nuniformswholesale.com\\\/wp-content\\\/uploads\\\/2025\\\/08\\\/7260-ARG-1-Main-Image-800X800.jpg\",\"datePublished\":\"2025-08-04T22:19:25+00:00\",\"dateModified\":\"2026-02-21T09:56:41+00:00\",\"breadcrumb\":{\"@id\":\"https:\\\/\\\/nuniformswholesale.com\\\/es\\\/producto\\\/camiseta-de-manga-larga-de-uniforme-natural-para-bebe-estilo-7260\\\/#breadcrumb\"},\"inLanguage\":\"es\",\"potentialAction\":[{\"@type\":\"ReadAction\",\"target\":[\"https:\\\/\\\/nuniformswholesale.com\\\/es\\\/producto\\\/camiseta-de-manga-larga-de-uniforme-natural-para-bebe-estilo-7260\\\/\"]}]},{\"@type\":\"ImageObject\",\"inLanguage\":\"es\",\"@id\":\"https:\\\/\\\/nuniformswholesale.com\\\/es\\\/producto\\\/camiseta-de-manga-larga-de-uniforme-natural-para-bebe-estilo-7260\\\/#primaryimage\",\"url\":\"https:\\\/\\\/nuniformswholesale.com\\\/wp-content\\\/uploads\\\/2025\\\/08\\\/7260-ARG-1-Main-Image-800X800.jpg\",\"contentUrl\":\"https:\\\/\\\/nuniformswholesale.com\\\/wp-content\\\/uploads\\\/2025\\\/08\\\/7260-ARG-1-Main-Image-800X800.jpg\",\"width\":800,\"height\":800},{\"@type\":\"BreadcrumbList\",\"@id\":\"https:\\\/\\\/nuniformswholesale.com\\\/es\\\/producto\\\/camiseta-de-manga-larga-de-uniforme-natural-para-bebe-estilo-7260\\\/#breadcrumb\",\"itemListElement\":[{\"@type\":\"ListItem\",\"position\":1,\"name\":\"Home\",\"item\":\"https:\\\/\\\/nuniformswholesale.com\\\/es\\\/\"},{\"@type\":\"ListItem\",\"position\":2,\"name\":\"Our Products\",\"item\":\"https:\\\/\\\/nuniformswholesale.com\\\/our-products\\\/\"},{\"@type\":\"ListItem\",\"position\":3,\"name\":\"CAMISETA AJUSTADA TIPO BABY TEE DE MANGA LARGA, CROP TOP (ESTILO 7260)\"}]},{\"@type\":\"WebSite\",\"@id\":\"https:\\\/\\\/nuniformswholesale.com\\\/es\\\/#website\",\"url\":\"https:\\\/\\\/nuniformswholesale.com\\\/es\\\/\",\"name\":\"Natural Uniforms\",\"description\":\"Natural Uniforms - Every Day Uniforms\",\"publisher\":{\"@id\":\"https:\\\/\\\/nuniformswholesale.com\\\/es\\\/#organization\"},\"alternateName\":\"Natural Uniforms\",\"potentialAction\":[{\"@type\":\"SearchAction\",\"target\":{\"@type\":\"EntryPoint\",\"urlTemplate\":\"https:\\\/\\\/nuniformswholesale.com\\\/es\\\/?s={search_term_string}\"},\"query-input\":{\"@type\":\"PropertyValueSpecification\",\"valueRequired\":true,\"valueName\":\"search_term_string\"}}],\"inLanguage\":\"es\"},{\"@type\":\"Organization\",\"@id\":\"https:\\\/\\\/nuniformswholesale.com\\\/es\\\/#organization\",\"name\":\"Natural Uniforms\",\"url\":\"https:\\\/\\\/nuniformswholesale.com\\\/es\\\/\",\"logo\":{\"@type\":\"ImageObject\",\"inLanguage\":\"es\",\"@id\":\"https:\\\/\\\/nuniformswholesale.com\\\/es\\\/#\\\/schema\\\/logo\\\/image\\\/\",\"url\":\"https:\\\/\\\/nuniformswholesale.com\\\/wp-content\\\/uploads\\\/2025\\\/08\\\/dsBuffer.bmp-2-1024x295-1-Photoroom.png\",\"contentUrl\":\"https:\\\/\\\/nuniformswholesale.com\\\/wp-content\\\/uploads\\\/2025\\\/08\\\/dsBuffer.bmp-2-1024x295-1-Photoroom.png\",\"width\":296,\"height\":85,\"caption\":\"Natural Uniforms\"},\"image\":{\"@id\":\"https:\\\/\\\/nuniformswholesale.com\\\/es\\\/#\\\/schema\\\/logo\\\/image\\\/\"}}]}<\/script>\n<!-- \/ Yoast SEO plugin. -->","yoast_head_json":{"title":"CAMISETA AJUSTADA TIPO BABY TEE DE MANGA LARGA, CROP TOP (ESTILO 7260) - Natural Uniforms Wholesale","robots":{"index":"index","follow":"follow","max-snippet":"max-snippet:-1","max-image-preview":"max-image-preview:large","max-video-preview":"max-video-preview:-1"},"canonical":"https:\/\/nuniformswholesale.com\/es\/producto\/camiseta-de-manga-larga-de-uniforme-natural-para-bebe-estilo-7260\/","og_locale":"es_ES","og_type":"article","og_title":"CAMISETA AJUSTADA TIPO BABY TEE DE MANGA LARGA, CROP TOP (ESTILO 7260) - Natural Uniforms Wholesale","og_description":"Aspectos destacados del producto: Material y sensaci\u00f3n: Tejido: 88 % poli\u00e9ster, 12 % elastano Textura: S\u00faper suave, el\u00e1stica, sensaci\u00f3n de segunda piel. Durabilidad: larga duraci\u00f3n con una comodidad transpirable. Dise\u00f1o y estilo: Ajuste: corte entallado con una silueta favorecedora. Largo: ligeramente recortado; se puede usar tal cual o doblado para lograr un look recortado de [&hellip;]","og_url":"https:\/\/nuniformswholesale.com\/es\/producto\/camiseta-de-manga-larga-de-uniforme-natural-para-bebe-estilo-7260\/","og_site_name":"Natural Uniforms Wholesale","article_modified_time":"2026-02-21T09:56:41+00:00","og_image":[{"width":800,"height":800,"url":"https:\/\/nuniformswholesale.com\/wp-content\/uploads\/2025\/08\/7260-ARG-1-Main-Image-800X800.jpg","type":"image\/jpeg"}],"twitter_card":"summary_large_image","twitter_misc":{"Tiempo de lectura":"1 minuto"},"schema":{"@context":"https:\/\/schema.org","@graph":[{"@type":"WebPage","@id":"https:\/\/nuniformswholesale.com\/es\/producto\/camiseta-de-manga-larga-de-uniforme-natural-para-bebe-estilo-7260\/","url":"https:\/\/nuniformswholesale.com\/es\/producto\/camiseta-de-manga-larga-de-uniforme-natural-para-bebe-estilo-7260\/","name":"CAMISETA AJUSTADA TIPO BABY TEE DE MANGA LARGA, CROP TOP (ESTILO 7260) - Natural Uniforms Wholesale","isPartOf":{"@id":"https:\/\/nuniformswholesale.com\/es\/#website"},"primaryImageOfPage":{"@id":"https:\/\/nuniformswholesale.com\/es\/producto\/camiseta-de-manga-larga-de-uniforme-natural-para-bebe-estilo-7260\/#primaryimage"},"image":{"@id":"https:\/\/nuniformswholesale.com\/es\/producto\/camiseta-de-manga-larga-de-uniforme-natural-para-bebe-estilo-7260\/#primaryimage"},"thumbnailUrl":"https:\/\/nuniformswholesale.com\/wp-content\/uploads\/2025\/08\/7260-ARG-1-Main-Image-800X800.jpg","datePublished":"2025-08-04T22:19:25+00:00","dateModified":"2026-02-21T09:56:41+00:00","breadcrumb":{"@id":"https:\/\/nuniformswholesale.com\/es\/producto\/camiseta-de-manga-larga-de-uniforme-natural-para-bebe-estilo-7260\/#breadcrumb"},"inLanguage":"es","potentialAction":[{"@type":"ReadAction","target":["https:\/\/nuniformswholesale.com\/es\/producto\/camiseta-de-manga-larga-de-uniforme-natural-para-bebe-estilo-7260\/"]}]},{"@type":"ImageObject","inLanguage":"es","@id":"https:\/\/nuniformswholesale.com\/es\/producto\/camiseta-de-manga-larga-de-uniforme-natural-para-bebe-estilo-7260\/#primaryimage","url":"https:\/\/nuniformswholesale.com\/wp-content\/uploads\/2025\/08\/7260-ARG-1-Main-Image-800X800.jpg","contentUrl":"https:\/\/nuniformswholesale.com\/wp-content\/uploads\/2025\/08\/7260-ARG-1-Main-Image-800X800.jpg","width":800,"height":800},{"@type":"BreadcrumbList","@id":"https:\/\/nuniformswholesale.com\/es\/producto\/camiseta-de-manga-larga-de-uniforme-natural-para-bebe-estilo-7260\/#breadcrumb","itemListElement":[{"@type":"ListItem","position":1,"name":"Home","item":"https:\/\/nuniformswholesale.com\/es\/"},{"@type":"ListItem","position":2,"name":"Our Products","item":"https:\/\/nuniformswholesale.com\/our-products\/"},{"@type":"ListItem","position":3,"name":"CAMISETA AJUSTADA TIPO BABY TEE DE MANGA LARGA, CROP TOP (ESTILO 7260)"}]},{"@type":"WebSite","@id":"https:\/\/nuniformswholesale.com\/es\/#website","url":"https:\/\/nuniformswholesale.com\/es\/","name":"Natural Uniforms","description":"Natural Uniforms - Every Day Uniforms","publisher":{"@id":"https:\/\/nuniformswholesale.com\/es\/#organization"},"alternateName":"Natural Uniforms","potentialAction":[{"@type":"SearchAction","target":{"@type":"EntryPoint","urlTemplate":"https:\/\/nuniformswholesale.com\/es\/?s={search_term_string}"},"query-input":{"@type":"PropertyValueSpecification","valueRequired":true,"valueName":"search_term_string"}}],"inLanguage":"es"},{"@type":"Organization","@id":"https:\/\/nuniformswholesale.com\/es\/#organization","name":"Natural Uniforms","url":"https:\/\/nuniformswholesale.com\/es\/","logo":{"@type":"ImageObject","inLanguage":"es","@id":"https:\/\/nuniformswholesale.com\/es\/#\/schema\/logo\/image\/","url":"https:\/\/nuniformswholesale.com\/wp-content\/uploads\/2025\/08\/dsBuffer.bmp-2-1024x295-1-Photoroom.png","contentUrl":"https:\/\/nuniformswholesale.com\/wp-content\/uploads\/2025\/08\/dsBuffer.bmp-2-1024x295-1-Photoroom.png","width":296,"height":85,"caption":"Natural Uniforms"},"image":{"@id":"https:\/\/nuniformswholesale.com\/es\/#\/schema\/logo\/image\/"}}]}},"_links":{"self":[{"href":"https:\/\/nuniformswholesale.com\/es\/wp-json\/wp\/v2\/product\/49187","targetHints":{"allow":["GET"]}}],"collection":[{"href":"https:\/\/nuniformswholesale.com\/es\/wp-json\/wp\/v2\/product"}],"about":[{"href":"https:\/\/nuniformswholesale.com\/es\/wp-json\/wp\/v2\/types\/product"}],"replies":[{"embeddable":true,"href":"https:\/\/nuniformswholesale.com\/es\/wp-json\/wp\/v2\/comments?post=49187"}],"wp:featuredmedia":[{"embeddable":true,"href":"https:\/\/nuniformswholesale.com\/es\/wp-json\/wp\/v2\/media\/61141"}],"wp:attachment":[{"href":"https:\/\/nuniformswholesale.com\/es\/wp-json\/wp\/v2\/media?parent=49187"}],"wp:term":[{"taxonomy":"product_brand","embeddable":true,"href":"https:\/\/nuniformswholesale.com\/es\/wp-json\/wp\/v2\/product_brand?post=49187"},{"taxonomy":"product_cat","embeddable":true,"href":"https:\/\/nuniformswholesale.com\/es\/wp-json\/wp\/v2\/product_cat?post=49187"},{"taxonomy":"product_tag","embeddable":true,"href":"https:\/\/nuniformswholesale.com\/es\/wp-json\/wp\/v2\/product_tag?post=49187"}],"curies":[{"name":"wp","href":"https:\/\/api.w.org\/{rel}","templated":true}]}}