{"id":49361,"date":"2025-08-04T10:24:10","date_gmt":"2025-08-04T18:24:10","guid":{"rendered":"https:\/\/nuniforms.provisdemo.com\/product\/conjunto-cargo-monarch-para-hombre-estilo-3602set\/"},"modified":"2026-04-14T00:41:28","modified_gmt":"2026-04-14T08:41:28","slug":"conjunto-cargo-monarch-para-hombre-estilo-3602set","status":"publish","type":"product","link":"https:\/\/nuniformswholesale.com\/es\/producto\/conjunto-cargo-monarch-para-hombre-estilo-3602set\/","title":{"rendered":"CONJUNTO CARGO PARA HOMBRE (ESTILO 3602SET)"},"content":{"rendered":"<p><strong>Aspectos Destacados del Producto:<\/strong><\/p>\n<p><strong>Disponible en tallas Tall y Regular<\/strong><\/p>\n<p data-start=\"136\" data-end=\"164\"><strong data-start=\"143\" data-end=\"164\">Tela y material<\/strong><\/p>\n<ul data-start=\"165\" data-end=\"296\">\n<li data-start=\"165\" data-end=\"207\">\n<p data-start=\"167\" data-end=\"207\"><strong data-start=\"167\" data-end=\"180\">Material<\/strong>: 93 % poli\u00e9ster \/ 7 % elastano<\/p>\n<\/li>\n<li data-start=\"208\" data-end=\"296\">\n<p data-start=\"210\" data-end=\"296\"><strong data-start=\"210\" data-end=\"223\">Caracter\u00edsticas: <\/strong>Tejido el\u00e1stico de alto rendimiento: transpirable y flexible para mayor comodidad durante todo el d\u00eda.<\/p>\n<\/li>\n<\/ul>\n<p data-start=\"303\" data-end=\"326\"><strong data-start=\"310\" data-end=\"326\">Caracter\u00edsticas principales<\/strong><\/p>\n<ul data-start=\"327\" data-end=\"451\">\n<li data-start=\"327\" data-end=\"362\">\n<p data-start=\"329\" data-end=\"362\"><strong data-start=\"329\" data-end=\"337\">Ajuste:<\/strong> moderno, corte relajado y ajustado<\/p>\n<\/li>\n<li data-start=\"363\" data-end=\"381\">\n<p data-start=\"365\" data-end=\"381\"><strong data-start=\"365\" data-end=\"374\">Cuello: <\/strong>escote en pico<\/p>\n<\/li>\n<li data-start=\"382\" data-end=\"451\">\n<p data-start=\"384\" data-end=\"396\"><strong data-start=\"384\" data-end=\"396\">Bolsillos:<\/strong><\/p>\n<ul data-start=\"399\" data-end=\"451\">\n<li data-start=\"399\" data-end=\"415\">\n<p data-start=\"401\" data-end=\"415\">1 bolsillo en el pecho<\/p>\n<\/li>\n<li data-start=\"418\" data-end=\"451\">\n<p data-start=\"420\" data-end=\"451\">2 bolsillos delanteros inferiores de gran tama\u00f1o<\/p>\n<\/li>\n<\/ul>\n<\/li>\n<\/ul>\n<p data-start=\"458\" data-end=\"484\"><strong data-start=\"465\" data-end=\"484\">Caracter\u00edsticas inferiores<\/strong><\/p>\n<ul data-start=\"485\" data-end=\"588\">\n<li data-start=\"485\" data-end=\"516\">\n<p data-start=\"487\" data-end=\"516\"><strong data-start=\"487\" data-end=\"497\">Estilo:<\/strong> Pantalones de pierna recta<\/p>\n<\/li>\n<li data-start=\"517\" data-end=\"588\">\n<p data-start=\"519\" data-end=\"531\"><strong data-start=\"519\" data-end=\"531\">Bolsillos:<\/strong><\/p>\n<ul data-start=\"534\" data-end=\"588\">\n<li data-start=\"534\" data-end=\"550\">\n<p data-start=\"536\" data-end=\"550\">2 bolsillos traseros<\/p>\n<\/li>\n<li data-start=\"553\" data-end=\"568\">\n<p data-start=\"555\" data-end=\"568\">2 bolsillos en la cadera<\/p>\n<\/li>\n<li data-start=\"571\" data-end=\"588\">\n<p data-start=\"573\" data-end=\"588\">2 bolsillos cargo<\/p>\n<\/li>\n<\/ul>\n<\/li>\n<\/ul>\n<p data-start=\"595\" data-end=\"623\"><strong data-start=\"602\" data-end=\"623\">Cuidado y durabilidad<\/strong><\/p>\n<ul data-start=\"624\" data-end=\"722\">\n<li data-start=\"624\" data-end=\"647\">\n<p data-start=\"626\" data-end=\"647\"><strong data-start=\"626\" data-end=\"647\">Resistente a las arrugas<\/strong><\/p>\n<\/li>\n<li data-start=\"648\" data-end=\"699\">\n<p data-start=\"650\" data-end=\"699\"><strong data-start=\"650\" data-end=\"699\">Mantiene la forma y el color despu\u00e9s de m\u00faltiples lavados.<\/strong><\/p>\n<\/li>\n<li data-start=\"700\" data-end=\"722\">\n<p data-start=\"702\" data-end=\"722\"><strong data-start=\"702\" data-end=\"722\">Tejido de f\u00e1cil cuidado<\/strong><\/p>\n<\/li>\n<\/ul>\n<p data-start=\"729\" data-end=\"748\"><strong data-start=\"735\" data-end=\"748\">Ideal para:<\/strong><\/p>\n<ul data-start=\"749\" data-end=\"886\">\n<li data-start=\"749\" data-end=\"886\">\n<p data-start=\"751\" data-end=\"886\">Profesionales de la salud que buscan un conjunto m\u00e9dico elegante, funcional y duradero con amplio espacio de almacenamiento y movimiento flexible.<\/p>\n<\/li>\n<\/ul>\n","protected":false},"excerpt":{"rendered":"<p>Aspectos Destacados del Producto: Disponible en tallas Tall y Regular Tela y material Material: 93 % poli\u00e9ster \/ 7 % elastano Caracter\u00edsticas: Tejido el\u00e1stico de alto rendimiento: transpirable y flexible para mayor comodidad durante todo el d\u00eda. Caracter\u00edsticas principales Ajuste: moderno, corte relajado y ajustado Cuello: escote en pico Bolsillos: 1 bolsillo en el pecho [&hellip;]<\/p>\n","protected":false},"featured_media":58436,"comment_status":"open","ping_status":"closed","template":"","meta":[],"product_brand":[],"product_cat":[708,297,307,557],"product_tag":[],"class_list":{"0":"post-49361","1":"product","2":"type-product","3":"status-publish","4":"has-post-thumbnail","6":"product_cat-cargo","7":"product_cat-hombre","8":"product_cat-scrub-sets","9":"product_cat-pijama-quirurgico-hombre","10":"pa_color-aceituna","11":"pa_color-azul-caribeno","12":"pa_color-azul-marino-verdadero","13":"pa_color-azul-real-verdadero","14":"pa_color-black","15":"pa_color-borgona","16":"pa_color-carbon","17":"pa_color-negra","18":"pa_color-techo-azul","19":"pa_color-verde-cazador-verde","20":"pa_size-2x","21":"pa_size-2x-alto","22":"pa_size-3x","23":"pa_size-3x-alto","24":"pa_size-l","25":"pa_size-l-alto","26":"pa_size-m","27":"pa_size-m-alto","28":"pa_size-s","29":"pa_size-s-alto","30":"pa_size-xl","31":"pa_size-xl-alto","32":"pa_size-xs","34":"first","35":"instock","36":"purchasable","37":"product-type-variable"},"yoast_head":"<!-- This site is optimized with the Yoast SEO plugin v27.4 - https:\/\/yoast.com\/product\/yoast-seo-wordpress\/ -->\n<title>CONJUNTO CARGO PARA HOMBRE (ESTILO 3602SET) - Natural Uniforms Wholesale<\/title>\n<meta name=\"robots\" content=\"index, follow, max-snippet:-1, max-image-preview:large, max-video-preview:-1\" \/>\n<link rel=\"canonical\" href=\"https:\/\/nuniformswholesale.com\/es\/producto\/conjunto-cargo-monarch-para-hombre-estilo-3602set\/\" \/>\n<meta property=\"og:locale\" content=\"es_ES\" \/>\n<meta property=\"og:type\" content=\"article\" \/>\n<meta property=\"og:title\" content=\"CONJUNTO CARGO PARA HOMBRE (ESTILO 3602SET) - Natural Uniforms Wholesale\" \/>\n<meta property=\"og:description\" content=\"Aspectos Destacados del Producto: Disponible en tallas Tall y Regular Tela y material Material: 93 % poli\u00e9ster \/ 7 % elastano Caracter\u00edsticas: Tejido el\u00e1stico de alto rendimiento: transpirable y flexible para mayor comodidad durante todo el d\u00eda. Caracter\u00edsticas principales Ajuste: moderno, corte relajado y ajustado Cuello: escote en pico Bolsillos: 1 bolsillo en el pecho [&hellip;]\" \/>\n<meta property=\"og:url\" content=\"https:\/\/nuniformswholesale.com\/es\/producto\/conjunto-cargo-monarch-para-hombre-estilo-3602set\/\" \/>\n<meta property=\"og:site_name\" content=\"Natural Uniforms Wholesale\" \/>\n<meta property=\"article:modified_time\" content=\"2026-04-14T08:41:28+00:00\" \/>\n<meta property=\"og:image\" content=\"https:\/\/nuniformswholesale.com\/wp-content\/uploads\/2025\/12\/3400_front-view_1_man_True-Navy-Blue.jpg\" \/>\n\t<meta property=\"og:image:width\" content=\"800\" \/>\n\t<meta property=\"og:image:height\" content=\"800\" \/>\n\t<meta property=\"og:image:type\" content=\"image\/jpeg\" \/>\n<meta name=\"twitter:card\" content=\"summary_large_image\" \/>\n<meta name=\"twitter:label1\" content=\"Tiempo de lectura\" \/>\n\t<meta name=\"twitter:data1\" content=\"1 minuto\" \/>\n<script type=\"application\/ld+json\" class=\"yoast-schema-graph\">{\"@context\":\"https:\\\/\\\/schema.org\",\"@graph\":[{\"@type\":\"WebPage\",\"@id\":\"https:\\\/\\\/nuniformswholesale.com\\\/es\\\/producto\\\/conjunto-cargo-monarch-para-hombre-estilo-3602set\\\/\",\"url\":\"https:\\\/\\\/nuniformswholesale.com\\\/es\\\/producto\\\/conjunto-cargo-monarch-para-hombre-estilo-3602set\\\/\",\"name\":\"CONJUNTO CARGO PARA HOMBRE (ESTILO 3602SET) - Natural Uniforms Wholesale\",\"isPartOf\":{\"@id\":\"https:\\\/\\\/nuniformswholesale.com\\\/es\\\/#website\"},\"primaryImageOfPage\":{\"@id\":\"https:\\\/\\\/nuniformswholesale.com\\\/es\\\/producto\\\/conjunto-cargo-monarch-para-hombre-estilo-3602set\\\/#primaryimage\"},\"image\":{\"@id\":\"https:\\\/\\\/nuniformswholesale.com\\\/es\\\/producto\\\/conjunto-cargo-monarch-para-hombre-estilo-3602set\\\/#primaryimage\"},\"thumbnailUrl\":\"https:\\\/\\\/nuniformswholesale.com\\\/wp-content\\\/uploads\\\/2025\\\/12\\\/3400_front-view_1_man_True-Navy-Blue.jpg\",\"datePublished\":\"2025-08-04T18:24:10+00:00\",\"dateModified\":\"2026-04-14T08:41:28+00:00\",\"breadcrumb\":{\"@id\":\"https:\\\/\\\/nuniformswholesale.com\\\/es\\\/producto\\\/conjunto-cargo-monarch-para-hombre-estilo-3602set\\\/#breadcrumb\"},\"inLanguage\":\"es\",\"potentialAction\":[{\"@type\":\"ReadAction\",\"target\":[\"https:\\\/\\\/nuniformswholesale.com\\\/es\\\/producto\\\/conjunto-cargo-monarch-para-hombre-estilo-3602set\\\/\"]}]},{\"@type\":\"ImageObject\",\"inLanguage\":\"es\",\"@id\":\"https:\\\/\\\/nuniformswholesale.com\\\/es\\\/producto\\\/conjunto-cargo-monarch-para-hombre-estilo-3602set\\\/#primaryimage\",\"url\":\"https:\\\/\\\/nuniformswholesale.com\\\/wp-content\\\/uploads\\\/2025\\\/12\\\/3400_front-view_1_man_True-Navy-Blue.jpg\",\"contentUrl\":\"https:\\\/\\\/nuniformswholesale.com\\\/wp-content\\\/uploads\\\/2025\\\/12\\\/3400_front-view_1_man_True-Navy-Blue.jpg\",\"width\":800,\"height\":800},{\"@type\":\"BreadcrumbList\",\"@id\":\"https:\\\/\\\/nuniformswholesale.com\\\/es\\\/producto\\\/conjunto-cargo-monarch-para-hombre-estilo-3602set\\\/#breadcrumb\",\"itemListElement\":[{\"@type\":\"ListItem\",\"position\":1,\"name\":\"Home\",\"item\":\"https:\\\/\\\/nuniformswholesale.com\\\/es\\\/\"},{\"@type\":\"ListItem\",\"position\":2,\"name\":\"Our Products\",\"item\":\"https:\\\/\\\/nuniformswholesale.com\\\/our-products\\\/\"},{\"@type\":\"ListItem\",\"position\":3,\"name\":\"CONJUNTO CARGO PARA HOMBRE (ESTILO 3602SET)\"}]},{\"@type\":\"WebSite\",\"@id\":\"https:\\\/\\\/nuniformswholesale.com\\\/es\\\/#website\",\"url\":\"https:\\\/\\\/nuniformswholesale.com\\\/es\\\/\",\"name\":\"Natural Uniforms\",\"description\":\"Natural Uniforms - Every Day Uniforms\",\"publisher\":{\"@id\":\"https:\\\/\\\/nuniformswholesale.com\\\/es\\\/#organization\"},\"alternateName\":\"Natural Uniforms\",\"potentialAction\":[{\"@type\":\"SearchAction\",\"target\":{\"@type\":\"EntryPoint\",\"urlTemplate\":\"https:\\\/\\\/nuniformswholesale.com\\\/es\\\/?s={search_term_string}\"},\"query-input\":{\"@type\":\"PropertyValueSpecification\",\"valueRequired\":true,\"valueName\":\"search_term_string\"}}],\"inLanguage\":\"es\"},{\"@type\":\"Organization\",\"@id\":\"https:\\\/\\\/nuniformswholesale.com\\\/es\\\/#organization\",\"name\":\"Natural Uniforms\",\"url\":\"https:\\\/\\\/nuniformswholesale.com\\\/es\\\/\",\"logo\":{\"@type\":\"ImageObject\",\"inLanguage\":\"es\",\"@id\":\"https:\\\/\\\/nuniformswholesale.com\\\/es\\\/#\\\/schema\\\/logo\\\/image\\\/\",\"url\":\"https:\\\/\\\/nuniformswholesale.com\\\/wp-content\\\/uploads\\\/2025\\\/08\\\/dsBuffer.bmp-2-1024x295-1-Photoroom.png\",\"contentUrl\":\"https:\\\/\\\/nuniformswholesale.com\\\/wp-content\\\/uploads\\\/2025\\\/08\\\/dsBuffer.bmp-2-1024x295-1-Photoroom.png\",\"width\":296,\"height\":85,\"caption\":\"Natural Uniforms\"},\"image\":{\"@id\":\"https:\\\/\\\/nuniformswholesale.com\\\/es\\\/#\\\/schema\\\/logo\\\/image\\\/\"}}]}<\/script>\n<!-- \/ Yoast SEO plugin. -->","yoast_head_json":{"title":"CONJUNTO CARGO PARA HOMBRE (ESTILO 3602SET) - Natural Uniforms Wholesale","robots":{"index":"index","follow":"follow","max-snippet":"max-snippet:-1","max-image-preview":"max-image-preview:large","max-video-preview":"max-video-preview:-1"},"canonical":"https:\/\/nuniformswholesale.com\/es\/producto\/conjunto-cargo-monarch-para-hombre-estilo-3602set\/","og_locale":"es_ES","og_type":"article","og_title":"CONJUNTO CARGO PARA HOMBRE (ESTILO 3602SET) - Natural Uniforms Wholesale","og_description":"Aspectos Destacados del Producto: Disponible en tallas Tall y Regular Tela y material Material: 93 % poli\u00e9ster \/ 7 % elastano Caracter\u00edsticas: Tejido el\u00e1stico de alto rendimiento: transpirable y flexible para mayor comodidad durante todo el d\u00eda. Caracter\u00edsticas principales Ajuste: moderno, corte relajado y ajustado Cuello: escote en pico Bolsillos: 1 bolsillo en el pecho [&hellip;]","og_url":"https:\/\/nuniformswholesale.com\/es\/producto\/conjunto-cargo-monarch-para-hombre-estilo-3602set\/","og_site_name":"Natural Uniforms Wholesale","article_modified_time":"2026-04-14T08:41:28+00:00","og_image":[{"width":800,"height":800,"url":"https:\/\/nuniformswholesale.com\/wp-content\/uploads\/2025\/12\/3400_front-view_1_man_True-Navy-Blue.jpg","type":"image\/jpeg"}],"twitter_card":"summary_large_image","twitter_misc":{"Tiempo de lectura":"1 minuto"},"schema":{"@context":"https:\/\/schema.org","@graph":[{"@type":"WebPage","@id":"https:\/\/nuniformswholesale.com\/es\/producto\/conjunto-cargo-monarch-para-hombre-estilo-3602set\/","url":"https:\/\/nuniformswholesale.com\/es\/producto\/conjunto-cargo-monarch-para-hombre-estilo-3602set\/","name":"CONJUNTO CARGO PARA HOMBRE (ESTILO 3602SET) - Natural Uniforms Wholesale","isPartOf":{"@id":"https:\/\/nuniformswholesale.com\/es\/#website"},"primaryImageOfPage":{"@id":"https:\/\/nuniformswholesale.com\/es\/producto\/conjunto-cargo-monarch-para-hombre-estilo-3602set\/#primaryimage"},"image":{"@id":"https:\/\/nuniformswholesale.com\/es\/producto\/conjunto-cargo-monarch-para-hombre-estilo-3602set\/#primaryimage"},"thumbnailUrl":"https:\/\/nuniformswholesale.com\/wp-content\/uploads\/2025\/12\/3400_front-view_1_man_True-Navy-Blue.jpg","datePublished":"2025-08-04T18:24:10+00:00","dateModified":"2026-04-14T08:41:28+00:00","breadcrumb":{"@id":"https:\/\/nuniformswholesale.com\/es\/producto\/conjunto-cargo-monarch-para-hombre-estilo-3602set\/#breadcrumb"},"inLanguage":"es","potentialAction":[{"@type":"ReadAction","target":["https:\/\/nuniformswholesale.com\/es\/producto\/conjunto-cargo-monarch-para-hombre-estilo-3602set\/"]}]},{"@type":"ImageObject","inLanguage":"es","@id":"https:\/\/nuniformswholesale.com\/es\/producto\/conjunto-cargo-monarch-para-hombre-estilo-3602set\/#primaryimage","url":"https:\/\/nuniformswholesale.com\/wp-content\/uploads\/2025\/12\/3400_front-view_1_man_True-Navy-Blue.jpg","contentUrl":"https:\/\/nuniformswholesale.com\/wp-content\/uploads\/2025\/12\/3400_front-view_1_man_True-Navy-Blue.jpg","width":800,"height":800},{"@type":"BreadcrumbList","@id":"https:\/\/nuniformswholesale.com\/es\/producto\/conjunto-cargo-monarch-para-hombre-estilo-3602set\/#breadcrumb","itemListElement":[{"@type":"ListItem","position":1,"name":"Home","item":"https:\/\/nuniformswholesale.com\/es\/"},{"@type":"ListItem","position":2,"name":"Our Products","item":"https:\/\/nuniformswholesale.com\/our-products\/"},{"@type":"ListItem","position":3,"name":"CONJUNTO CARGO PARA HOMBRE (ESTILO 3602SET)"}]},{"@type":"WebSite","@id":"https:\/\/nuniformswholesale.com\/es\/#website","url":"https:\/\/nuniformswholesale.com\/es\/","name":"Natural Uniforms","description":"Natural Uniforms - Every Day Uniforms","publisher":{"@id":"https:\/\/nuniformswholesale.com\/es\/#organization"},"alternateName":"Natural Uniforms","potentialAction":[{"@type":"SearchAction","target":{"@type":"EntryPoint","urlTemplate":"https:\/\/nuniformswholesale.com\/es\/?s={search_term_string}"},"query-input":{"@type":"PropertyValueSpecification","valueRequired":true,"valueName":"search_term_string"}}],"inLanguage":"es"},{"@type":"Organization","@id":"https:\/\/nuniformswholesale.com\/es\/#organization","name":"Natural Uniforms","url":"https:\/\/nuniformswholesale.com\/es\/","logo":{"@type":"ImageObject","inLanguage":"es","@id":"https:\/\/nuniformswholesale.com\/es\/#\/schema\/logo\/image\/","url":"https:\/\/nuniformswholesale.com\/wp-content\/uploads\/2025\/08\/dsBuffer.bmp-2-1024x295-1-Photoroom.png","contentUrl":"https:\/\/nuniformswholesale.com\/wp-content\/uploads\/2025\/08\/dsBuffer.bmp-2-1024x295-1-Photoroom.png","width":296,"height":85,"caption":"Natural Uniforms"},"image":{"@id":"https:\/\/nuniformswholesale.com\/es\/#\/schema\/logo\/image\/"}}]}},"_links":{"self":[{"href":"https:\/\/nuniformswholesale.com\/es\/wp-json\/wp\/v2\/product\/49361","targetHints":{"allow":["GET"]}}],"collection":[{"href":"https:\/\/nuniformswholesale.com\/es\/wp-json\/wp\/v2\/product"}],"about":[{"href":"https:\/\/nuniformswholesale.com\/es\/wp-json\/wp\/v2\/types\/product"}],"replies":[{"embeddable":true,"href":"https:\/\/nuniformswholesale.com\/es\/wp-json\/wp\/v2\/comments?post=49361"}],"wp:featuredmedia":[{"embeddable":true,"href":"https:\/\/nuniformswholesale.com\/es\/wp-json\/wp\/v2\/media\/58436"}],"wp:attachment":[{"href":"https:\/\/nuniformswholesale.com\/es\/wp-json\/wp\/v2\/media?parent=49361"}],"wp:term":[{"taxonomy":"product_brand","embeddable":true,"href":"https:\/\/nuniformswholesale.com\/es\/wp-json\/wp\/v2\/product_brand?post=49361"},{"taxonomy":"product_cat","embeddable":true,"href":"https:\/\/nuniformswholesale.com\/es\/wp-json\/wp\/v2\/product_cat?post=49361"},{"taxonomy":"product_tag","embeddable":true,"href":"https:\/\/nuniformswholesale.com\/es\/wp-json\/wp\/v2\/product_tag?post=49361"}],"curies":[{"name":"wp","href":"https:\/\/api.w.org\/{rel}","templated":true}]}}