{"id":49582,"date":"2025-07-31T15:54:19","date_gmt":"2025-07-31T23:54:19","guid":{"rendered":"https:\/\/nuniforms.provisdemo.com\/product\/monarch-jogger-camiseta-medica-extremadamente-elastica-estilo-8300top\/"},"modified":"2026-02-21T01:56:33","modified_gmt":"2026-02-21T09:56:33","slug":"monarch-jogger-camiseta-medica-extremadamente-elastica-estilo-8300top","status":"publish","type":"product","link":"https:\/\/nuniformswholesale.com\/es\/producto\/monarch-jogger-camiseta-medica-extremadamente-elastica-estilo-8300top\/","title":{"rendered":"CAMISETA M\u00c9DICA JOGGER EL\u00c1STICA EXTREMA (ESTILO 8300TOP)"},"content":{"rendered":"<p><strong>Aspectos destacados del producto:<\/strong><\/p>\n<p><strong data-start=\"161\" data-end=\"174\">Material<\/strong><\/p>\n<ul data-start=\"175\" data-end=\"358\">\n<li data-start=\"175\" data-end=\"204\"><strong data-start=\"177\" data-end=\"204\">86 % nailon \/ 14 % elastano<\/strong><\/li>\n<li data-start=\"205\" data-end=\"286\">Dise\u00f1ado con <strong data-start=\"221\" data-end=\"252\">tejido el\u00e1stico de \u00faltima<\/strong> generaci\u00f3n para m\u00e1xima comodidad y movilidad.<\/li>\n<li data-start=\"287\" data-end=\"358\">Se mueve contigo y ofrece un ajuste favorecedor gracias a su naturaleza el\u00e1stica.<\/li>\n<\/ul>\n<p><strong data-start=\"360\" data-end=\"380\">Caracter\u00edsticas de dise\u00f1o<\/strong><\/p>\n<ul data-start=\"381\" data-end=\"536\">\n<li data-start=\"381\" data-end=\"403\"><strong data-start=\"383\" data-end=\"403\">Camiseta m\u00e9dica con cuello en V<\/strong><\/li>\n<li data-start=\"404\" data-end=\"470\">Dise\u00f1ado con <strong data-start=\"420\" data-end=\"444\">costuras delanteras y traseras<\/strong> para un aspecto ajustado y moderno.<\/li>\n<li data-start=\"471\" data-end=\"536\">Incluye dos espaciosos <strong data-start=\"482\" data-end=\"518\">bolsillos frontales inferiores para <\/strong>mayor funcionalidad.<\/li>\n<\/ul>\n<p><strong data-start=\"538\" data-end=\"546\">Ajuste<\/strong><\/p>\n<ul data-start=\"547\" data-end=\"672\">\n<li data-start=\"547\" data-end=\"617\">Corte moderno y entallado: entallado y contorneado para resaltar tu figura.<\/li>\n<li data-start=\"618\" data-end=\"672\">Destinado a ser a la vez <strong data-start=\"637\" data-end=\"651\">halagador <\/strong>y <strong data-start=\"656\" data-end=\"672\">profesional<\/strong>.<\/li>\n<\/ul>\n","protected":false},"excerpt":{"rendered":"<p>Aspectos destacados del producto: Material 86 % nailon \/ 14 % elastano Dise\u00f1ado con tejido el\u00e1stico de \u00faltima generaci\u00f3n para m\u00e1xima comodidad y movilidad. Se mueve contigo y ofrece un ajuste favorecedor gracias a su naturaleza el\u00e1stica. Caracter\u00edsticas de dise\u00f1o Camiseta m\u00e9dica con cuello en V Dise\u00f1ado con costuras delanteras y traseras para un aspecto [&hellip;]<\/p>\n","protected":false},"featured_media":70165,"comment_status":"closed","ping_status":"closed","template":"","meta":[],"product_brand":[378,565],"product_cat":[504,308,298],"product_tag":[],"class_list":{"0":"post-49582","1":"product","2":"type-product","3":"status-publish","4":"has-post-thumbnail","6":"product_brand-monarch","7":"product_brand-monarch-uniforms","8":"product_cat-casacas-quirurgicas-para-mujer","9":"product_cat-scrubs","10":"product_cat-mujer","11":"pa_color-aceituna","12":"pa_color-azul-marino-verdadero","13":"pa_color-azul-real-verdadero","14":"pa_color-berenjena","15":"pa_color-borgona","16":"pa_color-carbon","17":"pa_color-negra","18":"pa_color-techo-azul","19":"pa_color-verde-azulado","20":"pa_color-verde-cazador-verde","21":"pa_size-2x","22":"pa_size-3x","23":"pa_size-l","24":"pa_size-m","25":"pa_size-s","26":"pa_size-xl","27":"pa_size-xs","29":"first","30":"instock","31":"purchasable","32":"product-type-variable"},"yoast_head":"<!-- This site is optimized with the Yoast SEO plugin v27.4 - https:\/\/yoast.com\/product\/yoast-seo-wordpress\/ -->\n<title>CAMISETA M\u00c9DICA JOGGER EL\u00c1STICA EXTREMA (ESTILO 8300TOP) - Natural Uniforms Wholesale<\/title>\n<meta name=\"robots\" content=\"index, follow, max-snippet:-1, max-image-preview:large, max-video-preview:-1\" \/>\n<link rel=\"canonical\" href=\"https:\/\/nuniformswholesale.com\/es\/producto\/monarch-jogger-camiseta-medica-extremadamente-elastica-estilo-8300top\/\" \/>\n<meta property=\"og:locale\" content=\"es_ES\" \/>\n<meta property=\"og:type\" content=\"article\" \/>\n<meta property=\"og:title\" content=\"CAMISETA M\u00c9DICA JOGGER EL\u00c1STICA EXTREMA (ESTILO 8300TOP) - Natural Uniforms Wholesale\" \/>\n<meta property=\"og:description\" content=\"Aspectos destacados del producto: Material 86 % nailon \/ 14 % elastano Dise\u00f1ado con tejido el\u00e1stico de \u00faltima generaci\u00f3n para m\u00e1xima comodidad y movilidad. Se mueve contigo y ofrece un ajuste favorecedor gracias a su naturaleza el\u00e1stica. Caracter\u00edsticas de dise\u00f1o Camiseta m\u00e9dica con cuello en V Dise\u00f1ado con costuras delanteras y traseras para un aspecto [&hellip;]\" \/>\n<meta property=\"og:url\" content=\"https:\/\/nuniformswholesale.com\/es\/producto\/monarch-jogger-camiseta-medica-extremadamente-elastica-estilo-8300top\/\" \/>\n<meta property=\"og:site_name\" content=\"Natural Uniforms Wholesale\" \/>\n<meta property=\"article:modified_time\" content=\"2026-02-21T09:56:33+00:00\" \/>\n<meta property=\"og:image\" content=\"https:\/\/nuniformswholesale.com\/wp-content\/uploads\/2025\/07\/8300_Jacket_front1_THG.jpg\" \/>\n\t<meta property=\"og:image:width\" content=\"800\" \/>\n\t<meta property=\"og:image:height\" content=\"800\" \/>\n\t<meta property=\"og:image:type\" content=\"image\/jpeg\" \/>\n<meta name=\"twitter:card\" content=\"summary_large_image\" \/>\n<script type=\"application\/ld+json\" class=\"yoast-schema-graph\">{\"@context\":\"https:\\\/\\\/schema.org\",\"@graph\":[{\"@type\":\"WebPage\",\"@id\":\"https:\\\/\\\/nuniformswholesale.com\\\/es\\\/producto\\\/monarch-jogger-camiseta-medica-extremadamente-elastica-estilo-8300top\\\/\",\"url\":\"https:\\\/\\\/nuniformswholesale.com\\\/es\\\/producto\\\/monarch-jogger-camiseta-medica-extremadamente-elastica-estilo-8300top\\\/\",\"name\":\"CAMISETA M\u00c9DICA JOGGER EL\u00c1STICA EXTREMA (ESTILO 8300TOP) - Natural Uniforms Wholesale\",\"isPartOf\":{\"@id\":\"https:\\\/\\\/nuniformswholesale.com\\\/es\\\/#website\"},\"primaryImageOfPage\":{\"@id\":\"https:\\\/\\\/nuniformswholesale.com\\\/es\\\/producto\\\/monarch-jogger-camiseta-medica-extremadamente-elastica-estilo-8300top\\\/#primaryimage\"},\"image\":{\"@id\":\"https:\\\/\\\/nuniformswholesale.com\\\/es\\\/producto\\\/monarch-jogger-camiseta-medica-extremadamente-elastica-estilo-8300top\\\/#primaryimage\"},\"thumbnailUrl\":\"https:\\\/\\\/nuniformswholesale.com\\\/wp-content\\\/uploads\\\/2025\\\/07\\\/8300_Jacket_front1_THG.jpg\",\"datePublished\":\"2025-07-31T23:54:19+00:00\",\"dateModified\":\"2026-02-21T09:56:33+00:00\",\"breadcrumb\":{\"@id\":\"https:\\\/\\\/nuniformswholesale.com\\\/es\\\/producto\\\/monarch-jogger-camiseta-medica-extremadamente-elastica-estilo-8300top\\\/#breadcrumb\"},\"inLanguage\":\"es\",\"potentialAction\":[{\"@type\":\"ReadAction\",\"target\":[\"https:\\\/\\\/nuniformswholesale.com\\\/es\\\/producto\\\/monarch-jogger-camiseta-medica-extremadamente-elastica-estilo-8300top\\\/\"]}]},{\"@type\":\"ImageObject\",\"inLanguage\":\"es\",\"@id\":\"https:\\\/\\\/nuniformswholesale.com\\\/es\\\/producto\\\/monarch-jogger-camiseta-medica-extremadamente-elastica-estilo-8300top\\\/#primaryimage\",\"url\":\"https:\\\/\\\/nuniformswholesale.com\\\/wp-content\\\/uploads\\\/2025\\\/07\\\/8300_Jacket_front1_THG.jpg\",\"contentUrl\":\"https:\\\/\\\/nuniformswholesale.com\\\/wp-content\\\/uploads\\\/2025\\\/07\\\/8300_Jacket_front1_THG.jpg\",\"width\":800,\"height\":800},{\"@type\":\"BreadcrumbList\",\"@id\":\"https:\\\/\\\/nuniformswholesale.com\\\/es\\\/producto\\\/monarch-jogger-camiseta-medica-extremadamente-elastica-estilo-8300top\\\/#breadcrumb\",\"itemListElement\":[{\"@type\":\"ListItem\",\"position\":1,\"name\":\"Home\",\"item\":\"https:\\\/\\\/nuniformswholesale.com\\\/es\\\/\"},{\"@type\":\"ListItem\",\"position\":2,\"name\":\"Our Products\",\"item\":\"https:\\\/\\\/nuniformswholesale.com\\\/our-products\\\/\"},{\"@type\":\"ListItem\",\"position\":3,\"name\":\"CAMISETA M\u00c9DICA JOGGER EL\u00c1STICA EXTREMA (ESTILO 8300TOP)\"}]},{\"@type\":\"WebSite\",\"@id\":\"https:\\\/\\\/nuniformswholesale.com\\\/es\\\/#website\",\"url\":\"https:\\\/\\\/nuniformswholesale.com\\\/es\\\/\",\"name\":\"Natural Uniforms\",\"description\":\"Natural Uniforms - Every Day Uniforms\",\"publisher\":{\"@id\":\"https:\\\/\\\/nuniformswholesale.com\\\/es\\\/#organization\"},\"alternateName\":\"Natural Uniforms\",\"potentialAction\":[{\"@type\":\"SearchAction\",\"target\":{\"@type\":\"EntryPoint\",\"urlTemplate\":\"https:\\\/\\\/nuniformswholesale.com\\\/es\\\/?s={search_term_string}\"},\"query-input\":{\"@type\":\"PropertyValueSpecification\",\"valueRequired\":true,\"valueName\":\"search_term_string\"}}],\"inLanguage\":\"es\"},{\"@type\":\"Organization\",\"@id\":\"https:\\\/\\\/nuniformswholesale.com\\\/es\\\/#organization\",\"name\":\"Natural Uniforms\",\"url\":\"https:\\\/\\\/nuniformswholesale.com\\\/es\\\/\",\"logo\":{\"@type\":\"ImageObject\",\"inLanguage\":\"es\",\"@id\":\"https:\\\/\\\/nuniformswholesale.com\\\/es\\\/#\\\/schema\\\/logo\\\/image\\\/\",\"url\":\"https:\\\/\\\/nuniformswholesale.com\\\/wp-content\\\/uploads\\\/2025\\\/08\\\/dsBuffer.bmp-2-1024x295-1-Photoroom.png\",\"contentUrl\":\"https:\\\/\\\/nuniformswholesale.com\\\/wp-content\\\/uploads\\\/2025\\\/08\\\/dsBuffer.bmp-2-1024x295-1-Photoroom.png\",\"width\":296,\"height\":85,\"caption\":\"Natural Uniforms\"},\"image\":{\"@id\":\"https:\\\/\\\/nuniformswholesale.com\\\/es\\\/#\\\/schema\\\/logo\\\/image\\\/\"}}]}<\/script>\n<!-- \/ Yoast SEO plugin. -->","yoast_head_json":{"title":"CAMISETA M\u00c9DICA JOGGER EL\u00c1STICA EXTREMA (ESTILO 8300TOP) - Natural Uniforms Wholesale","robots":{"index":"index","follow":"follow","max-snippet":"max-snippet:-1","max-image-preview":"max-image-preview:large","max-video-preview":"max-video-preview:-1"},"canonical":"https:\/\/nuniformswholesale.com\/es\/producto\/monarch-jogger-camiseta-medica-extremadamente-elastica-estilo-8300top\/","og_locale":"es_ES","og_type":"article","og_title":"CAMISETA M\u00c9DICA JOGGER EL\u00c1STICA EXTREMA (ESTILO 8300TOP) - Natural Uniforms Wholesale","og_description":"Aspectos destacados del producto: Material 86 % nailon \/ 14 % elastano Dise\u00f1ado con tejido el\u00e1stico de \u00faltima generaci\u00f3n para m\u00e1xima comodidad y movilidad. Se mueve contigo y ofrece un ajuste favorecedor gracias a su naturaleza el\u00e1stica. Caracter\u00edsticas de dise\u00f1o Camiseta m\u00e9dica con cuello en V Dise\u00f1ado con costuras delanteras y traseras para un aspecto [&hellip;]","og_url":"https:\/\/nuniformswholesale.com\/es\/producto\/monarch-jogger-camiseta-medica-extremadamente-elastica-estilo-8300top\/","og_site_name":"Natural Uniforms Wholesale","article_modified_time":"2026-02-21T09:56:33+00:00","og_image":[{"width":800,"height":800,"url":"https:\/\/nuniformswholesale.com\/wp-content\/uploads\/2025\/07\/8300_Jacket_front1_THG.jpg","type":"image\/jpeg"}],"twitter_card":"summary_large_image","schema":{"@context":"https:\/\/schema.org","@graph":[{"@type":"WebPage","@id":"https:\/\/nuniformswholesale.com\/es\/producto\/monarch-jogger-camiseta-medica-extremadamente-elastica-estilo-8300top\/","url":"https:\/\/nuniformswholesale.com\/es\/producto\/monarch-jogger-camiseta-medica-extremadamente-elastica-estilo-8300top\/","name":"CAMISETA M\u00c9DICA JOGGER EL\u00c1STICA EXTREMA (ESTILO 8300TOP) - Natural Uniforms Wholesale","isPartOf":{"@id":"https:\/\/nuniformswholesale.com\/es\/#website"},"primaryImageOfPage":{"@id":"https:\/\/nuniformswholesale.com\/es\/producto\/monarch-jogger-camiseta-medica-extremadamente-elastica-estilo-8300top\/#primaryimage"},"image":{"@id":"https:\/\/nuniformswholesale.com\/es\/producto\/monarch-jogger-camiseta-medica-extremadamente-elastica-estilo-8300top\/#primaryimage"},"thumbnailUrl":"https:\/\/nuniformswholesale.com\/wp-content\/uploads\/2025\/07\/8300_Jacket_front1_THG.jpg","datePublished":"2025-07-31T23:54:19+00:00","dateModified":"2026-02-21T09:56:33+00:00","breadcrumb":{"@id":"https:\/\/nuniformswholesale.com\/es\/producto\/monarch-jogger-camiseta-medica-extremadamente-elastica-estilo-8300top\/#breadcrumb"},"inLanguage":"es","potentialAction":[{"@type":"ReadAction","target":["https:\/\/nuniformswholesale.com\/es\/producto\/monarch-jogger-camiseta-medica-extremadamente-elastica-estilo-8300top\/"]}]},{"@type":"ImageObject","inLanguage":"es","@id":"https:\/\/nuniformswholesale.com\/es\/producto\/monarch-jogger-camiseta-medica-extremadamente-elastica-estilo-8300top\/#primaryimage","url":"https:\/\/nuniformswholesale.com\/wp-content\/uploads\/2025\/07\/8300_Jacket_front1_THG.jpg","contentUrl":"https:\/\/nuniformswholesale.com\/wp-content\/uploads\/2025\/07\/8300_Jacket_front1_THG.jpg","width":800,"height":800},{"@type":"BreadcrumbList","@id":"https:\/\/nuniformswholesale.com\/es\/producto\/monarch-jogger-camiseta-medica-extremadamente-elastica-estilo-8300top\/#breadcrumb","itemListElement":[{"@type":"ListItem","position":1,"name":"Home","item":"https:\/\/nuniformswholesale.com\/es\/"},{"@type":"ListItem","position":2,"name":"Our Products","item":"https:\/\/nuniformswholesale.com\/our-products\/"},{"@type":"ListItem","position":3,"name":"CAMISETA M\u00c9DICA JOGGER EL\u00c1STICA EXTREMA (ESTILO 8300TOP)"}]},{"@type":"WebSite","@id":"https:\/\/nuniformswholesale.com\/es\/#website","url":"https:\/\/nuniformswholesale.com\/es\/","name":"Natural Uniforms","description":"Natural Uniforms - Every Day Uniforms","publisher":{"@id":"https:\/\/nuniformswholesale.com\/es\/#organization"},"alternateName":"Natural Uniforms","potentialAction":[{"@type":"SearchAction","target":{"@type":"EntryPoint","urlTemplate":"https:\/\/nuniformswholesale.com\/es\/?s={search_term_string}"},"query-input":{"@type":"PropertyValueSpecification","valueRequired":true,"valueName":"search_term_string"}}],"inLanguage":"es"},{"@type":"Organization","@id":"https:\/\/nuniformswholesale.com\/es\/#organization","name":"Natural Uniforms","url":"https:\/\/nuniformswholesale.com\/es\/","logo":{"@type":"ImageObject","inLanguage":"es","@id":"https:\/\/nuniformswholesale.com\/es\/#\/schema\/logo\/image\/","url":"https:\/\/nuniformswholesale.com\/wp-content\/uploads\/2025\/08\/dsBuffer.bmp-2-1024x295-1-Photoroom.png","contentUrl":"https:\/\/nuniformswholesale.com\/wp-content\/uploads\/2025\/08\/dsBuffer.bmp-2-1024x295-1-Photoroom.png","width":296,"height":85,"caption":"Natural Uniforms"},"image":{"@id":"https:\/\/nuniformswholesale.com\/es\/#\/schema\/logo\/image\/"}}]}},"_links":{"self":[{"href":"https:\/\/nuniformswholesale.com\/es\/wp-json\/wp\/v2\/product\/49582","targetHints":{"allow":["GET"]}}],"collection":[{"href":"https:\/\/nuniformswholesale.com\/es\/wp-json\/wp\/v2\/product"}],"about":[{"href":"https:\/\/nuniformswholesale.com\/es\/wp-json\/wp\/v2\/types\/product"}],"replies":[{"embeddable":true,"href":"https:\/\/nuniformswholesale.com\/es\/wp-json\/wp\/v2\/comments?post=49582"}],"wp:featuredmedia":[{"embeddable":true,"href":"https:\/\/nuniformswholesale.com\/es\/wp-json\/wp\/v2\/media\/70165"}],"wp:attachment":[{"href":"https:\/\/nuniformswholesale.com\/es\/wp-json\/wp\/v2\/media?parent=49582"}],"wp:term":[{"taxonomy":"product_brand","embeddable":true,"href":"https:\/\/nuniformswholesale.com\/es\/wp-json\/wp\/v2\/product_brand?post=49582"},{"taxonomy":"product_cat","embeddable":true,"href":"https:\/\/nuniformswholesale.com\/es\/wp-json\/wp\/v2\/product_cat?post=49582"},{"taxonomy":"product_tag","embeddable":true,"href":"https:\/\/nuniformswholesale.com\/es\/wp-json\/wp\/v2\/product_tag?post=49582"}],"curies":[{"name":"wp","href":"https:\/\/api.w.org\/{rel}","templated":true}]}}