{"id":49774,"date":"2025-07-31T14:34:37","date_gmt":"2025-07-31T22:34:37","guid":{"rendered":"https:\/\/nuniforms.provisdemo.com\/product\/pantalones-deportivos-monarch-de-extrema-elastica-estilo-8300pants\/"},"modified":"2026-02-21T01:56:30","modified_gmt":"2026-02-21T09:56:30","slug":"pantalones-deportivos-monarch-de-extrema-elastica-estilo-8300pants","status":"publish","type":"product","link":"https:\/\/nuniformswholesale.com\/es\/producto\/pantalones-deportivos-monarch-de-extrema-elastica-estilo-8300pants\/","title":{"rendered":"PANTALONES JOGGER EL\u00c1STICOS EXTREMOS (ESTILO 8300PANTS)"},"content":{"rendered":"<p><strong>Aspectos destacados del producto:<\/strong><\/p>\n<p><strong>Disponible en tallas Petite y Regular<\/strong><\/p>\n<ul>\n<li data-start=\"200\" data-end=\"306\"><strong data-start=\"202\" data-end=\"214\">Material<\/strong>:\n<ul data-start=\"220\" data-end=\"306\">\n<li data-start=\"220\" data-end=\"233\">86% nailon<\/li>\n<li data-start=\"236\" data-end=\"251\">14% elastano<\/li>\n<li data-start=\"254\" data-end=\"306\"><em data-start=\"256\" data-end=\"306\">Tejido muy el\u00e1stico, c\u00f3modo y favorecedor.<\/em><\/li>\n<\/ul>\n<\/li>\n<li data-start=\"308\" data-end=\"706\"><strong data-start=\"310\" data-end=\"329\">Caracter\u00edsticas de dise\u00f1o:<\/strong>\n<ul data-start=\"333\" data-end=\"706\">\n<li data-start=\"333\" data-end=\"442\"><strong data-start=\"335\" data-end=\"366\">Tejido el\u00e1stico de \u00faltima generaci\u00f3n:<\/strong> permite m\u00e1xima flexibilidad y movimiento, ideal para profesiones activas.<\/li>\n<li data-start=\"445\" data-end=\"516\"><strong data-start=\"447\" data-end=\"463\">Estilo Jogger: <\/strong>Ajuste c\u00f3nico moderno con pu\u00f1os acanalados en los tobillos.<\/li>\n<li data-start=\"519\" data-end=\"611\"><strong data-start=\"521\" data-end=\"534\">Cintura:<\/strong> Cintura el\u00e1stica gruesa para comodidad durante todo el d\u00eda y una apariencia elegante y profesional.<\/li>\n<li data-start=\"614\" data-end=\"706\"><strong data-start=\"616\" data-end=\"627\">Bolsillos<\/strong>:\n<ul data-start=\"635\" data-end=\"706\">\n<li data-start=\"635\" data-end=\"654\">4 bolsillos en total<\/li>\n<li data-start=\"659\" data-end=\"706\">Dise\u00f1ado para ser funcional sin agregar volumen.<\/li>\n<\/ul>\n<\/li>\n<\/ul>\n<\/li>\n<li data-start=\"708\" data-end=\"802\">Ajuste:\n<ul data-start=\"723\" data-end=\"802\">\n<li data-start=\"723\" data-end=\"755\">Ajustada, moderna y favorecedora<\/li>\n<li data-start=\"758\" data-end=\"802\">Dise\u00f1ado para complementar tus curvas naturales.<\/li>\n<\/ul>\n<\/li>\n<li data-start=\"804\" data-end=\"936\"><strong data-start=\"806\" data-end=\"818\">Caso de uso:<\/strong>\n<ul data-start=\"824\" data-end=\"936\">\n<li data-start=\"824\" data-end=\"936\">Perfecto para profesionales de la salud o cualquier persona que necesite ropa deportiva c\u00f3moda y funcional con un estilo moderno.<\/li>\n<\/ul>\n<\/li>\n<\/ul>\n","protected":false},"excerpt":{"rendered":"<p>Aspectos destacados del producto: Disponible en tallas Petite y Regular Material: 86% nailon 14% elastano Tejido muy el\u00e1stico, c\u00f3modo y favorecedor. Caracter\u00edsticas de dise\u00f1o: Tejido el\u00e1stico de \u00faltima generaci\u00f3n: permite m\u00e1xima flexibilidad y movimiento, ideal para profesiones activas. Estilo Jogger: Ajuste c\u00f3nico moderno con pu\u00f1os acanalados en los tobillos. Cintura: Cintura el\u00e1stica gruesa para comodidad [&hellip;]<\/p>\n","protected":false},"featured_media":58175,"comment_status":"closed","ping_status":"closed","template":"","meta":[],"product_brand":[378,565],"product_cat":[308,298,520],"product_tag":[],"class_list":{"0":"post-49774","1":"product","2":"type-product","3":"status-publish","4":"has-post-thumbnail","6":"product_brand-monarch","7":"product_brand-monarch-uniforms","8":"product_cat-scrubs","9":"product_cat-mujer","10":"product_cat-pantalones-quirurgicos","11":"pa_color-aceituna","12":"pa_color-azul-marino-verdadero","13":"pa_color-azul-real-verdadero","14":"pa_color-berenjena","15":"pa_color-blanca","16":"pa_color-borgona","17":"pa_color-brumosa","18":"pa_color-carbon","19":"pa_color-negra","20":"pa_color-techo-azul","21":"pa_color-verde-azulado","22":"pa_color-verde-cazador-verde","23":"pa_color-white","24":"pa_size-2x","25":"pa_size-3x","26":"pa_size-l","27":"pa_size-l-petite","28":"pa_size-m","29":"pa_size-m-petite","30":"pa_size-s","31":"pa_size-s-petite","32":"pa_size-xl","33":"pa_size-xl-petite","34":"pa_size-xs","35":"pa_size-xs-petite","37":"first","38":"instock","39":"purchasable","40":"product-type-variable"},"yoast_head":"<!-- This site is optimized with the Yoast SEO plugin v27.4 - https:\/\/yoast.com\/product\/yoast-seo-wordpress\/ -->\n<title>PANTALONES JOGGER EL\u00c1STICOS EXTREMOS (ESTILO 8300PANTS) - Natural Uniforms Wholesale<\/title>\n<meta name=\"robots\" content=\"index, follow, max-snippet:-1, max-image-preview:large, max-video-preview:-1\" \/>\n<link rel=\"canonical\" href=\"https:\/\/nuniformswholesale.com\/es\/producto\/pantalones-deportivos-monarch-de-extrema-elastica-estilo-8300pants\/\" \/>\n<meta property=\"og:locale\" content=\"es_ES\" \/>\n<meta property=\"og:type\" content=\"article\" \/>\n<meta property=\"og:title\" content=\"PANTALONES JOGGER EL\u00c1STICOS EXTREMOS (ESTILO 8300PANTS) - Natural Uniforms Wholesale\" \/>\n<meta property=\"og:description\" content=\"Aspectos destacados del producto: Disponible en tallas Petite y Regular Material: 86% nailon 14% elastano Tejido muy el\u00e1stico, c\u00f3modo y favorecedor. Caracter\u00edsticas de dise\u00f1o: Tejido el\u00e1stico de \u00faltima generaci\u00f3n: permite m\u00e1xima flexibilidad y movimiento, ideal para profesiones activas. Estilo Jogger: Ajuste c\u00f3nico moderno con pu\u00f1os acanalados en los tobillos. Cintura: Cintura el\u00e1stica gruesa para comodidad [&hellip;]\" \/>\n<meta property=\"og:url\" content=\"https:\/\/nuniformswholesale.com\/es\/producto\/pantalones-deportivos-monarch-de-extrema-elastica-estilo-8300pants\/\" \/>\n<meta property=\"og:site_name\" content=\"Natural Uniforms Wholesale\" \/>\n<meta property=\"article:modified_time\" content=\"2026-02-21T09:56:30+00:00\" \/>\n<meta property=\"og:image\" content=\"https:\/\/nuniformswholesale.com\/wp-content\/uploads\/2025\/07\/8300_pants_front_EGP.jpg\" \/>\n\t<meta property=\"og:image:width\" content=\"800\" \/>\n\t<meta property=\"og:image:height\" content=\"800\" \/>\n\t<meta property=\"og:image:type\" content=\"image\/jpeg\" \/>\n<meta name=\"twitter:card\" content=\"summary_large_image\" \/>\n<meta name=\"twitter:label1\" content=\"Tiempo de lectura\" \/>\n\t<meta name=\"twitter:data1\" content=\"1 minuto\" \/>\n<script type=\"application\/ld+json\" class=\"yoast-schema-graph\">{\"@context\":\"https:\\\/\\\/schema.org\",\"@graph\":[{\"@type\":\"WebPage\",\"@id\":\"https:\\\/\\\/nuniformswholesale.com\\\/es\\\/producto\\\/pantalones-deportivos-monarch-de-extrema-elastica-estilo-8300pants\\\/\",\"url\":\"https:\\\/\\\/nuniformswholesale.com\\\/es\\\/producto\\\/pantalones-deportivos-monarch-de-extrema-elastica-estilo-8300pants\\\/\",\"name\":\"PANTALONES JOGGER EL\u00c1STICOS EXTREMOS (ESTILO 8300PANTS) - Natural Uniforms Wholesale\",\"isPartOf\":{\"@id\":\"https:\\\/\\\/nuniformswholesale.com\\\/es\\\/#website\"},\"primaryImageOfPage\":{\"@id\":\"https:\\\/\\\/nuniformswholesale.com\\\/es\\\/producto\\\/pantalones-deportivos-monarch-de-extrema-elastica-estilo-8300pants\\\/#primaryimage\"},\"image\":{\"@id\":\"https:\\\/\\\/nuniformswholesale.com\\\/es\\\/producto\\\/pantalones-deportivos-monarch-de-extrema-elastica-estilo-8300pants\\\/#primaryimage\"},\"thumbnailUrl\":\"https:\\\/\\\/nuniformswholesale.com\\\/wp-content\\\/uploads\\\/2025\\\/07\\\/8300_pants_front_EGP.jpg\",\"datePublished\":\"2025-07-31T22:34:37+00:00\",\"dateModified\":\"2026-02-21T09:56:30+00:00\",\"breadcrumb\":{\"@id\":\"https:\\\/\\\/nuniformswholesale.com\\\/es\\\/producto\\\/pantalones-deportivos-monarch-de-extrema-elastica-estilo-8300pants\\\/#breadcrumb\"},\"inLanguage\":\"es\",\"potentialAction\":[{\"@type\":\"ReadAction\",\"target\":[\"https:\\\/\\\/nuniformswholesale.com\\\/es\\\/producto\\\/pantalones-deportivos-monarch-de-extrema-elastica-estilo-8300pants\\\/\"]}]},{\"@type\":\"ImageObject\",\"inLanguage\":\"es\",\"@id\":\"https:\\\/\\\/nuniformswholesale.com\\\/es\\\/producto\\\/pantalones-deportivos-monarch-de-extrema-elastica-estilo-8300pants\\\/#primaryimage\",\"url\":\"https:\\\/\\\/nuniformswholesale.com\\\/wp-content\\\/uploads\\\/2025\\\/07\\\/8300_pants_front_EGP.jpg\",\"contentUrl\":\"https:\\\/\\\/nuniformswholesale.com\\\/wp-content\\\/uploads\\\/2025\\\/07\\\/8300_pants_front_EGP.jpg\",\"width\":800,\"height\":800},{\"@type\":\"BreadcrumbList\",\"@id\":\"https:\\\/\\\/nuniformswholesale.com\\\/es\\\/producto\\\/pantalones-deportivos-monarch-de-extrema-elastica-estilo-8300pants\\\/#breadcrumb\",\"itemListElement\":[{\"@type\":\"ListItem\",\"position\":1,\"name\":\"Home\",\"item\":\"https:\\\/\\\/nuniformswholesale.com\\\/es\\\/\"},{\"@type\":\"ListItem\",\"position\":2,\"name\":\"Our Products\",\"item\":\"https:\\\/\\\/nuniformswholesale.com\\\/our-products\\\/\"},{\"@type\":\"ListItem\",\"position\":3,\"name\":\"PANTALONES JOGGER EL\u00c1STICOS EXTREMOS (ESTILO 8300PANTS)\"}]},{\"@type\":\"WebSite\",\"@id\":\"https:\\\/\\\/nuniformswholesale.com\\\/es\\\/#website\",\"url\":\"https:\\\/\\\/nuniformswholesale.com\\\/es\\\/\",\"name\":\"Natural Uniforms\",\"description\":\"Natural Uniforms - Every Day Uniforms\",\"publisher\":{\"@id\":\"https:\\\/\\\/nuniformswholesale.com\\\/es\\\/#organization\"},\"alternateName\":\"Natural Uniforms\",\"potentialAction\":[{\"@type\":\"SearchAction\",\"target\":{\"@type\":\"EntryPoint\",\"urlTemplate\":\"https:\\\/\\\/nuniformswholesale.com\\\/es\\\/?s={search_term_string}\"},\"query-input\":{\"@type\":\"PropertyValueSpecification\",\"valueRequired\":true,\"valueName\":\"search_term_string\"}}],\"inLanguage\":\"es\"},{\"@type\":\"Organization\",\"@id\":\"https:\\\/\\\/nuniformswholesale.com\\\/es\\\/#organization\",\"name\":\"Natural Uniforms\",\"url\":\"https:\\\/\\\/nuniformswholesale.com\\\/es\\\/\",\"logo\":{\"@type\":\"ImageObject\",\"inLanguage\":\"es\",\"@id\":\"https:\\\/\\\/nuniformswholesale.com\\\/es\\\/#\\\/schema\\\/logo\\\/image\\\/\",\"url\":\"https:\\\/\\\/nuniformswholesale.com\\\/wp-content\\\/uploads\\\/2025\\\/08\\\/dsBuffer.bmp-2-1024x295-1-Photoroom.png\",\"contentUrl\":\"https:\\\/\\\/nuniformswholesale.com\\\/wp-content\\\/uploads\\\/2025\\\/08\\\/dsBuffer.bmp-2-1024x295-1-Photoroom.png\",\"width\":296,\"height\":85,\"caption\":\"Natural Uniforms\"},\"image\":{\"@id\":\"https:\\\/\\\/nuniformswholesale.com\\\/es\\\/#\\\/schema\\\/logo\\\/image\\\/\"}}]}<\/script>\n<!-- \/ Yoast SEO plugin. -->","yoast_head_json":{"title":"PANTALONES JOGGER EL\u00c1STICOS EXTREMOS (ESTILO 8300PANTS) - Natural Uniforms Wholesale","robots":{"index":"index","follow":"follow","max-snippet":"max-snippet:-1","max-image-preview":"max-image-preview:large","max-video-preview":"max-video-preview:-1"},"canonical":"https:\/\/nuniformswholesale.com\/es\/producto\/pantalones-deportivos-monarch-de-extrema-elastica-estilo-8300pants\/","og_locale":"es_ES","og_type":"article","og_title":"PANTALONES JOGGER EL\u00c1STICOS EXTREMOS (ESTILO 8300PANTS) - Natural Uniforms Wholesale","og_description":"Aspectos destacados del producto: Disponible en tallas Petite y Regular Material: 86% nailon 14% elastano Tejido muy el\u00e1stico, c\u00f3modo y favorecedor. Caracter\u00edsticas de dise\u00f1o: Tejido el\u00e1stico de \u00faltima generaci\u00f3n: permite m\u00e1xima flexibilidad y movimiento, ideal para profesiones activas. Estilo Jogger: Ajuste c\u00f3nico moderno con pu\u00f1os acanalados en los tobillos. Cintura: Cintura el\u00e1stica gruesa para comodidad [&hellip;]","og_url":"https:\/\/nuniformswholesale.com\/es\/producto\/pantalones-deportivos-monarch-de-extrema-elastica-estilo-8300pants\/","og_site_name":"Natural Uniforms Wholesale","article_modified_time":"2026-02-21T09:56:30+00:00","og_image":[{"width":800,"height":800,"url":"https:\/\/nuniformswholesale.com\/wp-content\/uploads\/2025\/07\/8300_pants_front_EGP.jpg","type":"image\/jpeg"}],"twitter_card":"summary_large_image","twitter_misc":{"Tiempo de lectura":"1 minuto"},"schema":{"@context":"https:\/\/schema.org","@graph":[{"@type":"WebPage","@id":"https:\/\/nuniformswholesale.com\/es\/producto\/pantalones-deportivos-monarch-de-extrema-elastica-estilo-8300pants\/","url":"https:\/\/nuniformswholesale.com\/es\/producto\/pantalones-deportivos-monarch-de-extrema-elastica-estilo-8300pants\/","name":"PANTALONES JOGGER EL\u00c1STICOS EXTREMOS (ESTILO 8300PANTS) - Natural Uniforms Wholesale","isPartOf":{"@id":"https:\/\/nuniformswholesale.com\/es\/#website"},"primaryImageOfPage":{"@id":"https:\/\/nuniformswholesale.com\/es\/producto\/pantalones-deportivos-monarch-de-extrema-elastica-estilo-8300pants\/#primaryimage"},"image":{"@id":"https:\/\/nuniformswholesale.com\/es\/producto\/pantalones-deportivos-monarch-de-extrema-elastica-estilo-8300pants\/#primaryimage"},"thumbnailUrl":"https:\/\/nuniformswholesale.com\/wp-content\/uploads\/2025\/07\/8300_pants_front_EGP.jpg","datePublished":"2025-07-31T22:34:37+00:00","dateModified":"2026-02-21T09:56:30+00:00","breadcrumb":{"@id":"https:\/\/nuniformswholesale.com\/es\/producto\/pantalones-deportivos-monarch-de-extrema-elastica-estilo-8300pants\/#breadcrumb"},"inLanguage":"es","potentialAction":[{"@type":"ReadAction","target":["https:\/\/nuniformswholesale.com\/es\/producto\/pantalones-deportivos-monarch-de-extrema-elastica-estilo-8300pants\/"]}]},{"@type":"ImageObject","inLanguage":"es","@id":"https:\/\/nuniformswholesale.com\/es\/producto\/pantalones-deportivos-monarch-de-extrema-elastica-estilo-8300pants\/#primaryimage","url":"https:\/\/nuniformswholesale.com\/wp-content\/uploads\/2025\/07\/8300_pants_front_EGP.jpg","contentUrl":"https:\/\/nuniformswholesale.com\/wp-content\/uploads\/2025\/07\/8300_pants_front_EGP.jpg","width":800,"height":800},{"@type":"BreadcrumbList","@id":"https:\/\/nuniformswholesale.com\/es\/producto\/pantalones-deportivos-monarch-de-extrema-elastica-estilo-8300pants\/#breadcrumb","itemListElement":[{"@type":"ListItem","position":1,"name":"Home","item":"https:\/\/nuniformswholesale.com\/es\/"},{"@type":"ListItem","position":2,"name":"Our Products","item":"https:\/\/nuniformswholesale.com\/our-products\/"},{"@type":"ListItem","position":3,"name":"PANTALONES JOGGER EL\u00c1STICOS EXTREMOS (ESTILO 8300PANTS)"}]},{"@type":"WebSite","@id":"https:\/\/nuniformswholesale.com\/es\/#website","url":"https:\/\/nuniformswholesale.com\/es\/","name":"Natural Uniforms","description":"Natural Uniforms - Every Day Uniforms","publisher":{"@id":"https:\/\/nuniformswholesale.com\/es\/#organization"},"alternateName":"Natural Uniforms","potentialAction":[{"@type":"SearchAction","target":{"@type":"EntryPoint","urlTemplate":"https:\/\/nuniformswholesale.com\/es\/?s={search_term_string}"},"query-input":{"@type":"PropertyValueSpecification","valueRequired":true,"valueName":"search_term_string"}}],"inLanguage":"es"},{"@type":"Organization","@id":"https:\/\/nuniformswholesale.com\/es\/#organization","name":"Natural Uniforms","url":"https:\/\/nuniformswholesale.com\/es\/","logo":{"@type":"ImageObject","inLanguage":"es","@id":"https:\/\/nuniformswholesale.com\/es\/#\/schema\/logo\/image\/","url":"https:\/\/nuniformswholesale.com\/wp-content\/uploads\/2025\/08\/dsBuffer.bmp-2-1024x295-1-Photoroom.png","contentUrl":"https:\/\/nuniformswholesale.com\/wp-content\/uploads\/2025\/08\/dsBuffer.bmp-2-1024x295-1-Photoroom.png","width":296,"height":85,"caption":"Natural Uniforms"},"image":{"@id":"https:\/\/nuniformswholesale.com\/es\/#\/schema\/logo\/image\/"}}]}},"_links":{"self":[{"href":"https:\/\/nuniformswholesale.com\/es\/wp-json\/wp\/v2\/product\/49774","targetHints":{"allow":["GET"]}}],"collection":[{"href":"https:\/\/nuniformswholesale.com\/es\/wp-json\/wp\/v2\/product"}],"about":[{"href":"https:\/\/nuniformswholesale.com\/es\/wp-json\/wp\/v2\/types\/product"}],"replies":[{"embeddable":true,"href":"https:\/\/nuniformswholesale.com\/es\/wp-json\/wp\/v2\/comments?post=49774"}],"wp:featuredmedia":[{"embeddable":true,"href":"https:\/\/nuniformswholesale.com\/es\/wp-json\/wp\/v2\/media\/58175"}],"wp:attachment":[{"href":"https:\/\/nuniformswholesale.com\/es\/wp-json\/wp\/v2\/media?parent=49774"}],"wp:term":[{"taxonomy":"product_brand","embeddable":true,"href":"https:\/\/nuniformswholesale.com\/es\/wp-json\/wp\/v2\/product_brand?post=49774"},{"taxonomy":"product_cat","embeddable":true,"href":"https:\/\/nuniformswholesale.com\/es\/wp-json\/wp\/v2\/product_cat?post=49774"},{"taxonomy":"product_tag","embeddable":true,"href":"https:\/\/nuniformswholesale.com\/es\/wp-json\/wp\/v2\/product_tag?post=49774"}],"curies":[{"name":"wp","href":"https:\/\/api.w.org\/{rel}","templated":true}]}}