{"id":49905,"date":"2025-07-29T16:23:22","date_gmt":"2025-07-30T00:23:22","guid":{"rendered":"https:\/\/nuniforms.provisdemo.com\/product\/delantal-de-cintura-comercial-sku-wa2100\/"},"modified":"2026-04-15T01:48:30","modified_gmt":"2026-04-15T09:48:30","slug":"delantal-de-cintura-comercial-sku-wa2100","status":"publish","type":"product","link":"https:\/\/nuniformswholesale.com\/es\/producto\/delantal-de-cintura-comercial-sku-wa2100\/","title":{"rendered":"DELANTAL DE CINTURA COMERCIAL (SKU# WA2100)"},"content":{"rendered":"<p><strong>Aspectos destacados del producto:<\/strong><\/p>\n<ul>\n<li><strong data-start=\"172\" data-end=\"185\">Material:<\/strong><br data-start=\"185\" data-end=\"188\" \/>100 % poli\u00e9ster hilado con tratamiento suave al tacto<br data-start=\"237\" data-end=\"240\" \/>Resistente a las manchas<br data-start=\"259\" data-end=\"262\" \/>Resistente a las arrugas<\/li>\n<li><strong data-start=\"289\" data-end=\"309\">Caracter\u00edsticas de dise\u00f1o:<\/strong>\n<ul>\n<li data-start=\"287\" data-end=\"519\"><strong data-start=\"316\" data-end=\"325\">Tama\u00f1o:<\/strong> 24&#8243; de ancho x 12&#8243; de alto<\/li>\n<li data-start=\"350\" data-end=\"394\"><strong data-start=\"352\" data-end=\"364\">Bolsillos<\/strong>: 3 bolsillos delanteros de gran tama\u00f1o<\/li>\n<li data-start=\"397\" data-end=\"474\">Lazo: Lazo trasero ajustable de longitud completa: se adapta a pr\u00e1cticamente todos los tama\u00f1os de cintura<\/li>\n<\/ul>\n<\/li>\n<li data-start=\"521\" data-end=\"618\"><strong data-start=\"523\" data-end=\"545\">Opciones de embalaje:<\/strong>\n<ul data-start=\"550\" data-end=\"618\">\n<li data-start=\"550\" data-end=\"618\">Disponible en paquetes econ\u00f3micos de<strong data-start=\"565\" data-end=\"575\"> 2<\/strong>, <strong data-start=\"577\" data-end=\"587\">6 <\/strong>y <strong data-start=\"593\" data-end=\"604\">12 unidades<\/strong>.<\/li>\n<\/ul>\n<\/li>\n<\/ul>\n","protected":false},"excerpt":{"rendered":"<p>Aspectos destacados del producto: Material:100 % poli\u00e9ster hilado con tratamiento suave al tactoResistente a las manchasResistente a las arrugas Caracter\u00edsticas de dise\u00f1o: Tama\u00f1o: 24&#8243; de ancho x 12&#8243; de alto Bolsillos: 3 bolsillos delanteros de gran tama\u00f1o Lazo: Lazo trasero ajustable de longitud completa: se adapta a pr\u00e1cticamente todos los tama\u00f1os de cintura Opciones de [&hellip;]<\/p>\n","protected":false},"featured_media":49895,"comment_status":"open","ping_status":"closed","template":"","meta":[],"product_brand":[349],"product_cat":[575,542,597,297,298,300,306],"product_tag":[622],"class_list":{"0":"post-49905","1":"product","2":"type-product","3":"status-publish","4":"has-post-thumbnail","6":"product_brand-uniformes-naturales","7":"product_cat-chef-mujer","8":"product_cat-chef-unisex","9":"product_cat-cocinero-hombre","10":"product_cat-hombre","11":"product_cat-mujer","12":"product_cat-chef-apparel","13":"product_cat-unisexo","14":"product_tag-black","15":"pa_color-black","16":"pa_color-hunter-green","17":"pa_color-red","18":"pa_color-white","20":"first","21":"instock","22":"purchasable","23":"product-type-variable"},"yoast_head":"<!-- This site is optimized with the Yoast SEO plugin v27.4 - https:\/\/yoast.com\/product\/yoast-seo-wordpress\/ -->\n<title>DELANTAL DE CINTURA COMERCIAL (SKU# WA2100) - Natural Uniforms Wholesale<\/title>\n<meta name=\"robots\" content=\"index, follow, max-snippet:-1, max-image-preview:large, max-video-preview:-1\" \/>\n<link rel=\"canonical\" href=\"https:\/\/nuniformswholesale.com\/es\/producto\/delantal-de-cintura-comercial-sku-wa2100\/\" \/>\n<meta property=\"og:locale\" content=\"es_ES\" \/>\n<meta property=\"og:type\" content=\"article\" \/>\n<meta property=\"og:title\" content=\"DELANTAL DE CINTURA COMERCIAL (SKU# WA2100) - Natural Uniforms Wholesale\" \/>\n<meta property=\"og:description\" content=\"Aspectos destacados del producto: Material:100 % poli\u00e9ster hilado con tratamiento suave al tactoResistente a las manchasResistente a las arrugas Caracter\u00edsticas de dise\u00f1o: Tama\u00f1o: 24&#8243; de ancho x 12&#8243; de alto Bolsillos: 3 bolsillos delanteros de gran tama\u00f1o Lazo: Lazo trasero ajustable de longitud completa: se adapta a pr\u00e1cticamente todos los tama\u00f1os de cintura Opciones de [&hellip;]\" \/>\n<meta property=\"og:url\" content=\"https:\/\/nuniformswholesale.com\/es\/producto\/delantal-de-cintura-comercial-sku-wa2100\/\" \/>\n<meta property=\"og:site_name\" content=\"Natural Uniforms Wholesale\" \/>\n<meta property=\"article:modified_time\" content=\"2026-04-15T09:48:30+00:00\" \/>\n<meta property=\"og:image\" content=\"https:\/\/nuniformswholesale.com\/wp-content\/uploads\/2025\/05\/WA2100-WHT-2.jpg\" \/>\n\t<meta property=\"og:image:width\" content=\"600\" \/>\n\t<meta property=\"og:image:height\" content=\"600\" \/>\n\t<meta property=\"og:image:type\" content=\"image\/jpeg\" \/>\n<meta name=\"twitter:card\" content=\"summary_large_image\" \/>\n<meta name=\"twitter:label1\" content=\"Tiempo de lectura\" \/>\n\t<meta name=\"twitter:data1\" content=\"1 minuto\" \/>\n<script type=\"application\/ld+json\" class=\"yoast-schema-graph\">{\"@context\":\"https:\\\/\\\/schema.org\",\"@graph\":[{\"@type\":\"WebPage\",\"@id\":\"https:\\\/\\\/nuniformswholesale.com\\\/es\\\/producto\\\/delantal-de-cintura-comercial-sku-wa2100\\\/\",\"url\":\"https:\\\/\\\/nuniformswholesale.com\\\/es\\\/producto\\\/delantal-de-cintura-comercial-sku-wa2100\\\/\",\"name\":\"DELANTAL DE CINTURA COMERCIAL (SKU# WA2100) - Natural Uniforms Wholesale\",\"isPartOf\":{\"@id\":\"https:\\\/\\\/nuniformswholesale.com\\\/es\\\/#website\"},\"primaryImageOfPage\":{\"@id\":\"https:\\\/\\\/nuniformswholesale.com\\\/es\\\/producto\\\/delantal-de-cintura-comercial-sku-wa2100\\\/#primaryimage\"},\"image\":{\"@id\":\"https:\\\/\\\/nuniformswholesale.com\\\/es\\\/producto\\\/delantal-de-cintura-comercial-sku-wa2100\\\/#primaryimage\"},\"thumbnailUrl\":\"https:\\\/\\\/nuniformswholesale.com\\\/wp-content\\\/uploads\\\/2025\\\/05\\\/WA2100-WHT-2.jpg\",\"datePublished\":\"2025-07-30T00:23:22+00:00\",\"dateModified\":\"2026-04-15T09:48:30+00:00\",\"breadcrumb\":{\"@id\":\"https:\\\/\\\/nuniformswholesale.com\\\/es\\\/producto\\\/delantal-de-cintura-comercial-sku-wa2100\\\/#breadcrumb\"},\"inLanguage\":\"es\",\"potentialAction\":[{\"@type\":\"ReadAction\",\"target\":[\"https:\\\/\\\/nuniformswholesale.com\\\/es\\\/producto\\\/delantal-de-cintura-comercial-sku-wa2100\\\/\"]}]},{\"@type\":\"ImageObject\",\"inLanguage\":\"es\",\"@id\":\"https:\\\/\\\/nuniformswholesale.com\\\/es\\\/producto\\\/delantal-de-cintura-comercial-sku-wa2100\\\/#primaryimage\",\"url\":\"https:\\\/\\\/nuniformswholesale.com\\\/wp-content\\\/uploads\\\/2025\\\/05\\\/WA2100-WHT-2.jpg\",\"contentUrl\":\"https:\\\/\\\/nuniformswholesale.com\\\/wp-content\\\/uploads\\\/2025\\\/05\\\/WA2100-WHT-2.jpg\",\"width\":600,\"height\":600},{\"@type\":\"BreadcrumbList\",\"@id\":\"https:\\\/\\\/nuniformswholesale.com\\\/es\\\/producto\\\/delantal-de-cintura-comercial-sku-wa2100\\\/#breadcrumb\",\"itemListElement\":[{\"@type\":\"ListItem\",\"position\":1,\"name\":\"Home\",\"item\":\"https:\\\/\\\/nuniformswholesale.com\\\/es\\\/\"},{\"@type\":\"ListItem\",\"position\":2,\"name\":\"Our Products\",\"item\":\"https:\\\/\\\/nuniformswholesale.com\\\/our-products\\\/\"},{\"@type\":\"ListItem\",\"position\":3,\"name\":\"DELANTAL DE CINTURA COMERCIAL (SKU# WA2100)\"}]},{\"@type\":\"WebSite\",\"@id\":\"https:\\\/\\\/nuniformswholesale.com\\\/es\\\/#website\",\"url\":\"https:\\\/\\\/nuniformswholesale.com\\\/es\\\/\",\"name\":\"Natural Uniforms\",\"description\":\"Natural Uniforms - Every Day Uniforms\",\"publisher\":{\"@id\":\"https:\\\/\\\/nuniformswholesale.com\\\/es\\\/#organization\"},\"alternateName\":\"Natural Uniforms\",\"potentialAction\":[{\"@type\":\"SearchAction\",\"target\":{\"@type\":\"EntryPoint\",\"urlTemplate\":\"https:\\\/\\\/nuniformswholesale.com\\\/es\\\/?s={search_term_string}\"},\"query-input\":{\"@type\":\"PropertyValueSpecification\",\"valueRequired\":true,\"valueName\":\"search_term_string\"}}],\"inLanguage\":\"es\"},{\"@type\":\"Organization\",\"@id\":\"https:\\\/\\\/nuniformswholesale.com\\\/es\\\/#organization\",\"name\":\"Natural Uniforms\",\"url\":\"https:\\\/\\\/nuniformswholesale.com\\\/es\\\/\",\"logo\":{\"@type\":\"ImageObject\",\"inLanguage\":\"es\",\"@id\":\"https:\\\/\\\/nuniformswholesale.com\\\/es\\\/#\\\/schema\\\/logo\\\/image\\\/\",\"url\":\"https:\\\/\\\/nuniformswholesale.com\\\/wp-content\\\/uploads\\\/2025\\\/08\\\/dsBuffer.bmp-2-1024x295-1-Photoroom.png\",\"contentUrl\":\"https:\\\/\\\/nuniformswholesale.com\\\/wp-content\\\/uploads\\\/2025\\\/08\\\/dsBuffer.bmp-2-1024x295-1-Photoroom.png\",\"width\":296,\"height\":85,\"caption\":\"Natural Uniforms\"},\"image\":{\"@id\":\"https:\\\/\\\/nuniformswholesale.com\\\/es\\\/#\\\/schema\\\/logo\\\/image\\\/\"}}]}<\/script>\n<!-- \/ Yoast SEO plugin. -->","yoast_head_json":{"title":"DELANTAL DE CINTURA COMERCIAL (SKU# WA2100) - Natural Uniforms Wholesale","robots":{"index":"index","follow":"follow","max-snippet":"max-snippet:-1","max-image-preview":"max-image-preview:large","max-video-preview":"max-video-preview:-1"},"canonical":"https:\/\/nuniformswholesale.com\/es\/producto\/delantal-de-cintura-comercial-sku-wa2100\/","og_locale":"es_ES","og_type":"article","og_title":"DELANTAL DE CINTURA COMERCIAL (SKU# WA2100) - Natural Uniforms Wholesale","og_description":"Aspectos destacados del producto: Material:100 % poli\u00e9ster hilado con tratamiento suave al tactoResistente a las manchasResistente a las arrugas Caracter\u00edsticas de dise\u00f1o: Tama\u00f1o: 24&#8243; de ancho x 12&#8243; de alto Bolsillos: 3 bolsillos delanteros de gran tama\u00f1o Lazo: Lazo trasero ajustable de longitud completa: se adapta a pr\u00e1cticamente todos los tama\u00f1os de cintura Opciones de [&hellip;]","og_url":"https:\/\/nuniformswholesale.com\/es\/producto\/delantal-de-cintura-comercial-sku-wa2100\/","og_site_name":"Natural Uniforms Wholesale","article_modified_time":"2026-04-15T09:48:30+00:00","og_image":[{"width":600,"height":600,"url":"https:\/\/nuniformswholesale.com\/wp-content\/uploads\/2025\/05\/WA2100-WHT-2.jpg","type":"image\/jpeg"}],"twitter_card":"summary_large_image","twitter_misc":{"Tiempo de lectura":"1 minuto"},"schema":{"@context":"https:\/\/schema.org","@graph":[{"@type":"WebPage","@id":"https:\/\/nuniformswholesale.com\/es\/producto\/delantal-de-cintura-comercial-sku-wa2100\/","url":"https:\/\/nuniformswholesale.com\/es\/producto\/delantal-de-cintura-comercial-sku-wa2100\/","name":"DELANTAL DE CINTURA COMERCIAL (SKU# WA2100) - Natural Uniforms Wholesale","isPartOf":{"@id":"https:\/\/nuniformswholesale.com\/es\/#website"},"primaryImageOfPage":{"@id":"https:\/\/nuniformswholesale.com\/es\/producto\/delantal-de-cintura-comercial-sku-wa2100\/#primaryimage"},"image":{"@id":"https:\/\/nuniformswholesale.com\/es\/producto\/delantal-de-cintura-comercial-sku-wa2100\/#primaryimage"},"thumbnailUrl":"https:\/\/nuniformswholesale.com\/wp-content\/uploads\/2025\/05\/WA2100-WHT-2.jpg","datePublished":"2025-07-30T00:23:22+00:00","dateModified":"2026-04-15T09:48:30+00:00","breadcrumb":{"@id":"https:\/\/nuniformswholesale.com\/es\/producto\/delantal-de-cintura-comercial-sku-wa2100\/#breadcrumb"},"inLanguage":"es","potentialAction":[{"@type":"ReadAction","target":["https:\/\/nuniformswholesale.com\/es\/producto\/delantal-de-cintura-comercial-sku-wa2100\/"]}]},{"@type":"ImageObject","inLanguage":"es","@id":"https:\/\/nuniformswholesale.com\/es\/producto\/delantal-de-cintura-comercial-sku-wa2100\/#primaryimage","url":"https:\/\/nuniformswholesale.com\/wp-content\/uploads\/2025\/05\/WA2100-WHT-2.jpg","contentUrl":"https:\/\/nuniformswholesale.com\/wp-content\/uploads\/2025\/05\/WA2100-WHT-2.jpg","width":600,"height":600},{"@type":"BreadcrumbList","@id":"https:\/\/nuniformswholesale.com\/es\/producto\/delantal-de-cintura-comercial-sku-wa2100\/#breadcrumb","itemListElement":[{"@type":"ListItem","position":1,"name":"Home","item":"https:\/\/nuniformswholesale.com\/es\/"},{"@type":"ListItem","position":2,"name":"Our Products","item":"https:\/\/nuniformswholesale.com\/our-products\/"},{"@type":"ListItem","position":3,"name":"DELANTAL DE CINTURA COMERCIAL (SKU# WA2100)"}]},{"@type":"WebSite","@id":"https:\/\/nuniformswholesale.com\/es\/#website","url":"https:\/\/nuniformswholesale.com\/es\/","name":"Natural Uniforms","description":"Natural Uniforms - Every Day Uniforms","publisher":{"@id":"https:\/\/nuniformswholesale.com\/es\/#organization"},"alternateName":"Natural Uniforms","potentialAction":[{"@type":"SearchAction","target":{"@type":"EntryPoint","urlTemplate":"https:\/\/nuniformswholesale.com\/es\/?s={search_term_string}"},"query-input":{"@type":"PropertyValueSpecification","valueRequired":true,"valueName":"search_term_string"}}],"inLanguage":"es"},{"@type":"Organization","@id":"https:\/\/nuniformswholesale.com\/es\/#organization","name":"Natural Uniforms","url":"https:\/\/nuniformswholesale.com\/es\/","logo":{"@type":"ImageObject","inLanguage":"es","@id":"https:\/\/nuniformswholesale.com\/es\/#\/schema\/logo\/image\/","url":"https:\/\/nuniformswholesale.com\/wp-content\/uploads\/2025\/08\/dsBuffer.bmp-2-1024x295-1-Photoroom.png","contentUrl":"https:\/\/nuniformswholesale.com\/wp-content\/uploads\/2025\/08\/dsBuffer.bmp-2-1024x295-1-Photoroom.png","width":296,"height":85,"caption":"Natural Uniforms"},"image":{"@id":"https:\/\/nuniformswholesale.com\/es\/#\/schema\/logo\/image\/"}}]}},"_links":{"self":[{"href":"https:\/\/nuniformswholesale.com\/es\/wp-json\/wp\/v2\/product\/49905","targetHints":{"allow":["GET"]}}],"collection":[{"href":"https:\/\/nuniformswholesale.com\/es\/wp-json\/wp\/v2\/product"}],"about":[{"href":"https:\/\/nuniformswholesale.com\/es\/wp-json\/wp\/v2\/types\/product"}],"replies":[{"embeddable":true,"href":"https:\/\/nuniformswholesale.com\/es\/wp-json\/wp\/v2\/comments?post=49905"}],"wp:featuredmedia":[{"embeddable":true,"href":"https:\/\/nuniformswholesale.com\/es\/wp-json\/wp\/v2\/media\/49895"}],"wp:attachment":[{"href":"https:\/\/nuniformswholesale.com\/es\/wp-json\/wp\/v2\/media?parent=49905"}],"wp:term":[{"taxonomy":"product_brand","embeddable":true,"href":"https:\/\/nuniformswholesale.com\/es\/wp-json\/wp\/v2\/product_brand?post=49905"},{"taxonomy":"product_cat","embeddable":true,"href":"https:\/\/nuniformswholesale.com\/es\/wp-json\/wp\/v2\/product_cat?post=49905"},{"taxonomy":"product_tag","embeddable":true,"href":"https:\/\/nuniformswholesale.com\/es\/wp-json\/wp\/v2\/product_tag?post=49905"}],"curies":[{"name":"wp","href":"https:\/\/api.w.org\/{rel}","templated":true}]}}