{"id":49953,"date":"2025-07-29T16:18:07","date_gmt":"2025-07-30T00:18:07","guid":{"rendered":"https:\/\/nuniforms.provisdemo.com\/product\/conjunto-medico-de-jogging-ultraelastico-para-mujer-estilo-n-8700set\/"},"modified":"2026-04-14T00:52:18","modified_gmt":"2026-04-14T08:52:18","slug":"conjunto-medico-de-jogging-ultraelastico-para-mujer-estilo-n-8700set","status":"publish","type":"product","link":"https:\/\/nuniformswholesale.com\/es\/producto\/conjunto-medico-de-jogging-ultraelastico-para-mujer-estilo-n-8700set\/","title":{"rendered":"CONJUNTO M\u00c9DICO JOGGER ULTRA EL\u00c1STICO PARA MUJER (ESTILO N.\u00ba 8700SET)"},"content":{"rendered":"<p><strong data-start=\"115\" data-end=\"137\"><span data-olk-copy-source=\"MailCompose\">Aspectos destacados del producto:<\/span><\/strong><\/p>\n<ul data-start=\"138\" data-end=\"307\">\n<li data-start=\"138\" data-end=\"176\"><strong data-start=\"140\" data-end=\"153\">Material<\/strong>: 86 % nailon, 14 % elastano<\/li>\n<li data-start=\"177\" data-end=\"307\"><strong data-start=\"179\" data-end=\"199\">Caracter\u00edsticas de la tela:<\/strong>\n<ul data-start=\"204\" data-end=\"307\">\n<li data-start=\"204\" data-end=\"237\">Ultra Stretch (el\u00e1stico en todas las direcciones)<\/li>\n<li data-start=\"240\" data-end=\"258\">Evacuaci\u00f3n de la humedad<\/li>\n<li data-start=\"261\" data-end=\"273\">Respirable<\/li>\n<li data-start=\"276\" data-end=\"307\">Suave, lisa y confortable<\/li>\n<\/ul>\n<\/li>\n<\/ul>\n<p><strong data-start=\"318\" data-end=\"335\">Caracter\u00edsticas principales:<\/strong><\/p>\n<ul data-start=\"336\" data-end=\"437\">\n<li data-start=\"336\" data-end=\"344\">cuello en V<\/li>\n<li data-start=\"345\" data-end=\"360\">Mangas cortas<\/li>\n<li data-start=\"361\" data-end=\"380\">Dos bolsillos inferiores frontales<\/li>\n<li data-start=\"381\" data-end=\"402\">Costuras tipo princesa en la espalda<\/li>\n<li data-start=\"403\" data-end=\"437\">Costuras con doble aguja en las costuras<\/li>\n<\/ul>\n<p><strong data-start=\"448\" data-end=\"466\">Caracter\u00edsticas del pantal\u00f3n:<\/strong><\/p>\n<ul data-start=\"467\" data-end=\"601\">\n<li data-start=\"467\" data-end=\"490\">Estilo jogger de tiro medio<\/li>\n<li data-start=\"491\" data-end=\"518\">Cintura el\u00e1stica sin cremallera<\/li>\n<li data-start=\"519\" data-end=\"541\">Paneles laterales adelgazantes<\/li>\n<li data-start=\"542\" data-end=\"565\">2 bolsillos frontales oblicuos<\/li>\n<li data-start=\"566\" data-end=\"582\">2 bolsillos traseros<\/li>\n<li data-start=\"583\" data-end=\"601\">Pu\u00f1os de tobillo tejidos<\/li>\n<\/ul>\n","protected":false},"excerpt":{"rendered":"<p>Aspectos destacados del producto: Material: 86 % nailon, 14 % elastano Caracter\u00edsticas de la tela: Ultra Stretch (el\u00e1stico en todas las direcciones) Evacuaci\u00f3n de la humedad Respirable Suave, lisa y confortable Caracter\u00edsticas principales: cuello en V Mangas cortas Dos bolsillos inferiores frontales Costuras tipo princesa en la espalda Costuras con doble aguja en las costuras [&hellip;]<\/p>\n","protected":false},"featured_media":56160,"comment_status":"open","ping_status":"closed","template":"","meta":[],"product_brand":[349],"product_cat":[724,307,298,714,535,768],"product_tag":[622,351,625,618,617,659,624,621,725,730,726,728,729,727],"class_list":{"0":"post-49953","1":"product","2":"type-product","3":"status-publish","4":"has-post-thumbnail","6":"product_brand-uniformes-naturales","7":"product_cat-extreme-stretch","8":"product_cat-scrub-sets","9":"product_cat-mujer","10":"product_cat-joggers","11":"product_cat-pijama-quirurgico","12":"product_cat-premium","13":"product_tag-black","14":"product_tag-burgundy","15":"product_tag-ceil-blue","16":"product_tag-charcoal","17":"product_tag-eggplant","18":"product_tag-extreme-stretch","19":"product_tag-hot-pink","20":"product_tag-lavender","21":"product_tag-scrub-set","22":"product_tag-teal","23":"product_tag-true-hunter-green","24":"product_tag-true-navy-blue","25":"product_tag-true-royal-blue","26":"product_tag-women","27":"pa_color-aceituna","28":"pa_color-azul-marino-verdadero","29":"pa_color-azul-real-verdadero","30":"pa_color-berenjena","31":"pa_color-black","33":"pa_color-borgona","34":"pa_color-burgundy","35":"pa_color-carbon","36":"pa_color-ceil-blue","37":"pa_color-charcoal","38":"pa_color-gris-brezo","39":"pa_color-hot-pink","40":"pa_color-lavanda","41":"pa_color-negra","42":"pa_color-rosa-fuerte","43":"pa_color-teal","44":"pa_color-techo-azul","45":"pa_color-true-hunter-green","46":"pa_color-true-navy-blue","47":"pa_color-true-royal-blue","48":"pa_color-verde-azulado","49":"pa_color-verde-cazador-verde","50":"pa_size-2x","51":"pa_size-3x","52":"pa_size-l","53":"pa_size-m","54":"pa_size-s","55":"pa_size-xl","56":"pa_size-xs","58":"first","59":"instock","60":"purchasable","61":"product-type-variable"},"yoast_head":"<!-- This site is optimized with the Yoast SEO plugin v27.4 - https:\/\/yoast.com\/product\/yoast-seo-wordpress\/ -->\n<title>CONJUNTO M\u00c9DICO JOGGER ULTRA EL\u00c1STICO PARA MUJER (ESTILO N.\u00ba 8700SET) - Natural Uniforms Wholesale<\/title>\n<meta name=\"robots\" content=\"index, follow, max-snippet:-1, max-image-preview:large, max-video-preview:-1\" \/>\n<link rel=\"canonical\" href=\"https:\/\/nuniformswholesale.com\/es\/producto\/conjunto-medico-de-jogging-ultraelastico-para-mujer-estilo-n-8700set\/\" \/>\n<meta property=\"og:locale\" content=\"es_ES\" \/>\n<meta property=\"og:type\" content=\"article\" \/>\n<meta property=\"og:title\" content=\"CONJUNTO M\u00c9DICO JOGGER ULTRA EL\u00c1STICO PARA MUJER (ESTILO N.\u00ba 8700SET) - Natural Uniforms Wholesale\" \/>\n<meta property=\"og:description\" content=\"Aspectos destacados del producto: Material: 86 % nailon, 14 % elastano Caracter\u00edsticas de la tela: Ultra Stretch (el\u00e1stico en todas las direcciones) Evacuaci\u00f3n de la humedad Respirable Suave, lisa y confortable Caracter\u00edsticas principales: cuello en V Mangas cortas Dos bolsillos inferiores frontales Costuras tipo princesa en la espalda Costuras con doble aguja en las costuras [&hellip;]\" \/>\n<meta property=\"og:url\" content=\"https:\/\/nuniformswholesale.com\/es\/producto\/conjunto-medico-de-jogging-ultraelastico-para-mujer-estilo-n-8700set\/\" \/>\n<meta property=\"og:site_name\" content=\"Natural Uniforms Wholesale\" \/>\n<meta property=\"article:modified_time\" content=\"2026-04-14T08:52:18+00:00\" \/>\n<meta property=\"og:image\" content=\"https:\/\/nuniformswholesale.com\/wp-content\/uploads\/2025\/07\/8700_front-view_1_woman_CHL.jpg\" \/>\n\t<meta property=\"og:image:width\" content=\"800\" \/>\n\t<meta property=\"og:image:height\" content=\"800\" \/>\n\t<meta property=\"og:image:type\" content=\"image\/jpeg\" \/>\n<meta name=\"twitter:card\" content=\"summary_large_image\" \/>\n<meta name=\"twitter:label1\" content=\"Tiempo de lectura\" \/>\n\t<meta name=\"twitter:data1\" content=\"1 minuto\" \/>\n<script type=\"application\/ld+json\" class=\"yoast-schema-graph\">{\"@context\":\"https:\\\/\\\/schema.org\",\"@graph\":[{\"@type\":\"WebPage\",\"@id\":\"https:\\\/\\\/nuniformswholesale.com\\\/es\\\/producto\\\/conjunto-medico-de-jogging-ultraelastico-para-mujer-estilo-n-8700set\\\/\",\"url\":\"https:\\\/\\\/nuniformswholesale.com\\\/es\\\/producto\\\/conjunto-medico-de-jogging-ultraelastico-para-mujer-estilo-n-8700set\\\/\",\"name\":\"CONJUNTO M\u00c9DICO JOGGER ULTRA EL\u00c1STICO PARA MUJER (ESTILO N.\u00ba 8700SET) - Natural Uniforms Wholesale\",\"isPartOf\":{\"@id\":\"https:\\\/\\\/nuniformswholesale.com\\\/es\\\/#website\"},\"primaryImageOfPage\":{\"@id\":\"https:\\\/\\\/nuniformswholesale.com\\\/es\\\/producto\\\/conjunto-medico-de-jogging-ultraelastico-para-mujer-estilo-n-8700set\\\/#primaryimage\"},\"image\":{\"@id\":\"https:\\\/\\\/nuniformswholesale.com\\\/es\\\/producto\\\/conjunto-medico-de-jogging-ultraelastico-para-mujer-estilo-n-8700set\\\/#primaryimage\"},\"thumbnailUrl\":\"https:\\\/\\\/nuniformswholesale.com\\\/wp-content\\\/uploads\\\/2025\\\/07\\\/8700_front-view_1_woman_CHL.jpg\",\"datePublished\":\"2025-07-30T00:18:07+00:00\",\"dateModified\":\"2026-04-14T08:52:18+00:00\",\"breadcrumb\":{\"@id\":\"https:\\\/\\\/nuniformswholesale.com\\\/es\\\/producto\\\/conjunto-medico-de-jogging-ultraelastico-para-mujer-estilo-n-8700set\\\/#breadcrumb\"},\"inLanguage\":\"es\",\"potentialAction\":[{\"@type\":\"ReadAction\",\"target\":[\"https:\\\/\\\/nuniformswholesale.com\\\/es\\\/producto\\\/conjunto-medico-de-jogging-ultraelastico-para-mujer-estilo-n-8700set\\\/\"]}]},{\"@type\":\"ImageObject\",\"inLanguage\":\"es\",\"@id\":\"https:\\\/\\\/nuniformswholesale.com\\\/es\\\/producto\\\/conjunto-medico-de-jogging-ultraelastico-para-mujer-estilo-n-8700set\\\/#primaryimage\",\"url\":\"https:\\\/\\\/nuniformswholesale.com\\\/wp-content\\\/uploads\\\/2025\\\/07\\\/8700_front-view_1_woman_CHL.jpg\",\"contentUrl\":\"https:\\\/\\\/nuniformswholesale.com\\\/wp-content\\\/uploads\\\/2025\\\/07\\\/8700_front-view_1_woman_CHL.jpg\",\"width\":800,\"height\":800},{\"@type\":\"BreadcrumbList\",\"@id\":\"https:\\\/\\\/nuniformswholesale.com\\\/es\\\/producto\\\/conjunto-medico-de-jogging-ultraelastico-para-mujer-estilo-n-8700set\\\/#breadcrumb\",\"itemListElement\":[{\"@type\":\"ListItem\",\"position\":1,\"name\":\"Home\",\"item\":\"https:\\\/\\\/nuniformswholesale.com\\\/es\\\/\"},{\"@type\":\"ListItem\",\"position\":2,\"name\":\"Our Products\",\"item\":\"https:\\\/\\\/nuniformswholesale.com\\\/our-products\\\/\"},{\"@type\":\"ListItem\",\"position\":3,\"name\":\"CONJUNTO M\u00c9DICO JOGGER ULTRA EL\u00c1STICO PARA MUJER (ESTILO N.\u00ba 8700SET)\"}]},{\"@type\":\"WebSite\",\"@id\":\"https:\\\/\\\/nuniformswholesale.com\\\/es\\\/#website\",\"url\":\"https:\\\/\\\/nuniformswholesale.com\\\/es\\\/\",\"name\":\"Natural Uniforms\",\"description\":\"Natural Uniforms - Every Day Uniforms\",\"publisher\":{\"@id\":\"https:\\\/\\\/nuniformswholesale.com\\\/es\\\/#organization\"},\"alternateName\":\"Natural Uniforms\",\"potentialAction\":[{\"@type\":\"SearchAction\",\"target\":{\"@type\":\"EntryPoint\",\"urlTemplate\":\"https:\\\/\\\/nuniformswholesale.com\\\/es\\\/?s={search_term_string}\"},\"query-input\":{\"@type\":\"PropertyValueSpecification\",\"valueRequired\":true,\"valueName\":\"search_term_string\"}}],\"inLanguage\":\"es\"},{\"@type\":\"Organization\",\"@id\":\"https:\\\/\\\/nuniformswholesale.com\\\/es\\\/#organization\",\"name\":\"Natural Uniforms\",\"url\":\"https:\\\/\\\/nuniformswholesale.com\\\/es\\\/\",\"logo\":{\"@type\":\"ImageObject\",\"inLanguage\":\"es\",\"@id\":\"https:\\\/\\\/nuniformswholesale.com\\\/es\\\/#\\\/schema\\\/logo\\\/image\\\/\",\"url\":\"https:\\\/\\\/nuniformswholesale.com\\\/wp-content\\\/uploads\\\/2025\\\/08\\\/dsBuffer.bmp-2-1024x295-1-Photoroom.png\",\"contentUrl\":\"https:\\\/\\\/nuniformswholesale.com\\\/wp-content\\\/uploads\\\/2025\\\/08\\\/dsBuffer.bmp-2-1024x295-1-Photoroom.png\",\"width\":296,\"height\":85,\"caption\":\"Natural Uniforms\"},\"image\":{\"@id\":\"https:\\\/\\\/nuniformswholesale.com\\\/es\\\/#\\\/schema\\\/logo\\\/image\\\/\"}}]}<\/script>\n<!-- \/ Yoast SEO plugin. -->","yoast_head_json":{"title":"CONJUNTO M\u00c9DICO JOGGER ULTRA EL\u00c1STICO PARA MUJER (ESTILO N.\u00ba 8700SET) - Natural Uniforms Wholesale","robots":{"index":"index","follow":"follow","max-snippet":"max-snippet:-1","max-image-preview":"max-image-preview:large","max-video-preview":"max-video-preview:-1"},"canonical":"https:\/\/nuniformswholesale.com\/es\/producto\/conjunto-medico-de-jogging-ultraelastico-para-mujer-estilo-n-8700set\/","og_locale":"es_ES","og_type":"article","og_title":"CONJUNTO M\u00c9DICO JOGGER ULTRA EL\u00c1STICO PARA MUJER (ESTILO N.\u00ba 8700SET) - Natural Uniforms Wholesale","og_description":"Aspectos destacados del producto: Material: 86 % nailon, 14 % elastano Caracter\u00edsticas de la tela: Ultra Stretch (el\u00e1stico en todas las direcciones) Evacuaci\u00f3n de la humedad Respirable Suave, lisa y confortable Caracter\u00edsticas principales: cuello en V Mangas cortas Dos bolsillos inferiores frontales Costuras tipo princesa en la espalda Costuras con doble aguja en las costuras [&hellip;]","og_url":"https:\/\/nuniformswholesale.com\/es\/producto\/conjunto-medico-de-jogging-ultraelastico-para-mujer-estilo-n-8700set\/","og_site_name":"Natural Uniforms Wholesale","article_modified_time":"2026-04-14T08:52:18+00:00","og_image":[{"width":800,"height":800,"url":"https:\/\/nuniformswholesale.com\/wp-content\/uploads\/2025\/07\/8700_front-view_1_woman_CHL.jpg","type":"image\/jpeg"}],"twitter_card":"summary_large_image","twitter_misc":{"Tiempo de lectura":"1 minuto"},"schema":{"@context":"https:\/\/schema.org","@graph":[{"@type":"WebPage","@id":"https:\/\/nuniformswholesale.com\/es\/producto\/conjunto-medico-de-jogging-ultraelastico-para-mujer-estilo-n-8700set\/","url":"https:\/\/nuniformswholesale.com\/es\/producto\/conjunto-medico-de-jogging-ultraelastico-para-mujer-estilo-n-8700set\/","name":"CONJUNTO M\u00c9DICO JOGGER ULTRA EL\u00c1STICO PARA MUJER (ESTILO N.\u00ba 8700SET) - Natural Uniforms Wholesale","isPartOf":{"@id":"https:\/\/nuniformswholesale.com\/es\/#website"},"primaryImageOfPage":{"@id":"https:\/\/nuniformswholesale.com\/es\/producto\/conjunto-medico-de-jogging-ultraelastico-para-mujer-estilo-n-8700set\/#primaryimage"},"image":{"@id":"https:\/\/nuniformswholesale.com\/es\/producto\/conjunto-medico-de-jogging-ultraelastico-para-mujer-estilo-n-8700set\/#primaryimage"},"thumbnailUrl":"https:\/\/nuniformswholesale.com\/wp-content\/uploads\/2025\/07\/8700_front-view_1_woman_CHL.jpg","datePublished":"2025-07-30T00:18:07+00:00","dateModified":"2026-04-14T08:52:18+00:00","breadcrumb":{"@id":"https:\/\/nuniformswholesale.com\/es\/producto\/conjunto-medico-de-jogging-ultraelastico-para-mujer-estilo-n-8700set\/#breadcrumb"},"inLanguage":"es","potentialAction":[{"@type":"ReadAction","target":["https:\/\/nuniformswholesale.com\/es\/producto\/conjunto-medico-de-jogging-ultraelastico-para-mujer-estilo-n-8700set\/"]}]},{"@type":"ImageObject","inLanguage":"es","@id":"https:\/\/nuniformswholesale.com\/es\/producto\/conjunto-medico-de-jogging-ultraelastico-para-mujer-estilo-n-8700set\/#primaryimage","url":"https:\/\/nuniformswholesale.com\/wp-content\/uploads\/2025\/07\/8700_front-view_1_woman_CHL.jpg","contentUrl":"https:\/\/nuniformswholesale.com\/wp-content\/uploads\/2025\/07\/8700_front-view_1_woman_CHL.jpg","width":800,"height":800},{"@type":"BreadcrumbList","@id":"https:\/\/nuniformswholesale.com\/es\/producto\/conjunto-medico-de-jogging-ultraelastico-para-mujer-estilo-n-8700set\/#breadcrumb","itemListElement":[{"@type":"ListItem","position":1,"name":"Home","item":"https:\/\/nuniformswholesale.com\/es\/"},{"@type":"ListItem","position":2,"name":"Our Products","item":"https:\/\/nuniformswholesale.com\/our-products\/"},{"@type":"ListItem","position":3,"name":"CONJUNTO M\u00c9DICO JOGGER ULTRA EL\u00c1STICO PARA MUJER (ESTILO N.\u00ba 8700SET)"}]},{"@type":"WebSite","@id":"https:\/\/nuniformswholesale.com\/es\/#website","url":"https:\/\/nuniformswholesale.com\/es\/","name":"Natural Uniforms","description":"Natural Uniforms - Every Day Uniforms","publisher":{"@id":"https:\/\/nuniformswholesale.com\/es\/#organization"},"alternateName":"Natural Uniforms","potentialAction":[{"@type":"SearchAction","target":{"@type":"EntryPoint","urlTemplate":"https:\/\/nuniformswholesale.com\/es\/?s={search_term_string}"},"query-input":{"@type":"PropertyValueSpecification","valueRequired":true,"valueName":"search_term_string"}}],"inLanguage":"es"},{"@type":"Organization","@id":"https:\/\/nuniformswholesale.com\/es\/#organization","name":"Natural Uniforms","url":"https:\/\/nuniformswholesale.com\/es\/","logo":{"@type":"ImageObject","inLanguage":"es","@id":"https:\/\/nuniformswholesale.com\/es\/#\/schema\/logo\/image\/","url":"https:\/\/nuniformswholesale.com\/wp-content\/uploads\/2025\/08\/dsBuffer.bmp-2-1024x295-1-Photoroom.png","contentUrl":"https:\/\/nuniformswholesale.com\/wp-content\/uploads\/2025\/08\/dsBuffer.bmp-2-1024x295-1-Photoroom.png","width":296,"height":85,"caption":"Natural Uniforms"},"image":{"@id":"https:\/\/nuniformswholesale.com\/es\/#\/schema\/logo\/image\/"}}]}},"_links":{"self":[{"href":"https:\/\/nuniformswholesale.com\/es\/wp-json\/wp\/v2\/product\/49953","targetHints":{"allow":["GET"]}}],"collection":[{"href":"https:\/\/nuniformswholesale.com\/es\/wp-json\/wp\/v2\/product"}],"about":[{"href":"https:\/\/nuniformswholesale.com\/es\/wp-json\/wp\/v2\/types\/product"}],"replies":[{"embeddable":true,"href":"https:\/\/nuniformswholesale.com\/es\/wp-json\/wp\/v2\/comments?post=49953"}],"wp:featuredmedia":[{"embeddable":true,"href":"https:\/\/nuniformswholesale.com\/es\/wp-json\/wp\/v2\/media\/56160"}],"wp:attachment":[{"href":"https:\/\/nuniformswholesale.com\/es\/wp-json\/wp\/v2\/media?parent=49953"}],"wp:term":[{"taxonomy":"product_brand","embeddable":true,"href":"https:\/\/nuniformswholesale.com\/es\/wp-json\/wp\/v2\/product_brand?post=49953"},{"taxonomy":"product_cat","embeddable":true,"href":"https:\/\/nuniformswholesale.com\/es\/wp-json\/wp\/v2\/product_cat?post=49953"},{"taxonomy":"product_tag","embeddable":true,"href":"https:\/\/nuniformswholesale.com\/es\/wp-json\/wp\/v2\/product_tag?post=49953"}],"curies":[{"name":"wp","href":"https:\/\/api.w.org\/{rel}","templated":true}]}}