{"id":50058,"date":"2025-07-29T16:15:46","date_gmt":"2025-07-30T00:15:46","guid":{"rendered":"https:\/\/nuniforms.provisdemo.com\/product\/womans-cool-stretch-jogger-scrub-set-style-8500set\/"},"modified":"2026-04-14T00:47:44","modified_gmt":"2026-04-14T08:47:44","slug":"womans-cool-stretch-jogger-scrub-set-style-8500set","status":"publish","type":"product","link":"https:\/\/nuniformswholesale.com\/es\/producto\/womans-cool-stretch-jogger-scrub-set-style-8500set\/","title":{"rendered":"CONJUNTO M\u00c9DICO JOGGER COOL STRETCH PARA MUJER (ESTILO N.\u00ba 8500SET)"},"content":{"rendered":"<p><strong>Aspectos destacados del producto:<\/strong><\/p>\n<p><strong>Disponible en tallas Petite y Regular<\/strong><\/p>\n<p><strong data-start=\"198\" data-end=\"221\">Composici\u00f3n del tejido:<\/strong><\/p>\n<ul data-start=\"222\" data-end=\"386\">\n<li data-start=\"222\" data-end=\"254\"><strong data-start=\"224\" data-end=\"254\">93 % poli\u00e9ster \/ 7 % elastano<\/strong><\/li>\n<li data-start=\"255\" data-end=\"386\"><strong data-start=\"257\" data-end=\"270\">Caracter\u00edsticas:<\/strong>\n<ul data-start=\"273\" data-end=\"386\">\n<li data-start=\"273\" data-end=\"301\">Ligero y transpirable<\/li>\n<li data-start=\"304\" data-end=\"323\">Resistente a las arrugas<\/li>\n<li data-start=\"326\" data-end=\"351\">S\u00faper suave y el\u00e1stico<\/li>\n<li data-start=\"354\" data-end=\"372\">Evacuaci\u00f3n de la humedad<\/li>\n<li data-start=\"375\" data-end=\"386\">Cuidado f\u00e1cil<\/li>\n<\/ul>\n<\/li>\n<\/ul>\n<p><strong data-start=\"397\" data-end=\"414\">Caracter\u00edsticas principales:<\/strong><\/p>\n<ul data-start=\"415\" data-end=\"679\">\n<li data-start=\"415\" data-end=\"448\"><strong data-start=\"417\" data-end=\"427\">Estilo:<\/strong> Manga corta, cuello en V<\/li>\n<li data-start=\"449\" data-end=\"509\">Bolsillos: 4 en total, incluido un bolsillo oculto para tel\u00e9fono m\u00f3vil<\/li>\n<li data-start=\"510\" data-end=\"679\"><strong data-start=\"512\" data-end=\"523\">Dise\u00f1o:<\/strong>\n<ul data-start=\"526\" data-end=\"679\">\n<li data-start=\"526\" data-end=\"575\">Costuras con doble aguja para mayor durabilidad.<\/li>\n<li data-start=\"578\" data-end=\"611\">Aberturas laterales para facilitar el movimiento<\/li>\n<li data-start=\"614\" data-end=\"679\">Paneles perforados Air-Flow (delanteros y traseros) para ventilaci\u00f3n<\/li>\n<\/ul>\n<\/li>\n<\/ul>\n<p><strong data-start=\"690\" data-end=\"708\">Caracter\u00edsticas del pantal\u00f3n:<\/strong><\/p>\n<ul data-start=\"709\" data-end=\"962\">\n<li data-start=\"709\" data-end=\"737\"><strong data-start=\"711\" data-end=\"721\">Estilo<\/strong>: Jogger de tiro medio<\/li>\n<li data-start=\"738\" data-end=\"785\"><strong data-start=\"740\" data-end=\"754\">Cintura:<\/strong> Doble el\u00e1stica con cord\u00f3n.<\/li>\n<li data-start=\"786\" data-end=\"815\">Pu\u00f1os: Pu\u00f1os tejidos en el tobillo<\/li>\n<li data-start=\"816\" data-end=\"895\"><strong data-start=\"818\" data-end=\"830\">Bolsillos: <\/strong>3 en total\n<ul data-start=\"841\" data-end=\"895\">\n<li data-start=\"841\" data-end=\"859\">2 bolsillos integrados en la costura<\/li>\n<li data-start=\"862\" data-end=\"895\">1 bolsillo de parche de carga en el lado derecho<\/li>\n<\/ul>\n<\/li>\n<li data-start=\"896\" data-end=\"962\"><strong data-start=\"898\" data-end=\"914\">Ventilaci\u00f3n<\/strong>: Paneles <strong data-start=\"926\" data-end=\"945\">Air-Flow perforados<\/strong> (delanteros y traseros)<\/li>\n<\/ul>\n<p><strong data-start=\"973\" data-end=\"1000\">Ajuste y funci\u00f3n general:<\/strong><\/p>\n<ul data-start=\"1001\" data-end=\"1154\">\n<li data-start=\"1001\" data-end=\"1056\">Dise\u00f1ado para <strong data-start=\"1016\" data-end=\"1056\">comodidad, movilidad y transpirabilidad.<\/strong><\/li>\n<li data-start=\"1057\" data-end=\"1154\">Perfecto para profesionales de la salud que necesitan un uniforme c\u00f3modo y de alto rendimiento durante todo el d\u00eda.<\/li>\n<\/ul>\n","protected":false},"excerpt":{"rendered":"<p>Aspectos destacados del producto: Disponible en tallas Petite y Regular Composici\u00f3n del tejido: 93 % poli\u00e9ster \/ 7 % elastano Caracter\u00edsticas: Ligero y transpirable Resistente a las arrugas S\u00faper suave y el\u00e1stico Evacuaci\u00f3n de la humedad Cuidado f\u00e1cil Caracter\u00edsticas principales: Estilo: Manga corta, cuello en V Bolsillos: 4 en total, incluido un bolsillo oculto para [&hellip;]<\/p>\n","protected":false},"featured_media":54937,"comment_status":"open","ping_status":"closed","template":"","meta":[],"product_brand":[349],"product_cat":[722,307,298,535],"product_tag":[725,661,727],"class_list":{"0":"post-50058","1":"product","2":"type-product","3":"status-publish","4":"has-post-thumbnail","6":"product_brand-uniformes-naturales","7":"product_cat-stretch","8":"product_cat-scrub-sets","9":"product_cat-mujer","10":"product_cat-pijama-quirurgico","11":"product_tag-scrub-set","12":"product_tag-stretch","13":"product_tag-women","14":"pa_color-aceituna","15":"pa_color-agua-azul","16":"pa_color-azul-marino-verdadero","17":"pa_color-azul-real-verdadero","18":"pa_color-berenjena","19":"pa_color-blanca","20":"pa_color-borgona","21":"pa_color-burgundy","22":"pa_color-carbon","23":"pa_color-ceil-blue","24":"pa_color-charcoal","25":"pa_color-coral","26":"pa_color-gris-brezo","27":"pa_color-gris-de-capuchon-blanco","28":"pa_color-hot-pink","29":"pa_color-lavanda","30":"pa_color-negra","31":"pa_color-red","33":"pa_color-roja","34":"pa_color-rosa-fuerte","35":"pa_color-teal","36":"pa_color-techo-azul","37":"pa_color-true-hunter-green","38":"pa_color-true-navy-blue","39":"pa_color-verde-azulado","40":"pa_color-verde-cazador-verde","41":"pa_color-water-blue","42":"pa_size-2x","43":"pa_size-2x-pequena","44":"pa_size-3x","45":"pa_size-3x-pequena","46":"pa_size-l","47":"pa_size-l-petite","48":"pa_size-m","49":"pa_size-m-petite","50":"pa_size-s","51":"pa_size-s-petite","52":"pa_size-xl","53":"pa_size-xl-petite","54":"pa_size-xs","55":"pa_size-xs-petite","57":"first","58":"instock","59":"purchasable","60":"product-type-variable"},"yoast_head":"<!-- This site is optimized with the Yoast SEO plugin v27.4 - https:\/\/yoast.com\/product\/yoast-seo-wordpress\/ -->\n<title>CONJUNTO M\u00c9DICO JOGGER COOL STRETCH PARA MUJER (ESTILO N.\u00ba 8500SET) - Natural Uniforms Wholesale<\/title>\n<meta name=\"robots\" content=\"index, follow, max-snippet:-1, max-image-preview:large, max-video-preview:-1\" \/>\n<link rel=\"canonical\" href=\"https:\/\/nuniformswholesale.com\/es\/producto\/womans-cool-stretch-jogger-scrub-set-style-8500set\/\" \/>\n<meta property=\"og:locale\" content=\"es_ES\" \/>\n<meta property=\"og:type\" content=\"article\" \/>\n<meta property=\"og:title\" content=\"CONJUNTO M\u00c9DICO JOGGER COOL STRETCH PARA MUJER (ESTILO N.\u00ba 8500SET) - Natural Uniforms Wholesale\" \/>\n<meta property=\"og:description\" content=\"Aspectos destacados del producto: Disponible en tallas Petite y Regular Composici\u00f3n del tejido: 93 % poli\u00e9ster \/ 7 % elastano Caracter\u00edsticas: Ligero y transpirable Resistente a las arrugas S\u00faper suave y el\u00e1stico Evacuaci\u00f3n de la humedad Cuidado f\u00e1cil Caracter\u00edsticas principales: Estilo: Manga corta, cuello en V Bolsillos: 4 en total, incluido un bolsillo oculto para [&hellip;]\" \/>\n<meta property=\"og:url\" content=\"https:\/\/nuniformswholesale.com\/es\/producto\/womans-cool-stretch-jogger-scrub-set-style-8500set\/\" \/>\n<meta property=\"og:site_name\" content=\"Natural Uniforms Wholesale\" \/>\n<meta property=\"article:modified_time\" content=\"2026-04-14T08:47:44+00:00\" \/>\n<meta property=\"og:image\" content=\"https:\/\/nuniformswholesale.com\/wp-content\/uploads\/2025\/07\/9500_front-view_1_woman_White.jpg\" \/>\n\t<meta property=\"og:image:width\" content=\"800\" \/>\n\t<meta property=\"og:image:height\" content=\"800\" \/>\n\t<meta property=\"og:image:type\" content=\"image\/jpeg\" \/>\n<meta name=\"twitter:card\" content=\"summary_large_image\" \/>\n<meta name=\"twitter:label1\" content=\"Tiempo de lectura\" \/>\n\t<meta name=\"twitter:data1\" content=\"1 minuto\" \/>\n<script type=\"application\/ld+json\" class=\"yoast-schema-graph\">{\"@context\":\"https:\\\/\\\/schema.org\",\"@graph\":[{\"@type\":\"WebPage\",\"@id\":\"https:\\\/\\\/nuniformswholesale.com\\\/es\\\/producto\\\/womans-cool-stretch-jogger-scrub-set-style-8500set\\\/\",\"url\":\"https:\\\/\\\/nuniformswholesale.com\\\/es\\\/producto\\\/womans-cool-stretch-jogger-scrub-set-style-8500set\\\/\",\"name\":\"CONJUNTO M\u00c9DICO JOGGER COOL STRETCH PARA MUJER (ESTILO N.\u00ba 8500SET) - Natural Uniforms Wholesale\",\"isPartOf\":{\"@id\":\"https:\\\/\\\/nuniformswholesale.com\\\/es\\\/#website\"},\"primaryImageOfPage\":{\"@id\":\"https:\\\/\\\/nuniformswholesale.com\\\/es\\\/producto\\\/womans-cool-stretch-jogger-scrub-set-style-8500set\\\/#primaryimage\"},\"image\":{\"@id\":\"https:\\\/\\\/nuniformswholesale.com\\\/es\\\/producto\\\/womans-cool-stretch-jogger-scrub-set-style-8500set\\\/#primaryimage\"},\"thumbnailUrl\":\"https:\\\/\\\/nuniformswholesale.com\\\/wp-content\\\/uploads\\\/2025\\\/07\\\/9500_front-view_1_woman_White.jpg\",\"datePublished\":\"2025-07-30T00:15:46+00:00\",\"dateModified\":\"2026-04-14T08:47:44+00:00\",\"breadcrumb\":{\"@id\":\"https:\\\/\\\/nuniformswholesale.com\\\/es\\\/producto\\\/womans-cool-stretch-jogger-scrub-set-style-8500set\\\/#breadcrumb\"},\"inLanguage\":\"es\",\"potentialAction\":[{\"@type\":\"ReadAction\",\"target\":[\"https:\\\/\\\/nuniformswholesale.com\\\/es\\\/producto\\\/womans-cool-stretch-jogger-scrub-set-style-8500set\\\/\"]}]},{\"@type\":\"ImageObject\",\"inLanguage\":\"es\",\"@id\":\"https:\\\/\\\/nuniformswholesale.com\\\/es\\\/producto\\\/womans-cool-stretch-jogger-scrub-set-style-8500set\\\/#primaryimage\",\"url\":\"https:\\\/\\\/nuniformswholesale.com\\\/wp-content\\\/uploads\\\/2025\\\/07\\\/9500_front-view_1_woman_White.jpg\",\"contentUrl\":\"https:\\\/\\\/nuniformswholesale.com\\\/wp-content\\\/uploads\\\/2025\\\/07\\\/9500_front-view_1_woman_White.jpg\",\"width\":800,\"height\":800},{\"@type\":\"BreadcrumbList\",\"@id\":\"https:\\\/\\\/nuniformswholesale.com\\\/es\\\/producto\\\/womans-cool-stretch-jogger-scrub-set-style-8500set\\\/#breadcrumb\",\"itemListElement\":[{\"@type\":\"ListItem\",\"position\":1,\"name\":\"Home\",\"item\":\"https:\\\/\\\/nuniformswholesale.com\\\/es\\\/\"},{\"@type\":\"ListItem\",\"position\":2,\"name\":\"Our Products\",\"item\":\"https:\\\/\\\/nuniformswholesale.com\\\/our-products\\\/\"},{\"@type\":\"ListItem\",\"position\":3,\"name\":\"CONJUNTO M\u00c9DICO JOGGER COOL STRETCH PARA MUJER (ESTILO N.\u00ba 8500SET)\"}]},{\"@type\":\"WebSite\",\"@id\":\"https:\\\/\\\/nuniformswholesale.com\\\/es\\\/#website\",\"url\":\"https:\\\/\\\/nuniformswholesale.com\\\/es\\\/\",\"name\":\"Natural Uniforms\",\"description\":\"Natural Uniforms - Every Day Uniforms\",\"publisher\":{\"@id\":\"https:\\\/\\\/nuniformswholesale.com\\\/es\\\/#organization\"},\"alternateName\":\"Natural Uniforms\",\"potentialAction\":[{\"@type\":\"SearchAction\",\"target\":{\"@type\":\"EntryPoint\",\"urlTemplate\":\"https:\\\/\\\/nuniformswholesale.com\\\/es\\\/?s={search_term_string}\"},\"query-input\":{\"@type\":\"PropertyValueSpecification\",\"valueRequired\":true,\"valueName\":\"search_term_string\"}}],\"inLanguage\":\"es\"},{\"@type\":\"Organization\",\"@id\":\"https:\\\/\\\/nuniformswholesale.com\\\/es\\\/#organization\",\"name\":\"Natural Uniforms\",\"url\":\"https:\\\/\\\/nuniformswholesale.com\\\/es\\\/\",\"logo\":{\"@type\":\"ImageObject\",\"inLanguage\":\"es\",\"@id\":\"https:\\\/\\\/nuniformswholesale.com\\\/es\\\/#\\\/schema\\\/logo\\\/image\\\/\",\"url\":\"https:\\\/\\\/nuniformswholesale.com\\\/wp-content\\\/uploads\\\/2025\\\/08\\\/dsBuffer.bmp-2-1024x295-1-Photoroom.png\",\"contentUrl\":\"https:\\\/\\\/nuniformswholesale.com\\\/wp-content\\\/uploads\\\/2025\\\/08\\\/dsBuffer.bmp-2-1024x295-1-Photoroom.png\",\"width\":296,\"height\":85,\"caption\":\"Natural Uniforms\"},\"image\":{\"@id\":\"https:\\\/\\\/nuniformswholesale.com\\\/es\\\/#\\\/schema\\\/logo\\\/image\\\/\"}}]}<\/script>\n<!-- \/ Yoast SEO plugin. -->","yoast_head_json":{"title":"CONJUNTO M\u00c9DICO JOGGER COOL STRETCH PARA MUJER (ESTILO N.\u00ba 8500SET) - Natural Uniforms Wholesale","robots":{"index":"index","follow":"follow","max-snippet":"max-snippet:-1","max-image-preview":"max-image-preview:large","max-video-preview":"max-video-preview:-1"},"canonical":"https:\/\/nuniformswholesale.com\/es\/producto\/womans-cool-stretch-jogger-scrub-set-style-8500set\/","og_locale":"es_ES","og_type":"article","og_title":"CONJUNTO M\u00c9DICO JOGGER COOL STRETCH PARA MUJER (ESTILO N.\u00ba 8500SET) - Natural Uniforms Wholesale","og_description":"Aspectos destacados del producto: Disponible en tallas Petite y Regular Composici\u00f3n del tejido: 93 % poli\u00e9ster \/ 7 % elastano Caracter\u00edsticas: Ligero y transpirable Resistente a las arrugas S\u00faper suave y el\u00e1stico Evacuaci\u00f3n de la humedad Cuidado f\u00e1cil Caracter\u00edsticas principales: Estilo: Manga corta, cuello en V Bolsillos: 4 en total, incluido un bolsillo oculto para [&hellip;]","og_url":"https:\/\/nuniformswholesale.com\/es\/producto\/womans-cool-stretch-jogger-scrub-set-style-8500set\/","og_site_name":"Natural Uniforms Wholesale","article_modified_time":"2026-04-14T08:47:44+00:00","og_image":[{"width":800,"height":800,"url":"https:\/\/nuniformswholesale.com\/wp-content\/uploads\/2025\/07\/9500_front-view_1_woman_White.jpg","type":"image\/jpeg"}],"twitter_card":"summary_large_image","twitter_misc":{"Tiempo de lectura":"1 minuto"},"schema":{"@context":"https:\/\/schema.org","@graph":[{"@type":"WebPage","@id":"https:\/\/nuniformswholesale.com\/es\/producto\/womans-cool-stretch-jogger-scrub-set-style-8500set\/","url":"https:\/\/nuniformswholesale.com\/es\/producto\/womans-cool-stretch-jogger-scrub-set-style-8500set\/","name":"CONJUNTO M\u00c9DICO JOGGER COOL STRETCH PARA MUJER (ESTILO N.\u00ba 8500SET) - Natural Uniforms Wholesale","isPartOf":{"@id":"https:\/\/nuniformswholesale.com\/es\/#website"},"primaryImageOfPage":{"@id":"https:\/\/nuniformswholesale.com\/es\/producto\/womans-cool-stretch-jogger-scrub-set-style-8500set\/#primaryimage"},"image":{"@id":"https:\/\/nuniformswholesale.com\/es\/producto\/womans-cool-stretch-jogger-scrub-set-style-8500set\/#primaryimage"},"thumbnailUrl":"https:\/\/nuniformswholesale.com\/wp-content\/uploads\/2025\/07\/9500_front-view_1_woman_White.jpg","datePublished":"2025-07-30T00:15:46+00:00","dateModified":"2026-04-14T08:47:44+00:00","breadcrumb":{"@id":"https:\/\/nuniformswholesale.com\/es\/producto\/womans-cool-stretch-jogger-scrub-set-style-8500set\/#breadcrumb"},"inLanguage":"es","potentialAction":[{"@type":"ReadAction","target":["https:\/\/nuniformswholesale.com\/es\/producto\/womans-cool-stretch-jogger-scrub-set-style-8500set\/"]}]},{"@type":"ImageObject","inLanguage":"es","@id":"https:\/\/nuniformswholesale.com\/es\/producto\/womans-cool-stretch-jogger-scrub-set-style-8500set\/#primaryimage","url":"https:\/\/nuniformswholesale.com\/wp-content\/uploads\/2025\/07\/9500_front-view_1_woman_White.jpg","contentUrl":"https:\/\/nuniformswholesale.com\/wp-content\/uploads\/2025\/07\/9500_front-view_1_woman_White.jpg","width":800,"height":800},{"@type":"BreadcrumbList","@id":"https:\/\/nuniformswholesale.com\/es\/producto\/womans-cool-stretch-jogger-scrub-set-style-8500set\/#breadcrumb","itemListElement":[{"@type":"ListItem","position":1,"name":"Home","item":"https:\/\/nuniformswholesale.com\/es\/"},{"@type":"ListItem","position":2,"name":"Our Products","item":"https:\/\/nuniformswholesale.com\/our-products\/"},{"@type":"ListItem","position":3,"name":"CONJUNTO M\u00c9DICO JOGGER COOL STRETCH PARA MUJER (ESTILO N.\u00ba 8500SET)"}]},{"@type":"WebSite","@id":"https:\/\/nuniformswholesale.com\/es\/#website","url":"https:\/\/nuniformswholesale.com\/es\/","name":"Natural Uniforms","description":"Natural Uniforms - Every Day Uniforms","publisher":{"@id":"https:\/\/nuniformswholesale.com\/es\/#organization"},"alternateName":"Natural Uniforms","potentialAction":[{"@type":"SearchAction","target":{"@type":"EntryPoint","urlTemplate":"https:\/\/nuniformswholesale.com\/es\/?s={search_term_string}"},"query-input":{"@type":"PropertyValueSpecification","valueRequired":true,"valueName":"search_term_string"}}],"inLanguage":"es"},{"@type":"Organization","@id":"https:\/\/nuniformswholesale.com\/es\/#organization","name":"Natural Uniforms","url":"https:\/\/nuniformswholesale.com\/es\/","logo":{"@type":"ImageObject","inLanguage":"es","@id":"https:\/\/nuniformswholesale.com\/es\/#\/schema\/logo\/image\/","url":"https:\/\/nuniformswholesale.com\/wp-content\/uploads\/2025\/08\/dsBuffer.bmp-2-1024x295-1-Photoroom.png","contentUrl":"https:\/\/nuniformswholesale.com\/wp-content\/uploads\/2025\/08\/dsBuffer.bmp-2-1024x295-1-Photoroom.png","width":296,"height":85,"caption":"Natural Uniforms"},"image":{"@id":"https:\/\/nuniformswholesale.com\/es\/#\/schema\/logo\/image\/"}}]}},"_links":{"self":[{"href":"https:\/\/nuniformswholesale.com\/es\/wp-json\/wp\/v2\/product\/50058","targetHints":{"allow":["GET"]}}],"collection":[{"href":"https:\/\/nuniformswholesale.com\/es\/wp-json\/wp\/v2\/product"}],"about":[{"href":"https:\/\/nuniformswholesale.com\/es\/wp-json\/wp\/v2\/types\/product"}],"replies":[{"embeddable":true,"href":"https:\/\/nuniformswholesale.com\/es\/wp-json\/wp\/v2\/comments?post=50058"}],"wp:featuredmedia":[{"embeddable":true,"href":"https:\/\/nuniformswholesale.com\/es\/wp-json\/wp\/v2\/media\/54937"}],"wp:attachment":[{"href":"https:\/\/nuniformswholesale.com\/es\/wp-json\/wp\/v2\/media?parent=50058"}],"wp:term":[{"taxonomy":"product_brand","embeddable":true,"href":"https:\/\/nuniformswholesale.com\/es\/wp-json\/wp\/v2\/product_brand?post=50058"},{"taxonomy":"product_cat","embeddable":true,"href":"https:\/\/nuniformswholesale.com\/es\/wp-json\/wp\/v2\/product_cat?post=50058"},{"taxonomy":"product_tag","embeddable":true,"href":"https:\/\/nuniformswholesale.com\/es\/wp-json\/wp\/v2\/product_tag?post=50058"}],"curies":[{"name":"wp","href":"https:\/\/api.w.org\/{rel}","templated":true}]}}