{"id":50341,"date":"2025-07-29T13:49:07","date_gmt":"2025-07-29T21:49:07","guid":{"rendered":"https:\/\/nuniforms.provisdemo.com\/product\/conjunto-medico-ultrasuave-elastico-de-cuello-caido-con-dos-bolsillos-estilo-n-8200set\/"},"modified":"2026-04-14T00:48:22","modified_gmt":"2026-04-14T08:48:22","slug":"conjunto-medico-ultrasuave-elastico-de-cuello-caido-con-dos-bolsillos-estilo-n-8200set","status":"publish","type":"product","link":"https:\/\/nuniformswholesale.com\/es\/producto\/conjunto-medico-ultrasuave-elastico-de-cuello-caido-con-dos-bolsillos-estilo-n-8200set\/","title":{"rendered":"CONJUNTO M\u00c9DICO ULTRASUAVE EL\u00c1STICO DE CUELLO CA\u00cdDO CON DOS BOLSILLOS (ESTILO N.\u00ba 8200SET)"},"content":{"rendered":"<p><strong>Aspectos destacados del producto:<\/strong><\/p>\n<p><strong data-start=\"517\" data-end=\"529\">Material<\/strong><\/p>\n<ul data-start=\"530\" data-end=\"715\">\n<li data-start=\"530\" data-end=\"592\"><strong data-start=\"532\" data-end=\"555\">Composici\u00f3n de la tela<\/strong>: 77 % poli\u00e9ster, 20 % ray\u00f3n, 3 % elastano<\/li>\n<li data-start=\"593\" data-end=\"640\"><strong data-start=\"595\" data-end=\"617\">Instrucciones de cuidado: <\/strong>Lavar a m\u00e1quina solo con agua fr\u00eda.<\/li>\n<li data-start=\"641\" data-end=\"715\"><strong data-start=\"643\" data-end=\"656\">Caracter\u00edsticas:<\/strong> Tejido s\u00faper suave, el\u00e1stico y de f\u00e1cil cuidado para mayor comodidad durante todo el d\u00eda.<\/li>\n<\/ul>\n<p><strong data-start=\"179\" data-end=\"186\">Parte superior<\/strong><\/p>\n<ul data-start=\"187\" data-end=\"373\">\n<li data-start=\"187\" data-end=\"206\"><strong data-start=\"189\" data-end=\"199\">Estilo: <\/strong>Cuello en Y<\/li>\n<li data-start=\"207\" data-end=\"285\">Ajuste: Corte moderno (ligeramente m\u00e1s entallado; elige una talla m\u00e1s para un ajuste m\u00e1s holgado)<\/li>\n<li data-start=\"286\" data-end=\"322\">Bolsillos: 2 bolsillos de parche delanteros<\/li>\n<li data-start=\"323\" data-end=\"373\">Dobladillo: Bajo redondeado para una silueta favorecedora.<\/li>\n<\/ul>\n<p><strong data-start=\"380\" data-end=\"389\">Pantalones<\/strong><\/p>\n<ul data-start=\"390\" data-end=\"510\">\n<li data-start=\"390\" data-end=\"458\"><strong data-start=\"392\" data-end=\"402\">Cintura:<\/strong> Cord\u00f3n frontal ajustable con cinturilla el\u00e1stica en la parte posterior.<\/li>\n<li data-start=\"459\" data-end=\"488\"><strong data-start=\"461\" data-end=\"473\">Bolsillos:<\/strong> 2 bolsillos laterales<\/li>\n<li data-start=\"489\" data-end=\"510\">Ajuste: Corte moderno<\/li>\n<\/ul>\n","protected":false},"excerpt":{"rendered":"<p>Aspectos destacados del producto: Material Composici\u00f3n de la tela: 77 % poli\u00e9ster, 20 % ray\u00f3n, 3 % elastano Instrucciones de cuidado: Lavar a m\u00e1quina solo con agua fr\u00eda. Caracter\u00edsticas: Tejido s\u00faper suave, el\u00e1stico y de f\u00e1cil cuidado para mayor comodidad durante todo el d\u00eda. Parte superior Estilo: Cuello en Y Ajuste: Corte moderno (ligeramente m\u00e1s [&hellip;]<\/p>\n","protected":false},"featured_media":56984,"comment_status":"open","ping_status":"closed","template":"","meta":[],"product_brand":[349],"product_cat":[715,722,307,299,298,535],"product_tag":[660,725,727],"class_list":{"0":"post-50341","1":"product","2":"type-product","3":"status-publish","4":"has-post-thumbnail","6":"product_brand-uniformes-naturales","7":"product_cat-relaxed-fit","8":"product_cat-stretch","9":"product_cat-scrub-sets","10":"product_cat-best-seller","11":"product_cat-mujer","12":"product_cat-pijama-quirurgico","13":"product_tag-premium-stretch","14":"product_tag-scrub-set","15":"product_tag-women","16":"pa_color-azul-marino-verdadero","17":"pa_color-azul-real-verdadero","18":"pa_color-blanca","19":"pa_color-borgona","20":"pa_color-burgundy","21":"pa_color-carbon","22":"pa_color-ceil-blue","23":"pa_color-charcoal","24":"pa_color-gris","25":"pa_color-hot-pink","26":"pa_color-hunter-green","27":"pa_color-negra","28":"pa_color-red","30":"pa_color-roja","31":"pa_color-rosa-fuerte","32":"pa_color-teal","33":"pa_color-techo-azul","34":"pa_color-true-navy-blue","35":"pa_color-true-royal-blue","36":"pa_color-verde-azulado","37":"pa_color-verde-cazador","38":"pa_size-2x","39":"pa_size-3x","40":"pa_size-l","41":"pa_size-m","42":"pa_size-s","43":"pa_size-xl","44":"pa_size-xs","46":"first","47":"instock","48":"purchasable","49":"product-type-variable"},"yoast_head":"<!-- This site is optimized with the Yoast SEO plugin v27.4 - https:\/\/yoast.com\/product\/yoast-seo-wordpress\/ -->\n<title>CONJUNTO M\u00c9DICO ULTRASUAVE EL\u00c1STICO DE CUELLO CA\u00cdDO CON DOS BOLSILLOS (ESTILO N.\u00ba 8200SET) - Natural Uniforms Wholesale<\/title>\n<meta name=\"robots\" content=\"index, follow, max-snippet:-1, max-image-preview:large, max-video-preview:-1\" \/>\n<link rel=\"canonical\" href=\"https:\/\/nuniformswholesale.com\/es\/producto\/conjunto-medico-ultrasuave-elastico-de-cuello-caido-con-dos-bolsillos-estilo-n-8200set\/\" \/>\n<meta property=\"og:locale\" content=\"es_ES\" \/>\n<meta property=\"og:type\" content=\"article\" \/>\n<meta property=\"og:title\" content=\"CONJUNTO M\u00c9DICO ULTRASUAVE EL\u00c1STICO DE CUELLO CA\u00cdDO CON DOS BOLSILLOS (ESTILO N.\u00ba 8200SET) - Natural Uniforms Wholesale\" \/>\n<meta property=\"og:description\" content=\"Aspectos destacados del producto: Material Composici\u00f3n de la tela: 77 % poli\u00e9ster, 20 % ray\u00f3n, 3 % elastano Instrucciones de cuidado: Lavar a m\u00e1quina solo con agua fr\u00eda. Caracter\u00edsticas: Tejido s\u00faper suave, el\u00e1stico y de f\u00e1cil cuidado para mayor comodidad durante todo el d\u00eda. Parte superior Estilo: Cuello en Y Ajuste: Corte moderno (ligeramente m\u00e1s [&hellip;]\" \/>\n<meta property=\"og:url\" content=\"https:\/\/nuniformswholesale.com\/es\/producto\/conjunto-medico-ultrasuave-elastico-de-cuello-caido-con-dos-bolsillos-estilo-n-8200set\/\" \/>\n<meta property=\"og:site_name\" content=\"Natural Uniforms Wholesale\" \/>\n<meta property=\"article:modified_time\" content=\"2026-04-14T08:48:22+00:00\" \/>\n<meta property=\"og:image\" content=\"https:\/\/nuniformswholesale.com\/wp-content\/uploads\/2025\/07\/8200__front-view_1_woman_NU_085.jpg\" \/>\n\t<meta property=\"og:image:width\" content=\"800\" \/>\n\t<meta property=\"og:image:height\" content=\"800\" \/>\n\t<meta property=\"og:image:type\" content=\"image\/jpeg\" \/>\n<meta name=\"twitter:card\" content=\"summary_large_image\" \/>\n<meta name=\"twitter:label1\" content=\"Tiempo de lectura\" \/>\n\t<meta name=\"twitter:data1\" content=\"1 minuto\" \/>\n<script type=\"application\/ld+json\" class=\"yoast-schema-graph\">{\"@context\":\"https:\\\/\\\/schema.org\",\"@graph\":[{\"@type\":\"WebPage\",\"@id\":\"https:\\\/\\\/nuniformswholesale.com\\\/es\\\/producto\\\/conjunto-medico-ultrasuave-elastico-de-cuello-caido-con-dos-bolsillos-estilo-n-8200set\\\/\",\"url\":\"https:\\\/\\\/nuniformswholesale.com\\\/es\\\/producto\\\/conjunto-medico-ultrasuave-elastico-de-cuello-caido-con-dos-bolsillos-estilo-n-8200set\\\/\",\"name\":\"CONJUNTO M\u00c9DICO ULTRASUAVE EL\u00c1STICO DE CUELLO CA\u00cdDO CON DOS BOLSILLOS (ESTILO N.\u00ba 8200SET) - Natural Uniforms Wholesale\",\"isPartOf\":{\"@id\":\"https:\\\/\\\/nuniformswholesale.com\\\/es\\\/#website\"},\"primaryImageOfPage\":{\"@id\":\"https:\\\/\\\/nuniformswholesale.com\\\/es\\\/producto\\\/conjunto-medico-ultrasuave-elastico-de-cuello-caido-con-dos-bolsillos-estilo-n-8200set\\\/#primaryimage\"},\"image\":{\"@id\":\"https:\\\/\\\/nuniformswholesale.com\\\/es\\\/producto\\\/conjunto-medico-ultrasuave-elastico-de-cuello-caido-con-dos-bolsillos-estilo-n-8200set\\\/#primaryimage\"},\"thumbnailUrl\":\"https:\\\/\\\/nuniformswholesale.com\\\/wp-content\\\/uploads\\\/2025\\\/07\\\/8200__front-view_1_woman_NU_085.jpg\",\"datePublished\":\"2025-07-29T21:49:07+00:00\",\"dateModified\":\"2026-04-14T08:48:22+00:00\",\"breadcrumb\":{\"@id\":\"https:\\\/\\\/nuniformswholesale.com\\\/es\\\/producto\\\/conjunto-medico-ultrasuave-elastico-de-cuello-caido-con-dos-bolsillos-estilo-n-8200set\\\/#breadcrumb\"},\"inLanguage\":\"es\",\"potentialAction\":[{\"@type\":\"ReadAction\",\"target\":[\"https:\\\/\\\/nuniformswholesale.com\\\/es\\\/producto\\\/conjunto-medico-ultrasuave-elastico-de-cuello-caido-con-dos-bolsillos-estilo-n-8200set\\\/\"]}]},{\"@type\":\"ImageObject\",\"inLanguage\":\"es\",\"@id\":\"https:\\\/\\\/nuniformswholesale.com\\\/es\\\/producto\\\/conjunto-medico-ultrasuave-elastico-de-cuello-caido-con-dos-bolsillos-estilo-n-8200set\\\/#primaryimage\",\"url\":\"https:\\\/\\\/nuniformswholesale.com\\\/wp-content\\\/uploads\\\/2025\\\/07\\\/8200__front-view_1_woman_NU_085.jpg\",\"contentUrl\":\"https:\\\/\\\/nuniformswholesale.com\\\/wp-content\\\/uploads\\\/2025\\\/07\\\/8200__front-view_1_woman_NU_085.jpg\",\"width\":800,\"height\":800},{\"@type\":\"BreadcrumbList\",\"@id\":\"https:\\\/\\\/nuniformswholesale.com\\\/es\\\/producto\\\/conjunto-medico-ultrasuave-elastico-de-cuello-caido-con-dos-bolsillos-estilo-n-8200set\\\/#breadcrumb\",\"itemListElement\":[{\"@type\":\"ListItem\",\"position\":1,\"name\":\"Home\",\"item\":\"https:\\\/\\\/nuniformswholesale.com\\\/es\\\/\"},{\"@type\":\"ListItem\",\"position\":2,\"name\":\"Our Products\",\"item\":\"https:\\\/\\\/nuniformswholesale.com\\\/our-products\\\/\"},{\"@type\":\"ListItem\",\"position\":3,\"name\":\"CONJUNTO M\u00c9DICO ULTRASUAVE EL\u00c1STICO DE CUELLO CA\u00cdDO CON DOS BOLSILLOS (ESTILO N.\u00ba 8200SET)\"}]},{\"@type\":\"WebSite\",\"@id\":\"https:\\\/\\\/nuniformswholesale.com\\\/es\\\/#website\",\"url\":\"https:\\\/\\\/nuniformswholesale.com\\\/es\\\/\",\"name\":\"Natural Uniforms\",\"description\":\"Natural Uniforms - Every Day Uniforms\",\"publisher\":{\"@id\":\"https:\\\/\\\/nuniformswholesale.com\\\/es\\\/#organization\"},\"alternateName\":\"Natural Uniforms\",\"potentialAction\":[{\"@type\":\"SearchAction\",\"target\":{\"@type\":\"EntryPoint\",\"urlTemplate\":\"https:\\\/\\\/nuniformswholesale.com\\\/es\\\/?s={search_term_string}\"},\"query-input\":{\"@type\":\"PropertyValueSpecification\",\"valueRequired\":true,\"valueName\":\"search_term_string\"}}],\"inLanguage\":\"es\"},{\"@type\":\"Organization\",\"@id\":\"https:\\\/\\\/nuniformswholesale.com\\\/es\\\/#organization\",\"name\":\"Natural Uniforms\",\"url\":\"https:\\\/\\\/nuniformswholesale.com\\\/es\\\/\",\"logo\":{\"@type\":\"ImageObject\",\"inLanguage\":\"es\",\"@id\":\"https:\\\/\\\/nuniformswholesale.com\\\/es\\\/#\\\/schema\\\/logo\\\/image\\\/\",\"url\":\"https:\\\/\\\/nuniformswholesale.com\\\/wp-content\\\/uploads\\\/2025\\\/08\\\/dsBuffer.bmp-2-1024x295-1-Photoroom.png\",\"contentUrl\":\"https:\\\/\\\/nuniformswholesale.com\\\/wp-content\\\/uploads\\\/2025\\\/08\\\/dsBuffer.bmp-2-1024x295-1-Photoroom.png\",\"width\":296,\"height\":85,\"caption\":\"Natural Uniforms\"},\"image\":{\"@id\":\"https:\\\/\\\/nuniformswholesale.com\\\/es\\\/#\\\/schema\\\/logo\\\/image\\\/\"}}]}<\/script>\n<!-- \/ Yoast SEO plugin. -->","yoast_head_json":{"title":"CONJUNTO M\u00c9DICO ULTRASUAVE EL\u00c1STICO DE CUELLO CA\u00cdDO CON DOS BOLSILLOS (ESTILO N.\u00ba 8200SET) - Natural Uniforms Wholesale","robots":{"index":"index","follow":"follow","max-snippet":"max-snippet:-1","max-image-preview":"max-image-preview:large","max-video-preview":"max-video-preview:-1"},"canonical":"https:\/\/nuniformswholesale.com\/es\/producto\/conjunto-medico-ultrasuave-elastico-de-cuello-caido-con-dos-bolsillos-estilo-n-8200set\/","og_locale":"es_ES","og_type":"article","og_title":"CONJUNTO M\u00c9DICO ULTRASUAVE EL\u00c1STICO DE CUELLO CA\u00cdDO CON DOS BOLSILLOS (ESTILO N.\u00ba 8200SET) - Natural Uniforms Wholesale","og_description":"Aspectos destacados del producto: Material Composici\u00f3n de la tela: 77 % poli\u00e9ster, 20 % ray\u00f3n, 3 % elastano Instrucciones de cuidado: Lavar a m\u00e1quina solo con agua fr\u00eda. Caracter\u00edsticas: Tejido s\u00faper suave, el\u00e1stico y de f\u00e1cil cuidado para mayor comodidad durante todo el d\u00eda. Parte superior Estilo: Cuello en Y Ajuste: Corte moderno (ligeramente m\u00e1s [&hellip;]","og_url":"https:\/\/nuniformswholesale.com\/es\/producto\/conjunto-medico-ultrasuave-elastico-de-cuello-caido-con-dos-bolsillos-estilo-n-8200set\/","og_site_name":"Natural Uniforms Wholesale","article_modified_time":"2026-04-14T08:48:22+00:00","og_image":[{"width":800,"height":800,"url":"https:\/\/nuniformswholesale.com\/wp-content\/uploads\/2025\/07\/8200__front-view_1_woman_NU_085.jpg","type":"image\/jpeg"}],"twitter_card":"summary_large_image","twitter_misc":{"Tiempo de lectura":"1 minuto"},"schema":{"@context":"https:\/\/schema.org","@graph":[{"@type":"WebPage","@id":"https:\/\/nuniformswholesale.com\/es\/producto\/conjunto-medico-ultrasuave-elastico-de-cuello-caido-con-dos-bolsillos-estilo-n-8200set\/","url":"https:\/\/nuniformswholesale.com\/es\/producto\/conjunto-medico-ultrasuave-elastico-de-cuello-caido-con-dos-bolsillos-estilo-n-8200set\/","name":"CONJUNTO M\u00c9DICO ULTRASUAVE EL\u00c1STICO DE CUELLO CA\u00cdDO CON DOS BOLSILLOS (ESTILO N.\u00ba 8200SET) - Natural Uniforms Wholesale","isPartOf":{"@id":"https:\/\/nuniformswholesale.com\/es\/#website"},"primaryImageOfPage":{"@id":"https:\/\/nuniformswholesale.com\/es\/producto\/conjunto-medico-ultrasuave-elastico-de-cuello-caido-con-dos-bolsillos-estilo-n-8200set\/#primaryimage"},"image":{"@id":"https:\/\/nuniformswholesale.com\/es\/producto\/conjunto-medico-ultrasuave-elastico-de-cuello-caido-con-dos-bolsillos-estilo-n-8200set\/#primaryimage"},"thumbnailUrl":"https:\/\/nuniformswholesale.com\/wp-content\/uploads\/2025\/07\/8200__front-view_1_woman_NU_085.jpg","datePublished":"2025-07-29T21:49:07+00:00","dateModified":"2026-04-14T08:48:22+00:00","breadcrumb":{"@id":"https:\/\/nuniformswholesale.com\/es\/producto\/conjunto-medico-ultrasuave-elastico-de-cuello-caido-con-dos-bolsillos-estilo-n-8200set\/#breadcrumb"},"inLanguage":"es","potentialAction":[{"@type":"ReadAction","target":["https:\/\/nuniformswholesale.com\/es\/producto\/conjunto-medico-ultrasuave-elastico-de-cuello-caido-con-dos-bolsillos-estilo-n-8200set\/"]}]},{"@type":"ImageObject","inLanguage":"es","@id":"https:\/\/nuniformswholesale.com\/es\/producto\/conjunto-medico-ultrasuave-elastico-de-cuello-caido-con-dos-bolsillos-estilo-n-8200set\/#primaryimage","url":"https:\/\/nuniformswholesale.com\/wp-content\/uploads\/2025\/07\/8200__front-view_1_woman_NU_085.jpg","contentUrl":"https:\/\/nuniformswholesale.com\/wp-content\/uploads\/2025\/07\/8200__front-view_1_woman_NU_085.jpg","width":800,"height":800},{"@type":"BreadcrumbList","@id":"https:\/\/nuniformswholesale.com\/es\/producto\/conjunto-medico-ultrasuave-elastico-de-cuello-caido-con-dos-bolsillos-estilo-n-8200set\/#breadcrumb","itemListElement":[{"@type":"ListItem","position":1,"name":"Home","item":"https:\/\/nuniformswholesale.com\/es\/"},{"@type":"ListItem","position":2,"name":"Our Products","item":"https:\/\/nuniformswholesale.com\/our-products\/"},{"@type":"ListItem","position":3,"name":"CONJUNTO M\u00c9DICO ULTRASUAVE EL\u00c1STICO DE CUELLO CA\u00cdDO CON DOS BOLSILLOS (ESTILO N.\u00ba 8200SET)"}]},{"@type":"WebSite","@id":"https:\/\/nuniformswholesale.com\/es\/#website","url":"https:\/\/nuniformswholesale.com\/es\/","name":"Natural Uniforms","description":"Natural Uniforms - Every Day Uniforms","publisher":{"@id":"https:\/\/nuniformswholesale.com\/es\/#organization"},"alternateName":"Natural Uniforms","potentialAction":[{"@type":"SearchAction","target":{"@type":"EntryPoint","urlTemplate":"https:\/\/nuniformswholesale.com\/es\/?s={search_term_string}"},"query-input":{"@type":"PropertyValueSpecification","valueRequired":true,"valueName":"search_term_string"}}],"inLanguage":"es"},{"@type":"Organization","@id":"https:\/\/nuniformswholesale.com\/es\/#organization","name":"Natural Uniforms","url":"https:\/\/nuniformswholesale.com\/es\/","logo":{"@type":"ImageObject","inLanguage":"es","@id":"https:\/\/nuniformswholesale.com\/es\/#\/schema\/logo\/image\/","url":"https:\/\/nuniformswholesale.com\/wp-content\/uploads\/2025\/08\/dsBuffer.bmp-2-1024x295-1-Photoroom.png","contentUrl":"https:\/\/nuniformswholesale.com\/wp-content\/uploads\/2025\/08\/dsBuffer.bmp-2-1024x295-1-Photoroom.png","width":296,"height":85,"caption":"Natural Uniforms"},"image":{"@id":"https:\/\/nuniformswholesale.com\/es\/#\/schema\/logo\/image\/"}}]}},"_links":{"self":[{"href":"https:\/\/nuniformswholesale.com\/es\/wp-json\/wp\/v2\/product\/50341","targetHints":{"allow":["GET"]}}],"collection":[{"href":"https:\/\/nuniformswholesale.com\/es\/wp-json\/wp\/v2\/product"}],"about":[{"href":"https:\/\/nuniformswholesale.com\/es\/wp-json\/wp\/v2\/types\/product"}],"replies":[{"embeddable":true,"href":"https:\/\/nuniformswholesale.com\/es\/wp-json\/wp\/v2\/comments?post=50341"}],"wp:featuredmedia":[{"embeddable":true,"href":"https:\/\/nuniformswholesale.com\/es\/wp-json\/wp\/v2\/media\/56984"}],"wp:attachment":[{"href":"https:\/\/nuniformswholesale.com\/es\/wp-json\/wp\/v2\/media?parent=50341"}],"wp:term":[{"taxonomy":"product_brand","embeddable":true,"href":"https:\/\/nuniformswholesale.com\/es\/wp-json\/wp\/v2\/product_brand?post=50341"},{"taxonomy":"product_cat","embeddable":true,"href":"https:\/\/nuniformswholesale.com\/es\/wp-json\/wp\/v2\/product_cat?post=50341"},{"taxonomy":"product_tag","embeddable":true,"href":"https:\/\/nuniformswholesale.com\/es\/wp-json\/wp\/v2\/product_tag?post=50341"}],"curies":[{"name":"wp","href":"https:\/\/api.w.org\/{rel}","templated":true}]}}