{"id":51180,"date":"2025-07-18T16:27:45","date_gmt":"2025-07-19T00:27:45","guid":{"rendered":"https:\/\/nuniforms.provisdemo.com\/product\/conjunto-medico-esencial-para-mujer-con-jogger-elastico-y-fresco-estilo-n-8533set\/"},"modified":"2026-04-14T00:48:06","modified_gmt":"2026-04-14T08:48:06","slug":"conjunto-medico-esencial-para-mujer-con-jogger-elastico-y-fresco-estilo-n-8533set","status":"publish","type":"product","link":"https:\/\/nuniformswholesale.com\/es\/producto\/conjunto-medico-esencial-para-mujer-con-jogger-elastico-y-fresco-estilo-n-8533set\/","title":{"rendered":"CONJUNTO M\u00e9DICO ESENCIAL PARA MUJER, CON JOGGER EL\u00e1STICO Y FRESCO (ESTILO N.\u00b0 8533SET)"},"content":{"rendered":"<p><strong>Aspectos destacados del producto:<\/strong><\/p>\n<p><strong>Disponible en tama\u00f1os petite y regular<\/strong><\/p>\n<p><strong data-start=\"162\" data-end=\"175\">Material:<\/strong><\/p>\n<ul data-start=\"178\" data-end=\"339\">\n<li data-start=\"178\" data-end=\"207\">93% poli\u00e9ster, 7% elastano<\/li>\n<li data-start=\"208\" data-end=\"260\">Tejido ligero, transpirable y que absorbe la humedad.<\/li>\n<li data-start=\"261\" data-end=\"308\">Super suave y el\u00e1stica para comodidad durante todo el d\u00eda.<\/li>\n<li data-start=\"309\" data-end=\"339\">F\u00e1cil cuidado (lavable a m\u00e1quina)<\/li>\n<\/ul>\n<p data-start=\"346\" data-end=\"358\"><strong data-start=\"350\" data-end=\"358\">Arriba:<\/strong><\/p>\n<ul data-start=\"359\" data-end=\"544\">\n<li data-start=\"359\" data-end=\"390\">Estilo: Cuello en V, manga corta.<\/li>\n<li data-start=\"391\" data-end=\"544\">Caracter\u00edsticas funcionales:\n<ul data-start=\"418\" data-end=\"544\">\n<li data-start=\"418\" data-end=\"443\">2 bolsillos delanteros inferiores<\/li>\n<li data-start=\"446\" data-end=\"463\">Bucle para tarjeta de identificaci\u00f3n<\/li>\n<li data-start=\"466\" data-end=\"508\">Costura de doble aguja para mayor durabilidad.<\/li>\n<li data-start=\"511\" data-end=\"544\">Ventilaciones laterales para mayor movilidad.<\/li>\n<\/ul>\n<\/li>\n<\/ul>\n<p data-start=\"551\" data-end=\"565\"><strong data-start=\"555\" data-end=\"565\">Pantalones:<\/strong><\/p>\n<ul data-start=\"566\" data-end=\"753\">\n<li data-start=\"566\" data-end=\"592\">Estilo: Jogger de tiro medio<\/li>\n<li data-start=\"593\" data-end=\"648\">Cintura: Cintura el\u00e1stica con cord\u00f3n ajustable.<\/li>\n<li data-start=\"649\" data-end=\"676\">Pu\u00f1os: Pu\u00f1os de tobillo tejidos<\/li>\n<li data-start=\"677\" data-end=\"753\">Bolsillos:\n<ul data-start=\"692\" data-end=\"753\">\n<li data-start=\"692\" data-end=\"710\">2 bolsillos laterales<\/li>\n<li data-start=\"713\" data-end=\"732\">2 bolsillos cargo<\/li>\n<li data-start=\"735\" data-end=\"753\">2 bolsillos traseros<\/li>\n<\/ul>\n<\/li>\n<\/ul>\n","protected":false},"excerpt":{"rendered":"<p>Aspectos destacados del producto: Disponible en tama\u00f1os petite y regular Material: 93% poli\u00e9ster, 7% elastano Tejido ligero, transpirable y que absorbe la humedad. Super suave y el\u00e1stica para comodidad durante todo el d\u00eda. F\u00e1cil cuidado (lavable a m\u00e1quina) Arriba: Estilo: Cuello en V, manga corta. Caracter\u00edsticas funcionales: 2 bolsillos delanteros inferiores Bucle para tarjeta de [&hellip;]<\/p>\n","protected":false},"featured_media":55417,"comment_status":"open","ping_status":"closed","template":"","meta":[],"product_brand":[],"product_cat":[722,307,299,298,714,535],"product_tag":[622,351,625,618,380,617,620,624,621,731,738,661,730,726,728,729,732,736,727],"class_list":{"0":"post-51180","1":"product","2":"type-product","3":"status-publish","4":"has-post-thumbnail","6":"product_cat-stretch","7":"product_cat-scrub-sets","8":"product_cat-best-seller","9":"product_cat-mujer","10":"product_cat-joggers","11":"product_cat-pijama-quirurgico","12":"product_tag-black","13":"product_tag-burgundy","14":"product_tag-ceil-blue","15":"product_tag-charcoal","16":"product_tag-coral","17":"product_tag-eggplant","18":"product_tag-heather-grey","19":"product_tag-hot-pink","20":"product_tag-lavender","21":"product_tag-olive","22":"product_tag-red","23":"product_tag-stretch","24":"product_tag-teal","25":"product_tag-true-hunter-green","26":"product_tag-true-navy-blue","27":"product_tag-true-royal-blue","28":"product_tag-water-blue","29":"product_tag-white","30":"product_tag-women","31":"pa_color-aceituna","32":"pa_color-azul-marino-verdadero","33":"pa_color-azul-real-verdadero","34":"pa_color-berenjena","35":"pa_color-borgona","36":"pa_color-carbon","37":"pa_color-coral","38":"pa_color-gris-brezo","39":"pa_color-lavanda","40":"pa_color-negra","41":"pa_color-red","42":"pa_color-roja","43":"pa_color-rosa-fuerte","44":"pa_color-techo-azul","45":"pa_color-verde-azulado","46":"pa_color-verde-cazador-verde","47":"pa_size-2x","48":"pa_size-2x-pequena","49":"pa_size-3x","50":"pa_size-3x-pequena","51":"pa_size-l","52":"pa_size-l-petite","53":"pa_size-m","54":"pa_size-m-petite","55":"pa_size-s","56":"pa_size-s-petite","57":"pa_size-xl","58":"pa_size-xl-petite","59":"pa_size-xs","60":"pa_size-xs-petite","62":"first","63":"instock","64":"purchasable","65":"product-type-variable"},"yoast_head":"<!-- This site is optimized with the Yoast SEO plugin v27.4 - https:\/\/yoast.com\/product\/yoast-seo-wordpress\/ -->\n<title>Conjunto m\u00e9dico esencial para mujer, con jogger el\u00e1stico y fresco (estilo n.\u00b0 8533SET) - Natural Uniforms Wholesale<\/title>\n<meta name=\"robots\" content=\"index, follow, max-snippet:-1, max-image-preview:large, max-video-preview:-1\" \/>\n<link rel=\"canonical\" href=\"https:\/\/nuniformswholesale.com\/es\/producto\/conjunto-medico-esencial-para-mujer-con-jogger-elastico-y-fresco-estilo-n-8533set\/\" \/>\n<meta property=\"og:locale\" content=\"es_ES\" \/>\n<meta property=\"og:type\" content=\"article\" \/>\n<meta property=\"og:title\" content=\"Conjunto m\u00e9dico esencial para mujer, con jogger el\u00e1stico y fresco (estilo n.\u00b0 8533SET) - Natural Uniforms Wholesale\" \/>\n<meta property=\"og:description\" content=\"Aspectos destacados del producto: Disponible en tama\u00f1os petite y regular Material: 93% poli\u00e9ster, 7% elastano Tejido ligero, transpirable y que absorbe la humedad. Super suave y el\u00e1stica para comodidad durante todo el d\u00eda. F\u00e1cil cuidado (lavable a m\u00e1quina) Arriba: Estilo: Cuello en V, manga corta. Caracter\u00edsticas funcionales: 2 bolsillos delanteros inferiores Bucle para tarjeta de [&hellip;]\" \/>\n<meta property=\"og:url\" content=\"https:\/\/nuniformswholesale.com\/es\/producto\/conjunto-medico-esencial-para-mujer-con-jogger-elastico-y-fresco-estilo-n-8533set\/\" \/>\n<meta property=\"og:site_name\" content=\"Natural Uniforms Wholesale\" \/>\n<meta property=\"article:modified_time\" content=\"2026-04-14T08:48:06+00:00\" \/>\n<meta property=\"og:image\" content=\"https:\/\/nuniformswholesale.com\/wp-content\/uploads\/2025\/07\/8533_front-view_1_woman_Black.jpg\" \/>\n\t<meta property=\"og:image:width\" content=\"800\" \/>\n\t<meta property=\"og:image:height\" content=\"800\" \/>\n\t<meta property=\"og:image:type\" content=\"image\/jpeg\" \/>\n<meta name=\"twitter:card\" content=\"summary_large_image\" \/>\n<meta name=\"twitter:label1\" content=\"Tiempo de lectura\" \/>\n\t<meta name=\"twitter:data1\" content=\"1 minuto\" \/>\n<script type=\"application\/ld+json\" class=\"yoast-schema-graph\">{\"@context\":\"https:\\\/\\\/schema.org\",\"@graph\":[{\"@type\":\"WebPage\",\"@id\":\"https:\\\/\\\/nuniformswholesale.com\\\/es\\\/producto\\\/conjunto-medico-esencial-para-mujer-con-jogger-elastico-y-fresco-estilo-n-8533set\\\/\",\"url\":\"https:\\\/\\\/nuniformswholesale.com\\\/es\\\/producto\\\/conjunto-medico-esencial-para-mujer-con-jogger-elastico-y-fresco-estilo-n-8533set\\\/\",\"name\":\"Conjunto m\u00e9dico esencial para mujer, con jogger el\u00e1stico y fresco (estilo n.\u00b0 8533SET) - Natural Uniforms Wholesale\",\"isPartOf\":{\"@id\":\"https:\\\/\\\/nuniformswholesale.com\\\/es\\\/#website\"},\"primaryImageOfPage\":{\"@id\":\"https:\\\/\\\/nuniformswholesale.com\\\/es\\\/producto\\\/conjunto-medico-esencial-para-mujer-con-jogger-elastico-y-fresco-estilo-n-8533set\\\/#primaryimage\"},\"image\":{\"@id\":\"https:\\\/\\\/nuniformswholesale.com\\\/es\\\/producto\\\/conjunto-medico-esencial-para-mujer-con-jogger-elastico-y-fresco-estilo-n-8533set\\\/#primaryimage\"},\"thumbnailUrl\":\"https:\\\/\\\/nuniformswholesale.com\\\/wp-content\\\/uploads\\\/2025\\\/07\\\/8533_front-view_1_woman_Black.jpg\",\"datePublished\":\"2025-07-19T00:27:45+00:00\",\"dateModified\":\"2026-04-14T08:48:06+00:00\",\"breadcrumb\":{\"@id\":\"https:\\\/\\\/nuniformswholesale.com\\\/es\\\/producto\\\/conjunto-medico-esencial-para-mujer-con-jogger-elastico-y-fresco-estilo-n-8533set\\\/#breadcrumb\"},\"inLanguage\":\"es\",\"potentialAction\":[{\"@type\":\"ReadAction\",\"target\":[\"https:\\\/\\\/nuniformswholesale.com\\\/es\\\/producto\\\/conjunto-medico-esencial-para-mujer-con-jogger-elastico-y-fresco-estilo-n-8533set\\\/\"]}]},{\"@type\":\"ImageObject\",\"inLanguage\":\"es\",\"@id\":\"https:\\\/\\\/nuniformswholesale.com\\\/es\\\/producto\\\/conjunto-medico-esencial-para-mujer-con-jogger-elastico-y-fresco-estilo-n-8533set\\\/#primaryimage\",\"url\":\"https:\\\/\\\/nuniformswholesale.com\\\/wp-content\\\/uploads\\\/2025\\\/07\\\/8533_front-view_1_woman_Black.jpg\",\"contentUrl\":\"https:\\\/\\\/nuniformswholesale.com\\\/wp-content\\\/uploads\\\/2025\\\/07\\\/8533_front-view_1_woman_Black.jpg\",\"width\":800,\"height\":800},{\"@type\":\"BreadcrumbList\",\"@id\":\"https:\\\/\\\/nuniformswholesale.com\\\/es\\\/producto\\\/conjunto-medico-esencial-para-mujer-con-jogger-elastico-y-fresco-estilo-n-8533set\\\/#breadcrumb\",\"itemListElement\":[{\"@type\":\"ListItem\",\"position\":1,\"name\":\"Home\",\"item\":\"https:\\\/\\\/nuniformswholesale.com\\\/es\\\/\"},{\"@type\":\"ListItem\",\"position\":2,\"name\":\"Our Products\",\"item\":\"https:\\\/\\\/nuniformswholesale.com\\\/our-products\\\/\"},{\"@type\":\"ListItem\",\"position\":3,\"name\":\"CONJUNTO M\u00e9DICO ESENCIAL PARA MUJER, CON JOGGER EL\u00e1STICO Y FRESCO (ESTILO N.\u00b0 8533SET)\"}]},{\"@type\":\"WebSite\",\"@id\":\"https:\\\/\\\/nuniformswholesale.com\\\/es\\\/#website\",\"url\":\"https:\\\/\\\/nuniformswholesale.com\\\/es\\\/\",\"name\":\"Natural Uniforms\",\"description\":\"Natural Uniforms - Every Day Uniforms\",\"publisher\":{\"@id\":\"https:\\\/\\\/nuniformswholesale.com\\\/es\\\/#organization\"},\"alternateName\":\"Natural Uniforms\",\"potentialAction\":[{\"@type\":\"SearchAction\",\"target\":{\"@type\":\"EntryPoint\",\"urlTemplate\":\"https:\\\/\\\/nuniformswholesale.com\\\/es\\\/?s={search_term_string}\"},\"query-input\":{\"@type\":\"PropertyValueSpecification\",\"valueRequired\":true,\"valueName\":\"search_term_string\"}}],\"inLanguage\":\"es\"},{\"@type\":\"Organization\",\"@id\":\"https:\\\/\\\/nuniformswholesale.com\\\/es\\\/#organization\",\"name\":\"Natural Uniforms\",\"url\":\"https:\\\/\\\/nuniformswholesale.com\\\/es\\\/\",\"logo\":{\"@type\":\"ImageObject\",\"inLanguage\":\"es\",\"@id\":\"https:\\\/\\\/nuniformswholesale.com\\\/es\\\/#\\\/schema\\\/logo\\\/image\\\/\",\"url\":\"https:\\\/\\\/nuniformswholesale.com\\\/wp-content\\\/uploads\\\/2025\\\/08\\\/dsBuffer.bmp-2-1024x295-1-Photoroom.png\",\"contentUrl\":\"https:\\\/\\\/nuniformswholesale.com\\\/wp-content\\\/uploads\\\/2025\\\/08\\\/dsBuffer.bmp-2-1024x295-1-Photoroom.png\",\"width\":296,\"height\":85,\"caption\":\"Natural Uniforms\"},\"image\":{\"@id\":\"https:\\\/\\\/nuniformswholesale.com\\\/es\\\/#\\\/schema\\\/logo\\\/image\\\/\"}}]}<\/script>\n<!-- \/ Yoast SEO plugin. -->","yoast_head_json":{"title":"Conjunto m\u00e9dico esencial para mujer, con jogger el\u00e1stico y fresco (estilo n.\u00b0 8533SET) - Natural Uniforms Wholesale","robots":{"index":"index","follow":"follow","max-snippet":"max-snippet:-1","max-image-preview":"max-image-preview:large","max-video-preview":"max-video-preview:-1"},"canonical":"https:\/\/nuniformswholesale.com\/es\/producto\/conjunto-medico-esencial-para-mujer-con-jogger-elastico-y-fresco-estilo-n-8533set\/","og_locale":"es_ES","og_type":"article","og_title":"Conjunto m\u00e9dico esencial para mujer, con jogger el\u00e1stico y fresco (estilo n.\u00b0 8533SET) - Natural Uniforms Wholesale","og_description":"Aspectos destacados del producto: Disponible en tama\u00f1os petite y regular Material: 93% poli\u00e9ster, 7% elastano Tejido ligero, transpirable y que absorbe la humedad. Super suave y el\u00e1stica para comodidad durante todo el d\u00eda. F\u00e1cil cuidado (lavable a m\u00e1quina) Arriba: Estilo: Cuello en V, manga corta. Caracter\u00edsticas funcionales: 2 bolsillos delanteros inferiores Bucle para tarjeta de [&hellip;]","og_url":"https:\/\/nuniformswholesale.com\/es\/producto\/conjunto-medico-esencial-para-mujer-con-jogger-elastico-y-fresco-estilo-n-8533set\/","og_site_name":"Natural Uniforms Wholesale","article_modified_time":"2026-04-14T08:48:06+00:00","og_image":[{"width":800,"height":800,"url":"https:\/\/nuniformswholesale.com\/wp-content\/uploads\/2025\/07\/8533_front-view_1_woman_Black.jpg","type":"image\/jpeg"}],"twitter_card":"summary_large_image","twitter_misc":{"Tiempo de lectura":"1 minuto"},"schema":{"@context":"https:\/\/schema.org","@graph":[{"@type":"WebPage","@id":"https:\/\/nuniformswholesale.com\/es\/producto\/conjunto-medico-esencial-para-mujer-con-jogger-elastico-y-fresco-estilo-n-8533set\/","url":"https:\/\/nuniformswholesale.com\/es\/producto\/conjunto-medico-esencial-para-mujer-con-jogger-elastico-y-fresco-estilo-n-8533set\/","name":"Conjunto m\u00e9dico esencial para mujer, con jogger el\u00e1stico y fresco (estilo n.\u00b0 8533SET) - Natural Uniforms Wholesale","isPartOf":{"@id":"https:\/\/nuniformswholesale.com\/es\/#website"},"primaryImageOfPage":{"@id":"https:\/\/nuniformswholesale.com\/es\/producto\/conjunto-medico-esencial-para-mujer-con-jogger-elastico-y-fresco-estilo-n-8533set\/#primaryimage"},"image":{"@id":"https:\/\/nuniformswholesale.com\/es\/producto\/conjunto-medico-esencial-para-mujer-con-jogger-elastico-y-fresco-estilo-n-8533set\/#primaryimage"},"thumbnailUrl":"https:\/\/nuniformswholesale.com\/wp-content\/uploads\/2025\/07\/8533_front-view_1_woman_Black.jpg","datePublished":"2025-07-19T00:27:45+00:00","dateModified":"2026-04-14T08:48:06+00:00","breadcrumb":{"@id":"https:\/\/nuniformswholesale.com\/es\/producto\/conjunto-medico-esencial-para-mujer-con-jogger-elastico-y-fresco-estilo-n-8533set\/#breadcrumb"},"inLanguage":"es","potentialAction":[{"@type":"ReadAction","target":["https:\/\/nuniformswholesale.com\/es\/producto\/conjunto-medico-esencial-para-mujer-con-jogger-elastico-y-fresco-estilo-n-8533set\/"]}]},{"@type":"ImageObject","inLanguage":"es","@id":"https:\/\/nuniformswholesale.com\/es\/producto\/conjunto-medico-esencial-para-mujer-con-jogger-elastico-y-fresco-estilo-n-8533set\/#primaryimage","url":"https:\/\/nuniformswholesale.com\/wp-content\/uploads\/2025\/07\/8533_front-view_1_woman_Black.jpg","contentUrl":"https:\/\/nuniformswholesale.com\/wp-content\/uploads\/2025\/07\/8533_front-view_1_woman_Black.jpg","width":800,"height":800},{"@type":"BreadcrumbList","@id":"https:\/\/nuniformswholesale.com\/es\/producto\/conjunto-medico-esencial-para-mujer-con-jogger-elastico-y-fresco-estilo-n-8533set\/#breadcrumb","itemListElement":[{"@type":"ListItem","position":1,"name":"Home","item":"https:\/\/nuniformswholesale.com\/es\/"},{"@type":"ListItem","position":2,"name":"Our Products","item":"https:\/\/nuniformswholesale.com\/our-products\/"},{"@type":"ListItem","position":3,"name":"CONJUNTO M\u00e9DICO ESENCIAL PARA MUJER, CON JOGGER EL\u00e1STICO Y FRESCO (ESTILO N.\u00b0 8533SET)"}]},{"@type":"WebSite","@id":"https:\/\/nuniformswholesale.com\/es\/#website","url":"https:\/\/nuniformswholesale.com\/es\/","name":"Natural Uniforms","description":"Natural Uniforms - Every Day Uniforms","publisher":{"@id":"https:\/\/nuniformswholesale.com\/es\/#organization"},"alternateName":"Natural Uniforms","potentialAction":[{"@type":"SearchAction","target":{"@type":"EntryPoint","urlTemplate":"https:\/\/nuniformswholesale.com\/es\/?s={search_term_string}"},"query-input":{"@type":"PropertyValueSpecification","valueRequired":true,"valueName":"search_term_string"}}],"inLanguage":"es"},{"@type":"Organization","@id":"https:\/\/nuniformswholesale.com\/es\/#organization","name":"Natural Uniforms","url":"https:\/\/nuniformswholesale.com\/es\/","logo":{"@type":"ImageObject","inLanguage":"es","@id":"https:\/\/nuniformswholesale.com\/es\/#\/schema\/logo\/image\/","url":"https:\/\/nuniformswholesale.com\/wp-content\/uploads\/2025\/08\/dsBuffer.bmp-2-1024x295-1-Photoroom.png","contentUrl":"https:\/\/nuniformswholesale.com\/wp-content\/uploads\/2025\/08\/dsBuffer.bmp-2-1024x295-1-Photoroom.png","width":296,"height":85,"caption":"Natural Uniforms"},"image":{"@id":"https:\/\/nuniformswholesale.com\/es\/#\/schema\/logo\/image\/"}}]}},"_links":{"self":[{"href":"https:\/\/nuniformswholesale.com\/es\/wp-json\/wp\/v2\/product\/51180","targetHints":{"allow":["GET"]}}],"collection":[{"href":"https:\/\/nuniformswholesale.com\/es\/wp-json\/wp\/v2\/product"}],"about":[{"href":"https:\/\/nuniformswholesale.com\/es\/wp-json\/wp\/v2\/types\/product"}],"replies":[{"embeddable":true,"href":"https:\/\/nuniformswholesale.com\/es\/wp-json\/wp\/v2\/comments?post=51180"}],"wp:featuredmedia":[{"embeddable":true,"href":"https:\/\/nuniformswholesale.com\/es\/wp-json\/wp\/v2\/media\/55417"}],"wp:attachment":[{"href":"https:\/\/nuniformswholesale.com\/es\/wp-json\/wp\/v2\/media?parent=51180"}],"wp:term":[{"taxonomy":"product_brand","embeddable":true,"href":"https:\/\/nuniformswholesale.com\/es\/wp-json\/wp\/v2\/product_brand?post=51180"},{"taxonomy":"product_cat","embeddable":true,"href":"https:\/\/nuniformswholesale.com\/es\/wp-json\/wp\/v2\/product_cat?post=51180"},{"taxonomy":"product_tag","embeddable":true,"href":"https:\/\/nuniformswholesale.com\/es\/wp-json\/wp\/v2\/product_tag?post=51180"}],"curies":[{"name":"wp","href":"https:\/\/api.w.org\/{rel}","templated":true}]}}