{"id":51461,"date":"2025-07-17T14:34:38","date_gmt":"2025-07-17T22:34:38","guid":{"rendered":"https:\/\/nuniforms.provisdemo.com\/product\/conjunto-medico-cargo-elastico-y-fresco-de-11-bolsillos-para-mujer-estilo-n-4888set\/"},"modified":"2026-04-14T00:50:19","modified_gmt":"2026-04-14T08:50:19","slug":"conjunto-medico-cargo-elastico-y-fresco-de-11-bolsillos-para-mujer-estilo-n-4888set","status":"publish","type":"product","link":"https:\/\/nuniformswholesale.com\/es\/producto\/conjunto-medico-cargo-elastico-y-fresco-de-11-bolsillos-para-mujer-estilo-n-4888set\/","title":{"rendered":"CONJUNTO M\u00c9DICO CARGO COOL STRETCH DE 11 BOLSILLOS PARA MUJER (ESTILO N.\u00ba 4888SET)"},"content":{"rendered":"<p><strong>Aspectos destacados del producto:<\/strong><\/p>\n<p><strong data-start=\"514\" data-end=\"531\">Tejido y ajuste:<\/strong><\/p>\n<ul data-start=\"532\" data-end=\"734\">\n<li data-start=\"532\" data-end=\"572\">Hecho de <strong data-start=\"542\" data-end=\"572\">93% poli\u00e9ster \/ 7% elastano<\/strong><\/li>\n<li data-start=\"573\" data-end=\"628\">Tejido transpirable, el\u00e1stico y con evacuaci\u00f3n de la humedad.<\/li>\n<li data-start=\"629\" data-end=\"663\">Dise\u00f1ado para comodidad d<strong data-start=\"644\" data-end=\"663\">urante todo el d\u00eda.<\/strong><\/li>\n<li data-start=\"664\" data-end=\"695\"><strong data-start=\"666\" data-end=\"686\">Tallas disponibles:<\/strong> XS a 3X<\/li>\n<li data-start=\"696\" data-end=\"734\">M\u00faltiples <strong data-start=\"707\" data-end=\"724\">opciones de color<\/strong> disponibles<\/li>\n<\/ul>\n<p><strong data-start=\"88\" data-end=\"105\">Caracter\u00edsticas principales:<\/strong><\/p>\n<ul data-start=\"106\" data-end=\"281\">\n<li data-start=\"106\" data-end=\"137\"><strong data-start=\"108\" data-end=\"137\">Cuello en V con mangas cortas<\/strong><\/li>\n<li data-start=\"138\" data-end=\"157\"><strong data-start=\"140\" data-end=\"157\">Bucle para tarjeta de identificaci\u00f3n<\/strong><\/li>\n<li data-start=\"158\" data-end=\"183\"><strong data-start=\"160\" data-end=\"183\">1 bolsillo de vivo en el pecho<\/strong><\/li>\n<li data-start=\"184\" data-end=\"217\"><strong data-start=\"186\" data-end=\"217\">2 bolsillos delanteros grandes en la parte inferior<\/strong><\/li>\n<li data-start=\"218\" data-end=\"281\">Aberturas laterales reforzadas para mayor durabilidad y facilidad de movimiento.<\/li>\n<\/ul>\n<p><strong data-start=\"287\" data-end=\"306\">Caracter\u00edsticas de los pantalones:<\/strong><\/p>\n<ul data-start=\"307\" data-end=\"508\">\n<li data-start=\"307\" data-end=\"357\">Cintura el\u00e1stica de tiro medio con cord\u00f3n.<\/li>\n<li data-start=\"358\" data-end=\"458\">7 bolsillos en total para mayor funcionalidad (incluye un bolsillo oculto para tijeras y un bolsillo de vivo sencillo)<\/li>\n<li data-start=\"459\" data-end=\"508\">Corte de pierna recta para una apariencia limpia y profesional.<\/li>\n<\/ul>\n","protected":false},"excerpt":{"rendered":"<p><strong>Aspectos destacados del producto:<\/strong><\/p>\n<p><strong data-start=\"88\" data-end=\"105\">Caracter\u00edsticas principales:<\/strong><\/p>\n<ul data-start=\"106\" data-end=\"281\">\n<li data-start=\"106\" data-end=\"137\"><strong data-start=\"108\" data-end=\"137\">Cuello en V con mangas cortas<\/strong><\/li>\n<li data-start=\"138\" data-end=\"157\"><strong data-start=\"140\" data-end=\"157\">Bucle para tarjeta de identificaci\u00f3n<\/strong><\/li>\n<li data-start=\"158\" data-end=\"183\"><strong data-start=\"160\" data-end=\"183\">1 bolsillo de vivo en el pecho<\/strong><\/li>\n<li data-start=\"184\" data-end=\"217\"><strong data-start=\"186\" data-end=\"217\">2 bolsillos delanteros grandes en la parte inferior<\/strong><\/li>\n<li data-start=\"218\" data-end=\"281\">Aberturas laterales reforzadas para mayor durabilidad y facilidad de movimiento.<\/li>\n<\/ul>\n<p><strong data-start=\"287\" data-end=\"306\">Caracter\u00edsticas de los pantalones:<\/strong><\/p>\n<ul data-start=\"307\" data-end=\"508\">\n<li data-start=\"307\" data-end=\"357\">Cintura el\u00e1stica de tiro medio con cord\u00f3n.<\/li>\n<li data-start=\"358\" data-end=\"458\">7 bolsillos en total para mayor funcionalidad (incluye un bolsillo oculto para tijeras y un bolsillo de vivo sencillo)<\/li>\n<li data-start=\"459\" data-end=\"508\">Corte de pierna recta para una apariencia limpia y profesional.<\/li>\n<\/ul>\n<p><strong data-start=\"514\" data-end=\"531\">Tejido y ajuste:<\/strong><\/p>\n<ul data-start=\"532\" data-end=\"734\">\n<li data-start=\"532\" data-end=\"572\">Hecho de <strong data-start=\"542\" data-end=\"572\">93% poli\u00e9ster \/ 7% elastano<\/strong><\/li>\n<li data-start=\"573\" data-end=\"628\">Tejido transpirable, el\u00e1stico y con evacuaci\u00f3n de la humedad.<\/li>\n<li data-start=\"629\" data-end=\"663\">Dise\u00f1ado para comodidad d<strong data-start=\"644\" data-end=\"663\">urante todo el d\u00eda.<\/strong><\/li>\n<li data-start=\"664\" data-end=\"695\"><strong data-start=\"666\" data-end=\"686\">Tallas disponibles:<\/strong> XS a 3X<\/li>\n<li data-start=\"696\" data-end=\"734\">M\u00faltiples <strong data-start=\"707\" data-end=\"724\">opciones de color<\/strong> disponibles<\/li>\n<\/ul>\n","protected":false},"featured_media":56923,"comment_status":"open","ping_status":"closed","template":"","meta":[],"product_brand":[450],"product_cat":[712,723,307,298,304,535],"product_tag":[427,358,359,622,351,625,618,380,617,620,624,623,621,731,738,428,725,661,730,726,728,729,356,727],"class_list":{"0":"post-51461","1":"product","2":"type-product","3":"status-publish","4":"has-post-thumbnail","6":"product_brand-exfoliantes-mm","7":"product_cat-cargo","8":"product_cat-premium-stretch","9":"product_cat-scrub-sets","10":"product_cat-mujer","11":"product_cat-new-arrivals","12":"product_cat-pijama-quirurgico","13":"product_tag-aceituna","14":"product_tag-azul-marino-verdadero","15":"product_tag-azul-real-intenso","16":"product_tag-black","17":"product_tag-burgundy","18":"product_tag-ceil-blue","19":"product_tag-charcoal","20":"product_tag-coral","21":"product_tag-eggplant","22":"product_tag-heather-grey","23":"product_tag-hot-pink","24":"product_tag-jogger","25":"product_tag-lavender","26":"product_tag-olive","27":"product_tag-red","28":"product_tag-roja","29":"product_tag-scrub-set","30":"product_tag-stretch","31":"product_tag-teal","32":"product_tag-true-hunter-green","33":"product_tag-true-navy-blue","34":"product_tag-true-royal-blue","35":"product_tag-verde-azulado","36":"product_tag-women","37":"pa_color-aceituna","38":"pa_color-azul-marino-verdadero","39":"pa_color-azul-real-verdadero","40":"pa_color-berenjena","41":"pa_color-black","42":"pa_color-borgona","43":"pa_color-burgundy","44":"pa_color-carbon","45":"pa_color-ceil-blue","46":"pa_color-charcoal","47":"pa_color-coral","48":"pa_color-gris-brezo","49":"pa_color-hot-pink","50":"pa_color-lavanda","51":"pa_color-red","52":"pa_color-rosa-fuerte","53":"pa_color-teal","54":"pa_color-techo-azul","55":"pa_color-true-hunter-green","56":"pa_color-true-navy-blue","57":"pa_color-true-royal-blue","58":"pa_color-verde-azulado","59":"pa_color-verde-cazador-verde","60":"pa_size-2x","61":"pa_size-3x","62":"pa_size-l","63":"pa_size-m","64":"pa_size-s","65":"pa_size-xl","66":"pa_size-xs","68":"first","69":"instock","70":"purchasable","71":"product-type-variable"},"yoast_head":"<!-- This site is optimized with the Yoast SEO plugin v27.4 - https:\/\/yoast.com\/product\/yoast-seo-wordpress\/ -->\n<title>CONJUNTO M\u00c9DICO CARGO COOL STRETCH DE 11 BOLSILLOS PARA MUJER (ESTILO N.\u00ba 4888SET) - Natural Uniforms Wholesale<\/title>\n<meta name=\"robots\" content=\"index, follow, max-snippet:-1, max-image-preview:large, max-video-preview:-1\" \/>\n<link rel=\"canonical\" href=\"https:\/\/nuniformswholesale.com\/es\/producto\/conjunto-medico-cargo-elastico-y-fresco-de-11-bolsillos-para-mujer-estilo-n-4888set\/\" \/>\n<meta property=\"og:locale\" content=\"es_ES\" \/>\n<meta property=\"og:type\" content=\"article\" \/>\n<meta property=\"og:title\" content=\"CONJUNTO M\u00c9DICO CARGO COOL STRETCH DE 11 BOLSILLOS PARA MUJER (ESTILO N.\u00ba 4888SET) - Natural Uniforms Wholesale\" \/>\n<meta property=\"og:description\" content=\"Aspectos destacados del producto:  Caracter\u00edsticas principales:   Cuello en V con mangas cortas  Bucle para tarjeta de identificaci\u00f3n  1 bolsillo de vivo en el pecho  2 bolsillos delanteros grandes en la parte inferior  Aberturas laterales reforzadas para mayor durabilidad y facilidad de movimiento.  Caracter\u00edsticas de los pantalones:   Cintura el\u00e1stica de tiro medio con cord\u00f3n.  7 bolsillos en total para mayor funcionalidad (incluye un bolsillo oculto para tijeras y un bolsillo de vivo sencillo)  Corte de pierna recta para una apariencia limpia y profesional.  Tejido y ajuste:   Hecho de 93% poli\u00e9ster \/ 7% elastano  Tejido transpirable, el\u00e1stico y con evacuaci\u00f3n de la humedad.  Dise\u00f1ado para comodidad durante todo el d\u00eda.  Tallas disponibles: XS a 3X  M\u00faltiples opciones de color disponibles\" \/>\n<meta property=\"og:url\" content=\"https:\/\/nuniformswholesale.com\/es\/producto\/conjunto-medico-cargo-elastico-y-fresco-de-11-bolsillos-para-mujer-estilo-n-4888set\/\" \/>\n<meta property=\"og:site_name\" content=\"Natural Uniforms Wholesale\" \/>\n<meta property=\"article:modified_time\" content=\"2026-04-14T08:50:19+00:00\" \/>\n<meta property=\"og:image\" content=\"https:\/\/nuniformswholesale.com\/wp-content\/uploads\/2025\/07\/4888_front-view_1_woman_TLB.jpg\" \/>\n\t<meta property=\"og:image:width\" content=\"800\" \/>\n\t<meta property=\"og:image:height\" content=\"800\" \/>\n\t<meta property=\"og:image:type\" content=\"image\/jpeg\" \/>\n<meta name=\"twitter:card\" content=\"summary_large_image\" \/>\n<meta name=\"twitter:label1\" content=\"Tiempo de lectura\" \/>\n\t<meta name=\"twitter:data1\" content=\"1 minuto\" \/>\n<script type=\"application\/ld+json\" class=\"yoast-schema-graph\">{\"@context\":\"https:\\\/\\\/schema.org\",\"@graph\":[{\"@type\":\"WebPage\",\"@id\":\"https:\\\/\\\/nuniformswholesale.com\\\/es\\\/producto\\\/conjunto-medico-cargo-elastico-y-fresco-de-11-bolsillos-para-mujer-estilo-n-4888set\\\/\",\"url\":\"https:\\\/\\\/nuniformswholesale.com\\\/es\\\/producto\\\/conjunto-medico-cargo-elastico-y-fresco-de-11-bolsillos-para-mujer-estilo-n-4888set\\\/\",\"name\":\"CONJUNTO M\u00c9DICO CARGO COOL STRETCH DE 11 BOLSILLOS PARA MUJER (ESTILO N.\u00ba 4888SET) - Natural Uniforms Wholesale\",\"isPartOf\":{\"@id\":\"https:\\\/\\\/nuniformswholesale.com\\\/es\\\/#website\"},\"primaryImageOfPage\":{\"@id\":\"https:\\\/\\\/nuniformswholesale.com\\\/es\\\/producto\\\/conjunto-medico-cargo-elastico-y-fresco-de-11-bolsillos-para-mujer-estilo-n-4888set\\\/#primaryimage\"},\"image\":{\"@id\":\"https:\\\/\\\/nuniformswholesale.com\\\/es\\\/producto\\\/conjunto-medico-cargo-elastico-y-fresco-de-11-bolsillos-para-mujer-estilo-n-4888set\\\/#primaryimage\"},\"thumbnailUrl\":\"https:\\\/\\\/nuniformswholesale.com\\\/wp-content\\\/uploads\\\/2025\\\/07\\\/4888_front-view_1_woman_TLB.jpg\",\"datePublished\":\"2025-07-17T22:34:38+00:00\",\"dateModified\":\"2026-04-14T08:50:19+00:00\",\"breadcrumb\":{\"@id\":\"https:\\\/\\\/nuniformswholesale.com\\\/es\\\/producto\\\/conjunto-medico-cargo-elastico-y-fresco-de-11-bolsillos-para-mujer-estilo-n-4888set\\\/#breadcrumb\"},\"inLanguage\":\"es\",\"potentialAction\":[{\"@type\":\"ReadAction\",\"target\":[\"https:\\\/\\\/nuniformswholesale.com\\\/es\\\/producto\\\/conjunto-medico-cargo-elastico-y-fresco-de-11-bolsillos-para-mujer-estilo-n-4888set\\\/\"]}]},{\"@type\":\"ImageObject\",\"inLanguage\":\"es\",\"@id\":\"https:\\\/\\\/nuniformswholesale.com\\\/es\\\/producto\\\/conjunto-medico-cargo-elastico-y-fresco-de-11-bolsillos-para-mujer-estilo-n-4888set\\\/#primaryimage\",\"url\":\"https:\\\/\\\/nuniformswholesale.com\\\/wp-content\\\/uploads\\\/2025\\\/07\\\/4888_front-view_1_woman_TLB.jpg\",\"contentUrl\":\"https:\\\/\\\/nuniformswholesale.com\\\/wp-content\\\/uploads\\\/2025\\\/07\\\/4888_front-view_1_woman_TLB.jpg\",\"width\":800,\"height\":800},{\"@type\":\"BreadcrumbList\",\"@id\":\"https:\\\/\\\/nuniformswholesale.com\\\/es\\\/producto\\\/conjunto-medico-cargo-elastico-y-fresco-de-11-bolsillos-para-mujer-estilo-n-4888set\\\/#breadcrumb\",\"itemListElement\":[{\"@type\":\"ListItem\",\"position\":1,\"name\":\"Home\",\"item\":\"https:\\\/\\\/nuniformswholesale.com\\\/es\\\/\"},{\"@type\":\"ListItem\",\"position\":2,\"name\":\"Our Products\",\"item\":\"https:\\\/\\\/nuniformswholesale.com\\\/our-products\\\/\"},{\"@type\":\"ListItem\",\"position\":3,\"name\":\"CONJUNTO M\u00c9DICO CARGO COOL STRETCH DE 11 BOLSILLOS PARA MUJER (ESTILO N.\u00ba 4888SET)\"}]},{\"@type\":\"WebSite\",\"@id\":\"https:\\\/\\\/nuniformswholesale.com\\\/es\\\/#website\",\"url\":\"https:\\\/\\\/nuniformswholesale.com\\\/es\\\/\",\"name\":\"Natural Uniforms\",\"description\":\"Natural Uniforms - Every Day Uniforms\",\"publisher\":{\"@id\":\"https:\\\/\\\/nuniformswholesale.com\\\/es\\\/#organization\"},\"alternateName\":\"Natural Uniforms\",\"potentialAction\":[{\"@type\":\"SearchAction\",\"target\":{\"@type\":\"EntryPoint\",\"urlTemplate\":\"https:\\\/\\\/nuniformswholesale.com\\\/es\\\/?s={search_term_string}\"},\"query-input\":{\"@type\":\"PropertyValueSpecification\",\"valueRequired\":true,\"valueName\":\"search_term_string\"}}],\"inLanguage\":\"es\"},{\"@type\":\"Organization\",\"@id\":\"https:\\\/\\\/nuniformswholesale.com\\\/es\\\/#organization\",\"name\":\"Natural Uniforms\",\"url\":\"https:\\\/\\\/nuniformswholesale.com\\\/es\\\/\",\"logo\":{\"@type\":\"ImageObject\",\"inLanguage\":\"es\",\"@id\":\"https:\\\/\\\/nuniformswholesale.com\\\/es\\\/#\\\/schema\\\/logo\\\/image\\\/\",\"url\":\"https:\\\/\\\/nuniformswholesale.com\\\/wp-content\\\/uploads\\\/2025\\\/08\\\/dsBuffer.bmp-2-1024x295-1-Photoroom.png\",\"contentUrl\":\"https:\\\/\\\/nuniformswholesale.com\\\/wp-content\\\/uploads\\\/2025\\\/08\\\/dsBuffer.bmp-2-1024x295-1-Photoroom.png\",\"width\":296,\"height\":85,\"caption\":\"Natural Uniforms\"},\"image\":{\"@id\":\"https:\\\/\\\/nuniformswholesale.com\\\/es\\\/#\\\/schema\\\/logo\\\/image\\\/\"}}]}<\/script>\n<!-- \/ Yoast SEO plugin. -->","yoast_head_json":{"title":"CONJUNTO M\u00c9DICO CARGO COOL STRETCH DE 11 BOLSILLOS PARA MUJER (ESTILO N.\u00ba 4888SET) - Natural Uniforms Wholesale","robots":{"index":"index","follow":"follow","max-snippet":"max-snippet:-1","max-image-preview":"max-image-preview:large","max-video-preview":"max-video-preview:-1"},"canonical":"https:\/\/nuniformswholesale.com\/es\/producto\/conjunto-medico-cargo-elastico-y-fresco-de-11-bolsillos-para-mujer-estilo-n-4888set\/","og_locale":"es_ES","og_type":"article","og_title":"CONJUNTO M\u00c9DICO CARGO COOL STRETCH DE 11 BOLSILLOS PARA MUJER (ESTILO N.\u00ba 4888SET) - Natural Uniforms Wholesale","og_description":"Aspectos destacados del producto:  Caracter\u00edsticas principales:   Cuello en V con mangas cortas  Bucle para tarjeta de identificaci\u00f3n  1 bolsillo de vivo en el pecho  2 bolsillos delanteros grandes en la parte inferior  Aberturas laterales reforzadas para mayor durabilidad y facilidad de movimiento.  Caracter\u00edsticas de los pantalones:   Cintura el\u00e1stica de tiro medio con cord\u00f3n.  7 bolsillos en total para mayor funcionalidad (incluye un bolsillo oculto para tijeras y un bolsillo de vivo sencillo)  Corte de pierna recta para una apariencia limpia y profesional.  Tejido y ajuste:   Hecho de 93% poli\u00e9ster \/ 7% elastano  Tejido transpirable, el\u00e1stico y con evacuaci\u00f3n de la humedad.  Dise\u00f1ado para comodidad durante todo el d\u00eda.  Tallas disponibles: XS a 3X  M\u00faltiples opciones de color disponibles","og_url":"https:\/\/nuniformswholesale.com\/es\/producto\/conjunto-medico-cargo-elastico-y-fresco-de-11-bolsillos-para-mujer-estilo-n-4888set\/","og_site_name":"Natural Uniforms Wholesale","article_modified_time":"2026-04-14T08:50:19+00:00","og_image":[{"width":800,"height":800,"url":"https:\/\/nuniformswholesale.com\/wp-content\/uploads\/2025\/07\/4888_front-view_1_woman_TLB.jpg","type":"image\/jpeg"}],"twitter_card":"summary_large_image","twitter_misc":{"Tiempo de lectura":"1 minuto"},"schema":{"@context":"https:\/\/schema.org","@graph":[{"@type":"WebPage","@id":"https:\/\/nuniformswholesale.com\/es\/producto\/conjunto-medico-cargo-elastico-y-fresco-de-11-bolsillos-para-mujer-estilo-n-4888set\/","url":"https:\/\/nuniformswholesale.com\/es\/producto\/conjunto-medico-cargo-elastico-y-fresco-de-11-bolsillos-para-mujer-estilo-n-4888set\/","name":"CONJUNTO M\u00c9DICO CARGO COOL STRETCH DE 11 BOLSILLOS PARA MUJER (ESTILO N.\u00ba 4888SET) - Natural Uniforms Wholesale","isPartOf":{"@id":"https:\/\/nuniformswholesale.com\/es\/#website"},"primaryImageOfPage":{"@id":"https:\/\/nuniformswholesale.com\/es\/producto\/conjunto-medico-cargo-elastico-y-fresco-de-11-bolsillos-para-mujer-estilo-n-4888set\/#primaryimage"},"image":{"@id":"https:\/\/nuniformswholesale.com\/es\/producto\/conjunto-medico-cargo-elastico-y-fresco-de-11-bolsillos-para-mujer-estilo-n-4888set\/#primaryimage"},"thumbnailUrl":"https:\/\/nuniformswholesale.com\/wp-content\/uploads\/2025\/07\/4888_front-view_1_woman_TLB.jpg","datePublished":"2025-07-17T22:34:38+00:00","dateModified":"2026-04-14T08:50:19+00:00","breadcrumb":{"@id":"https:\/\/nuniformswholesale.com\/es\/producto\/conjunto-medico-cargo-elastico-y-fresco-de-11-bolsillos-para-mujer-estilo-n-4888set\/#breadcrumb"},"inLanguage":"es","potentialAction":[{"@type":"ReadAction","target":["https:\/\/nuniformswholesale.com\/es\/producto\/conjunto-medico-cargo-elastico-y-fresco-de-11-bolsillos-para-mujer-estilo-n-4888set\/"]}]},{"@type":"ImageObject","inLanguage":"es","@id":"https:\/\/nuniformswholesale.com\/es\/producto\/conjunto-medico-cargo-elastico-y-fresco-de-11-bolsillos-para-mujer-estilo-n-4888set\/#primaryimage","url":"https:\/\/nuniformswholesale.com\/wp-content\/uploads\/2025\/07\/4888_front-view_1_woman_TLB.jpg","contentUrl":"https:\/\/nuniformswholesale.com\/wp-content\/uploads\/2025\/07\/4888_front-view_1_woman_TLB.jpg","width":800,"height":800},{"@type":"BreadcrumbList","@id":"https:\/\/nuniformswholesale.com\/es\/producto\/conjunto-medico-cargo-elastico-y-fresco-de-11-bolsillos-para-mujer-estilo-n-4888set\/#breadcrumb","itemListElement":[{"@type":"ListItem","position":1,"name":"Home","item":"https:\/\/nuniformswholesale.com\/es\/"},{"@type":"ListItem","position":2,"name":"Our Products","item":"https:\/\/nuniformswholesale.com\/our-products\/"},{"@type":"ListItem","position":3,"name":"CONJUNTO M\u00c9DICO CARGO COOL STRETCH DE 11 BOLSILLOS PARA MUJER (ESTILO N.\u00ba 4888SET)"}]},{"@type":"WebSite","@id":"https:\/\/nuniformswholesale.com\/es\/#website","url":"https:\/\/nuniformswholesale.com\/es\/","name":"Natural Uniforms","description":"Natural Uniforms - Every Day Uniforms","publisher":{"@id":"https:\/\/nuniformswholesale.com\/es\/#organization"},"alternateName":"Natural Uniforms","potentialAction":[{"@type":"SearchAction","target":{"@type":"EntryPoint","urlTemplate":"https:\/\/nuniformswholesale.com\/es\/?s={search_term_string}"},"query-input":{"@type":"PropertyValueSpecification","valueRequired":true,"valueName":"search_term_string"}}],"inLanguage":"es"},{"@type":"Organization","@id":"https:\/\/nuniformswholesale.com\/es\/#organization","name":"Natural Uniforms","url":"https:\/\/nuniformswholesale.com\/es\/","logo":{"@type":"ImageObject","inLanguage":"es","@id":"https:\/\/nuniformswholesale.com\/es\/#\/schema\/logo\/image\/","url":"https:\/\/nuniformswholesale.com\/wp-content\/uploads\/2025\/08\/dsBuffer.bmp-2-1024x295-1-Photoroom.png","contentUrl":"https:\/\/nuniformswholesale.com\/wp-content\/uploads\/2025\/08\/dsBuffer.bmp-2-1024x295-1-Photoroom.png","width":296,"height":85,"caption":"Natural Uniforms"},"image":{"@id":"https:\/\/nuniformswholesale.com\/es\/#\/schema\/logo\/image\/"}}]}},"_links":{"self":[{"href":"https:\/\/nuniformswholesale.com\/es\/wp-json\/wp\/v2\/product\/51461","targetHints":{"allow":["GET"]}}],"collection":[{"href":"https:\/\/nuniformswholesale.com\/es\/wp-json\/wp\/v2\/product"}],"about":[{"href":"https:\/\/nuniformswholesale.com\/es\/wp-json\/wp\/v2\/types\/product"}],"replies":[{"embeddable":true,"href":"https:\/\/nuniformswholesale.com\/es\/wp-json\/wp\/v2\/comments?post=51461"}],"wp:featuredmedia":[{"embeddable":true,"href":"https:\/\/nuniformswholesale.com\/es\/wp-json\/wp\/v2\/media\/56923"}],"wp:attachment":[{"href":"https:\/\/nuniformswholesale.com\/es\/wp-json\/wp\/v2\/media?parent=51461"}],"wp:term":[{"taxonomy":"product_brand","embeddable":true,"href":"https:\/\/nuniformswholesale.com\/es\/wp-json\/wp\/v2\/product_brand?post=51461"},{"taxonomy":"product_cat","embeddable":true,"href":"https:\/\/nuniformswholesale.com\/es\/wp-json\/wp\/v2\/product_cat?post=51461"},{"taxonomy":"product_tag","embeddable":true,"href":"https:\/\/nuniformswholesale.com\/es\/wp-json\/wp\/v2\/product_tag?post=51461"}],"curies":[{"name":"wp","href":"https:\/\/api.w.org\/{rel}","templated":true}]}}