{"id":51582,"date":"2025-07-17T14:34:22","date_gmt":"2025-07-17T22:34:22","guid":{"rendered":"https:\/\/nuniforms.provisdemo.com\/product\/conjunto-medico-deportivo-elastico-y-fresco-para-mujer-con-10-bolsillos-estilo-n-4889set\/"},"modified":"2026-04-14T00:49:59","modified_gmt":"2026-04-14T08:49:59","slug":"conjunto-medico-deportivo-elastico-y-fresco-para-mujer-con-10-bolsillos-estilo-n-4889set","status":"publish","type":"product","link":"https:\/\/nuniformswholesale.com\/es\/producto\/conjunto-medico-deportivo-elastico-y-fresco-para-mujer-con-10-bolsillos-estilo-n-4889set\/","title":{"rendered":"CONJUNTO SANITARIO JOGGER EL\u00e1STICO Y FRESCO PARA MUJER CON 10 BOLSILLOS (ESTILO N.\u00ba 4889SET)"},"content":{"rendered":"<p><strong>Aspectos destacados del producto:<\/strong><\/p>\n<ul data-start=\"118\" data-end=\"471\">\n<li data-start=\"118\" data-end=\"254\"><strong data-start=\"120\" data-end=\"153\">Blusa sanitaria de manga corta con cuello en V que incluye:<\/strong>\n<ul data-start=\"162\" data-end=\"254\">\n<li data-start=\"162\" data-end=\"184\">1 bolsillo de parche en el pecho<\/li>\n<li data-start=\"187\" data-end=\"210\">2 bolsillos frontales inferiores<\/li>\n<li data-start=\"213\" data-end=\"228\">Bucle para tarjeta de identificaci\u00f3n<\/li>\n<li data-start=\"231\" data-end=\"254\">Ventilaciones laterales reforzadas<\/li>\n<\/ul>\n<\/li>\n<li data-start=\"256\" data-end=\"471\"><strong data-start=\"258\" data-end=\"286\">Pantalones de uniforme estilo jogger que<\/strong> incluyen:\n<ul data-start=\"300\" data-end=\"471\">\n<li data-start=\"300\" data-end=\"344\">Cintura el\u00e1stica de talle medio con cord\u00f3n<\/li>\n<li data-start=\"347\" data-end=\"448\">6 bolsillos funcionales, que incluyen:\n<ul data-start=\"386\" data-end=\"448\">\n<li data-start=\"386\" data-end=\"411\">Un bolsillo de ribete redise\u00f1ado<\/li>\n<li data-start=\"416\" data-end=\"448\">Un bolsillo de ribete \u00fanico redefinido<\/li>\n<\/ul>\n<\/li>\n<li data-start=\"451\" data-end=\"471\">Pu\u00f1os el\u00e1sticos acanalados en el tobillo<\/li>\n<\/ul>\n<\/li>\n<\/ul>\n<h3 data-start=\"473\" data-end=\"496\">Detalles clave del tejido:<\/h3>\n<ul data-start=\"497\" data-end=\"623\">\n<li data-start=\"497\" data-end=\"539\"><strong data-start=\"499\" data-end=\"511\">Material<\/strong>: 93 % poli\u00e9ster \/ 7 % elastano<\/li>\n<li data-start=\"540\" data-end=\"623\"><strong data-start=\"542\" data-end=\"554\">Beneficios<\/strong>: Ligero, transpirable, el\u00e1stico, absorbe la humedad y ultra suave.<\/li>\n<\/ul>\n<h3 data-start=\"625\" data-end=\"638\">Nota de ajuste:<\/h3>\n<ul data-start=\"639\" data-end=\"768\">\n<li data-start=\"639\" data-end=\"692\"><strong data-start=\"641\" data-end=\"659\">La parte superior es peque\u00f1a<\/strong>, por lo que se recomienda pedir una talla m\u00e1s.<\/li>\n<li data-start=\"693\" data-end=\"768\"><strong data-start=\"695\" data-end=\"714\">Tallas disponibles:<\/strong> XS a 3X (consulta la tabla de tallas de la marca para un mejor ajuste)<\/li>\n<\/ul>\n","protected":false},"excerpt":{"rendered":"<p>Aspectos destacados del producto: Blusa sanitaria de manga corta con cuello en V que incluye: 1 bolsillo de parche en el pecho 2 bolsillos frontales inferiores Bucle para tarjeta de identificaci\u00f3n Ventilaciones laterales reforzadas Pantalones de uniforme estilo jogger que incluyen: Cintura el\u00e1stica de talle medio con cord\u00f3n 6 bolsillos funcionales, que incluyen: Un bolsillo [&hellip;]<\/p>\n","protected":false},"featured_media":58176,"comment_status":"open","ping_status":"closed","template":"","meta":[],"product_brand":[],"product_cat":[723,307,298,714,535],"product_tag":[622,351,625,618,380,617,620,624,623,621,731,738,725,661,730,726,728,729],"class_list":{"0":"post-51582","1":"product","2":"type-product","3":"status-publish","4":"has-post-thumbnail","6":"product_cat-premium-stretch","7":"product_cat-scrub-sets","8":"product_cat-mujer","9":"product_cat-joggers","10":"product_cat-pijama-quirurgico","11":"product_tag-black","12":"product_tag-burgundy","13":"product_tag-ceil-blue","14":"product_tag-charcoal","15":"product_tag-coral","16":"product_tag-eggplant","17":"product_tag-heather-grey","18":"product_tag-hot-pink","19":"product_tag-jogger","20":"product_tag-lavender","21":"product_tag-olive","22":"product_tag-red","23":"product_tag-scrub-set","24":"product_tag-stretch","25":"product_tag-teal","26":"product_tag-true-hunter-green","27":"product_tag-true-navy-blue","28":"product_tag-true-royal-blue","29":"pa_color-aceituna","30":"pa_color-azul-marino-verdadero","31":"pa_color-azul-real-verdadero","32":"pa_color-berenjena","33":"pa_color-borgona","34":"pa_color-carbon","35":"pa_color-coral","36":"pa_color-gris-brezo","37":"pa_color-lavanda","38":"pa_color-negra","39":"pa_color-red","40":"pa_color-roja","41":"pa_color-rosa-fuerte","42":"pa_color-techo-azul","43":"pa_color-verde-azulado","44":"pa_color-verde-cazador-verde","45":"pa_size-2x","46":"pa_size-3x","47":"pa_size-l","48":"pa_size-m","49":"pa_size-s","50":"pa_size-xl","51":"pa_size-xs","53":"first","54":"instock","55":"purchasable","56":"product-type-variable"},"yoast_head":"<!-- This site is optimized with the Yoast SEO plugin v27.4 - https:\/\/yoast.com\/product\/yoast-seo-wordpress\/ -->\n<title>Conjunto sanitario jogger el\u00e1stico y fresco para mujer con 10 bolsillos (ESTILO n.\u00ba 4889SET) - Natural Uniforms Wholesale<\/title>\n<meta name=\"robots\" content=\"index, follow, max-snippet:-1, max-image-preview:large, max-video-preview:-1\" \/>\n<link rel=\"canonical\" href=\"https:\/\/nuniformswholesale.com\/es\/producto\/conjunto-medico-deportivo-elastico-y-fresco-para-mujer-con-10-bolsillos-estilo-n-4889set\/\" \/>\n<meta property=\"og:locale\" content=\"es_ES\" \/>\n<meta property=\"og:type\" content=\"article\" \/>\n<meta property=\"og:title\" content=\"Conjunto sanitario jogger el\u00e1stico y fresco para mujer con 10 bolsillos (ESTILO n.\u00ba 4889SET) - Natural Uniforms Wholesale\" \/>\n<meta property=\"og:description\" content=\"Aspectos destacados del producto: Blusa sanitaria de manga corta con cuello en V que incluye: 1 bolsillo de parche en el pecho 2 bolsillos frontales inferiores Bucle para tarjeta de identificaci\u00f3n Ventilaciones laterales reforzadas Pantalones de uniforme estilo jogger que incluyen: Cintura el\u00e1stica de talle medio con cord\u00f3n 6 bolsillos funcionales, que incluyen: Un bolsillo [&hellip;]\" \/>\n<meta property=\"og:url\" content=\"https:\/\/nuniformswholesale.com\/es\/producto\/conjunto-medico-deportivo-elastico-y-fresco-para-mujer-con-10-bolsillos-estilo-n-4889set\/\" \/>\n<meta property=\"og:site_name\" content=\"Natural Uniforms Wholesale\" \/>\n<meta property=\"article:modified_time\" content=\"2026-04-14T08:49:59+00:00\" \/>\n<meta property=\"og:image\" content=\"https:\/\/nuniformswholesale.com\/wp-content\/uploads\/2025\/07\/4889_front-view_1_woman_CHL.jpg\" \/>\n\t<meta property=\"og:image:width\" content=\"800\" \/>\n\t<meta property=\"og:image:height\" content=\"800\" \/>\n\t<meta property=\"og:image:type\" content=\"image\/jpeg\" \/>\n<meta name=\"twitter:card\" content=\"summary_large_image\" \/>\n<meta name=\"twitter:label1\" content=\"Tiempo de lectura\" \/>\n\t<meta name=\"twitter:data1\" content=\"1 minuto\" \/>\n<script type=\"application\/ld+json\" class=\"yoast-schema-graph\">{\"@context\":\"https:\\\/\\\/schema.org\",\"@graph\":[{\"@type\":\"WebPage\",\"@id\":\"https:\\\/\\\/nuniformswholesale.com\\\/es\\\/producto\\\/conjunto-medico-deportivo-elastico-y-fresco-para-mujer-con-10-bolsillos-estilo-n-4889set\\\/\",\"url\":\"https:\\\/\\\/nuniformswholesale.com\\\/es\\\/producto\\\/conjunto-medico-deportivo-elastico-y-fresco-para-mujer-con-10-bolsillos-estilo-n-4889set\\\/\",\"name\":\"Conjunto sanitario jogger el\u00e1stico y fresco para mujer con 10 bolsillos (ESTILO n.\u00ba 4889SET) - Natural Uniforms Wholesale\",\"isPartOf\":{\"@id\":\"https:\\\/\\\/nuniformswholesale.com\\\/es\\\/#website\"},\"primaryImageOfPage\":{\"@id\":\"https:\\\/\\\/nuniformswholesale.com\\\/es\\\/producto\\\/conjunto-medico-deportivo-elastico-y-fresco-para-mujer-con-10-bolsillos-estilo-n-4889set\\\/#primaryimage\"},\"image\":{\"@id\":\"https:\\\/\\\/nuniformswholesale.com\\\/es\\\/producto\\\/conjunto-medico-deportivo-elastico-y-fresco-para-mujer-con-10-bolsillos-estilo-n-4889set\\\/#primaryimage\"},\"thumbnailUrl\":\"https:\\\/\\\/nuniformswholesale.com\\\/wp-content\\\/uploads\\\/2025\\\/07\\\/4889_front-view_1_woman_CHL.jpg\",\"datePublished\":\"2025-07-17T22:34:22+00:00\",\"dateModified\":\"2026-04-14T08:49:59+00:00\",\"breadcrumb\":{\"@id\":\"https:\\\/\\\/nuniformswholesale.com\\\/es\\\/producto\\\/conjunto-medico-deportivo-elastico-y-fresco-para-mujer-con-10-bolsillos-estilo-n-4889set\\\/#breadcrumb\"},\"inLanguage\":\"es\",\"potentialAction\":[{\"@type\":\"ReadAction\",\"target\":[\"https:\\\/\\\/nuniformswholesale.com\\\/es\\\/producto\\\/conjunto-medico-deportivo-elastico-y-fresco-para-mujer-con-10-bolsillos-estilo-n-4889set\\\/\"]}]},{\"@type\":\"ImageObject\",\"inLanguage\":\"es\",\"@id\":\"https:\\\/\\\/nuniformswholesale.com\\\/es\\\/producto\\\/conjunto-medico-deportivo-elastico-y-fresco-para-mujer-con-10-bolsillos-estilo-n-4889set\\\/#primaryimage\",\"url\":\"https:\\\/\\\/nuniformswholesale.com\\\/wp-content\\\/uploads\\\/2025\\\/07\\\/4889_front-view_1_woman_CHL.jpg\",\"contentUrl\":\"https:\\\/\\\/nuniformswholesale.com\\\/wp-content\\\/uploads\\\/2025\\\/07\\\/4889_front-view_1_woman_CHL.jpg\",\"width\":800,\"height\":800},{\"@type\":\"BreadcrumbList\",\"@id\":\"https:\\\/\\\/nuniformswholesale.com\\\/es\\\/producto\\\/conjunto-medico-deportivo-elastico-y-fresco-para-mujer-con-10-bolsillos-estilo-n-4889set\\\/#breadcrumb\",\"itemListElement\":[{\"@type\":\"ListItem\",\"position\":1,\"name\":\"Home\",\"item\":\"https:\\\/\\\/nuniformswholesale.com\\\/es\\\/\"},{\"@type\":\"ListItem\",\"position\":2,\"name\":\"Our Products\",\"item\":\"https:\\\/\\\/nuniformswholesale.com\\\/our-products\\\/\"},{\"@type\":\"ListItem\",\"position\":3,\"name\":\"CONJUNTO SANITARIO JOGGER EL\u00e1STICO Y FRESCO PARA MUJER CON 10 BOLSILLOS (ESTILO N.\u00ba 4889SET)\"}]},{\"@type\":\"WebSite\",\"@id\":\"https:\\\/\\\/nuniformswholesale.com\\\/es\\\/#website\",\"url\":\"https:\\\/\\\/nuniformswholesale.com\\\/es\\\/\",\"name\":\"Natural Uniforms\",\"description\":\"Natural Uniforms - Every Day Uniforms\",\"publisher\":{\"@id\":\"https:\\\/\\\/nuniformswholesale.com\\\/es\\\/#organization\"},\"alternateName\":\"Natural Uniforms\",\"potentialAction\":[{\"@type\":\"SearchAction\",\"target\":{\"@type\":\"EntryPoint\",\"urlTemplate\":\"https:\\\/\\\/nuniformswholesale.com\\\/es\\\/?s={search_term_string}\"},\"query-input\":{\"@type\":\"PropertyValueSpecification\",\"valueRequired\":true,\"valueName\":\"search_term_string\"}}],\"inLanguage\":\"es\"},{\"@type\":\"Organization\",\"@id\":\"https:\\\/\\\/nuniformswholesale.com\\\/es\\\/#organization\",\"name\":\"Natural Uniforms\",\"url\":\"https:\\\/\\\/nuniformswholesale.com\\\/es\\\/\",\"logo\":{\"@type\":\"ImageObject\",\"inLanguage\":\"es\",\"@id\":\"https:\\\/\\\/nuniformswholesale.com\\\/es\\\/#\\\/schema\\\/logo\\\/image\\\/\",\"url\":\"https:\\\/\\\/nuniformswholesale.com\\\/wp-content\\\/uploads\\\/2025\\\/08\\\/dsBuffer.bmp-2-1024x295-1-Photoroom.png\",\"contentUrl\":\"https:\\\/\\\/nuniformswholesale.com\\\/wp-content\\\/uploads\\\/2025\\\/08\\\/dsBuffer.bmp-2-1024x295-1-Photoroom.png\",\"width\":296,\"height\":85,\"caption\":\"Natural Uniforms\"},\"image\":{\"@id\":\"https:\\\/\\\/nuniformswholesale.com\\\/es\\\/#\\\/schema\\\/logo\\\/image\\\/\"}}]}<\/script>\n<!-- \/ Yoast SEO plugin. -->","yoast_head_json":{"title":"Conjunto sanitario jogger el\u00e1stico y fresco para mujer con 10 bolsillos (ESTILO n.\u00ba 4889SET) - Natural Uniforms Wholesale","robots":{"index":"index","follow":"follow","max-snippet":"max-snippet:-1","max-image-preview":"max-image-preview:large","max-video-preview":"max-video-preview:-1"},"canonical":"https:\/\/nuniformswholesale.com\/es\/producto\/conjunto-medico-deportivo-elastico-y-fresco-para-mujer-con-10-bolsillos-estilo-n-4889set\/","og_locale":"es_ES","og_type":"article","og_title":"Conjunto sanitario jogger el\u00e1stico y fresco para mujer con 10 bolsillos (ESTILO n.\u00ba 4889SET) - Natural Uniforms Wholesale","og_description":"Aspectos destacados del producto: Blusa sanitaria de manga corta con cuello en V que incluye: 1 bolsillo de parche en el pecho 2 bolsillos frontales inferiores Bucle para tarjeta de identificaci\u00f3n Ventilaciones laterales reforzadas Pantalones de uniforme estilo jogger que incluyen: Cintura el\u00e1stica de talle medio con cord\u00f3n 6 bolsillos funcionales, que incluyen: Un bolsillo [&hellip;]","og_url":"https:\/\/nuniformswholesale.com\/es\/producto\/conjunto-medico-deportivo-elastico-y-fresco-para-mujer-con-10-bolsillos-estilo-n-4889set\/","og_site_name":"Natural Uniforms Wholesale","article_modified_time":"2026-04-14T08:49:59+00:00","og_image":[{"width":800,"height":800,"url":"https:\/\/nuniformswholesale.com\/wp-content\/uploads\/2025\/07\/4889_front-view_1_woman_CHL.jpg","type":"image\/jpeg"}],"twitter_card":"summary_large_image","twitter_misc":{"Tiempo de lectura":"1 minuto"},"schema":{"@context":"https:\/\/schema.org","@graph":[{"@type":"WebPage","@id":"https:\/\/nuniformswholesale.com\/es\/producto\/conjunto-medico-deportivo-elastico-y-fresco-para-mujer-con-10-bolsillos-estilo-n-4889set\/","url":"https:\/\/nuniformswholesale.com\/es\/producto\/conjunto-medico-deportivo-elastico-y-fresco-para-mujer-con-10-bolsillos-estilo-n-4889set\/","name":"Conjunto sanitario jogger el\u00e1stico y fresco para mujer con 10 bolsillos (ESTILO n.\u00ba 4889SET) - Natural Uniforms Wholesale","isPartOf":{"@id":"https:\/\/nuniformswholesale.com\/es\/#website"},"primaryImageOfPage":{"@id":"https:\/\/nuniformswholesale.com\/es\/producto\/conjunto-medico-deportivo-elastico-y-fresco-para-mujer-con-10-bolsillos-estilo-n-4889set\/#primaryimage"},"image":{"@id":"https:\/\/nuniformswholesale.com\/es\/producto\/conjunto-medico-deportivo-elastico-y-fresco-para-mujer-con-10-bolsillos-estilo-n-4889set\/#primaryimage"},"thumbnailUrl":"https:\/\/nuniformswholesale.com\/wp-content\/uploads\/2025\/07\/4889_front-view_1_woman_CHL.jpg","datePublished":"2025-07-17T22:34:22+00:00","dateModified":"2026-04-14T08:49:59+00:00","breadcrumb":{"@id":"https:\/\/nuniformswholesale.com\/es\/producto\/conjunto-medico-deportivo-elastico-y-fresco-para-mujer-con-10-bolsillos-estilo-n-4889set\/#breadcrumb"},"inLanguage":"es","potentialAction":[{"@type":"ReadAction","target":["https:\/\/nuniformswholesale.com\/es\/producto\/conjunto-medico-deportivo-elastico-y-fresco-para-mujer-con-10-bolsillos-estilo-n-4889set\/"]}]},{"@type":"ImageObject","inLanguage":"es","@id":"https:\/\/nuniformswholesale.com\/es\/producto\/conjunto-medico-deportivo-elastico-y-fresco-para-mujer-con-10-bolsillos-estilo-n-4889set\/#primaryimage","url":"https:\/\/nuniformswholesale.com\/wp-content\/uploads\/2025\/07\/4889_front-view_1_woman_CHL.jpg","contentUrl":"https:\/\/nuniformswholesale.com\/wp-content\/uploads\/2025\/07\/4889_front-view_1_woman_CHL.jpg","width":800,"height":800},{"@type":"BreadcrumbList","@id":"https:\/\/nuniformswholesale.com\/es\/producto\/conjunto-medico-deportivo-elastico-y-fresco-para-mujer-con-10-bolsillos-estilo-n-4889set\/#breadcrumb","itemListElement":[{"@type":"ListItem","position":1,"name":"Home","item":"https:\/\/nuniformswholesale.com\/es\/"},{"@type":"ListItem","position":2,"name":"Our Products","item":"https:\/\/nuniformswholesale.com\/our-products\/"},{"@type":"ListItem","position":3,"name":"CONJUNTO SANITARIO JOGGER EL\u00e1STICO Y FRESCO PARA MUJER CON 10 BOLSILLOS (ESTILO N.\u00ba 4889SET)"}]},{"@type":"WebSite","@id":"https:\/\/nuniformswholesale.com\/es\/#website","url":"https:\/\/nuniformswholesale.com\/es\/","name":"Natural Uniforms","description":"Natural Uniforms - Every Day Uniforms","publisher":{"@id":"https:\/\/nuniformswholesale.com\/es\/#organization"},"alternateName":"Natural Uniforms","potentialAction":[{"@type":"SearchAction","target":{"@type":"EntryPoint","urlTemplate":"https:\/\/nuniformswholesale.com\/es\/?s={search_term_string}"},"query-input":{"@type":"PropertyValueSpecification","valueRequired":true,"valueName":"search_term_string"}}],"inLanguage":"es"},{"@type":"Organization","@id":"https:\/\/nuniformswholesale.com\/es\/#organization","name":"Natural Uniforms","url":"https:\/\/nuniformswholesale.com\/es\/","logo":{"@type":"ImageObject","inLanguage":"es","@id":"https:\/\/nuniformswholesale.com\/es\/#\/schema\/logo\/image\/","url":"https:\/\/nuniformswholesale.com\/wp-content\/uploads\/2025\/08\/dsBuffer.bmp-2-1024x295-1-Photoroom.png","contentUrl":"https:\/\/nuniformswholesale.com\/wp-content\/uploads\/2025\/08\/dsBuffer.bmp-2-1024x295-1-Photoroom.png","width":296,"height":85,"caption":"Natural Uniforms"},"image":{"@id":"https:\/\/nuniformswholesale.com\/es\/#\/schema\/logo\/image\/"}}]}},"_links":{"self":[{"href":"https:\/\/nuniformswholesale.com\/es\/wp-json\/wp\/v2\/product\/51582","targetHints":{"allow":["GET"]}}],"collection":[{"href":"https:\/\/nuniformswholesale.com\/es\/wp-json\/wp\/v2\/product"}],"about":[{"href":"https:\/\/nuniformswholesale.com\/es\/wp-json\/wp\/v2\/types\/product"}],"replies":[{"embeddable":true,"href":"https:\/\/nuniformswholesale.com\/es\/wp-json\/wp\/v2\/comments?post=51582"}],"wp:featuredmedia":[{"embeddable":true,"href":"https:\/\/nuniformswholesale.com\/es\/wp-json\/wp\/v2\/media\/58176"}],"wp:attachment":[{"href":"https:\/\/nuniformswholesale.com\/es\/wp-json\/wp\/v2\/media?parent=51582"}],"wp:term":[{"taxonomy":"product_brand","embeddable":true,"href":"https:\/\/nuniformswholesale.com\/es\/wp-json\/wp\/v2\/product_brand?post=51582"},{"taxonomy":"product_cat","embeddable":true,"href":"https:\/\/nuniformswholesale.com\/es\/wp-json\/wp\/v2\/product_cat?post=51582"},{"taxonomy":"product_tag","embeddable":true,"href":"https:\/\/nuniformswholesale.com\/es\/wp-json\/wp\/v2\/product_tag?post=51582"}],"curies":[{"name":"wp","href":"https:\/\/api.w.org\/{rel}","templated":true}]}}