{"id":51699,"date":"2025-07-16T15:33:36","date_gmt":"2025-07-16T23:33:36","guid":{"rendered":"https:\/\/nuniforms.provisdemo.com\/product\/camisola-de-algodon-y-elastano-para-mujer-estilo-n-7120\/"},"modified":"2026-02-21T01:55:57","modified_gmt":"2026-02-21T09:55:57","slug":"camisola-de-algodon-y-elastano-para-mujer-estilo-n-7120","status":"publish","type":"product","link":"https:\/\/nuniformswholesale.com\/es\/producto\/camisola-de-algodon-y-elastano-para-mujer-estilo-n-7120\/","title":{"rendered":"CAMISETA DE TIRANTES DE ALGOD\u00f3N Y ELASTANO PARA MUJER (ESTILO N.\u00ba 7120)"},"content":{"rendered":"<p><strong>Aspectos destacados del producto:<\/strong><\/p>\n<p><strong data-start=\"205\" data-end=\"228\">Composici\u00f3n del tejido:<\/strong><\/p>\n<ul data-start=\"231\" data-end=\"328\">\n<li data-start=\"231\" data-end=\"257\">95% Algod\u00f3n, 5% Elastano<\/li>\n<li data-start=\"258\" data-end=\"328\">La tela ultrasuave, el\u00e1stica y transpirable garantiza comodidad durante todo el d\u00eda.<\/li>\n<\/ul>\n<p><strong data-start=\"330\" data-end=\"343\">Caracter\u00edsticas:<\/strong><\/p>\n<ul data-start=\"346\" data-end=\"468\">\n<li data-start=\"346\" data-end=\"364\">Escote amplio<\/li>\n<li data-start=\"365\" data-end=\"396\">Tirantes finos ajustables<\/li>\n<li data-start=\"397\" data-end=\"421\">Ajuste entallado y favorecedor<\/li>\n<li data-start=\"422\" data-end=\"468\">Excelente para llevar en capas o usarla sola.<\/li>\n<\/ul>\n<p>Uso vers\u00e1til:<br data-start=\"488\" data-end=\"491\">Ideal para el uso diario, salidas informales, entrenamiento, estar en casa o como prenda para dormir.<\/p>\n","protected":false},"excerpt":{"rendered":"<p>Aspectos destacados del producto: Composici\u00f3n del tejido: 95% Algod\u00f3n, 5% Elastano La tela ultrasuave, el\u00e1stica y transpirable garantiza comodidad durante todo el d\u00eda. Caracter\u00edsticas: Escote amplio Tirantes finos ajustables Ajuste entallado y favorecedor Excelente para llevar en capas o usarla sola. Uso vers\u00e1til:Ideal para el uso diario, salidas informales, entrenamiento, estar en casa o como [&hellip;]<\/p>\n","protected":false},"featured_media":68384,"comment_status":"closed","ping_status":"closed","template":"","meta":[],"product_brand":[349],"product_cat":[298,546,545],"product_tag":[443],"class_list":{"0":"post-51699","1":"product","2":"type-product","3":"status-publish","4":"has-post-thumbnail","6":"product_brand-uniformes-naturales","7":"product_cat-mujer","8":"product_cat-mujer-camisetas-prendas-interiores-sanitarias","9":"product_cat-ropa-tecnica","10":"product_tag-top-medico","11":"pa_color-agua","12":"pa_color-agua-azul","13":"pa_color-arcilla","14":"pa_color-arena","15":"pa_color-azul-marino-verdadero","16":"pa_color-azul-real-verdadero","17":"pa_color-blanca","18":"pa_color-borgona","19":"pa_color-carbon","20":"pa_color-carbon-de-brezo","21":"pa_color-desnuda","22":"pa_color-gris","23":"pa_color-gris-brezo","24":"pa_color-lavanda","25":"pa_color-negra","26":"pa_color-purpura","27":"pa_color-roja","28":"pa_color-rosa","29":"pa_color-rosa-neon","30":"pa_color-tierra-de-siena","31":"pa_color-verde-cazador-verde","32":"pa_color-verde-lima","33":"pa_size-2x","34":"pa_size-3x","35":"pa_size-l","36":"pa_size-m","37":"pa_size-s","38":"pa_size-xl","39":"pa_size-xs","41":"first","42":"instock","43":"purchasable","44":"product-type-variable"},"yoast_head":"<!-- This site is optimized with the Yoast SEO plugin v27.4 - https:\/\/yoast.com\/product\/yoast-seo-wordpress\/ -->\n<title>Camiseta de tirantes de algod\u00f3n y elastano para mujer (ESTILO n.\u00ba 7120) - Natural Uniforms Wholesale<\/title>\n<meta name=\"robots\" content=\"index, follow, max-snippet:-1, max-image-preview:large, max-video-preview:-1\" \/>\n<link rel=\"canonical\" href=\"https:\/\/nuniformswholesale.com\/es\/producto\/camisola-de-algodon-y-elastano-para-mujer-estilo-n-7120\/\" \/>\n<meta property=\"og:locale\" content=\"es_ES\" \/>\n<meta property=\"og:type\" content=\"article\" \/>\n<meta property=\"og:title\" content=\"Camiseta de tirantes de algod\u00f3n y elastano para mujer (ESTILO n.\u00ba 7120) - Natural Uniforms Wholesale\" \/>\n<meta property=\"og:description\" content=\"Aspectos destacados del producto: Composici\u00f3n del tejido: 95% Algod\u00f3n, 5% Elastano La tela ultrasuave, el\u00e1stica y transpirable garantiza comodidad durante todo el d\u00eda. Caracter\u00edsticas: Escote amplio Tirantes finos ajustables Ajuste entallado y favorecedor Excelente para llevar en capas o usarla sola. Uso vers\u00e1til:Ideal para el uso diario, salidas informales, entrenamiento, estar en casa o como [&hellip;]\" \/>\n<meta property=\"og:url\" content=\"https:\/\/nuniformswholesale.com\/es\/producto\/camisola-de-algodon-y-elastano-para-mujer-estilo-n-7120\/\" \/>\n<meta property=\"og:site_name\" content=\"Natural Uniforms Wholesale\" \/>\n<meta property=\"article:modified_time\" content=\"2026-02-21T09:55:57+00:00\" \/>\n<meta property=\"og:image\" content=\"https:\/\/nuniformswholesale.com\/wp-content\/uploads\/2025\/07\/7120_T-shirt_front1_woman_Neon-Pink.jpg\" \/>\n\t<meta property=\"og:image:width\" content=\"800\" \/>\n\t<meta property=\"og:image:height\" content=\"800\" \/>\n\t<meta property=\"og:image:type\" content=\"image\/jpeg\" \/>\n<meta name=\"twitter:card\" content=\"summary_large_image\" \/>\n<meta name=\"twitter:label1\" content=\"Tiempo de lectura\" \/>\n\t<meta name=\"twitter:data1\" content=\"1 minuto\" \/>\n<script type=\"application\/ld+json\" class=\"yoast-schema-graph\">{\"@context\":\"https:\\\/\\\/schema.org\",\"@graph\":[{\"@type\":\"WebPage\",\"@id\":\"https:\\\/\\\/nuniformswholesale.com\\\/es\\\/producto\\\/camisola-de-algodon-y-elastano-para-mujer-estilo-n-7120\\\/\",\"url\":\"https:\\\/\\\/nuniformswholesale.com\\\/es\\\/producto\\\/camisola-de-algodon-y-elastano-para-mujer-estilo-n-7120\\\/\",\"name\":\"Camiseta de tirantes de algod\u00f3n y elastano para mujer (ESTILO n.\u00ba 7120) - Natural Uniforms Wholesale\",\"isPartOf\":{\"@id\":\"https:\\\/\\\/nuniformswholesale.com\\\/es\\\/#website\"},\"primaryImageOfPage\":{\"@id\":\"https:\\\/\\\/nuniformswholesale.com\\\/es\\\/producto\\\/camisola-de-algodon-y-elastano-para-mujer-estilo-n-7120\\\/#primaryimage\"},\"image\":{\"@id\":\"https:\\\/\\\/nuniformswholesale.com\\\/es\\\/producto\\\/camisola-de-algodon-y-elastano-para-mujer-estilo-n-7120\\\/#primaryimage\"},\"thumbnailUrl\":\"https:\\\/\\\/nuniformswholesale.com\\\/wp-content\\\/uploads\\\/2025\\\/07\\\/7120_T-shirt_front1_woman_Neon-Pink.jpg\",\"datePublished\":\"2025-07-16T23:33:36+00:00\",\"dateModified\":\"2026-02-21T09:55:57+00:00\",\"breadcrumb\":{\"@id\":\"https:\\\/\\\/nuniformswholesale.com\\\/es\\\/producto\\\/camisola-de-algodon-y-elastano-para-mujer-estilo-n-7120\\\/#breadcrumb\"},\"inLanguage\":\"es\",\"potentialAction\":[{\"@type\":\"ReadAction\",\"target\":[\"https:\\\/\\\/nuniformswholesale.com\\\/es\\\/producto\\\/camisola-de-algodon-y-elastano-para-mujer-estilo-n-7120\\\/\"]}]},{\"@type\":\"ImageObject\",\"inLanguage\":\"es\",\"@id\":\"https:\\\/\\\/nuniformswholesale.com\\\/es\\\/producto\\\/camisola-de-algodon-y-elastano-para-mujer-estilo-n-7120\\\/#primaryimage\",\"url\":\"https:\\\/\\\/nuniformswholesale.com\\\/wp-content\\\/uploads\\\/2025\\\/07\\\/7120_T-shirt_front1_woman_Neon-Pink.jpg\",\"contentUrl\":\"https:\\\/\\\/nuniformswholesale.com\\\/wp-content\\\/uploads\\\/2025\\\/07\\\/7120_T-shirt_front1_woman_Neon-Pink.jpg\",\"width\":800,\"height\":800},{\"@type\":\"BreadcrumbList\",\"@id\":\"https:\\\/\\\/nuniformswholesale.com\\\/es\\\/producto\\\/camisola-de-algodon-y-elastano-para-mujer-estilo-n-7120\\\/#breadcrumb\",\"itemListElement\":[{\"@type\":\"ListItem\",\"position\":1,\"name\":\"Home\",\"item\":\"https:\\\/\\\/nuniformswholesale.com\\\/es\\\/\"},{\"@type\":\"ListItem\",\"position\":2,\"name\":\"Our Products\",\"item\":\"https:\\\/\\\/nuniformswholesale.com\\\/our-products\\\/\"},{\"@type\":\"ListItem\",\"position\":3,\"name\":\"CAMISETA DE TIRANTES DE ALGOD\u00f3N Y ELASTANO PARA MUJER (ESTILO N.\u00ba 7120)\"}]},{\"@type\":\"WebSite\",\"@id\":\"https:\\\/\\\/nuniformswholesale.com\\\/es\\\/#website\",\"url\":\"https:\\\/\\\/nuniformswholesale.com\\\/es\\\/\",\"name\":\"Natural Uniforms\",\"description\":\"Natural Uniforms - Every Day Uniforms\",\"publisher\":{\"@id\":\"https:\\\/\\\/nuniformswholesale.com\\\/es\\\/#organization\"},\"alternateName\":\"Natural Uniforms\",\"potentialAction\":[{\"@type\":\"SearchAction\",\"target\":{\"@type\":\"EntryPoint\",\"urlTemplate\":\"https:\\\/\\\/nuniformswholesale.com\\\/es\\\/?s={search_term_string}\"},\"query-input\":{\"@type\":\"PropertyValueSpecification\",\"valueRequired\":true,\"valueName\":\"search_term_string\"}}],\"inLanguage\":\"es\"},{\"@type\":\"Organization\",\"@id\":\"https:\\\/\\\/nuniformswholesale.com\\\/es\\\/#organization\",\"name\":\"Natural Uniforms\",\"url\":\"https:\\\/\\\/nuniformswholesale.com\\\/es\\\/\",\"logo\":{\"@type\":\"ImageObject\",\"inLanguage\":\"es\",\"@id\":\"https:\\\/\\\/nuniformswholesale.com\\\/es\\\/#\\\/schema\\\/logo\\\/image\\\/\",\"url\":\"https:\\\/\\\/nuniformswholesale.com\\\/wp-content\\\/uploads\\\/2025\\\/08\\\/dsBuffer.bmp-2-1024x295-1-Photoroom.png\",\"contentUrl\":\"https:\\\/\\\/nuniformswholesale.com\\\/wp-content\\\/uploads\\\/2025\\\/08\\\/dsBuffer.bmp-2-1024x295-1-Photoroom.png\",\"width\":296,\"height\":85,\"caption\":\"Natural Uniforms\"},\"image\":{\"@id\":\"https:\\\/\\\/nuniformswholesale.com\\\/es\\\/#\\\/schema\\\/logo\\\/image\\\/\"}}]}<\/script>\n<!-- \/ Yoast SEO plugin. -->","yoast_head_json":{"title":"Camiseta de tirantes de algod\u00f3n y elastano para mujer (ESTILO n.\u00ba 7120) - Natural Uniforms Wholesale","robots":{"index":"index","follow":"follow","max-snippet":"max-snippet:-1","max-image-preview":"max-image-preview:large","max-video-preview":"max-video-preview:-1"},"canonical":"https:\/\/nuniformswholesale.com\/es\/producto\/camisola-de-algodon-y-elastano-para-mujer-estilo-n-7120\/","og_locale":"es_ES","og_type":"article","og_title":"Camiseta de tirantes de algod\u00f3n y elastano para mujer (ESTILO n.\u00ba 7120) - Natural Uniforms Wholesale","og_description":"Aspectos destacados del producto: Composici\u00f3n del tejido: 95% Algod\u00f3n, 5% Elastano La tela ultrasuave, el\u00e1stica y transpirable garantiza comodidad durante todo el d\u00eda. Caracter\u00edsticas: Escote amplio Tirantes finos ajustables Ajuste entallado y favorecedor Excelente para llevar en capas o usarla sola. Uso vers\u00e1til:Ideal para el uso diario, salidas informales, entrenamiento, estar en casa o como [&hellip;]","og_url":"https:\/\/nuniformswholesale.com\/es\/producto\/camisola-de-algodon-y-elastano-para-mujer-estilo-n-7120\/","og_site_name":"Natural Uniforms Wholesale","article_modified_time":"2026-02-21T09:55:57+00:00","og_image":[{"width":800,"height":800,"url":"https:\/\/nuniformswholesale.com\/wp-content\/uploads\/2025\/07\/7120_T-shirt_front1_woman_Neon-Pink.jpg","type":"image\/jpeg"}],"twitter_card":"summary_large_image","twitter_misc":{"Tiempo de lectura":"1 minuto"},"schema":{"@context":"https:\/\/schema.org","@graph":[{"@type":"WebPage","@id":"https:\/\/nuniformswholesale.com\/es\/producto\/camisola-de-algodon-y-elastano-para-mujer-estilo-n-7120\/","url":"https:\/\/nuniformswholesale.com\/es\/producto\/camisola-de-algodon-y-elastano-para-mujer-estilo-n-7120\/","name":"Camiseta de tirantes de algod\u00f3n y elastano para mujer (ESTILO n.\u00ba 7120) - Natural Uniforms Wholesale","isPartOf":{"@id":"https:\/\/nuniformswholesale.com\/es\/#website"},"primaryImageOfPage":{"@id":"https:\/\/nuniformswholesale.com\/es\/producto\/camisola-de-algodon-y-elastano-para-mujer-estilo-n-7120\/#primaryimage"},"image":{"@id":"https:\/\/nuniformswholesale.com\/es\/producto\/camisola-de-algodon-y-elastano-para-mujer-estilo-n-7120\/#primaryimage"},"thumbnailUrl":"https:\/\/nuniformswholesale.com\/wp-content\/uploads\/2025\/07\/7120_T-shirt_front1_woman_Neon-Pink.jpg","datePublished":"2025-07-16T23:33:36+00:00","dateModified":"2026-02-21T09:55:57+00:00","breadcrumb":{"@id":"https:\/\/nuniformswholesale.com\/es\/producto\/camisola-de-algodon-y-elastano-para-mujer-estilo-n-7120\/#breadcrumb"},"inLanguage":"es","potentialAction":[{"@type":"ReadAction","target":["https:\/\/nuniformswholesale.com\/es\/producto\/camisola-de-algodon-y-elastano-para-mujer-estilo-n-7120\/"]}]},{"@type":"ImageObject","inLanguage":"es","@id":"https:\/\/nuniformswholesale.com\/es\/producto\/camisola-de-algodon-y-elastano-para-mujer-estilo-n-7120\/#primaryimage","url":"https:\/\/nuniformswholesale.com\/wp-content\/uploads\/2025\/07\/7120_T-shirt_front1_woman_Neon-Pink.jpg","contentUrl":"https:\/\/nuniformswholesale.com\/wp-content\/uploads\/2025\/07\/7120_T-shirt_front1_woman_Neon-Pink.jpg","width":800,"height":800},{"@type":"BreadcrumbList","@id":"https:\/\/nuniformswholesale.com\/es\/producto\/camisola-de-algodon-y-elastano-para-mujer-estilo-n-7120\/#breadcrumb","itemListElement":[{"@type":"ListItem","position":1,"name":"Home","item":"https:\/\/nuniformswholesale.com\/es\/"},{"@type":"ListItem","position":2,"name":"Our Products","item":"https:\/\/nuniformswholesale.com\/our-products\/"},{"@type":"ListItem","position":3,"name":"CAMISETA DE TIRANTES DE ALGOD\u00f3N Y ELASTANO PARA MUJER (ESTILO N.\u00ba 7120)"}]},{"@type":"WebSite","@id":"https:\/\/nuniformswholesale.com\/es\/#website","url":"https:\/\/nuniformswholesale.com\/es\/","name":"Natural Uniforms","description":"Natural Uniforms - Every Day Uniforms","publisher":{"@id":"https:\/\/nuniformswholesale.com\/es\/#organization"},"alternateName":"Natural Uniforms","potentialAction":[{"@type":"SearchAction","target":{"@type":"EntryPoint","urlTemplate":"https:\/\/nuniformswholesale.com\/es\/?s={search_term_string}"},"query-input":{"@type":"PropertyValueSpecification","valueRequired":true,"valueName":"search_term_string"}}],"inLanguage":"es"},{"@type":"Organization","@id":"https:\/\/nuniformswholesale.com\/es\/#organization","name":"Natural Uniforms","url":"https:\/\/nuniformswholesale.com\/es\/","logo":{"@type":"ImageObject","inLanguage":"es","@id":"https:\/\/nuniformswholesale.com\/es\/#\/schema\/logo\/image\/","url":"https:\/\/nuniformswholesale.com\/wp-content\/uploads\/2025\/08\/dsBuffer.bmp-2-1024x295-1-Photoroom.png","contentUrl":"https:\/\/nuniformswholesale.com\/wp-content\/uploads\/2025\/08\/dsBuffer.bmp-2-1024x295-1-Photoroom.png","width":296,"height":85,"caption":"Natural Uniforms"},"image":{"@id":"https:\/\/nuniformswholesale.com\/es\/#\/schema\/logo\/image\/"}}]}},"_links":{"self":[{"href":"https:\/\/nuniformswholesale.com\/es\/wp-json\/wp\/v2\/product\/51699","targetHints":{"allow":["GET"]}}],"collection":[{"href":"https:\/\/nuniformswholesale.com\/es\/wp-json\/wp\/v2\/product"}],"about":[{"href":"https:\/\/nuniformswholesale.com\/es\/wp-json\/wp\/v2\/types\/product"}],"replies":[{"embeddable":true,"href":"https:\/\/nuniformswholesale.com\/es\/wp-json\/wp\/v2\/comments?post=51699"}],"wp:featuredmedia":[{"embeddable":true,"href":"https:\/\/nuniformswholesale.com\/es\/wp-json\/wp\/v2\/media\/68384"}],"wp:attachment":[{"href":"https:\/\/nuniformswholesale.com\/es\/wp-json\/wp\/v2\/media?parent=51699"}],"wp:term":[{"taxonomy":"product_brand","embeddable":true,"href":"https:\/\/nuniformswholesale.com\/es\/wp-json\/wp\/v2\/product_brand?post=51699"},{"taxonomy":"product_cat","embeddable":true,"href":"https:\/\/nuniformswholesale.com\/es\/wp-json\/wp\/v2\/product_cat?post=51699"},{"taxonomy":"product_tag","embeddable":true,"href":"https:\/\/nuniformswholesale.com\/es\/wp-json\/wp\/v2\/product_tag?post=51699"}],"curies":[{"name":"wp","href":"https:\/\/api.w.org\/{rel}","templated":true}]}}