{"id":51895,"date":"2025-06-30T18:24:13","date_gmt":"2025-07-01T02:24:13","guid":{"rendered":"https:\/\/nuniforms.provisdemo.com\/product\/camiseta-medica-de-manga-larga-con-cuello-en-v-estilo-n-7170\/"},"modified":"2026-02-21T01:55:55","modified_gmt":"2026-02-21T09:55:55","slug":"camiseta-medica-de-manga-larga-con-cuello-en-v-estilo-n-7170","status":"publish","type":"product","link":"https:\/\/nuniformswholesale.com\/es\/producto\/camiseta-medica-de-manga-larga-con-cuello-en-v-estilo-n-7170\/","title":{"rendered":"CAMISETA M\u00c9DICA DE MANGA LARGA CON CUELLO EN V (ESTILO N.\u00b0 7170)"},"content":{"rendered":"<p><strong>Aspectos destacados del producto:<\/strong><\/p>\n<p><strong data-start=\"210\" data-end=\"221\">Tejido<\/strong>: 57 % algod\u00f3n, 38 % poli\u00e9ster, 5 % elastano<br data-start=\"261\" data-end=\"264\">Ajuste: corte entallado y el\u00e1stico para un ajuste favorecedor y c\u00f3modo.<\/p>\n<p><strong data-start=\"326\" data-end=\"342\">Descripci\u00f3n:<\/strong><br data-start=\"342\" data-end=\"345\">Confeccionada con una mezcla ultrasuave y transpirable, esta camiseta de manga larga y cuello en V est\u00e1 dise\u00f1ada para ofrecer comodidad durante todo el d\u00eda y un estilo sin esfuerzo. Su tejido el\u00e1stico garantiza un ajuste perfecto que se mueve contigo, por lo que es ideal para:<\/p>\n<ul data-start=\"558\" data-end=\"701\">\n<li data-start=\"558\" data-end=\"582\">Ropa informal de todos los d\u00edas<\/li>\n<li data-start=\"583\" data-end=\"616\">Conjuntos deportivos o athleisure<\/li>\n<li data-start=\"617\" data-end=\"655\">Para llevar debajo de chaquetas o su\u00e9teres<\/li>\n<li data-start=\"656\" data-end=\"701\">O usada sola para un aspecto elegante y sencillo.<\/li>\n<\/ul>\n<p>Ya sea que est\u00e9 de viaje o descansando en casa, esta pieza vers\u00e1til ofrece comodidad y estilo cl\u00e1sico en uno.<\/p>\n","protected":false},"excerpt":{"rendered":"<p>Aspectos destacados del producto: Tejido: 57 % algod\u00f3n, 38 % poli\u00e9ster, 5 % elastanoAjuste: corte entallado y el\u00e1stico para un ajuste favorecedor y c\u00f3modo. Descripci\u00f3n:Confeccionada con una mezcla ultrasuave y transpirable, esta camiseta de manga larga y cuello en V est\u00e1 dise\u00f1ada para ofrecer comodidad durante todo el d\u00eda y un estilo sin esfuerzo. Su [&hellip;]<\/p>\n","protected":false},"featured_media":56252,"comment_status":"open","ping_status":"closed","template":"","meta":[],"product_brand":[349],"product_cat":[298,546,309],"product_tag":[619,443],"class_list":{"0":"post-51895","1":"product","2":"type-product","3":"status-publish","4":"has-post-thumbnail","6":"product_brand-uniformes-naturales","7":"product_cat-mujer","8":"product_cat-mujer-camisetas-prendas-interiores-sanitarias","9":"product_cat-under-scrubs-casual","10":"product_tag-conjunto-sanitario","11":"product_tag-top-medico","12":"pa_color-agua","13":"pa_color-agua-azul","14":"pa_color-amarilla","15":"pa_color-azul-estelar","16":"pa_color-azul-marino-verdadero","17":"pa_color-azul-real-verdadero","18":"pa_color-black","19":"pa_color-blanca","20":"pa_color-borgona","21":"pa_color-carbon","22":"pa_color-carbon-de-brezo","23":"pa_color-chateau-rose-3","24":"pa_color-chocolate-con-malta","25":"pa_color-desnuda","26":"pa_color-eneldo-verde","27":"pa_color-gris","28":"pa_color-gris-brezo","29":"pa_color-lavanda","30":"pa_color-moneda-de-cobre","31":"pa_color-naranja","32":"pa_color-negra","33":"pa_color-prado-verde","34":"pa_color-purpura","35":"pa_color-purpura-argyle","36":"pa_color-red","37":"pa_color-roja","38":"pa_color-rosa","39":"pa_color-rosa-fuerte","40":"pa_color-rosa-neon","41":"pa_color-sunkiss","42":"pa_color-techo-azul","43":"pa_color-verde","44":"pa_color-verde-azulado","45":"pa_color-verde-cazador-verde","46":"pa_color-verde-claro","47":"pa_color-verde-lima","48":"pa_color-white","49":"pa_size-2x","50":"pa_size-3x","51":"pa_size-l","52":"pa_size-m","53":"pa_size-s","54":"pa_size-xl","55":"pa_size-xs","56":"pa_size-xxs","58":"first","59":"instock","60":"purchasable","61":"product-type-variable"},"yoast_head":"<!-- This site is optimized with the Yoast SEO plugin v27.4 - https:\/\/yoast.com\/product\/yoast-seo-wordpress\/ -->\n<title>CAMISETA M\u00c9DICA DE MANGA LARGA CON CUELLO EN V (ESTILO N.\u00b0 7170) - Natural Uniforms Wholesale<\/title>\n<meta name=\"robots\" content=\"index, follow, max-snippet:-1, max-image-preview:large, max-video-preview:-1\" \/>\n<link rel=\"canonical\" href=\"https:\/\/nuniformswholesale.com\/es\/producto\/camiseta-medica-de-manga-larga-con-cuello-en-v-estilo-n-7170\/\" \/>\n<meta property=\"og:locale\" content=\"es_ES\" \/>\n<meta property=\"og:type\" content=\"article\" \/>\n<meta property=\"og:title\" content=\"CAMISETA M\u00c9DICA DE MANGA LARGA CON CUELLO EN V (ESTILO N.\u00b0 7170) - Natural Uniforms Wholesale\" \/>\n<meta property=\"og:description\" content=\"Aspectos destacados del producto: Tejido: 57 % algod\u00f3n, 38 % poli\u00e9ster, 5 % elastanoAjuste: corte entallado y el\u00e1stico para un ajuste favorecedor y c\u00f3modo. Descripci\u00f3n:Confeccionada con una mezcla ultrasuave y transpirable, esta camiseta de manga larga y cuello en V est\u00e1 dise\u00f1ada para ofrecer comodidad durante todo el d\u00eda y un estilo sin esfuerzo. Su [&hellip;]\" \/>\n<meta property=\"og:url\" content=\"https:\/\/nuniformswholesale.com\/es\/producto\/camiseta-medica-de-manga-larga-con-cuello-en-v-estilo-n-7170\/\" \/>\n<meta property=\"og:site_name\" content=\"Natural Uniforms Wholesale\" \/>\n<meta property=\"article:modified_time\" content=\"2026-02-21T09:55:55+00:00\" \/>\n<meta property=\"og:image\" content=\"https:\/\/nuniformswholesale.com\/wp-content\/uploads\/2025\/06\/7170_front-view_1_woman_Ceil-Blue.jpg\" \/>\n\t<meta property=\"og:image:width\" content=\"800\" \/>\n\t<meta property=\"og:image:height\" content=\"800\" \/>\n\t<meta property=\"og:image:type\" content=\"image\/jpeg\" \/>\n<meta name=\"twitter:card\" content=\"summary_large_image\" \/>\n<meta name=\"twitter:label1\" content=\"Tiempo de lectura\" \/>\n\t<meta name=\"twitter:data1\" content=\"1 minuto\" \/>\n<script type=\"application\/ld+json\" class=\"yoast-schema-graph\">{\"@context\":\"https:\\\/\\\/schema.org\",\"@graph\":[{\"@type\":\"WebPage\",\"@id\":\"https:\\\/\\\/nuniformswholesale.com\\\/es\\\/producto\\\/camiseta-medica-de-manga-larga-con-cuello-en-v-estilo-n-7170\\\/\",\"url\":\"https:\\\/\\\/nuniformswholesale.com\\\/es\\\/producto\\\/camiseta-medica-de-manga-larga-con-cuello-en-v-estilo-n-7170\\\/\",\"name\":\"CAMISETA M\u00c9DICA DE MANGA LARGA CON CUELLO EN V (ESTILO N.\u00b0 7170) - Natural Uniforms Wholesale\",\"isPartOf\":{\"@id\":\"https:\\\/\\\/nuniformswholesale.com\\\/es\\\/#website\"},\"primaryImageOfPage\":{\"@id\":\"https:\\\/\\\/nuniformswholesale.com\\\/es\\\/producto\\\/camiseta-medica-de-manga-larga-con-cuello-en-v-estilo-n-7170\\\/#primaryimage\"},\"image\":{\"@id\":\"https:\\\/\\\/nuniformswholesale.com\\\/es\\\/producto\\\/camiseta-medica-de-manga-larga-con-cuello-en-v-estilo-n-7170\\\/#primaryimage\"},\"thumbnailUrl\":\"https:\\\/\\\/nuniformswholesale.com\\\/wp-content\\\/uploads\\\/2025\\\/06\\\/7170_front-view_1_woman_Ceil-Blue.jpg\",\"datePublished\":\"2025-07-01T02:24:13+00:00\",\"dateModified\":\"2026-02-21T09:55:55+00:00\",\"breadcrumb\":{\"@id\":\"https:\\\/\\\/nuniformswholesale.com\\\/es\\\/producto\\\/camiseta-medica-de-manga-larga-con-cuello-en-v-estilo-n-7170\\\/#breadcrumb\"},\"inLanguage\":\"es\",\"potentialAction\":[{\"@type\":\"ReadAction\",\"target\":[\"https:\\\/\\\/nuniformswholesale.com\\\/es\\\/producto\\\/camiseta-medica-de-manga-larga-con-cuello-en-v-estilo-n-7170\\\/\"]}]},{\"@type\":\"ImageObject\",\"inLanguage\":\"es\",\"@id\":\"https:\\\/\\\/nuniformswholesale.com\\\/es\\\/producto\\\/camiseta-medica-de-manga-larga-con-cuello-en-v-estilo-n-7170\\\/#primaryimage\",\"url\":\"https:\\\/\\\/nuniformswholesale.com\\\/wp-content\\\/uploads\\\/2025\\\/06\\\/7170_front-view_1_woman_Ceil-Blue.jpg\",\"contentUrl\":\"https:\\\/\\\/nuniformswholesale.com\\\/wp-content\\\/uploads\\\/2025\\\/06\\\/7170_front-view_1_woman_Ceil-Blue.jpg\",\"width\":800,\"height\":800},{\"@type\":\"BreadcrumbList\",\"@id\":\"https:\\\/\\\/nuniformswholesale.com\\\/es\\\/producto\\\/camiseta-medica-de-manga-larga-con-cuello-en-v-estilo-n-7170\\\/#breadcrumb\",\"itemListElement\":[{\"@type\":\"ListItem\",\"position\":1,\"name\":\"Home\",\"item\":\"https:\\\/\\\/nuniformswholesale.com\\\/es\\\/\"},{\"@type\":\"ListItem\",\"position\":2,\"name\":\"Our Products\",\"item\":\"https:\\\/\\\/nuniformswholesale.com\\\/our-products\\\/\"},{\"@type\":\"ListItem\",\"position\":3,\"name\":\"CAMISETA M\u00c9DICA DE MANGA LARGA CON CUELLO EN V (ESTILO N.\u00b0 7170)\"}]},{\"@type\":\"WebSite\",\"@id\":\"https:\\\/\\\/nuniformswholesale.com\\\/es\\\/#website\",\"url\":\"https:\\\/\\\/nuniformswholesale.com\\\/es\\\/\",\"name\":\"Natural Uniforms\",\"description\":\"Natural Uniforms - Every Day Uniforms\",\"publisher\":{\"@id\":\"https:\\\/\\\/nuniformswholesale.com\\\/es\\\/#organization\"},\"alternateName\":\"Natural Uniforms\",\"potentialAction\":[{\"@type\":\"SearchAction\",\"target\":{\"@type\":\"EntryPoint\",\"urlTemplate\":\"https:\\\/\\\/nuniformswholesale.com\\\/es\\\/?s={search_term_string}\"},\"query-input\":{\"@type\":\"PropertyValueSpecification\",\"valueRequired\":true,\"valueName\":\"search_term_string\"}}],\"inLanguage\":\"es\"},{\"@type\":\"Organization\",\"@id\":\"https:\\\/\\\/nuniformswholesale.com\\\/es\\\/#organization\",\"name\":\"Natural Uniforms\",\"url\":\"https:\\\/\\\/nuniformswholesale.com\\\/es\\\/\",\"logo\":{\"@type\":\"ImageObject\",\"inLanguage\":\"es\",\"@id\":\"https:\\\/\\\/nuniformswholesale.com\\\/es\\\/#\\\/schema\\\/logo\\\/image\\\/\",\"url\":\"https:\\\/\\\/nuniformswholesale.com\\\/wp-content\\\/uploads\\\/2025\\\/08\\\/dsBuffer.bmp-2-1024x295-1-Photoroom.png\",\"contentUrl\":\"https:\\\/\\\/nuniformswholesale.com\\\/wp-content\\\/uploads\\\/2025\\\/08\\\/dsBuffer.bmp-2-1024x295-1-Photoroom.png\",\"width\":296,\"height\":85,\"caption\":\"Natural Uniforms\"},\"image\":{\"@id\":\"https:\\\/\\\/nuniformswholesale.com\\\/es\\\/#\\\/schema\\\/logo\\\/image\\\/\"}}]}<\/script>\n<!-- \/ Yoast SEO plugin. -->","yoast_head_json":{"title":"CAMISETA M\u00c9DICA DE MANGA LARGA CON CUELLO EN V (ESTILO N.\u00b0 7170) - Natural Uniforms Wholesale","robots":{"index":"index","follow":"follow","max-snippet":"max-snippet:-1","max-image-preview":"max-image-preview:large","max-video-preview":"max-video-preview:-1"},"canonical":"https:\/\/nuniformswholesale.com\/es\/producto\/camiseta-medica-de-manga-larga-con-cuello-en-v-estilo-n-7170\/","og_locale":"es_ES","og_type":"article","og_title":"CAMISETA M\u00c9DICA DE MANGA LARGA CON CUELLO EN V (ESTILO N.\u00b0 7170) - Natural Uniforms Wholesale","og_description":"Aspectos destacados del producto: Tejido: 57 % algod\u00f3n, 38 % poli\u00e9ster, 5 % elastanoAjuste: corte entallado y el\u00e1stico para un ajuste favorecedor y c\u00f3modo. Descripci\u00f3n:Confeccionada con una mezcla ultrasuave y transpirable, esta camiseta de manga larga y cuello en V est\u00e1 dise\u00f1ada para ofrecer comodidad durante todo el d\u00eda y un estilo sin esfuerzo. Su [&hellip;]","og_url":"https:\/\/nuniformswholesale.com\/es\/producto\/camiseta-medica-de-manga-larga-con-cuello-en-v-estilo-n-7170\/","og_site_name":"Natural Uniforms Wholesale","article_modified_time":"2026-02-21T09:55:55+00:00","og_image":[{"width":800,"height":800,"url":"https:\/\/nuniformswholesale.com\/wp-content\/uploads\/2025\/06\/7170_front-view_1_woman_Ceil-Blue.jpg","type":"image\/jpeg"}],"twitter_card":"summary_large_image","twitter_misc":{"Tiempo de lectura":"1 minuto"},"schema":{"@context":"https:\/\/schema.org","@graph":[{"@type":"WebPage","@id":"https:\/\/nuniformswholesale.com\/es\/producto\/camiseta-medica-de-manga-larga-con-cuello-en-v-estilo-n-7170\/","url":"https:\/\/nuniformswholesale.com\/es\/producto\/camiseta-medica-de-manga-larga-con-cuello-en-v-estilo-n-7170\/","name":"CAMISETA M\u00c9DICA DE MANGA LARGA CON CUELLO EN V (ESTILO N.\u00b0 7170) - Natural Uniforms Wholesale","isPartOf":{"@id":"https:\/\/nuniformswholesale.com\/es\/#website"},"primaryImageOfPage":{"@id":"https:\/\/nuniformswholesale.com\/es\/producto\/camiseta-medica-de-manga-larga-con-cuello-en-v-estilo-n-7170\/#primaryimage"},"image":{"@id":"https:\/\/nuniformswholesale.com\/es\/producto\/camiseta-medica-de-manga-larga-con-cuello-en-v-estilo-n-7170\/#primaryimage"},"thumbnailUrl":"https:\/\/nuniformswholesale.com\/wp-content\/uploads\/2025\/06\/7170_front-view_1_woman_Ceil-Blue.jpg","datePublished":"2025-07-01T02:24:13+00:00","dateModified":"2026-02-21T09:55:55+00:00","breadcrumb":{"@id":"https:\/\/nuniformswholesale.com\/es\/producto\/camiseta-medica-de-manga-larga-con-cuello-en-v-estilo-n-7170\/#breadcrumb"},"inLanguage":"es","potentialAction":[{"@type":"ReadAction","target":["https:\/\/nuniformswholesale.com\/es\/producto\/camiseta-medica-de-manga-larga-con-cuello-en-v-estilo-n-7170\/"]}]},{"@type":"ImageObject","inLanguage":"es","@id":"https:\/\/nuniformswholesale.com\/es\/producto\/camiseta-medica-de-manga-larga-con-cuello-en-v-estilo-n-7170\/#primaryimage","url":"https:\/\/nuniformswholesale.com\/wp-content\/uploads\/2025\/06\/7170_front-view_1_woman_Ceil-Blue.jpg","contentUrl":"https:\/\/nuniformswholesale.com\/wp-content\/uploads\/2025\/06\/7170_front-view_1_woman_Ceil-Blue.jpg","width":800,"height":800},{"@type":"BreadcrumbList","@id":"https:\/\/nuniformswholesale.com\/es\/producto\/camiseta-medica-de-manga-larga-con-cuello-en-v-estilo-n-7170\/#breadcrumb","itemListElement":[{"@type":"ListItem","position":1,"name":"Home","item":"https:\/\/nuniformswholesale.com\/es\/"},{"@type":"ListItem","position":2,"name":"Our Products","item":"https:\/\/nuniformswholesale.com\/our-products\/"},{"@type":"ListItem","position":3,"name":"CAMISETA M\u00c9DICA DE MANGA LARGA CON CUELLO EN V (ESTILO N.\u00b0 7170)"}]},{"@type":"WebSite","@id":"https:\/\/nuniformswholesale.com\/es\/#website","url":"https:\/\/nuniformswholesale.com\/es\/","name":"Natural Uniforms","description":"Natural Uniforms - Every Day Uniforms","publisher":{"@id":"https:\/\/nuniformswholesale.com\/es\/#organization"},"alternateName":"Natural Uniforms","potentialAction":[{"@type":"SearchAction","target":{"@type":"EntryPoint","urlTemplate":"https:\/\/nuniformswholesale.com\/es\/?s={search_term_string}"},"query-input":{"@type":"PropertyValueSpecification","valueRequired":true,"valueName":"search_term_string"}}],"inLanguage":"es"},{"@type":"Organization","@id":"https:\/\/nuniformswholesale.com\/es\/#organization","name":"Natural Uniforms","url":"https:\/\/nuniformswholesale.com\/es\/","logo":{"@type":"ImageObject","inLanguage":"es","@id":"https:\/\/nuniformswholesale.com\/es\/#\/schema\/logo\/image\/","url":"https:\/\/nuniformswholesale.com\/wp-content\/uploads\/2025\/08\/dsBuffer.bmp-2-1024x295-1-Photoroom.png","contentUrl":"https:\/\/nuniformswholesale.com\/wp-content\/uploads\/2025\/08\/dsBuffer.bmp-2-1024x295-1-Photoroom.png","width":296,"height":85,"caption":"Natural Uniforms"},"image":{"@id":"https:\/\/nuniformswholesale.com\/es\/#\/schema\/logo\/image\/"}}]}},"_links":{"self":[{"href":"https:\/\/nuniformswholesale.com\/es\/wp-json\/wp\/v2\/product\/51895","targetHints":{"allow":["GET"]}}],"collection":[{"href":"https:\/\/nuniformswholesale.com\/es\/wp-json\/wp\/v2\/product"}],"about":[{"href":"https:\/\/nuniformswholesale.com\/es\/wp-json\/wp\/v2\/types\/product"}],"replies":[{"embeddable":true,"href":"https:\/\/nuniformswholesale.com\/es\/wp-json\/wp\/v2\/comments?post=51895"}],"wp:featuredmedia":[{"embeddable":true,"href":"https:\/\/nuniformswholesale.com\/es\/wp-json\/wp\/v2\/media\/56252"}],"wp:attachment":[{"href":"https:\/\/nuniformswholesale.com\/es\/wp-json\/wp\/v2\/media?parent=51895"}],"wp:term":[{"taxonomy":"product_brand","embeddable":true,"href":"https:\/\/nuniformswholesale.com\/es\/wp-json\/wp\/v2\/product_brand?post=51895"},{"taxonomy":"product_cat","embeddable":true,"href":"https:\/\/nuniformswholesale.com\/es\/wp-json\/wp\/v2\/product_cat?post=51895"},{"taxonomy":"product_tag","embeddable":true,"href":"https:\/\/nuniformswholesale.com\/es\/wp-json\/wp\/v2\/product_tag?post=51895"}],"curies":[{"name":"wp","href":"https:\/\/api.w.org\/{rel}","templated":true}]}}