{"id":52119,"date":"2025-06-30T17:14:54","date_gmt":"2025-07-01T01:14:54","guid":{"rendered":"https:\/\/nuniforms.provisdemo.com\/product\/camiseta-medica-elastica-de-manga-larga-con-cuello-redondo-top-medico-estilo-n-7160\/"},"modified":"2026-02-21T01:55:52","modified_gmt":"2026-02-21T09:55:52","slug":"camiseta-medica-elastica-de-manga-larga-con-cuello-redondo-top-medico-estilo-n-7160","status":"publish","type":"product","link":"https:\/\/nuniformswholesale.com\/es\/producto\/camiseta-medica-elastica-de-manga-larga-con-cuello-redondo-top-medico-estilo-n-7160\/","title":{"rendered":"CAMISETA M\u00c9DICA EL\u00c1STICA DE MANGA LARGA CON CUELLO REDONDO \u2013 TOP SANITARIO (ESTILO N.\u00ba 7160)"},"content":{"rendered":"<p><strong>Aspectos destacados del producto:<\/strong><\/p>\n<p><strong data-start=\"145\" data-end=\"154\">Tipo: <\/strong>Camiseta de manga larga para mujer<br data-start=\"201\" data-end=\"204\"><strong data-start=\"204\" data-end=\"217\">Escote:<\/strong> Cuello redondo<br data-start=\"227\" data-end=\"230\"><strong data-start=\"230\" data-end=\"238\">Ajuste:<\/strong> Corte entallado y el\u00e1stico<br data-start=\"258\" data-end=\"261\"><strong data-start=\"261\" data-end=\"274\" data-is-only-node=\"\">Material:<\/strong><\/p>\n<ul data-start=\"277\" data-end=\"324\">\n<li data-start=\"277\" data-end=\"291\">57% Algod\u00f3n<\/li>\n<li data-start=\"292\" data-end=\"309\">38% Poli\u00e9ster<\/li>\n<li data-start=\"310\" data-end=\"324\">5% Elastano<\/li>\n<\/ul>\n<p><strong data-start=\"330\" data-end=\"343\">Caracter\u00edsticas:<\/strong><\/p>\n<ul data-start=\"346\" data-end=\"601\">\n<li data-start=\"346\" data-end=\"395\"><strong data-start=\"348\" data-end=\"370\">Suave y el\u00e1stica: <\/strong>Ofrece comodidad durante todo el d\u00eda<\/li>\n<li data-start=\"396\" data-end=\"449\"><strong data-start=\"398\" data-end=\"420\">Tejido transpirable:<\/strong> Apta para un uso prolongado<\/li>\n<li data-start=\"450\" data-end=\"537\">Uso vers\u00e1til: ideal para uso casual, ejercicio, uso diario o como prenda interior para combinar en capas.<\/li>\n<li data-start=\"538\" data-end=\"601\"><strong data-start=\"540\" data-end=\"551\">Dise\u00f1o: <\/strong>Silueta simple y elegante con un ajuste ce\u00f1ido al cuerpo.<\/li>\n<\/ul>\n","protected":false},"excerpt":{"rendered":"<p>Aspectos destacados del producto: Tipo: Camiseta de manga larga para mujerEscote: Cuello redondoAjuste: Corte entallado y el\u00e1sticoMaterial: 57% Algod\u00f3n 38% Poli\u00e9ster 5% Elastano Caracter\u00edsticas: Suave y el\u00e1stica: Ofrece comodidad durante todo el d\u00eda Tejido transpirable: Apta para un uso prolongado Uso vers\u00e1til: ideal para uso casual, ejercicio, uso diario o como prenda interior para combinar [&hellip;]<\/p>\n","protected":false},"featured_media":57006,"comment_status":"open","ping_status":"closed","template":"","meta":[],"product_brand":[349],"product_cat":[298,546,309],"product_tag":[619,651,725,443,727],"class_list":{"0":"post-52119","1":"product","2":"type-product","3":"status-publish","4":"has-post-thumbnail","6":"product_brand-uniformes-naturales","7":"product_cat-mujer","8":"product_cat-mujer-camisetas-prendas-interiores-sanitarias","9":"product_cat-under-scrubs-casual","10":"product_tag-conjunto-sanitario","11":"product_tag-mujer","12":"product_tag-scrub-set","13":"product_tag-top-medico","14":"product_tag-women","15":"pa_color-agua","16":"pa_color-agua-azul","17":"pa_color-amarilla","18":"pa_color-azul-estelar","19":"pa_color-azul-marino-verdadero","20":"pa_color-azul-real-verdadero","21":"pa_color-beso-del-sol","22":"pa_color-blanca","23":"pa_color-borgona","24":"pa_color-carbon","25":"pa_color-carbon-de-brezo","26":"pa_color-chateau-rose","27":"pa_color-chocolate-con-malta","28":"pa_color-desnuda","29":"pa_color-eneldo-verde","30":"pa_color-gris","31":"pa_color-gris-brezo","32":"pa_color-lavanda","33":"pa_color-lime-green","34":"pa_color-moneda-de-cobre","35":"pa_color-naranja","36":"pa_color-negra","37":"pa_color-prado-verde","38":"pa_color-purple","39":"pa_color-purpura","40":"pa_color-purpura-argyle","41":"pa_color-red","43":"pa_color-roja","44":"pa_color-rosa","45":"pa_color-rosa-fuerte","46":"pa_color-rosa-neon","47":"pa_color-teal","48":"pa_color-techo-azul","49":"pa_color-true-hunter-green","50":"pa_color-true-navy-blue","51":"pa_color-verde","52":"pa_color-verde-azulado","53":"pa_color-verde-cazador-verde","54":"pa_color-verde-claro","55":"pa_color-verde-lima","56":"pa_color-water-blue","57":"pa_color-yellow","58":"pa_size-2x","59":"pa_size-3x","60":"pa_size-4x","61":"pa_size-5x","62":"pa_size-l","63":"pa_size-m","64":"pa_size-s","65":"pa_size-xl","66":"pa_size-xs","67":"pa_size-xxs","69":"first","70":"instock","71":"purchasable","72":"product-type-variable"},"yoast_head":"<!-- This site is optimized with the Yoast SEO plugin v27.4 - https:\/\/yoast.com\/product\/yoast-seo-wordpress\/ -->\n<title>CAMISETA M\u00c9DICA EL\u00c1STICA DE MANGA LARGA CON CUELLO REDONDO \u2013 TOP SANITARIO (ESTILO N.\u00ba 7160) - Natural Uniforms Wholesale<\/title>\n<meta name=\"robots\" content=\"index, follow, max-snippet:-1, max-image-preview:large, max-video-preview:-1\" \/>\n<link rel=\"canonical\" href=\"https:\/\/nuniformswholesale.com\/es\/producto\/camiseta-medica-elastica-de-manga-larga-con-cuello-redondo-top-medico-estilo-n-7160\/\" \/>\n<meta property=\"og:locale\" content=\"es_ES\" \/>\n<meta property=\"og:type\" content=\"article\" \/>\n<meta property=\"og:title\" content=\"CAMISETA M\u00c9DICA EL\u00c1STICA DE MANGA LARGA CON CUELLO REDONDO \u2013 TOP SANITARIO (ESTILO N.\u00ba 7160) - Natural Uniforms Wholesale\" \/>\n<meta property=\"og:description\" content=\"Aspectos destacados del producto: Tipo: Camiseta de manga larga para mujerEscote: Cuello redondoAjuste: Corte entallado y el\u00e1sticoMaterial: 57% Algod\u00f3n 38% Poli\u00e9ster 5% Elastano Caracter\u00edsticas: Suave y el\u00e1stica: Ofrece comodidad durante todo el d\u00eda Tejido transpirable: Apta para un uso prolongado Uso vers\u00e1til: ideal para uso casual, ejercicio, uso diario o como prenda interior para combinar [&hellip;]\" \/>\n<meta property=\"og:url\" content=\"https:\/\/nuniformswholesale.com\/es\/producto\/camiseta-medica-elastica-de-manga-larga-con-cuello-redondo-top-medico-estilo-n-7160\/\" \/>\n<meta property=\"og:site_name\" content=\"Natural Uniforms Wholesale\" \/>\n<meta property=\"article:modified_time\" content=\"2026-02-21T09:55:52+00:00\" \/>\n<meta property=\"og:image\" content=\"https:\/\/nuniformswholesale.com\/wp-content\/uploads\/2025\/06\/7160_front-view_1_woman_Pink.jpg\" \/>\n\t<meta property=\"og:image:width\" content=\"800\" \/>\n\t<meta property=\"og:image:height\" content=\"800\" \/>\n\t<meta property=\"og:image:type\" content=\"image\/jpeg\" \/>\n<meta name=\"twitter:card\" content=\"summary_large_image\" \/>\n<meta name=\"twitter:label1\" content=\"Tiempo de lectura\" \/>\n\t<meta name=\"twitter:data1\" content=\"1 minuto\" \/>\n<script type=\"application\/ld+json\" class=\"yoast-schema-graph\">{\"@context\":\"https:\\\/\\\/schema.org\",\"@graph\":[{\"@type\":\"WebPage\",\"@id\":\"https:\\\/\\\/nuniformswholesale.com\\\/es\\\/producto\\\/camiseta-medica-elastica-de-manga-larga-con-cuello-redondo-top-medico-estilo-n-7160\\\/\",\"url\":\"https:\\\/\\\/nuniformswholesale.com\\\/es\\\/producto\\\/camiseta-medica-elastica-de-manga-larga-con-cuello-redondo-top-medico-estilo-n-7160\\\/\",\"name\":\"CAMISETA M\u00c9DICA EL\u00c1STICA DE MANGA LARGA CON CUELLO REDONDO \u2013 TOP SANITARIO (ESTILO N.\u00ba 7160) - Natural Uniforms Wholesale\",\"isPartOf\":{\"@id\":\"https:\\\/\\\/nuniformswholesale.com\\\/es\\\/#website\"},\"primaryImageOfPage\":{\"@id\":\"https:\\\/\\\/nuniformswholesale.com\\\/es\\\/producto\\\/camiseta-medica-elastica-de-manga-larga-con-cuello-redondo-top-medico-estilo-n-7160\\\/#primaryimage\"},\"image\":{\"@id\":\"https:\\\/\\\/nuniformswholesale.com\\\/es\\\/producto\\\/camiseta-medica-elastica-de-manga-larga-con-cuello-redondo-top-medico-estilo-n-7160\\\/#primaryimage\"},\"thumbnailUrl\":\"https:\\\/\\\/nuniformswholesale.com\\\/wp-content\\\/uploads\\\/2025\\\/06\\\/7160_front-view_1_woman_Pink.jpg\",\"datePublished\":\"2025-07-01T01:14:54+00:00\",\"dateModified\":\"2026-02-21T09:55:52+00:00\",\"breadcrumb\":{\"@id\":\"https:\\\/\\\/nuniformswholesale.com\\\/es\\\/producto\\\/camiseta-medica-elastica-de-manga-larga-con-cuello-redondo-top-medico-estilo-n-7160\\\/#breadcrumb\"},\"inLanguage\":\"es\",\"potentialAction\":[{\"@type\":\"ReadAction\",\"target\":[\"https:\\\/\\\/nuniformswholesale.com\\\/es\\\/producto\\\/camiseta-medica-elastica-de-manga-larga-con-cuello-redondo-top-medico-estilo-n-7160\\\/\"]}]},{\"@type\":\"ImageObject\",\"inLanguage\":\"es\",\"@id\":\"https:\\\/\\\/nuniformswholesale.com\\\/es\\\/producto\\\/camiseta-medica-elastica-de-manga-larga-con-cuello-redondo-top-medico-estilo-n-7160\\\/#primaryimage\",\"url\":\"https:\\\/\\\/nuniformswholesale.com\\\/wp-content\\\/uploads\\\/2025\\\/06\\\/7160_front-view_1_woman_Pink.jpg\",\"contentUrl\":\"https:\\\/\\\/nuniformswholesale.com\\\/wp-content\\\/uploads\\\/2025\\\/06\\\/7160_front-view_1_woman_Pink.jpg\",\"width\":800,\"height\":800},{\"@type\":\"BreadcrumbList\",\"@id\":\"https:\\\/\\\/nuniformswholesale.com\\\/es\\\/producto\\\/camiseta-medica-elastica-de-manga-larga-con-cuello-redondo-top-medico-estilo-n-7160\\\/#breadcrumb\",\"itemListElement\":[{\"@type\":\"ListItem\",\"position\":1,\"name\":\"Home\",\"item\":\"https:\\\/\\\/nuniformswholesale.com\\\/es\\\/\"},{\"@type\":\"ListItem\",\"position\":2,\"name\":\"Our Products\",\"item\":\"https:\\\/\\\/nuniformswholesale.com\\\/our-products\\\/\"},{\"@type\":\"ListItem\",\"position\":3,\"name\":\"CAMISETA M\u00c9DICA EL\u00c1STICA DE MANGA LARGA CON CUELLO REDONDO \u2013 TOP SANITARIO (ESTILO N.\u00ba 7160)\"}]},{\"@type\":\"WebSite\",\"@id\":\"https:\\\/\\\/nuniformswholesale.com\\\/es\\\/#website\",\"url\":\"https:\\\/\\\/nuniformswholesale.com\\\/es\\\/\",\"name\":\"Natural Uniforms\",\"description\":\"Natural Uniforms - Every Day Uniforms\",\"publisher\":{\"@id\":\"https:\\\/\\\/nuniformswholesale.com\\\/es\\\/#organization\"},\"alternateName\":\"Natural Uniforms\",\"potentialAction\":[{\"@type\":\"SearchAction\",\"target\":{\"@type\":\"EntryPoint\",\"urlTemplate\":\"https:\\\/\\\/nuniformswholesale.com\\\/es\\\/?s={search_term_string}\"},\"query-input\":{\"@type\":\"PropertyValueSpecification\",\"valueRequired\":true,\"valueName\":\"search_term_string\"}}],\"inLanguage\":\"es\"},{\"@type\":\"Organization\",\"@id\":\"https:\\\/\\\/nuniformswholesale.com\\\/es\\\/#organization\",\"name\":\"Natural Uniforms\",\"url\":\"https:\\\/\\\/nuniformswholesale.com\\\/es\\\/\",\"logo\":{\"@type\":\"ImageObject\",\"inLanguage\":\"es\",\"@id\":\"https:\\\/\\\/nuniformswholesale.com\\\/es\\\/#\\\/schema\\\/logo\\\/image\\\/\",\"url\":\"https:\\\/\\\/nuniformswholesale.com\\\/wp-content\\\/uploads\\\/2025\\\/08\\\/dsBuffer.bmp-2-1024x295-1-Photoroom.png\",\"contentUrl\":\"https:\\\/\\\/nuniformswholesale.com\\\/wp-content\\\/uploads\\\/2025\\\/08\\\/dsBuffer.bmp-2-1024x295-1-Photoroom.png\",\"width\":296,\"height\":85,\"caption\":\"Natural Uniforms\"},\"image\":{\"@id\":\"https:\\\/\\\/nuniformswholesale.com\\\/es\\\/#\\\/schema\\\/logo\\\/image\\\/\"}}]}<\/script>\n<!-- \/ Yoast SEO plugin. -->","yoast_head_json":{"title":"CAMISETA M\u00c9DICA EL\u00c1STICA DE MANGA LARGA CON CUELLO REDONDO \u2013 TOP SANITARIO (ESTILO N.\u00ba 7160) - Natural Uniforms Wholesale","robots":{"index":"index","follow":"follow","max-snippet":"max-snippet:-1","max-image-preview":"max-image-preview:large","max-video-preview":"max-video-preview:-1"},"canonical":"https:\/\/nuniformswholesale.com\/es\/producto\/camiseta-medica-elastica-de-manga-larga-con-cuello-redondo-top-medico-estilo-n-7160\/","og_locale":"es_ES","og_type":"article","og_title":"CAMISETA M\u00c9DICA EL\u00c1STICA DE MANGA LARGA CON CUELLO REDONDO \u2013 TOP SANITARIO (ESTILO N.\u00ba 7160) - Natural Uniforms Wholesale","og_description":"Aspectos destacados del producto: Tipo: Camiseta de manga larga para mujerEscote: Cuello redondoAjuste: Corte entallado y el\u00e1sticoMaterial: 57% Algod\u00f3n 38% Poli\u00e9ster 5% Elastano Caracter\u00edsticas: Suave y el\u00e1stica: Ofrece comodidad durante todo el d\u00eda Tejido transpirable: Apta para un uso prolongado Uso vers\u00e1til: ideal para uso casual, ejercicio, uso diario o como prenda interior para combinar [&hellip;]","og_url":"https:\/\/nuniformswholesale.com\/es\/producto\/camiseta-medica-elastica-de-manga-larga-con-cuello-redondo-top-medico-estilo-n-7160\/","og_site_name":"Natural Uniforms Wholesale","article_modified_time":"2026-02-21T09:55:52+00:00","og_image":[{"width":800,"height":800,"url":"https:\/\/nuniformswholesale.com\/wp-content\/uploads\/2025\/06\/7160_front-view_1_woman_Pink.jpg","type":"image\/jpeg"}],"twitter_card":"summary_large_image","twitter_misc":{"Tiempo de lectura":"1 minuto"},"schema":{"@context":"https:\/\/schema.org","@graph":[{"@type":"WebPage","@id":"https:\/\/nuniformswholesale.com\/es\/producto\/camiseta-medica-elastica-de-manga-larga-con-cuello-redondo-top-medico-estilo-n-7160\/","url":"https:\/\/nuniformswholesale.com\/es\/producto\/camiseta-medica-elastica-de-manga-larga-con-cuello-redondo-top-medico-estilo-n-7160\/","name":"CAMISETA M\u00c9DICA EL\u00c1STICA DE MANGA LARGA CON CUELLO REDONDO \u2013 TOP SANITARIO (ESTILO N.\u00ba 7160) - Natural Uniforms Wholesale","isPartOf":{"@id":"https:\/\/nuniformswholesale.com\/es\/#website"},"primaryImageOfPage":{"@id":"https:\/\/nuniformswholesale.com\/es\/producto\/camiseta-medica-elastica-de-manga-larga-con-cuello-redondo-top-medico-estilo-n-7160\/#primaryimage"},"image":{"@id":"https:\/\/nuniformswholesale.com\/es\/producto\/camiseta-medica-elastica-de-manga-larga-con-cuello-redondo-top-medico-estilo-n-7160\/#primaryimage"},"thumbnailUrl":"https:\/\/nuniformswholesale.com\/wp-content\/uploads\/2025\/06\/7160_front-view_1_woman_Pink.jpg","datePublished":"2025-07-01T01:14:54+00:00","dateModified":"2026-02-21T09:55:52+00:00","breadcrumb":{"@id":"https:\/\/nuniformswholesale.com\/es\/producto\/camiseta-medica-elastica-de-manga-larga-con-cuello-redondo-top-medico-estilo-n-7160\/#breadcrumb"},"inLanguage":"es","potentialAction":[{"@type":"ReadAction","target":["https:\/\/nuniformswholesale.com\/es\/producto\/camiseta-medica-elastica-de-manga-larga-con-cuello-redondo-top-medico-estilo-n-7160\/"]}]},{"@type":"ImageObject","inLanguage":"es","@id":"https:\/\/nuniformswholesale.com\/es\/producto\/camiseta-medica-elastica-de-manga-larga-con-cuello-redondo-top-medico-estilo-n-7160\/#primaryimage","url":"https:\/\/nuniformswholesale.com\/wp-content\/uploads\/2025\/06\/7160_front-view_1_woman_Pink.jpg","contentUrl":"https:\/\/nuniformswholesale.com\/wp-content\/uploads\/2025\/06\/7160_front-view_1_woman_Pink.jpg","width":800,"height":800},{"@type":"BreadcrumbList","@id":"https:\/\/nuniformswholesale.com\/es\/producto\/camiseta-medica-elastica-de-manga-larga-con-cuello-redondo-top-medico-estilo-n-7160\/#breadcrumb","itemListElement":[{"@type":"ListItem","position":1,"name":"Home","item":"https:\/\/nuniformswholesale.com\/es\/"},{"@type":"ListItem","position":2,"name":"Our Products","item":"https:\/\/nuniformswholesale.com\/our-products\/"},{"@type":"ListItem","position":3,"name":"CAMISETA M\u00c9DICA EL\u00c1STICA DE MANGA LARGA CON CUELLO REDONDO \u2013 TOP SANITARIO (ESTILO N.\u00ba 7160)"}]},{"@type":"WebSite","@id":"https:\/\/nuniformswholesale.com\/es\/#website","url":"https:\/\/nuniformswholesale.com\/es\/","name":"Natural Uniforms","description":"Natural Uniforms - Every Day Uniforms","publisher":{"@id":"https:\/\/nuniformswholesale.com\/es\/#organization"},"alternateName":"Natural Uniforms","potentialAction":[{"@type":"SearchAction","target":{"@type":"EntryPoint","urlTemplate":"https:\/\/nuniformswholesale.com\/es\/?s={search_term_string}"},"query-input":{"@type":"PropertyValueSpecification","valueRequired":true,"valueName":"search_term_string"}}],"inLanguage":"es"},{"@type":"Organization","@id":"https:\/\/nuniformswholesale.com\/es\/#organization","name":"Natural Uniforms","url":"https:\/\/nuniformswholesale.com\/es\/","logo":{"@type":"ImageObject","inLanguage":"es","@id":"https:\/\/nuniformswholesale.com\/es\/#\/schema\/logo\/image\/","url":"https:\/\/nuniformswholesale.com\/wp-content\/uploads\/2025\/08\/dsBuffer.bmp-2-1024x295-1-Photoroom.png","contentUrl":"https:\/\/nuniformswholesale.com\/wp-content\/uploads\/2025\/08\/dsBuffer.bmp-2-1024x295-1-Photoroom.png","width":296,"height":85,"caption":"Natural Uniforms"},"image":{"@id":"https:\/\/nuniformswholesale.com\/es\/#\/schema\/logo\/image\/"}}]}},"_links":{"self":[{"href":"https:\/\/nuniformswholesale.com\/es\/wp-json\/wp\/v2\/product\/52119","targetHints":{"allow":["GET"]}}],"collection":[{"href":"https:\/\/nuniformswholesale.com\/es\/wp-json\/wp\/v2\/product"}],"about":[{"href":"https:\/\/nuniformswholesale.com\/es\/wp-json\/wp\/v2\/types\/product"}],"replies":[{"embeddable":true,"href":"https:\/\/nuniformswholesale.com\/es\/wp-json\/wp\/v2\/comments?post=52119"}],"wp:featuredmedia":[{"embeddable":true,"href":"https:\/\/nuniformswholesale.com\/es\/wp-json\/wp\/v2\/media\/57006"}],"wp:attachment":[{"href":"https:\/\/nuniformswholesale.com\/es\/wp-json\/wp\/v2\/media?parent=52119"}],"wp:term":[{"taxonomy":"product_brand","embeddable":true,"href":"https:\/\/nuniformswholesale.com\/es\/wp-json\/wp\/v2\/product_brand?post=52119"},{"taxonomy":"product_cat","embeddable":true,"href":"https:\/\/nuniformswholesale.com\/es\/wp-json\/wp\/v2\/product_cat?post=52119"},{"taxonomy":"product_tag","embeddable":true,"href":"https:\/\/nuniformswholesale.com\/es\/wp-json\/wp\/v2\/product_tag?post=52119"}],"curies":[{"name":"wp","href":"https:\/\/api.w.org\/{rel}","templated":true}]}}