{"id":52525,"date":"2025-06-26T14:40:53","date_gmt":"2025-06-26T22:40:53","guid":{"rendered":"https:\/\/nuniforms.provisdemo.com\/product\/conjunto-clasico-unisex-de-natural-uniforms-paquete-de-10-con-cuello-en-v-estilo-n-1020\/"},"modified":"2026-04-08T22:51:21","modified_gmt":"2026-04-09T06:51:21","slug":"conjunto-clasico-unisex-de-natural-uniforms-paquete-de-10-con-cuello-en-v-estilo-n-1020","status":"publish","type":"product","link":"https:\/\/nuniformswholesale.com\/es\/producto\/conjunto-clasico-unisex-de-natural-uniforms-paquete-de-10-con-cuello-en-v-estilo-n-1020\/","title":{"rendered":"CONJUNTO CARGO CL\u00e1SICO UNISEX 10 PIEZAS CUELLO EN V (STYLE# 1020)"},"content":{"rendered":"<ul>\n<li><strong data-start=\"362\" data-end=\"375\">Material:<\/strong>\n<ul data-start=\"378\" data-end=\"513\">\n<li data-start=\"378\" data-end=\"446\">65\u202f% poli\u00e9ster \/ 35\u202f% algod\u00f3n<\/li>\n<li data-start=\"449\" data-end=\"513\">Ligero y dise\u00f1ado para brindar comodidad y <strong data-start=\"480\" data-end=\"499\">movilidad durante todo<\/strong> el d\u00eda.<\/li>\n<\/ul>\n<\/li>\n<li data-start=\"155\" data-end=\"358\"><strong data-start=\"157\" data-end=\"165\">Ajuste:<\/strong>\n<ul data-start=\"168\" data-end=\"358\">\n<li data-start=\"168\" data-end=\"197\">Corte generoso para mayor comodidad.<\/li>\n<li data-start=\"200\" data-end=\"312\"><strong data-start=\"202\" data-end=\"241\">Los tama\u00f1os XX-Small a X-Large son grande<\/strong>s: se recomienda pedir un <strong data-start=\"264\" data-end=\"290\">tama\u00f1o m\u00e1s peque\u00f1o que su talla<\/strong> habitual.<\/li>\n<li data-start=\"315\" data-end=\"358\"><strong data-start=\"317\" data-end=\"336\">Los tama\u00f1os 2X<\/strong> y superiores <strong data-start=\"341\" data-end=\"357\">se ajustan al tama\u00f1o real.<\/strong><\/li>\n<\/ul>\n<\/li>\n<li data-start=\"515\" data-end=\"628\"><strong data-start=\"517\" data-end=\"527\">Color:<\/strong>\n<ul data-start=\"530\" data-end=\"628\">\n<li data-start=\"530\" data-end=\"628\">Fabricado con tela que n<strong data-start=\"542\" data-end=\"563\">o pierde color<\/strong>: colores vibrantes que <strong data-start=\"586\" data-end=\"600\">no se desvanecen<\/strong> incluso despu\u00e9s de repetidos lavados.<\/li>\n<\/ul>\n<\/li>\n<li data-start=\"630\" data-end=\"819\"><strong data-start=\"632\" data-end=\"646\">Puntadas:<\/strong>\n<ul data-start=\"649\" data-end=\"819\">\n<li data-start=\"649\" data-end=\"749\"><strong data-start=\"651\" data-end=\"678\">Costuras triplemente reforzadas<\/strong> para mayor durabilidad, ideal para movimientos frecuentes (flexiones, torsiones, etc.).<\/li>\n<li data-start=\"752\" data-end=\"819\">La tela se suaviza <strong data-start=\"765\" data-end=\"797\">despu\u00e9s del primer lavado<\/strong> para una mayor comodidad.<\/li>\n<\/ul>\n<\/li>\n<li data-start=\"821\" data-end=\"996\"><strong data-start=\"823\" data-end=\"840\">El juego incluye:<\/strong>\n<ul data-start=\"843\" data-end=\"996\">\n<li data-start=\"843\" data-end=\"905\"><strong data-start=\"845\" data-end=\"853\">Parte superior<\/strong>: escote en pico con un bolsillo en el pecho y dos bolsillos inferiores.<\/li>\n<li data-start=\"908\" data-end=\"996\"><strong data-start=\"910\" data-end=\"920\">Pantalones<\/strong>: 1\/2 cintura el\u00e1stica con cord\u00f3n, dos bolsillos laterales y bolsillos cargo.<\/li>\n<\/ul>\n<\/li>\n<li data-start=\"998\" data-end=\"1091\"><strong data-start=\"1000\" data-end=\"1009\">Nota:<\/strong>\n<ul data-start=\"1012\" data-end=\"1091\">\n<li data-start=\"1012\" data-end=\"1091\">Aseg\u00farese de consultar la tabla de tallas <strong data-start=\"1035\" data-end=\"1051\">antes de realizar<\/strong> el pedido para garantizar el mejor ajuste.<\/li>\n<\/ul>\n<\/li>\n<\/ul>\n","protected":false},"excerpt":{"rendered":"<p>Material: 65\u202f% poli\u00e9ster \/ 35\u202f% algod\u00f3n Ligero y dise\u00f1ado para brindar comodidad y movilidad durante todo el d\u00eda. Ajuste: Corte generoso para mayor comodidad. Los tama\u00f1os XX-Small a X-Large son grandes: se recomienda pedir un tama\u00f1o m\u00e1s peque\u00f1o que su talla habitual. Los tama\u00f1os 2X y superiores se ajustan al tama\u00f1o real. Color: Fabricado con [&hellip;]<\/p>\n","protected":false},"featured_media":68197,"comment_status":"open","ping_status":"closed","template":"","meta":[],"product_brand":[450],"product_cat":[767,297,307,298,535,557,507,716,710,710,306],"product_tag":[742,727],"class_list":{"0":"post-52525","1":"product","2":"type-product","3":"status-publish","4":"has-post-thumbnail","6":"product_brand-exfoliantes-mm","7":"product_cat-economico","8":"product_cat-hombre","9":"product_cat-scrub-sets","10":"product_cat-mujer","11":"product_cat-pijama-quirurgico","12":"product_cat-pijama-quirurgico-hombre","13":"product_cat-pijama-quirurgico-unisex","14":"product_cat-mujer-unisex","15":"product_cat-hombre-unisex","17":"product_cat-unisexo","18":"product_tag-men","19":"product_tag-women","20":"pa_color-aceituna","21":"pa_color-azul-marino","22":"pa_color-azul-marino-verdadero","23":"pa_color-azul-real","24":"pa_color-azul-real-verdadero","25":"pa_color-black","26":"pa_color-blanca","27":"pa_color-borgona","28":"pa_color-brumosa","29":"pa_color-burgundy","30":"pa_color-caqui","31":"pa_color-carbon","32":"pa_color-ceil-blue","33":"pa_color-charcoal","34":"pa_color-chocolate","35":"pa_color-dark-hunter-green","36":"pa_color-grey","37":"pa_color-gris","38":"pa_color-hot-pink","39":"pa_color-khaki","40":"pa_color-lila","41":"pa_color-lilac","42":"pa_color-misty","43":"pa_color-naranja","44":"pa_color-negra","45":"pa_color-orange","46":"pa_color-purple","48":"pa_color-purpura","49":"pa_color-red","51":"pa_color-roja","52":"pa_color-rosa","53":"pa_color-rosa-fuerte","54":"pa_color-surgical-green","55":"pa_color-teal","56":"pa_color-techo-azul","57":"pa_color-true-hunter-green","58":"pa_color-true-navy-blue","59":"pa_color-true-royal-blue","60":"pa_color-verde-azulado","61":"pa_color-verde-cazador-oscuro","62":"pa_color-verde-cazador-verde","63":"pa_color-verde-quirurgico","64":"pa_color-white","65":"pa_size-2x","66":"pa_size-3x","67":"pa_size-4x","68":"pa_size-5x","69":"pa_size-l","70":"pa_size-m","71":"pa_size-s","72":"pa_size-xl","73":"pa_size-xs","74":"pa_size-xxs","76":"first","77":"instock","78":"purchasable","79":"product-type-variable"},"yoast_head":"<!-- This site is optimized with the Yoast SEO plugin v27.4 - https:\/\/yoast.com\/product\/yoast-seo-wordpress\/ -->\n<title>Conjunto Cargo Cl\u00e1sico Unisex 10 Piezas Cuello en V (STYLE# 1020) - Natural Uniforms Wholesale<\/title>\n<meta name=\"robots\" content=\"index, follow, max-snippet:-1, max-image-preview:large, max-video-preview:-1\" \/>\n<link rel=\"canonical\" href=\"https:\/\/nuniformswholesale.com\/es\/producto\/conjunto-clasico-unisex-de-natural-uniforms-paquete-de-10-con-cuello-en-v-estilo-n-1020\/\" \/>\n<meta property=\"og:locale\" content=\"es_ES\" \/>\n<meta property=\"og:type\" content=\"article\" \/>\n<meta property=\"og:title\" content=\"Conjunto Cargo Cl\u00e1sico Unisex 10 Piezas Cuello en V (STYLE# 1020) - Natural Uniforms Wholesale\" \/>\n<meta property=\"og:description\" content=\"Material: 65\u202f% poli\u00e9ster \/ 35\u202f% algod\u00f3n Ligero y dise\u00f1ado para brindar comodidad y movilidad durante todo el d\u00eda. Ajuste: Corte generoso para mayor comodidad. Los tama\u00f1os XX-Small a X-Large son grandes: se recomienda pedir un tama\u00f1o m\u00e1s peque\u00f1o que su talla habitual. Los tama\u00f1os 2X y superiores se ajustan al tama\u00f1o real. Color: Fabricado con [&hellip;]\" \/>\n<meta property=\"og:url\" content=\"https:\/\/nuniformswholesale.com\/es\/producto\/conjunto-clasico-unisex-de-natural-uniforms-paquete-de-10-con-cuello-en-v-estilo-n-1020\/\" \/>\n<meta property=\"og:site_name\" content=\"Natural Uniforms Wholesale\" \/>\n<meta property=\"article:modified_time\" content=\"2026-04-09T06:51:21+00:00\" \/>\n<meta property=\"og:image\" content=\"https:\/\/nuniformswholesale.com\/wp-content\/uploads\/2025\/06\/BP102_front1_Misty_man-1.jpg\" \/>\n\t<meta property=\"og:image:width\" content=\"800\" \/>\n\t<meta property=\"og:image:height\" content=\"800\" \/>\n\t<meta property=\"og:image:type\" content=\"image\/jpeg\" \/>\n<meta name=\"twitter:card\" content=\"summary_large_image\" \/>\n<meta name=\"twitter:label1\" content=\"Tiempo de lectura\" \/>\n\t<meta name=\"twitter:data1\" content=\"1 minuto\" \/>\n<script type=\"application\/ld+json\" class=\"yoast-schema-graph\">{\"@context\":\"https:\\\/\\\/schema.org\",\"@graph\":[{\"@type\":\"WebPage\",\"@id\":\"https:\\\/\\\/nuniformswholesale.com\\\/es\\\/producto\\\/conjunto-clasico-unisex-de-natural-uniforms-paquete-de-10-con-cuello-en-v-estilo-n-1020\\\/\",\"url\":\"https:\\\/\\\/nuniformswholesale.com\\\/es\\\/producto\\\/conjunto-clasico-unisex-de-natural-uniforms-paquete-de-10-con-cuello-en-v-estilo-n-1020\\\/\",\"name\":\"Conjunto Cargo Cl\u00e1sico Unisex 10 Piezas Cuello en V (STYLE# 1020) - Natural Uniforms Wholesale\",\"isPartOf\":{\"@id\":\"https:\\\/\\\/nuniformswholesale.com\\\/es\\\/#website\"},\"primaryImageOfPage\":{\"@id\":\"https:\\\/\\\/nuniformswholesale.com\\\/es\\\/producto\\\/conjunto-clasico-unisex-de-natural-uniforms-paquete-de-10-con-cuello-en-v-estilo-n-1020\\\/#primaryimage\"},\"image\":{\"@id\":\"https:\\\/\\\/nuniformswholesale.com\\\/es\\\/producto\\\/conjunto-clasico-unisex-de-natural-uniforms-paquete-de-10-con-cuello-en-v-estilo-n-1020\\\/#primaryimage\"},\"thumbnailUrl\":\"https:\\\/\\\/nuniformswholesale.com\\\/wp-content\\\/uploads\\\/2025\\\/06\\\/BP102_front1_Misty_woman.jpg\",\"datePublished\":\"2025-06-26T22:40:53+00:00\",\"dateModified\":\"2026-04-09T06:51:21+00:00\",\"breadcrumb\":{\"@id\":\"https:\\\/\\\/nuniformswholesale.com\\\/es\\\/producto\\\/conjunto-clasico-unisex-de-natural-uniforms-paquete-de-10-con-cuello-en-v-estilo-n-1020\\\/#breadcrumb\"},\"inLanguage\":\"es\",\"potentialAction\":[{\"@type\":\"ReadAction\",\"target\":[\"https:\\\/\\\/nuniformswholesale.com\\\/es\\\/producto\\\/conjunto-clasico-unisex-de-natural-uniforms-paquete-de-10-con-cuello-en-v-estilo-n-1020\\\/\"]}]},{\"@type\":\"ImageObject\",\"inLanguage\":\"es\",\"@id\":\"https:\\\/\\\/nuniformswholesale.com\\\/es\\\/producto\\\/conjunto-clasico-unisex-de-natural-uniforms-paquete-de-10-con-cuello-en-v-estilo-n-1020\\\/#primaryimage\",\"url\":\"https:\\\/\\\/nuniformswholesale.com\\\/wp-content\\\/uploads\\\/2025\\\/06\\\/BP102_front1_Misty_woman.jpg\",\"contentUrl\":\"https:\\\/\\\/nuniformswholesale.com\\\/wp-content\\\/uploads\\\/2025\\\/06\\\/BP102_front1_Misty_woman.jpg\",\"width\":800,\"height\":800},{\"@type\":\"BreadcrumbList\",\"@id\":\"https:\\\/\\\/nuniformswholesale.com\\\/es\\\/producto\\\/conjunto-clasico-unisex-de-natural-uniforms-paquete-de-10-con-cuello-en-v-estilo-n-1020\\\/#breadcrumb\",\"itemListElement\":[{\"@type\":\"ListItem\",\"position\":1,\"name\":\"Home\",\"item\":\"https:\\\/\\\/nuniformswholesale.com\\\/es\\\/\"},{\"@type\":\"ListItem\",\"position\":2,\"name\":\"Our Products\",\"item\":\"https:\\\/\\\/nuniformswholesale.com\\\/our-products\\\/\"},{\"@type\":\"ListItem\",\"position\":3,\"name\":\"CONJUNTO CARGO CL\u00e1SICO UNISEX 10 PIEZAS CUELLO EN V (STYLE# 1020)\"}]},{\"@type\":\"WebSite\",\"@id\":\"https:\\\/\\\/nuniformswholesale.com\\\/es\\\/#website\",\"url\":\"https:\\\/\\\/nuniformswholesale.com\\\/es\\\/\",\"name\":\"Natural Uniforms\",\"description\":\"Natural Uniforms - Every Day Uniforms\",\"publisher\":{\"@id\":\"https:\\\/\\\/nuniformswholesale.com\\\/es\\\/#organization\"},\"alternateName\":\"Natural Uniforms\",\"potentialAction\":[{\"@type\":\"SearchAction\",\"target\":{\"@type\":\"EntryPoint\",\"urlTemplate\":\"https:\\\/\\\/nuniformswholesale.com\\\/es\\\/?s={search_term_string}\"},\"query-input\":{\"@type\":\"PropertyValueSpecification\",\"valueRequired\":true,\"valueName\":\"search_term_string\"}}],\"inLanguage\":\"es\"},{\"@type\":\"Organization\",\"@id\":\"https:\\\/\\\/nuniformswholesale.com\\\/es\\\/#organization\",\"name\":\"Natural Uniforms\",\"url\":\"https:\\\/\\\/nuniformswholesale.com\\\/es\\\/\",\"logo\":{\"@type\":\"ImageObject\",\"inLanguage\":\"es\",\"@id\":\"https:\\\/\\\/nuniformswholesale.com\\\/es\\\/#\\\/schema\\\/logo\\\/image\\\/\",\"url\":\"https:\\\/\\\/nuniformswholesale.com\\\/wp-content\\\/uploads\\\/2025\\\/08\\\/dsBuffer.bmp-2-1024x295-1-Photoroom.png\",\"contentUrl\":\"https:\\\/\\\/nuniformswholesale.com\\\/wp-content\\\/uploads\\\/2025\\\/08\\\/dsBuffer.bmp-2-1024x295-1-Photoroom.png\",\"width\":296,\"height\":85,\"caption\":\"Natural Uniforms\"},\"image\":{\"@id\":\"https:\\\/\\\/nuniformswholesale.com\\\/es\\\/#\\\/schema\\\/logo\\\/image\\\/\"}}]}<\/script>\n<!-- \/ Yoast SEO plugin. -->","yoast_head_json":{"title":"Conjunto Cargo Cl\u00e1sico Unisex 10 Piezas Cuello en V (STYLE# 1020) - Natural Uniforms Wholesale","robots":{"index":"index","follow":"follow","max-snippet":"max-snippet:-1","max-image-preview":"max-image-preview:large","max-video-preview":"max-video-preview:-1"},"canonical":"https:\/\/nuniformswholesale.com\/es\/producto\/conjunto-clasico-unisex-de-natural-uniforms-paquete-de-10-con-cuello-en-v-estilo-n-1020\/","og_locale":"es_ES","og_type":"article","og_title":"Conjunto Cargo Cl\u00e1sico Unisex 10 Piezas Cuello en V (STYLE# 1020) - Natural Uniforms Wholesale","og_description":"Material: 65\u202f% poli\u00e9ster \/ 35\u202f% algod\u00f3n Ligero y dise\u00f1ado para brindar comodidad y movilidad durante todo el d\u00eda. Ajuste: Corte generoso para mayor comodidad. Los tama\u00f1os XX-Small a X-Large son grandes: se recomienda pedir un tama\u00f1o m\u00e1s peque\u00f1o que su talla habitual. Los tama\u00f1os 2X y superiores se ajustan al tama\u00f1o real. Color: Fabricado con [&hellip;]","og_url":"https:\/\/nuniformswholesale.com\/es\/producto\/conjunto-clasico-unisex-de-natural-uniforms-paquete-de-10-con-cuello-en-v-estilo-n-1020\/","og_site_name":"Natural Uniforms Wholesale","article_modified_time":"2026-04-09T06:51:21+00:00","og_image":[{"width":800,"height":800,"url":"https:\/\/nuniformswholesale.com\/wp-content\/uploads\/2025\/06\/BP102_front1_Misty_man-1.jpg","type":"image\/jpeg"}],"twitter_card":"summary_large_image","twitter_misc":{"Tiempo de lectura":"1 minuto"},"schema":{"@context":"https:\/\/schema.org","@graph":[{"@type":"WebPage","@id":"https:\/\/nuniformswholesale.com\/es\/producto\/conjunto-clasico-unisex-de-natural-uniforms-paquete-de-10-con-cuello-en-v-estilo-n-1020\/","url":"https:\/\/nuniformswholesale.com\/es\/producto\/conjunto-clasico-unisex-de-natural-uniforms-paquete-de-10-con-cuello-en-v-estilo-n-1020\/","name":"Conjunto Cargo Cl\u00e1sico Unisex 10 Piezas Cuello en V (STYLE# 1020) - Natural Uniforms Wholesale","isPartOf":{"@id":"https:\/\/nuniformswholesale.com\/es\/#website"},"primaryImageOfPage":{"@id":"https:\/\/nuniformswholesale.com\/es\/producto\/conjunto-clasico-unisex-de-natural-uniforms-paquete-de-10-con-cuello-en-v-estilo-n-1020\/#primaryimage"},"image":{"@id":"https:\/\/nuniformswholesale.com\/es\/producto\/conjunto-clasico-unisex-de-natural-uniforms-paquete-de-10-con-cuello-en-v-estilo-n-1020\/#primaryimage"},"thumbnailUrl":"https:\/\/nuniformswholesale.com\/wp-content\/uploads\/2025\/06\/BP102_front1_Misty_woman.jpg","datePublished":"2025-06-26T22:40:53+00:00","dateModified":"2026-04-09T06:51:21+00:00","breadcrumb":{"@id":"https:\/\/nuniformswholesale.com\/es\/producto\/conjunto-clasico-unisex-de-natural-uniforms-paquete-de-10-con-cuello-en-v-estilo-n-1020\/#breadcrumb"},"inLanguage":"es","potentialAction":[{"@type":"ReadAction","target":["https:\/\/nuniformswholesale.com\/es\/producto\/conjunto-clasico-unisex-de-natural-uniforms-paquete-de-10-con-cuello-en-v-estilo-n-1020\/"]}]},{"@type":"ImageObject","inLanguage":"es","@id":"https:\/\/nuniformswholesale.com\/es\/producto\/conjunto-clasico-unisex-de-natural-uniforms-paquete-de-10-con-cuello-en-v-estilo-n-1020\/#primaryimage","url":"https:\/\/nuniformswholesale.com\/wp-content\/uploads\/2025\/06\/BP102_front1_Misty_woman.jpg","contentUrl":"https:\/\/nuniformswholesale.com\/wp-content\/uploads\/2025\/06\/BP102_front1_Misty_woman.jpg","width":800,"height":800},{"@type":"BreadcrumbList","@id":"https:\/\/nuniformswholesale.com\/es\/producto\/conjunto-clasico-unisex-de-natural-uniforms-paquete-de-10-con-cuello-en-v-estilo-n-1020\/#breadcrumb","itemListElement":[{"@type":"ListItem","position":1,"name":"Home","item":"https:\/\/nuniformswholesale.com\/es\/"},{"@type":"ListItem","position":2,"name":"Our Products","item":"https:\/\/nuniformswholesale.com\/our-products\/"},{"@type":"ListItem","position":3,"name":"CONJUNTO CARGO CL\u00e1SICO UNISEX 10 PIEZAS CUELLO EN V (STYLE# 1020)"}]},{"@type":"WebSite","@id":"https:\/\/nuniformswholesale.com\/es\/#website","url":"https:\/\/nuniformswholesale.com\/es\/","name":"Natural Uniforms","description":"Natural Uniforms - Every Day Uniforms","publisher":{"@id":"https:\/\/nuniformswholesale.com\/es\/#organization"},"alternateName":"Natural Uniforms","potentialAction":[{"@type":"SearchAction","target":{"@type":"EntryPoint","urlTemplate":"https:\/\/nuniformswholesale.com\/es\/?s={search_term_string}"},"query-input":{"@type":"PropertyValueSpecification","valueRequired":true,"valueName":"search_term_string"}}],"inLanguage":"es"},{"@type":"Organization","@id":"https:\/\/nuniformswholesale.com\/es\/#organization","name":"Natural Uniforms","url":"https:\/\/nuniformswholesale.com\/es\/","logo":{"@type":"ImageObject","inLanguage":"es","@id":"https:\/\/nuniformswholesale.com\/es\/#\/schema\/logo\/image\/","url":"https:\/\/nuniformswholesale.com\/wp-content\/uploads\/2025\/08\/dsBuffer.bmp-2-1024x295-1-Photoroom.png","contentUrl":"https:\/\/nuniformswholesale.com\/wp-content\/uploads\/2025\/08\/dsBuffer.bmp-2-1024x295-1-Photoroom.png","width":296,"height":85,"caption":"Natural Uniforms"},"image":{"@id":"https:\/\/nuniformswholesale.com\/es\/#\/schema\/logo\/image\/"}}]}},"_links":{"self":[{"href":"https:\/\/nuniformswholesale.com\/es\/wp-json\/wp\/v2\/product\/52525","targetHints":{"allow":["GET"]}}],"collection":[{"href":"https:\/\/nuniformswholesale.com\/es\/wp-json\/wp\/v2\/product"}],"about":[{"href":"https:\/\/nuniformswholesale.com\/es\/wp-json\/wp\/v2\/types\/product"}],"replies":[{"embeddable":true,"href":"https:\/\/nuniformswholesale.com\/es\/wp-json\/wp\/v2\/comments?post=52525"}],"wp:featuredmedia":[{"embeddable":true,"href":"https:\/\/nuniformswholesale.com\/es\/wp-json\/wp\/v2\/media\/68197"}],"wp:attachment":[{"href":"https:\/\/nuniformswholesale.com\/es\/wp-json\/wp\/v2\/media?parent=52525"}],"wp:term":[{"taxonomy":"product_brand","embeddable":true,"href":"https:\/\/nuniformswholesale.com\/es\/wp-json\/wp\/v2\/product_brand?post=52525"},{"taxonomy":"product_cat","embeddable":true,"href":"https:\/\/nuniformswholesale.com\/es\/wp-json\/wp\/v2\/product_cat?post=52525"},{"taxonomy":"product_tag","embeddable":true,"href":"https:\/\/nuniformswholesale.com\/es\/wp-json\/wp\/v2\/product_tag?post=52525"}],"curies":[{"name":"wp","href":"https:\/\/api.w.org\/{rel}","templated":true}]}}