{"id":52776,"date":"2025-06-25T18:20:30","date_gmt":"2025-06-26T02:20:30","guid":{"rendered":"https:\/\/nuniforms.provisdemo.com\/product\/conjunto-clasico-unisex-de-cuello-en-v-de-natural-uniforms-6-unidades-estilo-n-1010\/"},"modified":"2026-04-14T01:53:55","modified_gmt":"2026-04-14T09:53:55","slug":"conjunto-clasico-unisex-de-cuello-en-v-de-natural-uniforms-6-unidades-estilo-n-1010","status":"publish","type":"product","link":"https:\/\/nuniformswholesale.com\/es\/producto\/conjunto-clasico-unisex-de-cuello-en-v-de-natural-uniforms-6-unidades-estilo-n-1010\/","title":{"rendered":"CONJUNTO CL\u00e1SICO UNISEX DE 6 PIEZAS CON CUELLO EN V (ESTILO N.\u00b0 1010)"},"content":{"rendered":"<h5 data-start=\"185\" data-end=\"211\"><strong data-start=\"189\" data-end=\"211\">Aspectos destacados del producto<\/strong><\/h5>\n<ul data-start=\"212\" data-end=\"676\">\n<li data-start=\"212\" data-end=\"266\">\n<p data-start=\"214\" data-end=\"266\"><strong data-start=\"214\" data-end=\"237\">Composici\u00f3n de la tela<\/strong>: 65% poli\u00e9ster \/ 35% algod\u00f3n<\/p>\n<\/li>\n<li data-start=\"267\" data-end=\"431\">\n<p data-start=\"269\" data-end=\"306\"><strong data-start=\"269\" data-end=\"277\">Ajuste<\/strong>: corte generoso para mayor comodidad<\/p>\n<ul data-start=\"309\" data-end=\"431\">\n<li data-start=\"309\" data-end=\"384\">\n<p data-start=\"311\" data-end=\"384\">Las tallas de <strong data-start=\"317\" data-end=\"330\">XXS<\/strong> a <strong data-start=\"335\" data-end=\"344\">XL<\/strong> <strong data-start=\"365\" data-end=\"382\">tallan<\/strong> grande &#8211; se recomienda pedir una talla menos.<\/p>\n<\/li>\n<li data-start=\"387\" data-end=\"431\">\n<p data-start=\"389\" data-end=\"431\">Los tama\u00f1os <strong data-start=\"395\" data-end=\"408\">2X y superiores<\/strong> son <strong data-start=\"413\" data-end=\"429\">fieles al tama\u00f1o.<\/strong><\/p>\n<\/li>\n<\/ul>\n<\/li>\n<li data-start=\"432\" data-end=\"502\">\n<p data-start=\"434\" data-end=\"502\"><strong data-start=\"434\" data-end=\"446\">Comodidad<\/strong>: Transpirable, ligero y se suaviza despu\u00e9s del primer lavado.<\/p>\n<\/li>\n<li data-start=\"503\" data-end=\"630\">\n<p data-start=\"505\" data-end=\"522\"><strong data-start=\"505\" data-end=\"520\">Durabilidad:<\/strong><\/p>\n<ul data-start=\"525\" data-end=\"630\">\n<li data-start=\"525\" data-end=\"570\">\n<p data-start=\"527\" data-end=\"570\"><strong data-start=\"527\" data-end=\"568\">Costuras y puntadas triplemente reforzadas<\/strong><\/p>\n<\/li>\n<li data-start=\"573\" data-end=\"630\">\n<p data-start=\"575\" data-end=\"630\">Dise\u00f1ado para soportar flexiones, torsiones y cambios prolongados.<\/p>\n<\/li>\n<\/ul>\n<\/li>\n<li data-start=\"631\" data-end=\"676\">\n<p data-start=\"633\" data-end=\"676\"><strong data-start=\"633\" data-end=\"643\">Color<\/strong>: Tela vibrante y resistente a la decoloraci\u00f3n.<\/p>\n<\/li>\n<\/ul>\n<h5 data-start=\"683\" data-end=\"703\"><strong data-start=\"687\" data-end=\"703\">Caracter\u00edsticas principales<\/strong><\/h5>\n<ul data-start=\"704\" data-end=\"815\">\n<li data-start=\"704\" data-end=\"732\">\n<p data-start=\"706\" data-end=\"732\">Estilo cl\u00e1sico de cuello<strong data-start=\"714\" data-end=\"724\"> en V<\/strong><\/p>\n<\/li>\n<li data-start=\"733\" data-end=\"768\">\n<p data-start=\"735\" data-end=\"768\"><strong data-start=\"735\" data-end=\"766\">2 bolsillos de parche inferiores integrados<\/strong><\/p>\n<\/li>\n<li data-start=\"769\" data-end=\"815\">\n<p data-start=\"771\" data-end=\"815\"><strong data-start=\"771\" data-end=\"785\">Ventilaciones laterales<\/strong> para un mejor ajuste y movilidad.<\/p>\n<\/li>\n<\/ul>\n<h5 data-start=\"822\" data-end=\"843\"><strong data-start=\"826\" data-end=\"843\">Caracter\u00edsticas del pantal\u00f3n<\/strong><\/h5>\n<ul data-start=\"844\" data-end=\"937\">\n<li data-start=\"844\" data-end=\"894\">\n<p data-start=\"846\" data-end=\"894\"><strong data-start=\"846\" data-end=\"872\">Combinaci\u00f3n de cintura<\/strong> el\u00e1stica y cord\u00f3n (\u00bd y \u00bd)<\/p>\n<\/li>\n<li data-start=\"895\" data-end=\"937\">\n<p data-start=\"897\" data-end=\"937\"><strong data-start=\"897\" data-end=\"910\">4 bolsillos<\/strong>: 2 laterales + 2 traseros<\/p>\n<\/li>\n<\/ul>\n","protected":false},"excerpt":{"rendered":"<p>Aspectos destacados del producto Composici\u00f3n de la tela: 65% poli\u00e9ster \/ 35% algod\u00f3n Ajuste: corte generoso para mayor comodidad Las tallas de XXS a XL tallan grande &#8211; se recomienda pedir una talla menos. Los tama\u00f1os 2X y superiores son fieles al tama\u00f1o. Comodidad: Transpirable, ligero y se suaviza despu\u00e9s del primer lavado. Durabilidad: Costuras [&hellip;]<\/p>\n","protected":false},"featured_media":60294,"comment_status":"open","ping_status":"closed","template":"","meta":[],"product_brand":[349],"product_cat":[721,767,297,307,298,535,557,507,710,716,306],"product_tag":[658,742,727],"class_list":{"0":"post-52776","1":"product","2":"type-product","3":"status-publish","4":"has-post-thumbnail","6":"product_brand-uniformes-naturales","7":"product_cat-classic","8":"product_cat-economico","9":"product_cat-hombre","10":"product_cat-scrub-sets","11":"product_cat-mujer","12":"product_cat-pijama-quirurgico","13":"product_cat-pijama-quirurgico-hombre","14":"product_cat-pijama-quirurgico-unisex","15":"product_cat-hombre-unisex","16":"product_cat-mujer-unisex","17":"product_cat-unisexo","18":"product_tag-classic","19":"product_tag-men","20":"product_tag-women","21":"pa_color-black","22":"pa_color-blanca","23":"pa_color-burgundy","24":"pa_color-ceil-blue","25":"pa_color-charcoal","26":"pa_color-dark-hunter-green","27":"pa_color-dark-navy-blue","28":"pa_color-dark-royal-blue","29":"pa_color-grey","30":"pa_color-hot-pink","31":"pa_color-khaki","32":"pa_color-lilac","33":"pa_color-lime-green","34":"pa_color-misty","35":"pa_color-negra","36":"pa_color-orange","37":"pa_color-purple","38":"pa_color-red","40":"pa_color-roja","41":"pa_color-surgical-green","42":"pa_color-teal","43":"pa_color-true-hunter-green","44":"pa_color-true-navy-blue","45":"pa_color-true-royal-blue","46":"pa_color-water-blue","47":"pa_color-white","49":"pa_color-yellow","50":"pa_size-2x","51":"pa_size-3x","52":"pa_size-4x","53":"pa_size-5x","54":"pa_size-l","55":"pa_size-m","56":"pa_size-s","57":"pa_size-xl","58":"pa_size-xs","59":"pa_size-xxs","61":"first","62":"instock","63":"purchasable","64":"product-type-variable"},"yoast_head":"<!-- This site is optimized with the Yoast SEO plugin v27.4 - https:\/\/yoast.com\/product\/yoast-seo-wordpress\/ -->\n<title>Conjunto cl\u00e1sico unisex de 6 piezas con cuello en V (ESTILO n.\u00b0 1010) - Natural Uniforms Wholesale<\/title>\n<meta name=\"robots\" content=\"index, follow, max-snippet:-1, max-image-preview:large, max-video-preview:-1\" \/>\n<link rel=\"canonical\" href=\"https:\/\/nuniformswholesale.com\/es\/producto\/conjunto-clasico-unisex-de-cuello-en-v-de-natural-uniforms-6-unidades-estilo-n-1010\/\" \/>\n<meta property=\"og:locale\" content=\"es_ES\" \/>\n<meta property=\"og:type\" content=\"article\" \/>\n<meta property=\"og:title\" content=\"Conjunto cl\u00e1sico unisex de 6 piezas con cuello en V (ESTILO n.\u00b0 1010) - Natural Uniforms Wholesale\" \/>\n<meta property=\"og:description\" content=\"Aspectos destacados del producto Composici\u00f3n de la tela: 65% poli\u00e9ster \/ 35% algod\u00f3n Ajuste: corte generoso para mayor comodidad Las tallas de XXS a XL tallan grande &#8211; se recomienda pedir una talla menos. Los tama\u00f1os 2X y superiores son fieles al tama\u00f1o. Comodidad: Transpirable, ligero y se suaviza despu\u00e9s del primer lavado. Durabilidad: Costuras [&hellip;]\" \/>\n<meta property=\"og:url\" content=\"https:\/\/nuniformswholesale.com\/es\/producto\/conjunto-clasico-unisex-de-cuello-en-v-de-natural-uniforms-6-unidades-estilo-n-1010\/\" \/>\n<meta property=\"og:site_name\" content=\"Natural Uniforms Wholesale\" \/>\n<meta property=\"article:modified_time\" content=\"2026-04-14T09:53:55+00:00\" \/>\n<meta property=\"og:image\" content=\"https:\/\/nuniformswholesale.com\/wp-content\/uploads\/2025\/06\/bp101_front-view_1_woman_True-Royal-Blue.jpg\" \/>\n\t<meta property=\"og:image:width\" content=\"800\" \/>\n\t<meta property=\"og:image:height\" content=\"800\" \/>\n\t<meta property=\"og:image:type\" content=\"image\/jpeg\" \/>\n<meta name=\"twitter:card\" content=\"summary_large_image\" \/>\n<meta name=\"twitter:label1\" content=\"Tiempo de lectura\" \/>\n\t<meta name=\"twitter:data1\" content=\"1 minuto\" \/>\n<script type=\"application\/ld+json\" class=\"yoast-schema-graph\">{\"@context\":\"https:\\\/\\\/schema.org\",\"@graph\":[{\"@type\":\"WebPage\",\"@id\":\"https:\\\/\\\/nuniformswholesale.com\\\/es\\\/producto\\\/conjunto-clasico-unisex-de-cuello-en-v-de-natural-uniforms-6-unidades-estilo-n-1010\\\/\",\"url\":\"https:\\\/\\\/nuniformswholesale.com\\\/es\\\/producto\\\/conjunto-clasico-unisex-de-cuello-en-v-de-natural-uniforms-6-unidades-estilo-n-1010\\\/\",\"name\":\"Conjunto cl\u00e1sico unisex de 6 piezas con cuello en V (ESTILO n.\u00b0 1010) - Natural Uniforms Wholesale\",\"isPartOf\":{\"@id\":\"https:\\\/\\\/nuniformswholesale.com\\\/es\\\/#website\"},\"primaryImageOfPage\":{\"@id\":\"https:\\\/\\\/nuniformswholesale.com\\\/es\\\/producto\\\/conjunto-clasico-unisex-de-cuello-en-v-de-natural-uniforms-6-unidades-estilo-n-1010\\\/#primaryimage\"},\"image\":{\"@id\":\"https:\\\/\\\/nuniformswholesale.com\\\/es\\\/producto\\\/conjunto-clasico-unisex-de-cuello-en-v-de-natural-uniforms-6-unidades-estilo-n-1010\\\/#primaryimage\"},\"thumbnailUrl\":\"https:\\\/\\\/nuniformswholesale.com\\\/wp-content\\\/uploads\\\/2025\\\/06\\\/bp101_front-view_1_woman_True-Royal-Blue.jpg\",\"datePublished\":\"2025-06-26T02:20:30+00:00\",\"dateModified\":\"2026-04-14T09:53:55+00:00\",\"breadcrumb\":{\"@id\":\"https:\\\/\\\/nuniformswholesale.com\\\/es\\\/producto\\\/conjunto-clasico-unisex-de-cuello-en-v-de-natural-uniforms-6-unidades-estilo-n-1010\\\/#breadcrumb\"},\"inLanguage\":\"es\",\"potentialAction\":[{\"@type\":\"ReadAction\",\"target\":[\"https:\\\/\\\/nuniformswholesale.com\\\/es\\\/producto\\\/conjunto-clasico-unisex-de-cuello-en-v-de-natural-uniforms-6-unidades-estilo-n-1010\\\/\"]}]},{\"@type\":\"ImageObject\",\"inLanguage\":\"es\",\"@id\":\"https:\\\/\\\/nuniformswholesale.com\\\/es\\\/producto\\\/conjunto-clasico-unisex-de-cuello-en-v-de-natural-uniforms-6-unidades-estilo-n-1010\\\/#primaryimage\",\"url\":\"https:\\\/\\\/nuniformswholesale.com\\\/wp-content\\\/uploads\\\/2025\\\/06\\\/bp101_front-view_1_woman_True-Royal-Blue.jpg\",\"contentUrl\":\"https:\\\/\\\/nuniformswholesale.com\\\/wp-content\\\/uploads\\\/2025\\\/06\\\/bp101_front-view_1_woman_True-Royal-Blue.jpg\",\"width\":800,\"height\":800},{\"@type\":\"BreadcrumbList\",\"@id\":\"https:\\\/\\\/nuniformswholesale.com\\\/es\\\/producto\\\/conjunto-clasico-unisex-de-cuello-en-v-de-natural-uniforms-6-unidades-estilo-n-1010\\\/#breadcrumb\",\"itemListElement\":[{\"@type\":\"ListItem\",\"position\":1,\"name\":\"Home\",\"item\":\"https:\\\/\\\/nuniformswholesale.com\\\/es\\\/\"},{\"@type\":\"ListItem\",\"position\":2,\"name\":\"Our Products\",\"item\":\"https:\\\/\\\/nuniformswholesale.com\\\/our-products\\\/\"},{\"@type\":\"ListItem\",\"position\":3,\"name\":\"CONJUNTO CL\u00e1SICO UNISEX DE 6 PIEZAS CON CUELLO EN V (ESTILO N.\u00b0 1010)\"}]},{\"@type\":\"WebSite\",\"@id\":\"https:\\\/\\\/nuniformswholesale.com\\\/es\\\/#website\",\"url\":\"https:\\\/\\\/nuniformswholesale.com\\\/es\\\/\",\"name\":\"Natural Uniforms\",\"description\":\"Natural Uniforms - Every Day Uniforms\",\"publisher\":{\"@id\":\"https:\\\/\\\/nuniformswholesale.com\\\/es\\\/#organization\"},\"alternateName\":\"Natural Uniforms\",\"potentialAction\":[{\"@type\":\"SearchAction\",\"target\":{\"@type\":\"EntryPoint\",\"urlTemplate\":\"https:\\\/\\\/nuniformswholesale.com\\\/es\\\/?s={search_term_string}\"},\"query-input\":{\"@type\":\"PropertyValueSpecification\",\"valueRequired\":true,\"valueName\":\"search_term_string\"}}],\"inLanguage\":\"es\"},{\"@type\":\"Organization\",\"@id\":\"https:\\\/\\\/nuniformswholesale.com\\\/es\\\/#organization\",\"name\":\"Natural Uniforms\",\"url\":\"https:\\\/\\\/nuniformswholesale.com\\\/es\\\/\",\"logo\":{\"@type\":\"ImageObject\",\"inLanguage\":\"es\",\"@id\":\"https:\\\/\\\/nuniformswholesale.com\\\/es\\\/#\\\/schema\\\/logo\\\/image\\\/\",\"url\":\"https:\\\/\\\/nuniformswholesale.com\\\/wp-content\\\/uploads\\\/2025\\\/08\\\/dsBuffer.bmp-2-1024x295-1-Photoroom.png\",\"contentUrl\":\"https:\\\/\\\/nuniformswholesale.com\\\/wp-content\\\/uploads\\\/2025\\\/08\\\/dsBuffer.bmp-2-1024x295-1-Photoroom.png\",\"width\":296,\"height\":85,\"caption\":\"Natural Uniforms\"},\"image\":{\"@id\":\"https:\\\/\\\/nuniformswholesale.com\\\/es\\\/#\\\/schema\\\/logo\\\/image\\\/\"}}]}<\/script>\n<!-- \/ Yoast SEO plugin. -->","yoast_head_json":{"title":"Conjunto cl\u00e1sico unisex de 6 piezas con cuello en V (ESTILO n.\u00b0 1010) - Natural Uniforms Wholesale","robots":{"index":"index","follow":"follow","max-snippet":"max-snippet:-1","max-image-preview":"max-image-preview:large","max-video-preview":"max-video-preview:-1"},"canonical":"https:\/\/nuniformswholesale.com\/es\/producto\/conjunto-clasico-unisex-de-cuello-en-v-de-natural-uniforms-6-unidades-estilo-n-1010\/","og_locale":"es_ES","og_type":"article","og_title":"Conjunto cl\u00e1sico unisex de 6 piezas con cuello en V (ESTILO n.\u00b0 1010) - Natural Uniforms Wholesale","og_description":"Aspectos destacados del producto Composici\u00f3n de la tela: 65% poli\u00e9ster \/ 35% algod\u00f3n Ajuste: corte generoso para mayor comodidad Las tallas de XXS a XL tallan grande &#8211; se recomienda pedir una talla menos. Los tama\u00f1os 2X y superiores son fieles al tama\u00f1o. Comodidad: Transpirable, ligero y se suaviza despu\u00e9s del primer lavado. Durabilidad: Costuras [&hellip;]","og_url":"https:\/\/nuniformswholesale.com\/es\/producto\/conjunto-clasico-unisex-de-cuello-en-v-de-natural-uniforms-6-unidades-estilo-n-1010\/","og_site_name":"Natural Uniforms Wholesale","article_modified_time":"2026-04-14T09:53:55+00:00","og_image":[{"width":800,"height":800,"url":"https:\/\/nuniformswholesale.com\/wp-content\/uploads\/2025\/06\/bp101_front-view_1_woman_True-Royal-Blue.jpg","type":"image\/jpeg"}],"twitter_card":"summary_large_image","twitter_misc":{"Tiempo de lectura":"1 minuto"},"schema":{"@context":"https:\/\/schema.org","@graph":[{"@type":"WebPage","@id":"https:\/\/nuniformswholesale.com\/es\/producto\/conjunto-clasico-unisex-de-cuello-en-v-de-natural-uniforms-6-unidades-estilo-n-1010\/","url":"https:\/\/nuniformswholesale.com\/es\/producto\/conjunto-clasico-unisex-de-cuello-en-v-de-natural-uniforms-6-unidades-estilo-n-1010\/","name":"Conjunto cl\u00e1sico unisex de 6 piezas con cuello en V (ESTILO n.\u00b0 1010) - Natural Uniforms Wholesale","isPartOf":{"@id":"https:\/\/nuniformswholesale.com\/es\/#website"},"primaryImageOfPage":{"@id":"https:\/\/nuniformswholesale.com\/es\/producto\/conjunto-clasico-unisex-de-cuello-en-v-de-natural-uniforms-6-unidades-estilo-n-1010\/#primaryimage"},"image":{"@id":"https:\/\/nuniformswholesale.com\/es\/producto\/conjunto-clasico-unisex-de-cuello-en-v-de-natural-uniforms-6-unidades-estilo-n-1010\/#primaryimage"},"thumbnailUrl":"https:\/\/nuniformswholesale.com\/wp-content\/uploads\/2025\/06\/bp101_front-view_1_woman_True-Royal-Blue.jpg","datePublished":"2025-06-26T02:20:30+00:00","dateModified":"2026-04-14T09:53:55+00:00","breadcrumb":{"@id":"https:\/\/nuniformswholesale.com\/es\/producto\/conjunto-clasico-unisex-de-cuello-en-v-de-natural-uniforms-6-unidades-estilo-n-1010\/#breadcrumb"},"inLanguage":"es","potentialAction":[{"@type":"ReadAction","target":["https:\/\/nuniformswholesale.com\/es\/producto\/conjunto-clasico-unisex-de-cuello-en-v-de-natural-uniforms-6-unidades-estilo-n-1010\/"]}]},{"@type":"ImageObject","inLanguage":"es","@id":"https:\/\/nuniformswholesale.com\/es\/producto\/conjunto-clasico-unisex-de-cuello-en-v-de-natural-uniforms-6-unidades-estilo-n-1010\/#primaryimage","url":"https:\/\/nuniformswholesale.com\/wp-content\/uploads\/2025\/06\/bp101_front-view_1_woman_True-Royal-Blue.jpg","contentUrl":"https:\/\/nuniformswholesale.com\/wp-content\/uploads\/2025\/06\/bp101_front-view_1_woman_True-Royal-Blue.jpg","width":800,"height":800},{"@type":"BreadcrumbList","@id":"https:\/\/nuniformswholesale.com\/es\/producto\/conjunto-clasico-unisex-de-cuello-en-v-de-natural-uniforms-6-unidades-estilo-n-1010\/#breadcrumb","itemListElement":[{"@type":"ListItem","position":1,"name":"Home","item":"https:\/\/nuniformswholesale.com\/es\/"},{"@type":"ListItem","position":2,"name":"Our Products","item":"https:\/\/nuniformswholesale.com\/our-products\/"},{"@type":"ListItem","position":3,"name":"CONJUNTO CL\u00e1SICO UNISEX DE 6 PIEZAS CON CUELLO EN V (ESTILO N.\u00b0 1010)"}]},{"@type":"WebSite","@id":"https:\/\/nuniformswholesale.com\/es\/#website","url":"https:\/\/nuniformswholesale.com\/es\/","name":"Natural Uniforms","description":"Natural Uniforms - Every Day Uniforms","publisher":{"@id":"https:\/\/nuniformswholesale.com\/es\/#organization"},"alternateName":"Natural Uniforms","potentialAction":[{"@type":"SearchAction","target":{"@type":"EntryPoint","urlTemplate":"https:\/\/nuniformswholesale.com\/es\/?s={search_term_string}"},"query-input":{"@type":"PropertyValueSpecification","valueRequired":true,"valueName":"search_term_string"}}],"inLanguage":"es"},{"@type":"Organization","@id":"https:\/\/nuniformswholesale.com\/es\/#organization","name":"Natural Uniforms","url":"https:\/\/nuniformswholesale.com\/es\/","logo":{"@type":"ImageObject","inLanguage":"es","@id":"https:\/\/nuniformswholesale.com\/es\/#\/schema\/logo\/image\/","url":"https:\/\/nuniformswholesale.com\/wp-content\/uploads\/2025\/08\/dsBuffer.bmp-2-1024x295-1-Photoroom.png","contentUrl":"https:\/\/nuniformswholesale.com\/wp-content\/uploads\/2025\/08\/dsBuffer.bmp-2-1024x295-1-Photoroom.png","width":296,"height":85,"caption":"Natural Uniforms"},"image":{"@id":"https:\/\/nuniformswholesale.com\/es\/#\/schema\/logo\/image\/"}}]}},"_links":{"self":[{"href":"https:\/\/nuniformswholesale.com\/es\/wp-json\/wp\/v2\/product\/52776","targetHints":{"allow":["GET"]}}],"collection":[{"href":"https:\/\/nuniformswholesale.com\/es\/wp-json\/wp\/v2\/product"}],"about":[{"href":"https:\/\/nuniformswholesale.com\/es\/wp-json\/wp\/v2\/types\/product"}],"replies":[{"embeddable":true,"href":"https:\/\/nuniformswholesale.com\/es\/wp-json\/wp\/v2\/comments?post=52776"}],"wp:featuredmedia":[{"embeddable":true,"href":"https:\/\/nuniformswholesale.com\/es\/wp-json\/wp\/v2\/media\/60294"}],"wp:attachment":[{"href":"https:\/\/nuniformswholesale.com\/es\/wp-json\/wp\/v2\/media?parent=52776"}],"wp:term":[{"taxonomy":"product_brand","embeddable":true,"href":"https:\/\/nuniformswholesale.com\/es\/wp-json\/wp\/v2\/product_brand?post=52776"},{"taxonomy":"product_cat","embeddable":true,"href":"https:\/\/nuniformswholesale.com\/es\/wp-json\/wp\/v2\/product_cat?post=52776"},{"taxonomy":"product_tag","embeddable":true,"href":"https:\/\/nuniformswholesale.com\/es\/wp-json\/wp\/v2\/product_tag?post=52776"}],"curies":[{"name":"wp","href":"https:\/\/api.w.org\/{rel}","templated":true}]}}