{"id":61624,"date":"2025-05-06T07:45:58","date_gmt":"2025-05-06T15:45:58","guid":{"rendered":"https:\/\/nuniforms.provisdemo.com\/product\/pantalon-medico-clasico-con-cordon-modelo-no-7772\/"},"modified":"2026-02-21T01:54:39","modified_gmt":"2026-02-21T09:54:39","slug":"pantalon-medico-clasico-con-cordon-modelo-no-7772","status":"publish","type":"product","link":"https:\/\/nuniformswholesale.com\/es\/producto\/pantalon-medico-clasico-con-cordon-modelo-no-7772\/","title":{"rendered":"PANTAL\u00d3N SANITARIO CL\u00c1SICO CON CORD\u00d3N (MODELO N\u00ba 7772)"},"content":{"rendered":"<p>PANTAL\u00d3N CARGO CON CORD\u00d3N COMPLETO UNIFORMES NATURALES<br \/>\n&#8211; 65% POLI\u00c9STER\/\/35% ALGOD\u00d3N<br \/>\n&#8211; 1 BOLSILLO TRASERO+1 BOLSILLO CARGO<br \/>\n&#8211; CINTURA CON CORD\u00d3N COMPLETO<br \/>\n&#8211; COSTURAS Y PUNTADAS CON TRIPLE REFUERZO<br \/>\n&#8211; 30&#8243; ENTREPIERNA<br \/>\n&#8211; SE AJUSTA A LA TALLA<\/p>\n","protected":false},"excerpt":{"rendered":"<p>PANTAL\u00d3N CARGO CON CORD\u00d3N COMPLETO UNIFORMES NATURALES &#8211; 65% POLI\u00c9STER\/\/35% ALGOD\u00d3N &#8211; 1 BOLSILLO TRASERO+1 BOLSILLO CARGO &#8211; CINTURA CON CORD\u00d3N COMPLETO &#8211; COSTURAS Y PUNTADAS CON TRIPLE REFUERZO &#8211; 30&#8243; ENTREPIERNA &#8211; SE AJUSTA A LA TALLA<\/p>\n","protected":false},"featured_media":61629,"comment_status":"open","ping_status":"closed","template":"","meta":[],"product_brand":[349],"product_cat":[295],"product_tag":[358,359,622,357,625,728,729,736],"class_list":{"0":"post-61624","1":"product","2":"type-product","3":"status-publish","4":"has-post-thumbnail","6":"product_brand-uniformes-naturales","7":"product_cat-liquidacion","8":"product_tag-azul-marino-verdadero","9":"product_tag-azul-real-intenso","10":"product_tag-black","11":"product_tag-blanco","12":"product_tag-ceil-blue","13":"product_tag-true-navy-blue","14":"product_tag-true-royal-blue","15":"product_tag-white","16":"pa_color-azul-marino-verdadero","17":"pa_color-azul-real-verdadero","18":"pa_color-black","19":"pa_color-blanca","20":"pa_color-ceil-blue","21":"pa_color-negra","22":"pa_color-techo-azul","23":"pa_color-true-navy-blue","24":"pa_color-true-royal-blue","25":"pa_color-white","26":"pa_size-2x","27":"pa_size-3x","28":"pa_size-l","29":"pa_size-m","30":"pa_size-s","31":"pa_size-xl","32":"pa_size-xs","34":"first","35":"instock","36":"purchasable","37":"product-type-variable"},"yoast_head":"<!-- This site is optimized with the Yoast SEO plugin v27.4 - https:\/\/yoast.com\/product\/yoast-seo-wordpress\/ -->\n<title>PANTAL\u00d3N SANITARIO CL\u00c1SICO CON CORD\u00d3N (MODELO N\u00ba 7772) - Natural Uniforms Wholesale<\/title>\n<meta name=\"robots\" content=\"index, follow, max-snippet:-1, max-image-preview:large, max-video-preview:-1\" \/>\n<link rel=\"canonical\" href=\"https:\/\/nuniformswholesale.com\/es\/producto\/pantalon-medico-clasico-con-cordon-modelo-no-7772\/\" \/>\n<meta property=\"og:locale\" content=\"es_ES\" \/>\n<meta property=\"og:type\" content=\"article\" \/>\n<meta property=\"og:title\" content=\"PANTAL\u00d3N SANITARIO CL\u00c1SICO CON CORD\u00d3N (MODELO N\u00ba 7772) - Natural Uniforms Wholesale\" \/>\n<meta property=\"og:description\" content=\"PANTAL\u00d3N CARGO CON CORD\u00d3N COMPLETO UNIFORMES NATURALES &#8211; 65% POLI\u00c9STER\/\/35% ALGOD\u00d3N &#8211; 1 BOLSILLO TRASERO+1 BOLSILLO CARGO &#8211; CINTURA CON CORD\u00d3N COMPLETO &#8211; COSTURAS Y PUNTADAS CON TRIPLE REFUERZO &#8211; 30&#8243; ENTREPIERNA &#8211; SE AJUSTA A LA TALLA\" \/>\n<meta property=\"og:url\" content=\"https:\/\/nuniformswholesale.com\/es\/producto\/pantalon-medico-clasico-con-cordon-modelo-no-7772\/\" \/>\n<meta property=\"og:site_name\" content=\"Natural Uniforms Wholesale\" \/>\n<meta property=\"article:modified_time\" content=\"2026-02-21T09:54:39+00:00\" \/>\n<meta property=\"og:image\" content=\"https:\/\/nuniformswholesale.com\/wp-content\/uploads\/2025\/05\/7772-BLACK.jpg\" \/>\n\t<meta property=\"og:image:width\" content=\"600\" \/>\n\t<meta property=\"og:image:height\" content=\"600\" \/>\n\t<meta property=\"og:image:type\" content=\"image\/jpeg\" \/>\n<meta name=\"twitter:card\" content=\"summary_large_image\" \/>\n<script type=\"application\/ld+json\" class=\"yoast-schema-graph\">{\"@context\":\"https:\\\/\\\/schema.org\",\"@graph\":[{\"@type\":\"WebPage\",\"@id\":\"https:\\\/\\\/nuniformswholesale.com\\\/es\\\/producto\\\/pantalon-medico-clasico-con-cordon-modelo-no-7772\\\/\",\"url\":\"https:\\\/\\\/nuniformswholesale.com\\\/es\\\/producto\\\/pantalon-medico-clasico-con-cordon-modelo-no-7772\\\/\",\"name\":\"PANTAL\u00d3N SANITARIO CL\u00c1SICO CON CORD\u00d3N (MODELO N\u00ba 7772) - Natural Uniforms Wholesale\",\"isPartOf\":{\"@id\":\"https:\\\/\\\/nuniformswholesale.com\\\/es\\\/#website\"},\"primaryImageOfPage\":{\"@id\":\"https:\\\/\\\/nuniformswholesale.com\\\/es\\\/producto\\\/pantalon-medico-clasico-con-cordon-modelo-no-7772\\\/#primaryimage\"},\"image\":{\"@id\":\"https:\\\/\\\/nuniformswholesale.com\\\/es\\\/producto\\\/pantalon-medico-clasico-con-cordon-modelo-no-7772\\\/#primaryimage\"},\"thumbnailUrl\":\"https:\\\/\\\/nuniformswholesale.com\\\/wp-content\\\/uploads\\\/2025\\\/05\\\/7772-BLACK.jpg\",\"datePublished\":\"2025-05-06T15:45:58+00:00\",\"dateModified\":\"2026-02-21T09:54:39+00:00\",\"breadcrumb\":{\"@id\":\"https:\\\/\\\/nuniformswholesale.com\\\/es\\\/producto\\\/pantalon-medico-clasico-con-cordon-modelo-no-7772\\\/#breadcrumb\"},\"inLanguage\":\"es\",\"potentialAction\":[{\"@type\":\"ReadAction\",\"target\":[\"https:\\\/\\\/nuniformswholesale.com\\\/es\\\/producto\\\/pantalon-medico-clasico-con-cordon-modelo-no-7772\\\/\"]}]},{\"@type\":\"ImageObject\",\"inLanguage\":\"es\",\"@id\":\"https:\\\/\\\/nuniformswholesale.com\\\/es\\\/producto\\\/pantalon-medico-clasico-con-cordon-modelo-no-7772\\\/#primaryimage\",\"url\":\"https:\\\/\\\/nuniformswholesale.com\\\/wp-content\\\/uploads\\\/2025\\\/05\\\/7772-BLACK.jpg\",\"contentUrl\":\"https:\\\/\\\/nuniformswholesale.com\\\/wp-content\\\/uploads\\\/2025\\\/05\\\/7772-BLACK.jpg\",\"width\":600,\"height\":600},{\"@type\":\"BreadcrumbList\",\"@id\":\"https:\\\/\\\/nuniformswholesale.com\\\/es\\\/producto\\\/pantalon-medico-clasico-con-cordon-modelo-no-7772\\\/#breadcrumb\",\"itemListElement\":[{\"@type\":\"ListItem\",\"position\":1,\"name\":\"Home\",\"item\":\"https:\\\/\\\/nuniformswholesale.com\\\/es\\\/\"},{\"@type\":\"ListItem\",\"position\":2,\"name\":\"Our Products\",\"item\":\"https:\\\/\\\/nuniformswholesale.com\\\/our-products\\\/\"},{\"@type\":\"ListItem\",\"position\":3,\"name\":\"PANTAL\u00d3N SANITARIO CL\u00c1SICO CON CORD\u00d3N (MODELO N\u00ba 7772)\"}]},{\"@type\":\"WebSite\",\"@id\":\"https:\\\/\\\/nuniformswholesale.com\\\/es\\\/#website\",\"url\":\"https:\\\/\\\/nuniformswholesale.com\\\/es\\\/\",\"name\":\"Natural Uniforms\",\"description\":\"Natural Uniforms - Every Day Uniforms\",\"publisher\":{\"@id\":\"https:\\\/\\\/nuniformswholesale.com\\\/es\\\/#organization\"},\"alternateName\":\"Natural Uniforms\",\"potentialAction\":[{\"@type\":\"SearchAction\",\"target\":{\"@type\":\"EntryPoint\",\"urlTemplate\":\"https:\\\/\\\/nuniformswholesale.com\\\/es\\\/?s={search_term_string}\"},\"query-input\":{\"@type\":\"PropertyValueSpecification\",\"valueRequired\":true,\"valueName\":\"search_term_string\"}}],\"inLanguage\":\"es\"},{\"@type\":\"Organization\",\"@id\":\"https:\\\/\\\/nuniformswholesale.com\\\/es\\\/#organization\",\"name\":\"Natural Uniforms\",\"url\":\"https:\\\/\\\/nuniformswholesale.com\\\/es\\\/\",\"logo\":{\"@type\":\"ImageObject\",\"inLanguage\":\"es\",\"@id\":\"https:\\\/\\\/nuniformswholesale.com\\\/es\\\/#\\\/schema\\\/logo\\\/image\\\/\",\"url\":\"https:\\\/\\\/nuniformswholesale.com\\\/wp-content\\\/uploads\\\/2025\\\/08\\\/dsBuffer.bmp-2-1024x295-1-Photoroom.png\",\"contentUrl\":\"https:\\\/\\\/nuniformswholesale.com\\\/wp-content\\\/uploads\\\/2025\\\/08\\\/dsBuffer.bmp-2-1024x295-1-Photoroom.png\",\"width\":296,\"height\":85,\"caption\":\"Natural Uniforms\"},\"image\":{\"@id\":\"https:\\\/\\\/nuniformswholesale.com\\\/es\\\/#\\\/schema\\\/logo\\\/image\\\/\"}}]}<\/script>\n<!-- \/ Yoast SEO plugin. -->","yoast_head_json":{"title":"PANTAL\u00d3N SANITARIO CL\u00c1SICO CON CORD\u00d3N (MODELO N\u00ba 7772) - Natural Uniforms Wholesale","robots":{"index":"index","follow":"follow","max-snippet":"max-snippet:-1","max-image-preview":"max-image-preview:large","max-video-preview":"max-video-preview:-1"},"canonical":"https:\/\/nuniformswholesale.com\/es\/producto\/pantalon-medico-clasico-con-cordon-modelo-no-7772\/","og_locale":"es_ES","og_type":"article","og_title":"PANTAL\u00d3N SANITARIO CL\u00c1SICO CON CORD\u00d3N (MODELO N\u00ba 7772) - Natural Uniforms Wholesale","og_description":"PANTAL\u00d3N CARGO CON CORD\u00d3N COMPLETO UNIFORMES NATURALES &#8211; 65% POLI\u00c9STER\/\/35% ALGOD\u00d3N &#8211; 1 BOLSILLO TRASERO+1 BOLSILLO CARGO &#8211; CINTURA CON CORD\u00d3N COMPLETO &#8211; COSTURAS Y PUNTADAS CON TRIPLE REFUERZO &#8211; 30&#8243; ENTREPIERNA &#8211; SE AJUSTA A LA TALLA","og_url":"https:\/\/nuniformswholesale.com\/es\/producto\/pantalon-medico-clasico-con-cordon-modelo-no-7772\/","og_site_name":"Natural Uniforms Wholesale","article_modified_time":"2026-02-21T09:54:39+00:00","og_image":[{"width":600,"height":600,"url":"https:\/\/nuniformswholesale.com\/wp-content\/uploads\/2025\/05\/7772-BLACK.jpg","type":"image\/jpeg"}],"twitter_card":"summary_large_image","schema":{"@context":"https:\/\/schema.org","@graph":[{"@type":"WebPage","@id":"https:\/\/nuniformswholesale.com\/es\/producto\/pantalon-medico-clasico-con-cordon-modelo-no-7772\/","url":"https:\/\/nuniformswholesale.com\/es\/producto\/pantalon-medico-clasico-con-cordon-modelo-no-7772\/","name":"PANTAL\u00d3N SANITARIO CL\u00c1SICO CON CORD\u00d3N (MODELO N\u00ba 7772) - Natural Uniforms Wholesale","isPartOf":{"@id":"https:\/\/nuniformswholesale.com\/es\/#website"},"primaryImageOfPage":{"@id":"https:\/\/nuniformswholesale.com\/es\/producto\/pantalon-medico-clasico-con-cordon-modelo-no-7772\/#primaryimage"},"image":{"@id":"https:\/\/nuniformswholesale.com\/es\/producto\/pantalon-medico-clasico-con-cordon-modelo-no-7772\/#primaryimage"},"thumbnailUrl":"https:\/\/nuniformswholesale.com\/wp-content\/uploads\/2025\/05\/7772-BLACK.jpg","datePublished":"2025-05-06T15:45:58+00:00","dateModified":"2026-02-21T09:54:39+00:00","breadcrumb":{"@id":"https:\/\/nuniformswholesale.com\/es\/producto\/pantalon-medico-clasico-con-cordon-modelo-no-7772\/#breadcrumb"},"inLanguage":"es","potentialAction":[{"@type":"ReadAction","target":["https:\/\/nuniformswholesale.com\/es\/producto\/pantalon-medico-clasico-con-cordon-modelo-no-7772\/"]}]},{"@type":"ImageObject","inLanguage":"es","@id":"https:\/\/nuniformswholesale.com\/es\/producto\/pantalon-medico-clasico-con-cordon-modelo-no-7772\/#primaryimage","url":"https:\/\/nuniformswholesale.com\/wp-content\/uploads\/2025\/05\/7772-BLACK.jpg","contentUrl":"https:\/\/nuniformswholesale.com\/wp-content\/uploads\/2025\/05\/7772-BLACK.jpg","width":600,"height":600},{"@type":"BreadcrumbList","@id":"https:\/\/nuniformswholesale.com\/es\/producto\/pantalon-medico-clasico-con-cordon-modelo-no-7772\/#breadcrumb","itemListElement":[{"@type":"ListItem","position":1,"name":"Home","item":"https:\/\/nuniformswholesale.com\/es\/"},{"@type":"ListItem","position":2,"name":"Our Products","item":"https:\/\/nuniformswholesale.com\/our-products\/"},{"@type":"ListItem","position":3,"name":"PANTAL\u00d3N SANITARIO CL\u00c1SICO CON CORD\u00d3N (MODELO N\u00ba 7772)"}]},{"@type":"WebSite","@id":"https:\/\/nuniformswholesale.com\/es\/#website","url":"https:\/\/nuniformswholesale.com\/es\/","name":"Natural Uniforms","description":"Natural Uniforms - Every Day Uniforms","publisher":{"@id":"https:\/\/nuniformswholesale.com\/es\/#organization"},"alternateName":"Natural Uniforms","potentialAction":[{"@type":"SearchAction","target":{"@type":"EntryPoint","urlTemplate":"https:\/\/nuniformswholesale.com\/es\/?s={search_term_string}"},"query-input":{"@type":"PropertyValueSpecification","valueRequired":true,"valueName":"search_term_string"}}],"inLanguage":"es"},{"@type":"Organization","@id":"https:\/\/nuniformswholesale.com\/es\/#organization","name":"Natural Uniforms","url":"https:\/\/nuniformswholesale.com\/es\/","logo":{"@type":"ImageObject","inLanguage":"es","@id":"https:\/\/nuniformswholesale.com\/es\/#\/schema\/logo\/image\/","url":"https:\/\/nuniformswholesale.com\/wp-content\/uploads\/2025\/08\/dsBuffer.bmp-2-1024x295-1-Photoroom.png","contentUrl":"https:\/\/nuniformswholesale.com\/wp-content\/uploads\/2025\/08\/dsBuffer.bmp-2-1024x295-1-Photoroom.png","width":296,"height":85,"caption":"Natural Uniforms"},"image":{"@id":"https:\/\/nuniformswholesale.com\/es\/#\/schema\/logo\/image\/"}}]}},"_links":{"self":[{"href":"https:\/\/nuniformswholesale.com\/es\/wp-json\/wp\/v2\/product\/61624","targetHints":{"allow":["GET"]}}],"collection":[{"href":"https:\/\/nuniformswholesale.com\/es\/wp-json\/wp\/v2\/product"}],"about":[{"href":"https:\/\/nuniformswholesale.com\/es\/wp-json\/wp\/v2\/types\/product"}],"replies":[{"embeddable":true,"href":"https:\/\/nuniformswholesale.com\/es\/wp-json\/wp\/v2\/comments?post=61624"}],"wp:featuredmedia":[{"embeddable":true,"href":"https:\/\/nuniformswholesale.com\/es\/wp-json\/wp\/v2\/media\/61629"}],"wp:attachment":[{"href":"https:\/\/nuniformswholesale.com\/es\/wp-json\/wp\/v2\/media?parent=61624"}],"wp:term":[{"taxonomy":"product_brand","embeddable":true,"href":"https:\/\/nuniformswholesale.com\/es\/wp-json\/wp\/v2\/product_brand?post=61624"},{"taxonomy":"product_cat","embeddable":true,"href":"https:\/\/nuniformswholesale.com\/es\/wp-json\/wp\/v2\/product_cat?post=61624"},{"taxonomy":"product_tag","embeddable":true,"href":"https:\/\/nuniformswholesale.com\/es\/wp-json\/wp\/v2\/product_tag?post=61624"}],"curies":[{"name":"wp","href":"https:\/\/api.w.org\/{rel}","templated":true}]}}