{"id":61796,"date":"2025-05-06T07:52:02","date_gmt":"2025-05-06T15:52:02","guid":{"rendered":"https:\/\/nuniforms.provisdemo.com\/product\/conjunto-medico-infantil-modelo-no-5160\/"},"modified":"2026-02-21T01:54:51","modified_gmt":"2026-02-21T09:54:51","slug":"conjunto-medico-infantil-modelo-no-5160","status":"publish","type":"product","link":"https:\/\/nuniformswholesale.com\/es\/producto\/conjunto-medico-infantil-modelo-no-5160\/","title":{"rendered":"CONJUNTO SANITARIO INFANTIL (MODELO N\u00ba 5160)"},"content":{"rendered":"<p><strong>Aspectos destacados del producto:<\/strong><\/p>\n<p><strong data-start=\"143\" data-end=\"156\">Material:<\/strong><\/p>\n<ul data-start=\"159\" data-end=\"239\">\n<li data-start=\"159\" data-end=\"176\">65% poli\u00e9ster<\/li>\n<li data-start=\"177\" data-end=\"191\">35% Algod\u00f3n<\/li>\n<li data-start=\"192\" data-end=\"239\">Material suave al tacto para pieles sensibles<\/li>\n<\/ul>\n<p><strong data-start=\"241\" data-end=\"254\">Caracter\u00edsticas:<\/strong><\/p>\n<ul data-start=\"257\" data-end=\"418\">\n<li data-start=\"257\" data-end=\"284\"><strong data-start=\"259\" data-end=\"267\">Parte superior:<\/strong> 1 bolsillo en el pecho<\/li>\n<li data-start=\"285\" data-end=\"329\"><strong data-start=\"287\" data-end=\"297\">Pantalones:<\/strong> Cintura el\u00e1stica + 1 bolsillo trasero<\/li>\n<li data-start=\"330\" data-end=\"372\">Dise\u00f1o y ajuste realistas del uniforme sanitario<\/li>\n<li data-start=\"373\" data-end=\"418\">Unisex: adecuado tanto para ni\u00f1os como para ni\u00f1as<\/li>\n<\/ul>\n<p><strong data-start=\"420\" data-end=\"434\">Ideal para:<\/strong><\/p>\n<ul data-start=\"437\" data-end=\"538\">\n<li data-start=\"437\" data-end=\"466\">Juegos de disfraces y juego simb\u00f3lico<\/li>\n<li data-start=\"467\" data-end=\"486\">Proyectos escolares<\/li>\n<li data-start=\"487\" data-end=\"509\">Disfraces de Halloween<\/li>\n<li data-start=\"510\" data-end=\"538\">Fiestas o eventos tem\u00e1ticos<\/li>\n<\/ul>\n<p><strong data-start=\"540\" data-end=\"552\">Comodidad:<\/strong><\/p>\n<ul data-start=\"555\" data-end=\"617\">\n<li data-start=\"555\" data-end=\"585\">Ligero y transpirable<\/li>\n<li data-start=\"586\" data-end=\"617\">C\u00f3modo para un uso prolongado<\/li>\n<\/ul>\n<p><strong data-start=\"619\" data-end=\"629\">Estilo:<\/strong><\/p>\n<ul data-start=\"632\" data-end=\"740\">\n<li data-start=\"632\" data-end=\"683\">Aspecto profesional que imita los uniformes sanitarios reales<\/li>\n<\/ul>\n","protected":false},"excerpt":{"rendered":"<p>Aspectos destacados del producto: Material: 65% poli\u00e9ster 35% Algod\u00f3n Material suave al tacto para pieles sensibles Caracter\u00edsticas: Parte superior: 1 bolsillo en el pecho Pantalones: Cintura el\u00e1stica + 1 bolsillo trasero Dise\u00f1o y ajuste realistas del uniforme sanitario Unisex: adecuado tanto para ni\u00f1os como para ni\u00f1as Ideal para: Juegos de disfraces y juego simb\u00f3lico Proyectos [&hellip;]<\/p>\n","protected":false},"featured_media":61817,"comment_status":"closed","ping_status":"closed","template":"","meta":[],"product_brand":[349],"product_cat":[296,533,534],"product_tag":[],"class_list":{"0":"post-61796","1":"product","2":"type-product","3":"status-publish","4":"has-post-thumbnail","6":"product_brand-uniformes-naturales","7":"product_cat-infantil","8":"product_cat-ninas","9":"product_cat-ninos","10":"pa_color-azul-marino-verdadero","11":"pa_color-purpura","12":"pa_color-rosa","13":"pa_color-techo-azul","14":"pa_color-verde-azulado","15":"pa_color-verde-quirurgico","16":"pa_size-12-14","17":"pa_size-2-3","18":"pa_size-529","19":"pa_size-5-6","20":"pa_size-430","21":"pa_size-8-10","23":"first","24":"instock","25":"purchasable","26":"product-type-variable"},"yoast_head":"<!-- This site is optimized with the Yoast SEO plugin v27.4 - https:\/\/yoast.com\/product\/yoast-seo-wordpress\/ -->\n<title>CONJUNTO SANITARIO INFANTIL (MODELO N\u00ba 5160) - Natural Uniforms Wholesale<\/title>\n<meta name=\"robots\" content=\"index, follow, max-snippet:-1, max-image-preview:large, max-video-preview:-1\" \/>\n<link rel=\"canonical\" href=\"https:\/\/nuniformswholesale.com\/es\/producto\/conjunto-medico-infantil-modelo-no-5160\/\" \/>\n<meta property=\"og:locale\" content=\"es_ES\" \/>\n<meta property=\"og:type\" content=\"article\" \/>\n<meta property=\"og:title\" content=\"CONJUNTO SANITARIO INFANTIL (MODELO N\u00ba 5160) - Natural Uniforms Wholesale\" \/>\n<meta property=\"og:description\" content=\"Aspectos destacados del producto: Material: 65% poli\u00e9ster 35% Algod\u00f3n Material suave al tacto para pieles sensibles Caracter\u00edsticas: Parte superior: 1 bolsillo en el pecho Pantalones: Cintura el\u00e1stica + 1 bolsillo trasero Dise\u00f1o y ajuste realistas del uniforme sanitario Unisex: adecuado tanto para ni\u00f1os como para ni\u00f1as Ideal para: Juegos de disfraces y juego simb\u00f3lico Proyectos [&hellip;]\" \/>\n<meta property=\"og:url\" content=\"https:\/\/nuniformswholesale.com\/es\/producto\/conjunto-medico-infantil-modelo-no-5160\/\" \/>\n<meta property=\"og:site_name\" content=\"Natural Uniforms Wholesale\" \/>\n<meta property=\"article:modified_time\" content=\"2026-02-21T09:54:51+00:00\" \/>\n<meta property=\"og:image\" content=\"https:\/\/nuniformswholesale.com\/wp-content\/uploads\/2025\/05\/children-costumes-scrub-set-doctor-costume-dress-play-33.jpg\" \/>\n\t<meta property=\"og:image:width\" content=\"800\" \/>\n\t<meta property=\"og:image:height\" content=\"800\" \/>\n\t<meta property=\"og:image:type\" content=\"image\/jpeg\" \/>\n<meta name=\"twitter:card\" content=\"summary_large_image\" \/>\n<script type=\"application\/ld+json\" class=\"yoast-schema-graph\">{\"@context\":\"https:\\\/\\\/schema.org\",\"@graph\":[{\"@type\":\"WebPage\",\"@id\":\"https:\\\/\\\/nuniformswholesale.com\\\/es\\\/producto\\\/conjunto-medico-infantil-modelo-no-5160\\\/\",\"url\":\"https:\\\/\\\/nuniformswholesale.com\\\/es\\\/producto\\\/conjunto-medico-infantil-modelo-no-5160\\\/\",\"name\":\"CONJUNTO SANITARIO INFANTIL (MODELO N\u00ba 5160) - Natural Uniforms Wholesale\",\"isPartOf\":{\"@id\":\"https:\\\/\\\/nuniformswholesale.com\\\/es\\\/#website\"},\"primaryImageOfPage\":{\"@id\":\"https:\\\/\\\/nuniformswholesale.com\\\/es\\\/producto\\\/conjunto-medico-infantil-modelo-no-5160\\\/#primaryimage\"},\"image\":{\"@id\":\"https:\\\/\\\/nuniformswholesale.com\\\/es\\\/producto\\\/conjunto-medico-infantil-modelo-no-5160\\\/#primaryimage\"},\"thumbnailUrl\":\"https:\\\/\\\/nuniformswholesale.com\\\/wp-content\\\/uploads\\\/2025\\\/05\\\/children-costumes-scrub-set-doctor-costume-dress-play-33.jpg\",\"datePublished\":\"2025-05-06T15:52:02+00:00\",\"dateModified\":\"2026-02-21T09:54:51+00:00\",\"breadcrumb\":{\"@id\":\"https:\\\/\\\/nuniformswholesale.com\\\/es\\\/producto\\\/conjunto-medico-infantil-modelo-no-5160\\\/#breadcrumb\"},\"inLanguage\":\"es\",\"potentialAction\":[{\"@type\":\"ReadAction\",\"target\":[\"https:\\\/\\\/nuniformswholesale.com\\\/es\\\/producto\\\/conjunto-medico-infantil-modelo-no-5160\\\/\"]}]},{\"@type\":\"ImageObject\",\"inLanguage\":\"es\",\"@id\":\"https:\\\/\\\/nuniformswholesale.com\\\/es\\\/producto\\\/conjunto-medico-infantil-modelo-no-5160\\\/#primaryimage\",\"url\":\"https:\\\/\\\/nuniformswholesale.com\\\/wp-content\\\/uploads\\\/2025\\\/05\\\/children-costumes-scrub-set-doctor-costume-dress-play-33.jpg\",\"contentUrl\":\"https:\\\/\\\/nuniformswholesale.com\\\/wp-content\\\/uploads\\\/2025\\\/05\\\/children-costumes-scrub-set-doctor-costume-dress-play-33.jpg\",\"width\":800,\"height\":800},{\"@type\":\"BreadcrumbList\",\"@id\":\"https:\\\/\\\/nuniformswholesale.com\\\/es\\\/producto\\\/conjunto-medico-infantil-modelo-no-5160\\\/#breadcrumb\",\"itemListElement\":[{\"@type\":\"ListItem\",\"position\":1,\"name\":\"Home\",\"item\":\"https:\\\/\\\/nuniformswholesale.com\\\/es\\\/\"},{\"@type\":\"ListItem\",\"position\":2,\"name\":\"Our Products\",\"item\":\"https:\\\/\\\/nuniformswholesale.com\\\/our-products\\\/\"},{\"@type\":\"ListItem\",\"position\":3,\"name\":\"CONJUNTO SANITARIO INFANTIL (MODELO N\u00ba 5160)\"}]},{\"@type\":\"WebSite\",\"@id\":\"https:\\\/\\\/nuniformswholesale.com\\\/es\\\/#website\",\"url\":\"https:\\\/\\\/nuniformswholesale.com\\\/es\\\/\",\"name\":\"Natural Uniforms\",\"description\":\"Natural Uniforms - Every Day Uniforms\",\"publisher\":{\"@id\":\"https:\\\/\\\/nuniformswholesale.com\\\/es\\\/#organization\"},\"alternateName\":\"Natural Uniforms\",\"potentialAction\":[{\"@type\":\"SearchAction\",\"target\":{\"@type\":\"EntryPoint\",\"urlTemplate\":\"https:\\\/\\\/nuniformswholesale.com\\\/es\\\/?s={search_term_string}\"},\"query-input\":{\"@type\":\"PropertyValueSpecification\",\"valueRequired\":true,\"valueName\":\"search_term_string\"}}],\"inLanguage\":\"es\"},{\"@type\":\"Organization\",\"@id\":\"https:\\\/\\\/nuniformswholesale.com\\\/es\\\/#organization\",\"name\":\"Natural Uniforms\",\"url\":\"https:\\\/\\\/nuniformswholesale.com\\\/es\\\/\",\"logo\":{\"@type\":\"ImageObject\",\"inLanguage\":\"es\",\"@id\":\"https:\\\/\\\/nuniformswholesale.com\\\/es\\\/#\\\/schema\\\/logo\\\/image\\\/\",\"url\":\"https:\\\/\\\/nuniformswholesale.com\\\/wp-content\\\/uploads\\\/2025\\\/08\\\/dsBuffer.bmp-2-1024x295-1-Photoroom.png\",\"contentUrl\":\"https:\\\/\\\/nuniformswholesale.com\\\/wp-content\\\/uploads\\\/2025\\\/08\\\/dsBuffer.bmp-2-1024x295-1-Photoroom.png\",\"width\":296,\"height\":85,\"caption\":\"Natural Uniforms\"},\"image\":{\"@id\":\"https:\\\/\\\/nuniformswholesale.com\\\/es\\\/#\\\/schema\\\/logo\\\/image\\\/\"}}]}<\/script>\n<!-- \/ Yoast SEO plugin. -->","yoast_head_json":{"title":"CONJUNTO SANITARIO INFANTIL (MODELO N\u00ba 5160) - Natural Uniforms Wholesale","robots":{"index":"index","follow":"follow","max-snippet":"max-snippet:-1","max-image-preview":"max-image-preview:large","max-video-preview":"max-video-preview:-1"},"canonical":"https:\/\/nuniformswholesale.com\/es\/producto\/conjunto-medico-infantil-modelo-no-5160\/","og_locale":"es_ES","og_type":"article","og_title":"CONJUNTO SANITARIO INFANTIL (MODELO N\u00ba 5160) - Natural Uniforms Wholesale","og_description":"Aspectos destacados del producto: Material: 65% poli\u00e9ster 35% Algod\u00f3n Material suave al tacto para pieles sensibles Caracter\u00edsticas: Parte superior: 1 bolsillo en el pecho Pantalones: Cintura el\u00e1stica + 1 bolsillo trasero Dise\u00f1o y ajuste realistas del uniforme sanitario Unisex: adecuado tanto para ni\u00f1os como para ni\u00f1as Ideal para: Juegos de disfraces y juego simb\u00f3lico Proyectos [&hellip;]","og_url":"https:\/\/nuniformswholesale.com\/es\/producto\/conjunto-medico-infantil-modelo-no-5160\/","og_site_name":"Natural Uniforms Wholesale","article_modified_time":"2026-02-21T09:54:51+00:00","og_image":[{"width":800,"height":800,"url":"https:\/\/nuniformswholesale.com\/wp-content\/uploads\/2025\/05\/children-costumes-scrub-set-doctor-costume-dress-play-33.jpg","type":"image\/jpeg"}],"twitter_card":"summary_large_image","schema":{"@context":"https:\/\/schema.org","@graph":[{"@type":"WebPage","@id":"https:\/\/nuniformswholesale.com\/es\/producto\/conjunto-medico-infantil-modelo-no-5160\/","url":"https:\/\/nuniformswholesale.com\/es\/producto\/conjunto-medico-infantil-modelo-no-5160\/","name":"CONJUNTO SANITARIO INFANTIL (MODELO N\u00ba 5160) - Natural Uniforms Wholesale","isPartOf":{"@id":"https:\/\/nuniformswholesale.com\/es\/#website"},"primaryImageOfPage":{"@id":"https:\/\/nuniformswholesale.com\/es\/producto\/conjunto-medico-infantil-modelo-no-5160\/#primaryimage"},"image":{"@id":"https:\/\/nuniformswholesale.com\/es\/producto\/conjunto-medico-infantil-modelo-no-5160\/#primaryimage"},"thumbnailUrl":"https:\/\/nuniformswholesale.com\/wp-content\/uploads\/2025\/05\/children-costumes-scrub-set-doctor-costume-dress-play-33.jpg","datePublished":"2025-05-06T15:52:02+00:00","dateModified":"2026-02-21T09:54:51+00:00","breadcrumb":{"@id":"https:\/\/nuniformswholesale.com\/es\/producto\/conjunto-medico-infantil-modelo-no-5160\/#breadcrumb"},"inLanguage":"es","potentialAction":[{"@type":"ReadAction","target":["https:\/\/nuniformswholesale.com\/es\/producto\/conjunto-medico-infantil-modelo-no-5160\/"]}]},{"@type":"ImageObject","inLanguage":"es","@id":"https:\/\/nuniformswholesale.com\/es\/producto\/conjunto-medico-infantil-modelo-no-5160\/#primaryimage","url":"https:\/\/nuniformswholesale.com\/wp-content\/uploads\/2025\/05\/children-costumes-scrub-set-doctor-costume-dress-play-33.jpg","contentUrl":"https:\/\/nuniformswholesale.com\/wp-content\/uploads\/2025\/05\/children-costumes-scrub-set-doctor-costume-dress-play-33.jpg","width":800,"height":800},{"@type":"BreadcrumbList","@id":"https:\/\/nuniformswholesale.com\/es\/producto\/conjunto-medico-infantil-modelo-no-5160\/#breadcrumb","itemListElement":[{"@type":"ListItem","position":1,"name":"Home","item":"https:\/\/nuniformswholesale.com\/es\/"},{"@type":"ListItem","position":2,"name":"Our Products","item":"https:\/\/nuniformswholesale.com\/our-products\/"},{"@type":"ListItem","position":3,"name":"CONJUNTO SANITARIO INFANTIL (MODELO N\u00ba 5160)"}]},{"@type":"WebSite","@id":"https:\/\/nuniformswholesale.com\/es\/#website","url":"https:\/\/nuniformswholesale.com\/es\/","name":"Natural Uniforms","description":"Natural Uniforms - Every Day Uniforms","publisher":{"@id":"https:\/\/nuniformswholesale.com\/es\/#organization"},"alternateName":"Natural Uniforms","potentialAction":[{"@type":"SearchAction","target":{"@type":"EntryPoint","urlTemplate":"https:\/\/nuniformswholesale.com\/es\/?s={search_term_string}"},"query-input":{"@type":"PropertyValueSpecification","valueRequired":true,"valueName":"search_term_string"}}],"inLanguage":"es"},{"@type":"Organization","@id":"https:\/\/nuniformswholesale.com\/es\/#organization","name":"Natural Uniforms","url":"https:\/\/nuniformswholesale.com\/es\/","logo":{"@type":"ImageObject","inLanguage":"es","@id":"https:\/\/nuniformswholesale.com\/es\/#\/schema\/logo\/image\/","url":"https:\/\/nuniformswholesale.com\/wp-content\/uploads\/2025\/08\/dsBuffer.bmp-2-1024x295-1-Photoroom.png","contentUrl":"https:\/\/nuniformswholesale.com\/wp-content\/uploads\/2025\/08\/dsBuffer.bmp-2-1024x295-1-Photoroom.png","width":296,"height":85,"caption":"Natural Uniforms"},"image":{"@id":"https:\/\/nuniformswholesale.com\/es\/#\/schema\/logo\/image\/"}}]}},"_links":{"self":[{"href":"https:\/\/nuniformswholesale.com\/es\/wp-json\/wp\/v2\/product\/61796","targetHints":{"allow":["GET"]}}],"collection":[{"href":"https:\/\/nuniformswholesale.com\/es\/wp-json\/wp\/v2\/product"}],"about":[{"href":"https:\/\/nuniformswholesale.com\/es\/wp-json\/wp\/v2\/types\/product"}],"replies":[{"embeddable":true,"href":"https:\/\/nuniformswholesale.com\/es\/wp-json\/wp\/v2\/comments?post=61796"}],"wp:featuredmedia":[{"embeddable":true,"href":"https:\/\/nuniformswholesale.com\/es\/wp-json\/wp\/v2\/media\/61817"}],"wp:attachment":[{"href":"https:\/\/nuniformswholesale.com\/es\/wp-json\/wp\/v2\/media?parent=61796"}],"wp:term":[{"taxonomy":"product_brand","embeddable":true,"href":"https:\/\/nuniformswholesale.com\/es\/wp-json\/wp\/v2\/product_brand?post=61796"},{"taxonomy":"product_cat","embeddable":true,"href":"https:\/\/nuniformswholesale.com\/es\/wp-json\/wp\/v2\/product_cat?post=61796"},{"taxonomy":"product_tag","embeddable":true,"href":"https:\/\/nuniformswholesale.com\/es\/wp-json\/wp\/v2\/product_tag?post=61796"}],"curies":[{"name":"wp","href":"https:\/\/api.w.org\/{rel}","templated":true}]}}