{"id":61882,"date":"2025-05-06T07:48:51","date_gmt":"2025-05-06T15:48:51","guid":{"rendered":"https:\/\/nuniforms.provisdemo.com\/product\/conjunto-medico-para-mujer-estilo-mm001\/"},"modified":"2026-04-14T00:46:13","modified_gmt":"2026-04-14T08:46:13","slug":"conjunto-medico-para-mujer-estilo-mm001","status":"publish","type":"product","link":"https:\/\/nuniformswholesale.com\/es\/producto\/conjunto-medico-para-mujer-estilo-mm001\/","title":{"rendered":"CONJUNTO SANITARIO PARA MUJER (MODELO N\u00ba MM001)"},"content":{"rendered":"<p><strong data-start=\"151\" data-end=\"226\">Conjunto sanitario ultrasuave de primera calidad para mujer: top cruzado y pantal\u00f3n<\/strong><\/p>\n<p>Dise\u00f1ado para profesionales de la salud que valoran el rendimiento y la comodidad, este conjunto incluye un moderno top cruzado y un pantal\u00f3n entallado, confeccionados con una mezcla de tejido <strong data-start=\"503\" data-end=\"534\">ultrasuave y transpirable de 77% poli\u00e9ster y 23% ray\u00f3n.<\/strong><\/p>\n<p><strong data-start=\"541\" data-end=\"558\">Caracter\u00edsticas principales:<\/strong><\/p>\n<ul data-start=\"559\" data-end=\"788\">\n<li data-start=\"559\" data-end=\"609\">Dise\u00f1o cruzado tipo wrap para un look moderno y favorecedor<\/li>\n<li data-start=\"610\" data-end=\"664\">Dos amplios bolsillos delanteros + un bolsillo para instrumentos<\/li>\n<li data-start=\"665\" data-end=\"733\">Cierre trasero con bot\u00f3n ajustable para un ajuste personalizado<\/li>\n<li data-start=\"734\" data-end=\"788\">Ligero y transpirable: ideal para turnos largos<\/li>\n<\/ul>\n<p><strong data-start=\"794\" data-end=\"812\">Caracter\u00edsticas del pantal\u00f3n:<\/strong><\/p>\n<ul data-start=\"813\" data-end=\"1046\">\n<li data-start=\"813\" data-end=\"885\">Cintura con cord\u00f3n y parte trasera el\u00e1stica para un ajuste c\u00f3modo y seguro<\/li>\n<li data-start=\"886\" data-end=\"927\">Queda justo por debajo de la cintura natural<\/li>\n<li data-start=\"928\" data-end=\"986\">Dos bolsillos delanteros + un bolsillo cargo para mayor utilidad<\/li>\n<li data-start=\"987\" data-end=\"1046\">Aberturas laterales en las perneras para mayor movilidad y estilo<\/li>\n<\/ul>\n<p>Tanto si te mueves con rapidez en las rondas como si trabajas en turnos largos, este conjunto sanitario ofrece una comodidad, flexibilidad y estilo inigualables.<\/p>\n","protected":false},"excerpt":{"rendered":"<p>Conjunto sanitario ultrasuave de primera calidad para mujer: top cruzado y pantal\u00f3n Dise\u00f1ado para profesionales de la salud que valoran el rendimiento y la comodidad, este conjunto incluye un moderno top cruzado y un pantal\u00f3n entallado, confeccionados con una mezcla de tejido ultrasuave y transpirable de 77% poli\u00e9ster y 23% ray\u00f3n. Caracter\u00edsticas principales: Dise\u00f1o cruzado [&hellip;]<\/p>\n","protected":false},"featured_media":70610,"comment_status":"open","ping_status":"closed","template":"","meta":[],"product_brand":[349,349],"product_cat":[715,721,767,307,298,535],"product_tag":[622,625,353,658,734,735,737,624,740,731,739,738,728,729,732,736,727,727,733],"class_list":{"0":"post-61882","1":"product","2":"type-product","3":"status-publish","4":"has-post-thumbnail","6":"product_brand-uniformes-naturales","8":"product_cat-relaxed-fit","9":"product_cat-classic","10":"product_cat-economico","11":"product_cat-scrub-sets","12":"product_cat-mujer","13":"product_cat-pijama-quirurgico","14":"product_tag-black","15":"product_tag-ceil-blue","16":"product_tag-chocolate","17":"product_tag-classic","18":"product_tag-dark-navy-blue","19":"product_tag-dark-royal-blue","20":"product_tag-grey","21":"product_tag-hot-pink","22":"product_tag-lime-green","23":"product_tag-olive","24":"product_tag-pink","25":"product_tag-red","26":"product_tag-true-navy-blue","27":"product_tag-true-royal-blue","28":"product_tag-water-blue","29":"product_tag-white","30":"product_tag-women","32":"product_tag-yellow","33":"pa_color-azul-marino-verdadero","34":"pa_color-azul-real-verdadero","35":"pa_color-black","36":"pa_color-blanca","37":"pa_color-borgona","38":"pa_color-burgundy","39":"pa_color-ceil-blue","40":"pa_color-hot-pink","41":"pa_color-negra","42":"pa_color-rosa-fuerte","43":"pa_color-teal","44":"pa_color-techo-azul","45":"pa_color-true-hunter-green","46":"pa_color-true-navy-blue","48":"pa_color-true-royal-blue","49":"pa_color-verde-azulado","50":"pa_color-verde-cazador-verde","51":"pa_color-white","52":"pa_size-2x","53":"pa_size-3x","54":"pa_size-l","55":"pa_size-m","56":"pa_size-s","57":"pa_size-xl","58":"pa_size-xs","60":"first","61":"instock","62":"purchasable","63":"product-type-variable"},"yoast_head":"<!-- This site is optimized with the Yoast SEO plugin v27.4 - https:\/\/yoast.com\/product\/yoast-seo-wordpress\/ -->\n<title>CONJUNTO SANITARIO PARA MUJER (MODELO N\u00ba MM001) - Natural Uniforms Wholesale<\/title>\n<meta name=\"robots\" content=\"index, follow, max-snippet:-1, max-image-preview:large, max-video-preview:-1\" \/>\n<link rel=\"canonical\" href=\"https:\/\/nuniformswholesale.com\/es\/producto\/conjunto-medico-para-mujer-estilo-mm001\/\" \/>\n<meta property=\"og:locale\" content=\"es_ES\" \/>\n<meta property=\"og:type\" content=\"article\" \/>\n<meta property=\"og:title\" content=\"CONJUNTO SANITARIO PARA MUJER (MODELO N\u00ba MM001) - Natural Uniforms Wholesale\" \/>\n<meta property=\"og:description\" content=\"Conjunto sanitario ultrasuave de primera calidad para mujer: top cruzado y pantal\u00f3n Dise\u00f1ado para profesionales de la salud que valoran el rendimiento y la comodidad, este conjunto incluye un moderno top cruzado y un pantal\u00f3n entallado, confeccionados con una mezcla de tejido ultrasuave y transpirable de 77% poli\u00e9ster y 23% ray\u00f3n. Caracter\u00edsticas principales: Dise\u00f1o cruzado [&hellip;]\" \/>\n<meta property=\"og:url\" content=\"https:\/\/nuniformswholesale.com\/es\/producto\/conjunto-medico-para-mujer-estilo-mm001\/\" \/>\n<meta property=\"og:site_name\" content=\"Natural Uniforms Wholesale\" \/>\n<meta property=\"article:modified_time\" content=\"2026-04-14T08:46:13+00:00\" \/>\n<meta property=\"og:image\" content=\"https:\/\/nuniformswholesale.com\/wp-content\/uploads\/2025\/07\/MM001_front-1_True-Hunter-Green.jpg\" \/>\n\t<meta property=\"og:image:width\" content=\"800\" \/>\n\t<meta property=\"og:image:height\" content=\"800\" \/>\n\t<meta property=\"og:image:type\" content=\"image\/jpeg\" \/>\n<meta name=\"twitter:card\" content=\"summary_large_image\" \/>\n<meta name=\"twitter:label1\" content=\"Tiempo de lectura\" \/>\n\t<meta name=\"twitter:data1\" content=\"1 minuto\" \/>\n<script type=\"application\/ld+json\" class=\"yoast-schema-graph\">{\"@context\":\"https:\\\/\\\/schema.org\",\"@graph\":[{\"@type\":\"WebPage\",\"@id\":\"https:\\\/\\\/nuniformswholesale.com\\\/es\\\/producto\\\/conjunto-medico-para-mujer-estilo-mm001\\\/\",\"url\":\"https:\\\/\\\/nuniformswholesale.com\\\/es\\\/producto\\\/conjunto-medico-para-mujer-estilo-mm001\\\/\",\"name\":\"CONJUNTO SANITARIO PARA MUJER (MODELO N\u00ba MM001) - Natural Uniforms Wholesale\",\"isPartOf\":{\"@id\":\"https:\\\/\\\/nuniformswholesale.com\\\/es\\\/#website\"},\"primaryImageOfPage\":{\"@id\":\"https:\\\/\\\/nuniformswholesale.com\\\/es\\\/producto\\\/conjunto-medico-para-mujer-estilo-mm001\\\/#primaryimage\"},\"image\":{\"@id\":\"https:\\\/\\\/nuniformswholesale.com\\\/es\\\/producto\\\/conjunto-medico-para-mujer-estilo-mm001\\\/#primaryimage\"},\"thumbnailUrl\":\"https:\\\/\\\/nuniformswholesale.com\\\/wp-content\\\/uploads\\\/2025\\\/07\\\/MM001_front-1_True-Hunter-Green.jpg\",\"datePublished\":\"2025-05-06T15:48:51+00:00\",\"dateModified\":\"2026-04-14T08:46:13+00:00\",\"breadcrumb\":{\"@id\":\"https:\\\/\\\/nuniformswholesale.com\\\/es\\\/producto\\\/conjunto-medico-para-mujer-estilo-mm001\\\/#breadcrumb\"},\"inLanguage\":\"es\",\"potentialAction\":[{\"@type\":\"ReadAction\",\"target\":[\"https:\\\/\\\/nuniformswholesale.com\\\/es\\\/producto\\\/conjunto-medico-para-mujer-estilo-mm001\\\/\"]}]},{\"@type\":\"ImageObject\",\"inLanguage\":\"es\",\"@id\":\"https:\\\/\\\/nuniformswholesale.com\\\/es\\\/producto\\\/conjunto-medico-para-mujer-estilo-mm001\\\/#primaryimage\",\"url\":\"https:\\\/\\\/nuniformswholesale.com\\\/wp-content\\\/uploads\\\/2025\\\/07\\\/MM001_front-1_True-Hunter-Green.jpg\",\"contentUrl\":\"https:\\\/\\\/nuniformswholesale.com\\\/wp-content\\\/uploads\\\/2025\\\/07\\\/MM001_front-1_True-Hunter-Green.jpg\",\"width\":800,\"height\":800},{\"@type\":\"BreadcrumbList\",\"@id\":\"https:\\\/\\\/nuniformswholesale.com\\\/es\\\/producto\\\/conjunto-medico-para-mujer-estilo-mm001\\\/#breadcrumb\",\"itemListElement\":[{\"@type\":\"ListItem\",\"position\":1,\"name\":\"Home\",\"item\":\"https:\\\/\\\/nuniformswholesale.com\\\/es\\\/\"},{\"@type\":\"ListItem\",\"position\":2,\"name\":\"Our Products\",\"item\":\"https:\\\/\\\/nuniformswholesale.com\\\/our-products\\\/\"},{\"@type\":\"ListItem\",\"position\":3,\"name\":\"CONJUNTO SANITARIO PARA MUJER (MODELO N\u00ba MM001)\"}]},{\"@type\":\"WebSite\",\"@id\":\"https:\\\/\\\/nuniformswholesale.com\\\/es\\\/#website\",\"url\":\"https:\\\/\\\/nuniformswholesale.com\\\/es\\\/\",\"name\":\"Natural Uniforms\",\"description\":\"Natural Uniforms - Every Day Uniforms\",\"publisher\":{\"@id\":\"https:\\\/\\\/nuniformswholesale.com\\\/es\\\/#organization\"},\"alternateName\":\"Natural Uniforms\",\"potentialAction\":[{\"@type\":\"SearchAction\",\"target\":{\"@type\":\"EntryPoint\",\"urlTemplate\":\"https:\\\/\\\/nuniformswholesale.com\\\/es\\\/?s={search_term_string}\"},\"query-input\":{\"@type\":\"PropertyValueSpecification\",\"valueRequired\":true,\"valueName\":\"search_term_string\"}}],\"inLanguage\":\"es\"},{\"@type\":\"Organization\",\"@id\":\"https:\\\/\\\/nuniformswholesale.com\\\/es\\\/#organization\",\"name\":\"Natural Uniforms\",\"url\":\"https:\\\/\\\/nuniformswholesale.com\\\/es\\\/\",\"logo\":{\"@type\":\"ImageObject\",\"inLanguage\":\"es\",\"@id\":\"https:\\\/\\\/nuniformswholesale.com\\\/es\\\/#\\\/schema\\\/logo\\\/image\\\/\",\"url\":\"https:\\\/\\\/nuniformswholesale.com\\\/wp-content\\\/uploads\\\/2025\\\/08\\\/dsBuffer.bmp-2-1024x295-1-Photoroom.png\",\"contentUrl\":\"https:\\\/\\\/nuniformswholesale.com\\\/wp-content\\\/uploads\\\/2025\\\/08\\\/dsBuffer.bmp-2-1024x295-1-Photoroom.png\",\"width\":296,\"height\":85,\"caption\":\"Natural Uniforms\"},\"image\":{\"@id\":\"https:\\\/\\\/nuniformswholesale.com\\\/es\\\/#\\\/schema\\\/logo\\\/image\\\/\"}}]}<\/script>\n<!-- \/ Yoast SEO plugin. -->","yoast_head_json":{"title":"CONJUNTO SANITARIO PARA MUJER (MODELO N\u00ba MM001) - Natural Uniforms Wholesale","robots":{"index":"index","follow":"follow","max-snippet":"max-snippet:-1","max-image-preview":"max-image-preview:large","max-video-preview":"max-video-preview:-1"},"canonical":"https:\/\/nuniformswholesale.com\/es\/producto\/conjunto-medico-para-mujer-estilo-mm001\/","og_locale":"es_ES","og_type":"article","og_title":"CONJUNTO SANITARIO PARA MUJER (MODELO N\u00ba MM001) - Natural Uniforms Wholesale","og_description":"Conjunto sanitario ultrasuave de primera calidad para mujer: top cruzado y pantal\u00f3n Dise\u00f1ado para profesionales de la salud que valoran el rendimiento y la comodidad, este conjunto incluye un moderno top cruzado y un pantal\u00f3n entallado, confeccionados con una mezcla de tejido ultrasuave y transpirable de 77% poli\u00e9ster y 23% ray\u00f3n. Caracter\u00edsticas principales: Dise\u00f1o cruzado [&hellip;]","og_url":"https:\/\/nuniformswholesale.com\/es\/producto\/conjunto-medico-para-mujer-estilo-mm001\/","og_site_name":"Natural Uniforms Wholesale","article_modified_time":"2026-04-14T08:46:13+00:00","og_image":[{"width":800,"height":800,"url":"https:\/\/nuniformswholesale.com\/wp-content\/uploads\/2025\/07\/MM001_front-1_True-Hunter-Green.jpg","type":"image\/jpeg"}],"twitter_card":"summary_large_image","twitter_misc":{"Tiempo de lectura":"1 minuto"},"schema":{"@context":"https:\/\/schema.org","@graph":[{"@type":"WebPage","@id":"https:\/\/nuniformswholesale.com\/es\/producto\/conjunto-medico-para-mujer-estilo-mm001\/","url":"https:\/\/nuniformswholesale.com\/es\/producto\/conjunto-medico-para-mujer-estilo-mm001\/","name":"CONJUNTO SANITARIO PARA MUJER (MODELO N\u00ba MM001) - Natural Uniforms Wholesale","isPartOf":{"@id":"https:\/\/nuniformswholesale.com\/es\/#website"},"primaryImageOfPage":{"@id":"https:\/\/nuniformswholesale.com\/es\/producto\/conjunto-medico-para-mujer-estilo-mm001\/#primaryimage"},"image":{"@id":"https:\/\/nuniformswholesale.com\/es\/producto\/conjunto-medico-para-mujer-estilo-mm001\/#primaryimage"},"thumbnailUrl":"https:\/\/nuniformswholesale.com\/wp-content\/uploads\/2025\/07\/MM001_front-1_True-Hunter-Green.jpg","datePublished":"2025-05-06T15:48:51+00:00","dateModified":"2026-04-14T08:46:13+00:00","breadcrumb":{"@id":"https:\/\/nuniformswholesale.com\/es\/producto\/conjunto-medico-para-mujer-estilo-mm001\/#breadcrumb"},"inLanguage":"es","potentialAction":[{"@type":"ReadAction","target":["https:\/\/nuniformswholesale.com\/es\/producto\/conjunto-medico-para-mujer-estilo-mm001\/"]}]},{"@type":"ImageObject","inLanguage":"es","@id":"https:\/\/nuniformswholesale.com\/es\/producto\/conjunto-medico-para-mujer-estilo-mm001\/#primaryimage","url":"https:\/\/nuniformswholesale.com\/wp-content\/uploads\/2025\/07\/MM001_front-1_True-Hunter-Green.jpg","contentUrl":"https:\/\/nuniformswholesale.com\/wp-content\/uploads\/2025\/07\/MM001_front-1_True-Hunter-Green.jpg","width":800,"height":800},{"@type":"BreadcrumbList","@id":"https:\/\/nuniformswholesale.com\/es\/producto\/conjunto-medico-para-mujer-estilo-mm001\/#breadcrumb","itemListElement":[{"@type":"ListItem","position":1,"name":"Home","item":"https:\/\/nuniformswholesale.com\/es\/"},{"@type":"ListItem","position":2,"name":"Our Products","item":"https:\/\/nuniformswholesale.com\/our-products\/"},{"@type":"ListItem","position":3,"name":"CONJUNTO SANITARIO PARA MUJER (MODELO N\u00ba MM001)"}]},{"@type":"WebSite","@id":"https:\/\/nuniformswholesale.com\/es\/#website","url":"https:\/\/nuniformswholesale.com\/es\/","name":"Natural Uniforms","description":"Natural Uniforms - Every Day Uniforms","publisher":{"@id":"https:\/\/nuniformswholesale.com\/es\/#organization"},"alternateName":"Natural Uniforms","potentialAction":[{"@type":"SearchAction","target":{"@type":"EntryPoint","urlTemplate":"https:\/\/nuniformswholesale.com\/es\/?s={search_term_string}"},"query-input":{"@type":"PropertyValueSpecification","valueRequired":true,"valueName":"search_term_string"}}],"inLanguage":"es"},{"@type":"Organization","@id":"https:\/\/nuniformswholesale.com\/es\/#organization","name":"Natural Uniforms","url":"https:\/\/nuniformswholesale.com\/es\/","logo":{"@type":"ImageObject","inLanguage":"es","@id":"https:\/\/nuniformswholesale.com\/es\/#\/schema\/logo\/image\/","url":"https:\/\/nuniformswholesale.com\/wp-content\/uploads\/2025\/08\/dsBuffer.bmp-2-1024x295-1-Photoroom.png","contentUrl":"https:\/\/nuniformswholesale.com\/wp-content\/uploads\/2025\/08\/dsBuffer.bmp-2-1024x295-1-Photoroom.png","width":296,"height":85,"caption":"Natural Uniforms"},"image":{"@id":"https:\/\/nuniformswholesale.com\/es\/#\/schema\/logo\/image\/"}}]}},"_links":{"self":[{"href":"https:\/\/nuniformswholesale.com\/es\/wp-json\/wp\/v2\/product\/61882","targetHints":{"allow":["GET"]}}],"collection":[{"href":"https:\/\/nuniformswholesale.com\/es\/wp-json\/wp\/v2\/product"}],"about":[{"href":"https:\/\/nuniformswholesale.com\/es\/wp-json\/wp\/v2\/types\/product"}],"replies":[{"embeddable":true,"href":"https:\/\/nuniformswholesale.com\/es\/wp-json\/wp\/v2\/comments?post=61882"}],"wp:featuredmedia":[{"embeddable":true,"href":"https:\/\/nuniformswholesale.com\/es\/wp-json\/wp\/v2\/media\/70610"}],"wp:attachment":[{"href":"https:\/\/nuniformswholesale.com\/es\/wp-json\/wp\/v2\/media?parent=61882"}],"wp:term":[{"taxonomy":"product_brand","embeddable":true,"href":"https:\/\/nuniformswholesale.com\/es\/wp-json\/wp\/v2\/product_brand?post=61882"},{"taxonomy":"product_cat","embeddable":true,"href":"https:\/\/nuniformswholesale.com\/es\/wp-json\/wp\/v2\/product_cat?post=61882"},{"taxonomy":"product_tag","embeddable":true,"href":"https:\/\/nuniformswholesale.com\/es\/wp-json\/wp\/v2\/product_tag?post=61882"}],"curies":[{"name":"wp","href":"https:\/\/api.w.org\/{rel}","templated":true}]}}