{"id":61887,"date":"2025-05-06T07:42:55","date_gmt":"2025-05-06T15:42:55","guid":{"rendered":"https:\/\/nuniforms.provisdemo.com\/product\/bata-de-laboratorio-para-ninos-super-suave-style-1016\/"},"modified":"2026-02-21T01:54:36","modified_gmt":"2026-02-21T09:54:36","slug":"bata-de-laboratorio-para-ninos-super-suave-style-1016","status":"publish","type":"product","link":"https:\/\/nuniformswholesale.com\/es\/producto\/bata-de-laboratorio-para-ninos-super-suave-style-1016\/","title":{"rendered":"BATA DE LABORATORIO INFANTIL SUPER SUAVE (MODELO N\u00ba 1016)"},"content":{"rendered":"<p><strong>Aspectos destacados del producto:<\/strong><\/p>\n<ul class=\"a-unordered-list a-vertical a-spacing-small\">\n<li data-start=\"226\" data-end=\"343\">Tejido de mezcla premium: 65% poli\u00e9ster y 35% algod\u00f3n para mayor suavidad, transpirabilidad y durabilidad.<\/li>\n<li data-start=\"344\" data-end=\"435\">Textura cepillada supersuave: delicada con la piel y c\u00f3moda para usar durante todo el d\u00eda.<\/li>\n<li data-start=\"436\" data-end=\"547\">Dise\u00f1o funcional: incluye 1 bolsillo en el pecho y 2 bolsillos inferiores para llevar herramientas, juguetes u otros objetos.<\/li>\n<li data-start=\"548\" data-end=\"643\">Fabricado para durar: su excelente confecci\u00f3n garantiza un uso prolongado, incluso con ni\u00f1os activos.<\/li>\n<li data-start=\"644\" data-end=\"720\"><strong data-start=\"649\" data-end=\"667\">Mangas ajustadas<\/strong> &#8211; Para un aspecto entallado y un ajuste seguro y c\u00f3modo.<\/li>\n<li data-start=\"721\" data-end=\"803\"><strong data-start=\"726\" data-end=\"759\">Disponible en tallas infantiles<\/strong> &#8211; Se adapta a una amplia gama de edades (2-18 a\u00f1os).<\/li>\n<li data-start=\"804\" data-end=\"906\"><strong data-start=\"809\" data-end=\"841\">Perfecto para jugar o disfrazarte<\/strong>: ideal para aspirantes a m\u00e9dicos, cient\u00edficos o para disfrazarte en Halloween.<\/li>\n<\/ul>\n","protected":false},"excerpt":{"rendered":"<p>Aspectos destacados del producto: Tejido de mezcla premium: 65% poli\u00e9ster y 35% algod\u00f3n para mayor suavidad, transpirabilidad y durabilidad. Textura cepillada supersuave: delicada con la piel y c\u00f3moda para usar durante todo el d\u00eda. Dise\u00f1o funcional: incluye 1 bolsillo en el pecho y 2 bolsillos inferiores para llevar herramientas, juguetes u otros objetos. Fabricado para [&hellip;]<\/p>\n","protected":false},"featured_media":61925,"comment_status":"closed","ping_status":"closed","template":"","meta":[],"product_brand":[349],"product_cat":[303,296,533,534],"product_tag":[357],"class_list":{"0":"post-61887","1":"product","2":"type-product","3":"status-publish","4":"has-post-thumbnail","6":"product_brand-uniformes-naturales","7":"product_cat-lab-coat-jackets","8":"product_cat-infantil","9":"product_cat-ninas","10":"product_cat-ninos","11":"product_tag-blanco","12":"pa_color-blanca","13":"pa_size-12-14","14":"pa_size-16-18","15":"pa_size-2-3","16":"pa_size-529","17":"pa_size-5-6","18":"pa_size-430","19":"pa_size-8-10","21":"first","22":"instock","23":"purchasable","24":"product-type-variable"},"yoast_head":"<!-- This site is optimized with the Yoast SEO plugin v27.4 - https:\/\/yoast.com\/product\/yoast-seo-wordpress\/ -->\n<title>BATA DE LABORATORIO INFANTIL SUPER SUAVE (MODELO N\u00ba 1016) - Natural Uniforms Wholesale<\/title>\n<meta name=\"robots\" content=\"index, follow, max-snippet:-1, max-image-preview:large, max-video-preview:-1\" \/>\n<link rel=\"canonical\" href=\"https:\/\/nuniformswholesale.com\/es\/producto\/bata-de-laboratorio-para-ninos-super-suave-style-1016\/\" \/>\n<meta property=\"og:locale\" content=\"es_ES\" \/>\n<meta property=\"og:type\" content=\"article\" \/>\n<meta property=\"og:title\" content=\"BATA DE LABORATORIO INFANTIL SUPER SUAVE (MODELO N\u00ba 1016) - Natural Uniforms Wholesale\" \/>\n<meta property=\"og:description\" content=\"Aspectos destacados del producto: Tejido de mezcla premium: 65% poli\u00e9ster y 35% algod\u00f3n para mayor suavidad, transpirabilidad y durabilidad. Textura cepillada supersuave: delicada con la piel y c\u00f3moda para usar durante todo el d\u00eda. Dise\u00f1o funcional: incluye 1 bolsillo en el pecho y 2 bolsillos inferiores para llevar herramientas, juguetes u otros objetos. Fabricado para [&hellip;]\" \/>\n<meta property=\"og:url\" content=\"https:\/\/nuniformswholesale.com\/es\/producto\/bata-de-laboratorio-para-ninos-super-suave-style-1016\/\" \/>\n<meta property=\"og:site_name\" content=\"Natural Uniforms Wholesale\" \/>\n<meta property=\"article:modified_time\" content=\"2026-02-21T09:54:36+00:00\" \/>\n<meta property=\"og:image\" content=\"https:\/\/nuniformswholesale.com\/wp-content\/uploads\/2025\/05\/1016-GIRL.jpg\" \/>\n\t<meta property=\"og:image:width\" content=\"600\" \/>\n\t<meta property=\"og:image:height\" content=\"600\" \/>\n\t<meta property=\"og:image:type\" content=\"image\/jpeg\" \/>\n<meta name=\"twitter:card\" content=\"summary_large_image\" \/>\n<meta name=\"twitter:label1\" content=\"Tiempo de lectura\" \/>\n\t<meta name=\"twitter:data1\" content=\"1 minuto\" \/>\n<script type=\"application\/ld+json\" class=\"yoast-schema-graph\">{\"@context\":\"https:\\\/\\\/schema.org\",\"@graph\":[{\"@type\":\"WebPage\",\"@id\":\"https:\\\/\\\/nuniformswholesale.com\\\/es\\\/producto\\\/bata-de-laboratorio-para-ninos-super-suave-style-1016\\\/\",\"url\":\"https:\\\/\\\/nuniformswholesale.com\\\/es\\\/producto\\\/bata-de-laboratorio-para-ninos-super-suave-style-1016\\\/\",\"name\":\"BATA DE LABORATORIO INFANTIL SUPER SUAVE (MODELO N\u00ba 1016) - Natural Uniforms Wholesale\",\"isPartOf\":{\"@id\":\"https:\\\/\\\/nuniformswholesale.com\\\/es\\\/#website\"},\"primaryImageOfPage\":{\"@id\":\"https:\\\/\\\/nuniformswholesale.com\\\/es\\\/producto\\\/bata-de-laboratorio-para-ninos-super-suave-style-1016\\\/#primaryimage\"},\"image\":{\"@id\":\"https:\\\/\\\/nuniformswholesale.com\\\/es\\\/producto\\\/bata-de-laboratorio-para-ninos-super-suave-style-1016\\\/#primaryimage\"},\"thumbnailUrl\":\"https:\\\/\\\/nuniformswholesale.com\\\/wp-content\\\/uploads\\\/2025\\\/05\\\/1016-GIRL.jpg\",\"datePublished\":\"2025-05-06T15:42:55+00:00\",\"dateModified\":\"2026-02-21T09:54:36+00:00\",\"breadcrumb\":{\"@id\":\"https:\\\/\\\/nuniformswholesale.com\\\/es\\\/producto\\\/bata-de-laboratorio-para-ninos-super-suave-style-1016\\\/#breadcrumb\"},\"inLanguage\":\"es\",\"potentialAction\":[{\"@type\":\"ReadAction\",\"target\":[\"https:\\\/\\\/nuniformswholesale.com\\\/es\\\/producto\\\/bata-de-laboratorio-para-ninos-super-suave-style-1016\\\/\"]}]},{\"@type\":\"ImageObject\",\"inLanguage\":\"es\",\"@id\":\"https:\\\/\\\/nuniformswholesale.com\\\/es\\\/producto\\\/bata-de-laboratorio-para-ninos-super-suave-style-1016\\\/#primaryimage\",\"url\":\"https:\\\/\\\/nuniformswholesale.com\\\/wp-content\\\/uploads\\\/2025\\\/05\\\/1016-GIRL.jpg\",\"contentUrl\":\"https:\\\/\\\/nuniformswholesale.com\\\/wp-content\\\/uploads\\\/2025\\\/05\\\/1016-GIRL.jpg\",\"width\":600,\"height\":600},{\"@type\":\"BreadcrumbList\",\"@id\":\"https:\\\/\\\/nuniformswholesale.com\\\/es\\\/producto\\\/bata-de-laboratorio-para-ninos-super-suave-style-1016\\\/#breadcrumb\",\"itemListElement\":[{\"@type\":\"ListItem\",\"position\":1,\"name\":\"Home\",\"item\":\"https:\\\/\\\/nuniformswholesale.com\\\/es\\\/\"},{\"@type\":\"ListItem\",\"position\":2,\"name\":\"Our Products\",\"item\":\"https:\\\/\\\/nuniformswholesale.com\\\/our-products\\\/\"},{\"@type\":\"ListItem\",\"position\":3,\"name\":\"BATA DE LABORATORIO INFANTIL SUPER SUAVE (MODELO N\u00ba 1016)\"}]},{\"@type\":\"WebSite\",\"@id\":\"https:\\\/\\\/nuniformswholesale.com\\\/es\\\/#website\",\"url\":\"https:\\\/\\\/nuniformswholesale.com\\\/es\\\/\",\"name\":\"Natural Uniforms\",\"description\":\"Natural Uniforms - Every Day Uniforms\",\"publisher\":{\"@id\":\"https:\\\/\\\/nuniformswholesale.com\\\/es\\\/#organization\"},\"alternateName\":\"Natural Uniforms\",\"potentialAction\":[{\"@type\":\"SearchAction\",\"target\":{\"@type\":\"EntryPoint\",\"urlTemplate\":\"https:\\\/\\\/nuniformswholesale.com\\\/es\\\/?s={search_term_string}\"},\"query-input\":{\"@type\":\"PropertyValueSpecification\",\"valueRequired\":true,\"valueName\":\"search_term_string\"}}],\"inLanguage\":\"es\"},{\"@type\":\"Organization\",\"@id\":\"https:\\\/\\\/nuniformswholesale.com\\\/es\\\/#organization\",\"name\":\"Natural Uniforms\",\"url\":\"https:\\\/\\\/nuniformswholesale.com\\\/es\\\/\",\"logo\":{\"@type\":\"ImageObject\",\"inLanguage\":\"es\",\"@id\":\"https:\\\/\\\/nuniformswholesale.com\\\/es\\\/#\\\/schema\\\/logo\\\/image\\\/\",\"url\":\"https:\\\/\\\/nuniformswholesale.com\\\/wp-content\\\/uploads\\\/2025\\\/08\\\/dsBuffer.bmp-2-1024x295-1-Photoroom.png\",\"contentUrl\":\"https:\\\/\\\/nuniformswholesale.com\\\/wp-content\\\/uploads\\\/2025\\\/08\\\/dsBuffer.bmp-2-1024x295-1-Photoroom.png\",\"width\":296,\"height\":85,\"caption\":\"Natural Uniforms\"},\"image\":{\"@id\":\"https:\\\/\\\/nuniformswholesale.com\\\/es\\\/#\\\/schema\\\/logo\\\/image\\\/\"}}]}<\/script>\n<!-- \/ Yoast SEO plugin. -->","yoast_head_json":{"title":"BATA DE LABORATORIO INFANTIL SUPER SUAVE (MODELO N\u00ba 1016) - Natural Uniforms Wholesale","robots":{"index":"index","follow":"follow","max-snippet":"max-snippet:-1","max-image-preview":"max-image-preview:large","max-video-preview":"max-video-preview:-1"},"canonical":"https:\/\/nuniformswholesale.com\/es\/producto\/bata-de-laboratorio-para-ninos-super-suave-style-1016\/","og_locale":"es_ES","og_type":"article","og_title":"BATA DE LABORATORIO INFANTIL SUPER SUAVE (MODELO N\u00ba 1016) - Natural Uniforms Wholesale","og_description":"Aspectos destacados del producto: Tejido de mezcla premium: 65% poli\u00e9ster y 35% algod\u00f3n para mayor suavidad, transpirabilidad y durabilidad. Textura cepillada supersuave: delicada con la piel y c\u00f3moda para usar durante todo el d\u00eda. Dise\u00f1o funcional: incluye 1 bolsillo en el pecho y 2 bolsillos inferiores para llevar herramientas, juguetes u otros objetos. Fabricado para [&hellip;]","og_url":"https:\/\/nuniformswholesale.com\/es\/producto\/bata-de-laboratorio-para-ninos-super-suave-style-1016\/","og_site_name":"Natural Uniforms Wholesale","article_modified_time":"2026-02-21T09:54:36+00:00","og_image":[{"width":600,"height":600,"url":"https:\/\/nuniformswholesale.com\/wp-content\/uploads\/2025\/05\/1016-GIRL.jpg","type":"image\/jpeg"}],"twitter_card":"summary_large_image","twitter_misc":{"Tiempo de lectura":"1 minuto"},"schema":{"@context":"https:\/\/schema.org","@graph":[{"@type":"WebPage","@id":"https:\/\/nuniformswholesale.com\/es\/producto\/bata-de-laboratorio-para-ninos-super-suave-style-1016\/","url":"https:\/\/nuniformswholesale.com\/es\/producto\/bata-de-laboratorio-para-ninos-super-suave-style-1016\/","name":"BATA DE LABORATORIO INFANTIL SUPER SUAVE (MODELO N\u00ba 1016) - Natural Uniforms Wholesale","isPartOf":{"@id":"https:\/\/nuniformswholesale.com\/es\/#website"},"primaryImageOfPage":{"@id":"https:\/\/nuniformswholesale.com\/es\/producto\/bata-de-laboratorio-para-ninos-super-suave-style-1016\/#primaryimage"},"image":{"@id":"https:\/\/nuniformswholesale.com\/es\/producto\/bata-de-laboratorio-para-ninos-super-suave-style-1016\/#primaryimage"},"thumbnailUrl":"https:\/\/nuniformswholesale.com\/wp-content\/uploads\/2025\/05\/1016-GIRL.jpg","datePublished":"2025-05-06T15:42:55+00:00","dateModified":"2026-02-21T09:54:36+00:00","breadcrumb":{"@id":"https:\/\/nuniformswholesale.com\/es\/producto\/bata-de-laboratorio-para-ninos-super-suave-style-1016\/#breadcrumb"},"inLanguage":"es","potentialAction":[{"@type":"ReadAction","target":["https:\/\/nuniformswholesale.com\/es\/producto\/bata-de-laboratorio-para-ninos-super-suave-style-1016\/"]}]},{"@type":"ImageObject","inLanguage":"es","@id":"https:\/\/nuniformswholesale.com\/es\/producto\/bata-de-laboratorio-para-ninos-super-suave-style-1016\/#primaryimage","url":"https:\/\/nuniformswholesale.com\/wp-content\/uploads\/2025\/05\/1016-GIRL.jpg","contentUrl":"https:\/\/nuniformswholesale.com\/wp-content\/uploads\/2025\/05\/1016-GIRL.jpg","width":600,"height":600},{"@type":"BreadcrumbList","@id":"https:\/\/nuniformswholesale.com\/es\/producto\/bata-de-laboratorio-para-ninos-super-suave-style-1016\/#breadcrumb","itemListElement":[{"@type":"ListItem","position":1,"name":"Home","item":"https:\/\/nuniformswholesale.com\/es\/"},{"@type":"ListItem","position":2,"name":"Our Products","item":"https:\/\/nuniformswholesale.com\/our-products\/"},{"@type":"ListItem","position":3,"name":"BATA DE LABORATORIO INFANTIL SUPER SUAVE (MODELO N\u00ba 1016)"}]},{"@type":"WebSite","@id":"https:\/\/nuniformswholesale.com\/es\/#website","url":"https:\/\/nuniformswholesale.com\/es\/","name":"Natural Uniforms","description":"Natural Uniforms - Every Day Uniforms","publisher":{"@id":"https:\/\/nuniformswholesale.com\/es\/#organization"},"alternateName":"Natural Uniforms","potentialAction":[{"@type":"SearchAction","target":{"@type":"EntryPoint","urlTemplate":"https:\/\/nuniformswholesale.com\/es\/?s={search_term_string}"},"query-input":{"@type":"PropertyValueSpecification","valueRequired":true,"valueName":"search_term_string"}}],"inLanguage":"es"},{"@type":"Organization","@id":"https:\/\/nuniformswholesale.com\/es\/#organization","name":"Natural Uniforms","url":"https:\/\/nuniformswholesale.com\/es\/","logo":{"@type":"ImageObject","inLanguage":"es","@id":"https:\/\/nuniformswholesale.com\/es\/#\/schema\/logo\/image\/","url":"https:\/\/nuniformswholesale.com\/wp-content\/uploads\/2025\/08\/dsBuffer.bmp-2-1024x295-1-Photoroom.png","contentUrl":"https:\/\/nuniformswholesale.com\/wp-content\/uploads\/2025\/08\/dsBuffer.bmp-2-1024x295-1-Photoroom.png","width":296,"height":85,"caption":"Natural Uniforms"},"image":{"@id":"https:\/\/nuniformswholesale.com\/es\/#\/schema\/logo\/image\/"}}]}},"_links":{"self":[{"href":"https:\/\/nuniformswholesale.com\/es\/wp-json\/wp\/v2\/product\/61887","targetHints":{"allow":["GET"]}}],"collection":[{"href":"https:\/\/nuniformswholesale.com\/es\/wp-json\/wp\/v2\/product"}],"about":[{"href":"https:\/\/nuniformswholesale.com\/es\/wp-json\/wp\/v2\/types\/product"}],"replies":[{"embeddable":true,"href":"https:\/\/nuniformswholesale.com\/es\/wp-json\/wp\/v2\/comments?post=61887"}],"wp:featuredmedia":[{"embeddable":true,"href":"https:\/\/nuniformswholesale.com\/es\/wp-json\/wp\/v2\/media\/61925"}],"wp:attachment":[{"href":"https:\/\/nuniformswholesale.com\/es\/wp-json\/wp\/v2\/media?parent=61887"}],"wp:term":[{"taxonomy":"product_brand","embeddable":true,"href":"https:\/\/nuniformswholesale.com\/es\/wp-json\/wp\/v2\/product_brand?post=61887"},{"taxonomy":"product_cat","embeddable":true,"href":"https:\/\/nuniformswholesale.com\/es\/wp-json\/wp\/v2\/product_cat?post=61887"},{"taxonomy":"product_tag","embeddable":true,"href":"https:\/\/nuniformswholesale.com\/es\/wp-json\/wp\/v2\/product_tag?post=61887"}],"curies":[{"name":"wp","href":"https:\/\/api.w.org\/{rel}","templated":true}]}}