{"id":62229,"date":"2025-05-06T15:11:59","date_gmt":"2025-05-06T23:11:59","guid":{"rendered":"https:\/\/nuniforms.provisdemo.com\/product\/conjunto-medico-jogger-elastico-premium-para-mujer-style-3103set\/"},"modified":"2026-04-14T00:49:30","modified_gmt":"2026-04-14T08:49:30","slug":"conjunto-medico-jogger-elastico-premium-para-mujer-style-3103set","status":"publish","type":"product","link":"https:\/\/nuniformswholesale.com\/es\/producto\/conjunto-medico-jogger-elastico-premium-para-mujer-style-3103set\/","title":{"rendered":"CONJUNTO M\u00c9DICO PREMIUM EL\u00c1STICO TIPO JOGGER PARA MUJER (MODELO N.\u00ba 3103SET)"},"content":{"rendered":"<p><strong>Aspectos destacados del producto:<\/strong><\/p>\n<p><strong data-start=\"205\" data-end=\"246\">Disponible en tallas Petite y Regular.<\/strong><br data-start=\"246\" data-end=\"249\" \/>Por fin, un conjunto m\u00e9dico que se adapta a todo tipo de cuerpos. Consulta nuestra gu\u00eda de tallas detallada para encontrar el ajuste perfecto.<\/p>\n<p><strong data-start=\"357\" data-end=\"383\">Tejido el\u00e1stico de primera calidad<\/strong><br data-start=\"383\" data-end=\"386\" \/>Fabricado con una mezcla de alta calidad de 93% poli\u00e9ster y 7% elastano, este conjunto ofrece durabilidad, flexibilidad y comodidad durante todo el d\u00eda para los profesionales ocupados.<\/p>\n<p><strong data-start=\"494\" data-end=\"514\">Caracter\u00edsticas principales:<\/strong><\/p>\n<ul data-start=\"515\" data-end=\"674\">\n<li data-start=\"515\" data-end=\"545\"><strong data-start=\"517\" data-end=\"526\">Estilo<\/strong>: Blusa m\u00e9dica con cuello en V.<\/li>\n<li data-start=\"546\" data-end=\"587\"><strong data-start=\"548\" data-end=\"565\">Funcionalidad<\/strong>: Un bolsillo en el pecho.<\/li>\n<li data-start=\"588\" data-end=\"674\"><strong data-start=\"590\" data-end=\"608\">Dise\u00f1o remetido<\/strong>: Dise\u00f1ado para llevarlo remetido o sin remetir para un aspecto limpio y moderno.<\/li>\n<\/ul>\n<p><strong data-start=\"676\" data-end=\"698\">Caracter\u00edsticas de los pantalones:<\/strong><\/p>\n<ul data-start=\"699\" data-end=\"920\">\n<li data-start=\"699\" data-end=\"737\"><strong data-start=\"701\" data-end=\"710\">Estilo<\/strong>: Pantalones m\u00e9dicos estilo jogger.<\/li>\n<li data-start=\"738\" data-end=\"794\"><strong data-start=\"740\" data-end=\"753\">Cintura<\/strong>: Cintura suave y acanalada con cord\u00f3n de ajuste.<\/li>\n<li data-start=\"795\" data-end=\"852\"><strong data-start=\"797\" data-end=\"804\">Ajuste<\/strong>: Corte entallado con costuras en las piernas para a\u00f1adir estructura.<\/li>\n<li data-start=\"853\" data-end=\"920\"><strong data-start=\"855\" data-end=\"866\">Bolsillos<\/strong>: M\u00faltiples bolsillos funcionales, incluidos bolsillos cargo.<\/li>\n<\/ul>\n","protected":false},"excerpt":{"rendered":"<p>Aspectos destacados del producto: Disponible en tallas Petite y Regular.Por fin, un conjunto m\u00e9dico que se adapta a todo tipo de cuerpos. Consulta nuestra gu\u00eda de tallas detallada para encontrar el ajuste perfecto. Tejido el\u00e1stico de primera calidadFabricado con una mezcla de alta calidad de 93% poli\u00e9ster y 7% elastano, este conjunto ofrece durabilidad, flexibilidad [&hellip;]<\/p>\n","protected":false},"featured_media":62312,"comment_status":"open","ping_status":"closed","template":"","meta":[],"product_brand":[378,565],"product_cat":[723,664,307,769,299,298,304,714,535],"product_tag":[622,351,614,625,618,380,617,620,624,623,621,615,616,725,661,726,727],"class_list":{"0":"post-62229","1":"product","2":"type-product","3":"status-publish","4":"has-post-thumbnail","6":"product_brand-monarch","7":"product_brand-monarch-uniforms","8":"product_cat-premium-stretch","9":"product_cat-embroidery","10":"product_cat-scrub-sets","11":"product_cat-most-comfortable","12":"product_cat-best-seller","13":"product_cat-mujer","14":"product_cat-new-arrivals","15":"product_cat-joggers","16":"product_cat-pijama-quirurgico","17":"product_tag-black","18":"product_tag-burgundy","19":"product_tag-caribbean-blue","20":"product_tag-ceil-blue","21":"product_tag-charcoal","22":"product_tag-coral","23":"product_tag-eggplant","24":"product_tag-heather-grey","25":"product_tag-hot-pink","26":"product_tag-jogger","27":"product_tag-lavender","28":"product_tag-navy-blue","29":"product_tag-royal-blue","30":"product_tag-scrub-set","31":"product_tag-stretch","32":"product_tag-true-hunter-green","33":"product_tag-women","34":"pa_color-aceituna","35":"pa_color-azul-caribeno","36":"pa_color-azul-marino","37":"pa_color-azul-marino-verdadero","38":"pa_color-azul-real","39":"pa_color-azul-real-verdadero","40":"pa_color-berenjena","41":"pa_color-black","42":"pa_color-borgona","43":"pa_color-burgundy","44":"pa_color-carbon","45":"pa_color-ceil-blue","46":"pa_color-charcoal","47":"pa_color-color-de-malva","48":"pa_color-coral","49":"pa_color-gris-brezo","50":"pa_color-hot-pink","51":"pa_color-lavanda","52":"pa_color-negra","53":"pa_color-rosa-fuerte","54":"pa_color-teal","55":"pa_color-techo-azul","56":"pa_color-true-hunter-green","57":"pa_color-true-navy-blue","58":"pa_color-true-royal-blue","59":"pa_color-verde-azulado","60":"pa_color-verde-cazador-verde","61":"pa_size-2x","62":"pa_size-3x","63":"pa_size-l","64":"pa_size-l-petite","65":"pa_size-m","66":"pa_size-m-petite","67":"pa_size-s","68":"pa_size-s-petite","69":"pa_size-xl","70":"pa_size-xl-petite","71":"pa_size-xs","72":"pa_size-xs-petite","74":"first","75":"instock","76":"taxable","77":"shipping-taxable","78":"purchasable","79":"product-type-variable"},"yoast_head":"<!-- This site is optimized with the Yoast SEO plugin v27.4 - https:\/\/yoast.com\/product\/yoast-seo-wordpress\/ -->\n<title>CONJUNTO M\u00c9DICO PREMIUM EL\u00c1STICO TIPO JOGGER PARA MUJER (MODELO N.\u00ba 3103SET) - Natural Uniforms Wholesale<\/title>\n<meta name=\"robots\" content=\"index, follow, max-snippet:-1, max-image-preview:large, max-video-preview:-1\" \/>\n<link rel=\"canonical\" href=\"https:\/\/nuniformswholesale.com\/es\/producto\/conjunto-medico-jogger-elastico-premium-para-mujer-style-3103set\/\" \/>\n<meta property=\"og:locale\" content=\"es_ES\" \/>\n<meta property=\"og:type\" content=\"article\" \/>\n<meta property=\"og:title\" content=\"CONJUNTO M\u00c9DICO PREMIUM EL\u00c1STICO TIPO JOGGER PARA MUJER (MODELO N.\u00ba 3103SET) - Natural Uniforms Wholesale\" \/>\n<meta property=\"og:description\" content=\"Aspectos destacados del producto: Disponible en tallas Petite y Regular.Por fin, un conjunto m\u00e9dico que se adapta a todo tipo de cuerpos. Consulta nuestra gu\u00eda de tallas detallada para encontrar el ajuste perfecto. Tejido el\u00e1stico de primera calidadFabricado con una mezcla de alta calidad de 93% poli\u00e9ster y 7% elastano, este conjunto ofrece durabilidad, flexibilidad [&hellip;]\" \/>\n<meta property=\"og:url\" content=\"https:\/\/nuniformswholesale.com\/es\/producto\/conjunto-medico-jogger-elastico-premium-para-mujer-style-3103set\/\" \/>\n<meta property=\"og:site_name\" content=\"Natural Uniforms Wholesale\" \/>\n<meta property=\"article:modified_time\" content=\"2026-04-14T08:49:30+00:00\" \/>\n<meta property=\"og:image\" content=\"https:\/\/nuniformswholesale.com\/wp-content\/uploads\/2025\/07\/3103_front-view_1_woman_LAV-2.jpg\" \/>\n\t<meta property=\"og:image:width\" content=\"800\" \/>\n\t<meta property=\"og:image:height\" content=\"800\" \/>\n\t<meta property=\"og:image:type\" content=\"image\/jpeg\" \/>\n<meta name=\"twitter:card\" content=\"summary_large_image\" \/>\n<meta name=\"twitter:label1\" content=\"Tiempo de lectura\" \/>\n\t<meta name=\"twitter:data1\" content=\"1 minuto\" \/>\n<script type=\"application\/ld+json\" class=\"yoast-schema-graph\">{\"@context\":\"https:\\\/\\\/schema.org\",\"@graph\":[{\"@type\":\"WebPage\",\"@id\":\"https:\\\/\\\/nuniformswholesale.com\\\/es\\\/producto\\\/conjunto-medico-jogger-elastico-premium-para-mujer-style-3103set\\\/\",\"url\":\"https:\\\/\\\/nuniformswholesale.com\\\/es\\\/producto\\\/conjunto-medico-jogger-elastico-premium-para-mujer-style-3103set\\\/\",\"name\":\"CONJUNTO M\u00c9DICO PREMIUM EL\u00c1STICO TIPO JOGGER PARA MUJER (MODELO N.\u00ba 3103SET) - Natural Uniforms Wholesale\",\"isPartOf\":{\"@id\":\"https:\\\/\\\/nuniformswholesale.com\\\/es\\\/#website\"},\"primaryImageOfPage\":{\"@id\":\"https:\\\/\\\/nuniformswholesale.com\\\/es\\\/producto\\\/conjunto-medico-jogger-elastico-premium-para-mujer-style-3103set\\\/#primaryimage\"},\"image\":{\"@id\":\"https:\\\/\\\/nuniformswholesale.com\\\/es\\\/producto\\\/conjunto-medico-jogger-elastico-premium-para-mujer-style-3103set\\\/#primaryimage\"},\"thumbnailUrl\":\"https:\\\/\\\/nuniformswholesale.com\\\/wp-content\\\/uploads\\\/2025\\\/07\\\/3103_front-view_1_woman_LAV-2.jpg\",\"datePublished\":\"2025-05-06T23:11:59+00:00\",\"dateModified\":\"2026-04-14T08:49:30+00:00\",\"breadcrumb\":{\"@id\":\"https:\\\/\\\/nuniformswholesale.com\\\/es\\\/producto\\\/conjunto-medico-jogger-elastico-premium-para-mujer-style-3103set\\\/#breadcrumb\"},\"inLanguage\":\"es\",\"potentialAction\":[{\"@type\":\"ReadAction\",\"target\":[\"https:\\\/\\\/nuniformswholesale.com\\\/es\\\/producto\\\/conjunto-medico-jogger-elastico-premium-para-mujer-style-3103set\\\/\"]}]},{\"@type\":\"ImageObject\",\"inLanguage\":\"es\",\"@id\":\"https:\\\/\\\/nuniformswholesale.com\\\/es\\\/producto\\\/conjunto-medico-jogger-elastico-premium-para-mujer-style-3103set\\\/#primaryimage\",\"url\":\"https:\\\/\\\/nuniformswholesale.com\\\/wp-content\\\/uploads\\\/2025\\\/07\\\/3103_front-view_1_woman_LAV-2.jpg\",\"contentUrl\":\"https:\\\/\\\/nuniformswholesale.com\\\/wp-content\\\/uploads\\\/2025\\\/07\\\/3103_front-view_1_woman_LAV-2.jpg\",\"width\":800,\"height\":800},{\"@type\":\"BreadcrumbList\",\"@id\":\"https:\\\/\\\/nuniformswholesale.com\\\/es\\\/producto\\\/conjunto-medico-jogger-elastico-premium-para-mujer-style-3103set\\\/#breadcrumb\",\"itemListElement\":[{\"@type\":\"ListItem\",\"position\":1,\"name\":\"Home\",\"item\":\"https:\\\/\\\/nuniformswholesale.com\\\/es\\\/\"},{\"@type\":\"ListItem\",\"position\":2,\"name\":\"Our Products\",\"item\":\"https:\\\/\\\/nuniformswholesale.com\\\/our-products\\\/\"},{\"@type\":\"ListItem\",\"position\":3,\"name\":\"CONJUNTO M\u00c9DICO PREMIUM EL\u00c1STICO TIPO JOGGER PARA MUJER (MODELO N.\u00ba 3103SET)\"}]},{\"@type\":\"WebSite\",\"@id\":\"https:\\\/\\\/nuniformswholesale.com\\\/es\\\/#website\",\"url\":\"https:\\\/\\\/nuniformswholesale.com\\\/es\\\/\",\"name\":\"Natural Uniforms\",\"description\":\"Natural Uniforms - Every Day Uniforms\",\"publisher\":{\"@id\":\"https:\\\/\\\/nuniformswholesale.com\\\/es\\\/#organization\"},\"alternateName\":\"Natural Uniforms\",\"potentialAction\":[{\"@type\":\"SearchAction\",\"target\":{\"@type\":\"EntryPoint\",\"urlTemplate\":\"https:\\\/\\\/nuniformswholesale.com\\\/es\\\/?s={search_term_string}\"},\"query-input\":{\"@type\":\"PropertyValueSpecification\",\"valueRequired\":true,\"valueName\":\"search_term_string\"}}],\"inLanguage\":\"es\"},{\"@type\":\"Organization\",\"@id\":\"https:\\\/\\\/nuniformswholesale.com\\\/es\\\/#organization\",\"name\":\"Natural Uniforms\",\"url\":\"https:\\\/\\\/nuniformswholesale.com\\\/es\\\/\",\"logo\":{\"@type\":\"ImageObject\",\"inLanguage\":\"es\",\"@id\":\"https:\\\/\\\/nuniformswholesale.com\\\/es\\\/#\\\/schema\\\/logo\\\/image\\\/\",\"url\":\"https:\\\/\\\/nuniformswholesale.com\\\/wp-content\\\/uploads\\\/2025\\\/08\\\/dsBuffer.bmp-2-1024x295-1-Photoroom.png\",\"contentUrl\":\"https:\\\/\\\/nuniformswholesale.com\\\/wp-content\\\/uploads\\\/2025\\\/08\\\/dsBuffer.bmp-2-1024x295-1-Photoroom.png\",\"width\":296,\"height\":85,\"caption\":\"Natural Uniforms\"},\"image\":{\"@id\":\"https:\\\/\\\/nuniformswholesale.com\\\/es\\\/#\\\/schema\\\/logo\\\/image\\\/\"}}]}<\/script>\n<!-- \/ Yoast SEO plugin. -->","yoast_head_json":{"title":"CONJUNTO M\u00c9DICO PREMIUM EL\u00c1STICO TIPO JOGGER PARA MUJER (MODELO N.\u00ba 3103SET) - Natural Uniforms Wholesale","robots":{"index":"index","follow":"follow","max-snippet":"max-snippet:-1","max-image-preview":"max-image-preview:large","max-video-preview":"max-video-preview:-1"},"canonical":"https:\/\/nuniformswholesale.com\/es\/producto\/conjunto-medico-jogger-elastico-premium-para-mujer-style-3103set\/","og_locale":"es_ES","og_type":"article","og_title":"CONJUNTO M\u00c9DICO PREMIUM EL\u00c1STICO TIPO JOGGER PARA MUJER (MODELO N.\u00ba 3103SET) - Natural Uniforms Wholesale","og_description":"Aspectos destacados del producto: Disponible en tallas Petite y Regular.Por fin, un conjunto m\u00e9dico que se adapta a todo tipo de cuerpos. Consulta nuestra gu\u00eda de tallas detallada para encontrar el ajuste perfecto. Tejido el\u00e1stico de primera calidadFabricado con una mezcla de alta calidad de 93% poli\u00e9ster y 7% elastano, este conjunto ofrece durabilidad, flexibilidad [&hellip;]","og_url":"https:\/\/nuniformswholesale.com\/es\/producto\/conjunto-medico-jogger-elastico-premium-para-mujer-style-3103set\/","og_site_name":"Natural Uniforms Wholesale","article_modified_time":"2026-04-14T08:49:30+00:00","og_image":[{"width":800,"height":800,"url":"https:\/\/nuniformswholesale.com\/wp-content\/uploads\/2025\/07\/3103_front-view_1_woman_LAV-2.jpg","type":"image\/jpeg"}],"twitter_card":"summary_large_image","twitter_misc":{"Tiempo de lectura":"1 minuto"},"schema":{"@context":"https:\/\/schema.org","@graph":[{"@type":"WebPage","@id":"https:\/\/nuniformswholesale.com\/es\/producto\/conjunto-medico-jogger-elastico-premium-para-mujer-style-3103set\/","url":"https:\/\/nuniformswholesale.com\/es\/producto\/conjunto-medico-jogger-elastico-premium-para-mujer-style-3103set\/","name":"CONJUNTO M\u00c9DICO PREMIUM EL\u00c1STICO TIPO JOGGER PARA MUJER (MODELO N.\u00ba 3103SET) - Natural Uniforms Wholesale","isPartOf":{"@id":"https:\/\/nuniformswholesale.com\/es\/#website"},"primaryImageOfPage":{"@id":"https:\/\/nuniformswholesale.com\/es\/producto\/conjunto-medico-jogger-elastico-premium-para-mujer-style-3103set\/#primaryimage"},"image":{"@id":"https:\/\/nuniformswholesale.com\/es\/producto\/conjunto-medico-jogger-elastico-premium-para-mujer-style-3103set\/#primaryimage"},"thumbnailUrl":"https:\/\/nuniformswholesale.com\/wp-content\/uploads\/2025\/07\/3103_front-view_1_woman_LAV-2.jpg","datePublished":"2025-05-06T23:11:59+00:00","dateModified":"2026-04-14T08:49:30+00:00","breadcrumb":{"@id":"https:\/\/nuniformswholesale.com\/es\/producto\/conjunto-medico-jogger-elastico-premium-para-mujer-style-3103set\/#breadcrumb"},"inLanguage":"es","potentialAction":[{"@type":"ReadAction","target":["https:\/\/nuniformswholesale.com\/es\/producto\/conjunto-medico-jogger-elastico-premium-para-mujer-style-3103set\/"]}]},{"@type":"ImageObject","inLanguage":"es","@id":"https:\/\/nuniformswholesale.com\/es\/producto\/conjunto-medico-jogger-elastico-premium-para-mujer-style-3103set\/#primaryimage","url":"https:\/\/nuniformswholesale.com\/wp-content\/uploads\/2025\/07\/3103_front-view_1_woman_LAV-2.jpg","contentUrl":"https:\/\/nuniformswholesale.com\/wp-content\/uploads\/2025\/07\/3103_front-view_1_woman_LAV-2.jpg","width":800,"height":800},{"@type":"BreadcrumbList","@id":"https:\/\/nuniformswholesale.com\/es\/producto\/conjunto-medico-jogger-elastico-premium-para-mujer-style-3103set\/#breadcrumb","itemListElement":[{"@type":"ListItem","position":1,"name":"Home","item":"https:\/\/nuniformswholesale.com\/es\/"},{"@type":"ListItem","position":2,"name":"Our Products","item":"https:\/\/nuniformswholesale.com\/our-products\/"},{"@type":"ListItem","position":3,"name":"CONJUNTO M\u00c9DICO PREMIUM EL\u00c1STICO TIPO JOGGER PARA MUJER (MODELO N.\u00ba 3103SET)"}]},{"@type":"WebSite","@id":"https:\/\/nuniformswholesale.com\/es\/#website","url":"https:\/\/nuniformswholesale.com\/es\/","name":"Natural Uniforms","description":"Natural Uniforms - Every Day Uniforms","publisher":{"@id":"https:\/\/nuniformswholesale.com\/es\/#organization"},"alternateName":"Natural Uniforms","potentialAction":[{"@type":"SearchAction","target":{"@type":"EntryPoint","urlTemplate":"https:\/\/nuniformswholesale.com\/es\/?s={search_term_string}"},"query-input":{"@type":"PropertyValueSpecification","valueRequired":true,"valueName":"search_term_string"}}],"inLanguage":"es"},{"@type":"Organization","@id":"https:\/\/nuniformswholesale.com\/es\/#organization","name":"Natural Uniforms","url":"https:\/\/nuniformswholesale.com\/es\/","logo":{"@type":"ImageObject","inLanguage":"es","@id":"https:\/\/nuniformswholesale.com\/es\/#\/schema\/logo\/image\/","url":"https:\/\/nuniformswholesale.com\/wp-content\/uploads\/2025\/08\/dsBuffer.bmp-2-1024x295-1-Photoroom.png","contentUrl":"https:\/\/nuniformswholesale.com\/wp-content\/uploads\/2025\/08\/dsBuffer.bmp-2-1024x295-1-Photoroom.png","width":296,"height":85,"caption":"Natural Uniforms"},"image":{"@id":"https:\/\/nuniformswholesale.com\/es\/#\/schema\/logo\/image\/"}}]}},"_links":{"self":[{"href":"https:\/\/nuniformswholesale.com\/es\/wp-json\/wp\/v2\/product\/62229","targetHints":{"allow":["GET"]}}],"collection":[{"href":"https:\/\/nuniformswholesale.com\/es\/wp-json\/wp\/v2\/product"}],"about":[{"href":"https:\/\/nuniformswholesale.com\/es\/wp-json\/wp\/v2\/types\/product"}],"replies":[{"embeddable":true,"href":"https:\/\/nuniformswholesale.com\/es\/wp-json\/wp\/v2\/comments?post=62229"}],"wp:featuredmedia":[{"embeddable":true,"href":"https:\/\/nuniformswholesale.com\/es\/wp-json\/wp\/v2\/media\/62312"}],"wp:attachment":[{"href":"https:\/\/nuniformswholesale.com\/es\/wp-json\/wp\/v2\/media?parent=62229"}],"wp:term":[{"taxonomy":"product_brand","embeddable":true,"href":"https:\/\/nuniformswholesale.com\/es\/wp-json\/wp\/v2\/product_brand?post=62229"},{"taxonomy":"product_cat","embeddable":true,"href":"https:\/\/nuniformswholesale.com\/es\/wp-json\/wp\/v2\/product_cat?post=62229"},{"taxonomy":"product_tag","embeddable":true,"href":"https:\/\/nuniformswholesale.com\/es\/wp-json\/wp\/v2\/product_tag?post=62229"}],"curies":[{"name":"wp","href":"https:\/\/api.w.org\/{rel}","templated":true}]}}