{"id":63894,"date":"2025-05-08T11:07:49","date_gmt":"2025-05-08T19:07:49","guid":{"rendered":"https:\/\/nuniforms.provisdemo.com\/product\/camiseta-de-manga-corta-y-cuello-redondo-para-mujer-bajo-el-uniforme-modelo-no-7167\/"},"modified":"2026-02-21T01:55:36","modified_gmt":"2026-02-21T09:55:36","slug":"camiseta-de-manga-corta-y-cuello-redondo-para-mujer-bajo-el-uniforme-modelo-no-7167","status":"publish","type":"product","link":"https:\/\/nuniformswholesale.com\/es\/producto\/camiseta-de-manga-corta-y-cuello-redondo-para-mujer-bajo-el-uniforme-modelo-no-7167\/","title":{"rendered":"CAMISETA DE MANGA CORTA Y CUELLO REDONDO PARA MUJER BAJO EL UNIFORME (MODELO N\u00ba 7167)"},"content":{"rendered":"<p><strong data-start=\"143\" data-end=\"164\">Resumen del producto:<\/strong><\/p>\n<p><strong data-start=\"166\" data-end=\"176\">Estilo:<\/strong><\/p>\n<ul data-start=\"179\" data-end=\"257\">\n<li data-start=\"179\" data-end=\"218\"><strong data-start=\"181\" data-end=\"216\">Camiseta de manga corta y cuello redondo<\/strong><\/li>\n<\/ul>\n<p><strong data-start=\"259\" data-end=\"274\">Ajuste y tacto:<\/strong><\/p>\n<ul data-start=\"277\" data-end=\"370\">\n<li data-start=\"277\" data-end=\"295\"><strong data-start=\"279\" data-end=\"293\">Ajuste moderno<\/strong><\/li>\n<li data-start=\"296\" data-end=\"335\"><strong data-start=\"298\" data-end=\"333\">Excepcionalmente suave y el\u00e1stico<\/strong><\/li>\n<li data-start=\"336\" data-end=\"370\"><strong data-start=\"338\" data-end=\"370\">Se puede llevar solo o en capas<\/strong><\/li>\n<\/ul>\n<p><strong data-start=\"372\" data-end=\"395\">Composici\u00f3n de la tela:<\/strong><\/p>\n<ul data-start=\"398\" data-end=\"580\">\n<li data-start=\"398\" data-end=\"453\"><strong data-start=\"400\" data-end=\"414\">57% Algod\u00f3n<\/strong> &#8211; transpirable, suave y de tacto natural<\/li>\n<li data-start=\"454\" data-end=\"516\"><strong data-start=\"456\" data-end=\"473\">38% Poli\u00e9ster<\/strong> &#8211; a\u00f1ade durabilidad y resistencia a las arrugas<\/li>\n<li data-start=\"517\" data-end=\"580\"><strong data-start=\"519\" data-end=\"533\">5% Spandex<\/strong> &#8211; proporciona elasticidad para mayor comodidad y flexibilidad<\/li>\n<\/ul>\n<p><strong data-start=\"582\" data-end=\"599\">Caracter\u00edsticas Clave:<\/strong><\/p>\n<ul data-start=\"602\" data-end=\"718\">\n<li data-start=\"602\" data-end=\"629\">Construcci\u00f3n transpirable<\/li>\n<li data-start=\"630\" data-end=\"649\">Confort durante todo el d\u00eda<\/li>\n<li data-start=\"650\" data-end=\"718\">Vers\u00e1til: ideal para uso informal, looks diarios o entrenamientos<\/li>\n<\/ul>\n","protected":false},"excerpt":{"rendered":"<p>Resumen del producto: Estilo: Camiseta de manga corta y cuello redondo Ajuste y tacto: Ajuste moderno Excepcionalmente suave y el\u00e1stico Se puede llevar solo o en capas Composici\u00f3n de la tela: 57% Algod\u00f3n &#8211; transpirable, suave y de tacto natural 38% Poli\u00e9ster &#8211; a\u00f1ade durabilidad y resistencia a las arrugas 5% Spandex &#8211; proporciona elasticidad [&hellip;]<\/p>\n","protected":false},"featured_media":64138,"comment_status":"open","ping_status":"closed","template":"","meta":[],"product_brand":[349],"product_cat":[298,546,309],"product_tag":[549,561,562,443],"class_list":{"0":"post-63894","1":"product","2":"type-product","3":"status-publish","4":"has-post-thumbnail","6":"product_brand-uniformes-naturales","7":"product_cat-mujer","8":"product_cat-mujer-camisetas-prendas-interiores-sanitarias","9":"product_cat-under-scrubs-casual","10":"product_tag-camiseta-interior-sanitaria","11":"product_tag-cuello-redondo","12":"product_tag-manga-corta","13":"product_tag-top-medico","14":"pa_color-agua","15":"pa_color-agua-azul","16":"pa_color-amarilla","17":"pa_color-azul-marino-verdadero","18":"pa_color-azul-real-verdadero","19":"pa_color-black","20":"pa_color-blanca","21":"pa_color-borgona","22":"pa_color-carbon","23":"pa_color-carbon-de-brezo","24":"pa_color-desnuda","25":"pa_color-gris","26":"pa_color-gris-brezo","27":"pa_color-lavanda","28":"pa_color-naranja","29":"pa_color-negra","30":"pa_color-purpura","31":"pa_color-red","32":"pa_color-roja","33":"pa_color-rosa","34":"pa_color-rosa-fuerte","35":"pa_color-rosa-neon","36":"pa_color-techo-azul","37":"pa_color-verde","38":"pa_color-verde-azulado","39":"pa_color-verde-cazador-verde","40":"pa_color-verde-claro","41":"pa_color-verde-lima","42":"pa_color-white","43":"pa_size-2x","44":"pa_size-3x","45":"pa_size-l","46":"pa_size-m","47":"pa_size-s","48":"pa_size-xl","49":"pa_size-xs","50":"pa_size-xxs","52":"first","53":"instock","54":"purchasable","55":"product-type-variable"},"yoast_head":"<!-- This site is optimized with the Yoast SEO plugin v27.4 - https:\/\/yoast.com\/product\/yoast-seo-wordpress\/ -->\n<title>CAMISETA DE MANGA CORTA Y CUELLO REDONDO PARA MUJER BAJO EL UNIFORME (MODELO N\u00ba 7167) - Natural Uniforms Wholesale<\/title>\n<meta name=\"robots\" content=\"index, follow, max-snippet:-1, max-image-preview:large, max-video-preview:-1\" \/>\n<link rel=\"canonical\" href=\"https:\/\/nuniformswholesale.com\/es\/producto\/camiseta-de-manga-corta-y-cuello-redondo-para-mujer-bajo-el-uniforme-modelo-no-7167\/\" \/>\n<meta property=\"og:locale\" content=\"es_ES\" \/>\n<meta property=\"og:type\" content=\"article\" \/>\n<meta property=\"og:title\" content=\"CAMISETA DE MANGA CORTA Y CUELLO REDONDO PARA MUJER BAJO EL UNIFORME (MODELO N\u00ba 7167) - Natural Uniforms Wholesale\" \/>\n<meta property=\"og:description\" content=\"Resumen del producto: Estilo: Camiseta de manga corta y cuello redondo Ajuste y tacto: Ajuste moderno Excepcionalmente suave y el\u00e1stico Se puede llevar solo o en capas Composici\u00f3n de la tela: 57% Algod\u00f3n &#8211; transpirable, suave y de tacto natural 38% Poli\u00e9ster &#8211; a\u00f1ade durabilidad y resistencia a las arrugas 5% Spandex &#8211; proporciona elasticidad [&hellip;]\" \/>\n<meta property=\"og:url\" content=\"https:\/\/nuniformswholesale.com\/es\/producto\/camiseta-de-manga-corta-y-cuello-redondo-para-mujer-bajo-el-uniforme-modelo-no-7167\/\" \/>\n<meta property=\"og:site_name\" content=\"Natural Uniforms Wholesale\" \/>\n<meta property=\"article:modified_time\" content=\"2026-02-21T09:55:36+00:00\" \/>\n<meta property=\"og:image\" content=\"https:\/\/nuniformswholesale.com\/wp-content\/uploads\/2025\/05\/7167_T-shirt_front1_woman_Charcoal.jpg\" \/>\n\t<meta property=\"og:image:width\" content=\"800\" \/>\n\t<meta property=\"og:image:height\" content=\"800\" \/>\n\t<meta property=\"og:image:type\" content=\"image\/jpeg\" \/>\n<meta name=\"twitter:card\" content=\"summary_large_image\" \/>\n<script type=\"application\/ld+json\" class=\"yoast-schema-graph\">{\"@context\":\"https:\\\/\\\/schema.org\",\"@graph\":[{\"@type\":\"WebPage\",\"@id\":\"https:\\\/\\\/nuniformswholesale.com\\\/es\\\/producto\\\/camiseta-de-manga-corta-y-cuello-redondo-para-mujer-bajo-el-uniforme-modelo-no-7167\\\/\",\"url\":\"https:\\\/\\\/nuniformswholesale.com\\\/es\\\/producto\\\/camiseta-de-manga-corta-y-cuello-redondo-para-mujer-bajo-el-uniforme-modelo-no-7167\\\/\",\"name\":\"CAMISETA DE MANGA CORTA Y CUELLO REDONDO PARA MUJER BAJO EL UNIFORME (MODELO N\u00ba 7167) - Natural Uniforms Wholesale\",\"isPartOf\":{\"@id\":\"https:\\\/\\\/nuniformswholesale.com\\\/es\\\/#website\"},\"primaryImageOfPage\":{\"@id\":\"https:\\\/\\\/nuniformswholesale.com\\\/es\\\/producto\\\/camiseta-de-manga-corta-y-cuello-redondo-para-mujer-bajo-el-uniforme-modelo-no-7167\\\/#primaryimage\"},\"image\":{\"@id\":\"https:\\\/\\\/nuniformswholesale.com\\\/es\\\/producto\\\/camiseta-de-manga-corta-y-cuello-redondo-para-mujer-bajo-el-uniforme-modelo-no-7167\\\/#primaryimage\"},\"thumbnailUrl\":\"https:\\\/\\\/nuniformswholesale.com\\\/wp-content\\\/uploads\\\/2025\\\/05\\\/7167_T-shirt_front1_woman_Charcoal.jpg\",\"datePublished\":\"2025-05-08T19:07:49+00:00\",\"dateModified\":\"2026-02-21T09:55:36+00:00\",\"breadcrumb\":{\"@id\":\"https:\\\/\\\/nuniformswholesale.com\\\/es\\\/producto\\\/camiseta-de-manga-corta-y-cuello-redondo-para-mujer-bajo-el-uniforme-modelo-no-7167\\\/#breadcrumb\"},\"inLanguage\":\"es\",\"potentialAction\":[{\"@type\":\"ReadAction\",\"target\":[\"https:\\\/\\\/nuniformswholesale.com\\\/es\\\/producto\\\/camiseta-de-manga-corta-y-cuello-redondo-para-mujer-bajo-el-uniforme-modelo-no-7167\\\/\"]}]},{\"@type\":\"ImageObject\",\"inLanguage\":\"es\",\"@id\":\"https:\\\/\\\/nuniformswholesale.com\\\/es\\\/producto\\\/camiseta-de-manga-corta-y-cuello-redondo-para-mujer-bajo-el-uniforme-modelo-no-7167\\\/#primaryimage\",\"url\":\"https:\\\/\\\/nuniformswholesale.com\\\/wp-content\\\/uploads\\\/2025\\\/05\\\/7167_T-shirt_front1_woman_Charcoal.jpg\",\"contentUrl\":\"https:\\\/\\\/nuniformswholesale.com\\\/wp-content\\\/uploads\\\/2025\\\/05\\\/7167_T-shirt_front1_woman_Charcoal.jpg\",\"width\":800,\"height\":800},{\"@type\":\"BreadcrumbList\",\"@id\":\"https:\\\/\\\/nuniformswholesale.com\\\/es\\\/producto\\\/camiseta-de-manga-corta-y-cuello-redondo-para-mujer-bajo-el-uniforme-modelo-no-7167\\\/#breadcrumb\",\"itemListElement\":[{\"@type\":\"ListItem\",\"position\":1,\"name\":\"Home\",\"item\":\"https:\\\/\\\/nuniformswholesale.com\\\/es\\\/\"},{\"@type\":\"ListItem\",\"position\":2,\"name\":\"Our Products\",\"item\":\"https:\\\/\\\/nuniformswholesale.com\\\/our-products\\\/\"},{\"@type\":\"ListItem\",\"position\":3,\"name\":\"CAMISETA DE MANGA CORTA Y CUELLO REDONDO PARA MUJER BAJO EL UNIFORME (MODELO N\u00ba 7167)\"}]},{\"@type\":\"WebSite\",\"@id\":\"https:\\\/\\\/nuniformswholesale.com\\\/es\\\/#website\",\"url\":\"https:\\\/\\\/nuniformswholesale.com\\\/es\\\/\",\"name\":\"Natural Uniforms\",\"description\":\"Natural Uniforms - Every Day Uniforms\",\"publisher\":{\"@id\":\"https:\\\/\\\/nuniformswholesale.com\\\/es\\\/#organization\"},\"alternateName\":\"Natural Uniforms\",\"potentialAction\":[{\"@type\":\"SearchAction\",\"target\":{\"@type\":\"EntryPoint\",\"urlTemplate\":\"https:\\\/\\\/nuniformswholesale.com\\\/es\\\/?s={search_term_string}\"},\"query-input\":{\"@type\":\"PropertyValueSpecification\",\"valueRequired\":true,\"valueName\":\"search_term_string\"}}],\"inLanguage\":\"es\"},{\"@type\":\"Organization\",\"@id\":\"https:\\\/\\\/nuniformswholesale.com\\\/es\\\/#organization\",\"name\":\"Natural Uniforms\",\"url\":\"https:\\\/\\\/nuniformswholesale.com\\\/es\\\/\",\"logo\":{\"@type\":\"ImageObject\",\"inLanguage\":\"es\",\"@id\":\"https:\\\/\\\/nuniformswholesale.com\\\/es\\\/#\\\/schema\\\/logo\\\/image\\\/\",\"url\":\"https:\\\/\\\/nuniformswholesale.com\\\/wp-content\\\/uploads\\\/2025\\\/08\\\/dsBuffer.bmp-2-1024x295-1-Photoroom.png\",\"contentUrl\":\"https:\\\/\\\/nuniformswholesale.com\\\/wp-content\\\/uploads\\\/2025\\\/08\\\/dsBuffer.bmp-2-1024x295-1-Photoroom.png\",\"width\":296,\"height\":85,\"caption\":\"Natural Uniforms\"},\"image\":{\"@id\":\"https:\\\/\\\/nuniformswholesale.com\\\/es\\\/#\\\/schema\\\/logo\\\/image\\\/\"}}]}<\/script>\n<!-- \/ Yoast SEO plugin. -->","yoast_head_json":{"title":"CAMISETA DE MANGA CORTA Y CUELLO REDONDO PARA MUJER BAJO EL UNIFORME (MODELO N\u00ba 7167) - Natural Uniforms Wholesale","robots":{"index":"index","follow":"follow","max-snippet":"max-snippet:-1","max-image-preview":"max-image-preview:large","max-video-preview":"max-video-preview:-1"},"canonical":"https:\/\/nuniformswholesale.com\/es\/producto\/camiseta-de-manga-corta-y-cuello-redondo-para-mujer-bajo-el-uniforme-modelo-no-7167\/","og_locale":"es_ES","og_type":"article","og_title":"CAMISETA DE MANGA CORTA Y CUELLO REDONDO PARA MUJER BAJO EL UNIFORME (MODELO N\u00ba 7167) - Natural Uniforms Wholesale","og_description":"Resumen del producto: Estilo: Camiseta de manga corta y cuello redondo Ajuste y tacto: Ajuste moderno Excepcionalmente suave y el\u00e1stico Se puede llevar solo o en capas Composici\u00f3n de la tela: 57% Algod\u00f3n &#8211; transpirable, suave y de tacto natural 38% Poli\u00e9ster &#8211; a\u00f1ade durabilidad y resistencia a las arrugas 5% Spandex &#8211; proporciona elasticidad [&hellip;]","og_url":"https:\/\/nuniformswholesale.com\/es\/producto\/camiseta-de-manga-corta-y-cuello-redondo-para-mujer-bajo-el-uniforme-modelo-no-7167\/","og_site_name":"Natural Uniforms Wholesale","article_modified_time":"2026-02-21T09:55:36+00:00","og_image":[{"width":800,"height":800,"url":"https:\/\/nuniformswholesale.com\/wp-content\/uploads\/2025\/05\/7167_T-shirt_front1_woman_Charcoal.jpg","type":"image\/jpeg"}],"twitter_card":"summary_large_image","schema":{"@context":"https:\/\/schema.org","@graph":[{"@type":"WebPage","@id":"https:\/\/nuniformswholesale.com\/es\/producto\/camiseta-de-manga-corta-y-cuello-redondo-para-mujer-bajo-el-uniforme-modelo-no-7167\/","url":"https:\/\/nuniformswholesale.com\/es\/producto\/camiseta-de-manga-corta-y-cuello-redondo-para-mujer-bajo-el-uniforme-modelo-no-7167\/","name":"CAMISETA DE MANGA CORTA Y CUELLO REDONDO PARA MUJER BAJO EL UNIFORME (MODELO N\u00ba 7167) - Natural Uniforms Wholesale","isPartOf":{"@id":"https:\/\/nuniformswholesale.com\/es\/#website"},"primaryImageOfPage":{"@id":"https:\/\/nuniformswholesale.com\/es\/producto\/camiseta-de-manga-corta-y-cuello-redondo-para-mujer-bajo-el-uniforme-modelo-no-7167\/#primaryimage"},"image":{"@id":"https:\/\/nuniformswholesale.com\/es\/producto\/camiseta-de-manga-corta-y-cuello-redondo-para-mujer-bajo-el-uniforme-modelo-no-7167\/#primaryimage"},"thumbnailUrl":"https:\/\/nuniformswholesale.com\/wp-content\/uploads\/2025\/05\/7167_T-shirt_front1_woman_Charcoal.jpg","datePublished":"2025-05-08T19:07:49+00:00","dateModified":"2026-02-21T09:55:36+00:00","breadcrumb":{"@id":"https:\/\/nuniformswholesale.com\/es\/producto\/camiseta-de-manga-corta-y-cuello-redondo-para-mujer-bajo-el-uniforme-modelo-no-7167\/#breadcrumb"},"inLanguage":"es","potentialAction":[{"@type":"ReadAction","target":["https:\/\/nuniformswholesale.com\/es\/producto\/camiseta-de-manga-corta-y-cuello-redondo-para-mujer-bajo-el-uniforme-modelo-no-7167\/"]}]},{"@type":"ImageObject","inLanguage":"es","@id":"https:\/\/nuniformswholesale.com\/es\/producto\/camiseta-de-manga-corta-y-cuello-redondo-para-mujer-bajo-el-uniforme-modelo-no-7167\/#primaryimage","url":"https:\/\/nuniformswholesale.com\/wp-content\/uploads\/2025\/05\/7167_T-shirt_front1_woman_Charcoal.jpg","contentUrl":"https:\/\/nuniformswholesale.com\/wp-content\/uploads\/2025\/05\/7167_T-shirt_front1_woman_Charcoal.jpg","width":800,"height":800},{"@type":"BreadcrumbList","@id":"https:\/\/nuniformswholesale.com\/es\/producto\/camiseta-de-manga-corta-y-cuello-redondo-para-mujer-bajo-el-uniforme-modelo-no-7167\/#breadcrumb","itemListElement":[{"@type":"ListItem","position":1,"name":"Home","item":"https:\/\/nuniformswholesale.com\/es\/"},{"@type":"ListItem","position":2,"name":"Our Products","item":"https:\/\/nuniformswholesale.com\/our-products\/"},{"@type":"ListItem","position":3,"name":"CAMISETA DE MANGA CORTA Y CUELLO REDONDO PARA MUJER BAJO EL UNIFORME (MODELO N\u00ba 7167)"}]},{"@type":"WebSite","@id":"https:\/\/nuniformswholesale.com\/es\/#website","url":"https:\/\/nuniformswholesale.com\/es\/","name":"Natural Uniforms","description":"Natural Uniforms - Every Day Uniforms","publisher":{"@id":"https:\/\/nuniformswholesale.com\/es\/#organization"},"alternateName":"Natural Uniforms","potentialAction":[{"@type":"SearchAction","target":{"@type":"EntryPoint","urlTemplate":"https:\/\/nuniformswholesale.com\/es\/?s={search_term_string}"},"query-input":{"@type":"PropertyValueSpecification","valueRequired":true,"valueName":"search_term_string"}}],"inLanguage":"es"},{"@type":"Organization","@id":"https:\/\/nuniformswholesale.com\/es\/#organization","name":"Natural Uniforms","url":"https:\/\/nuniformswholesale.com\/es\/","logo":{"@type":"ImageObject","inLanguage":"es","@id":"https:\/\/nuniformswholesale.com\/es\/#\/schema\/logo\/image\/","url":"https:\/\/nuniformswholesale.com\/wp-content\/uploads\/2025\/08\/dsBuffer.bmp-2-1024x295-1-Photoroom.png","contentUrl":"https:\/\/nuniformswholesale.com\/wp-content\/uploads\/2025\/08\/dsBuffer.bmp-2-1024x295-1-Photoroom.png","width":296,"height":85,"caption":"Natural Uniforms"},"image":{"@id":"https:\/\/nuniformswholesale.com\/es\/#\/schema\/logo\/image\/"}}]}},"_links":{"self":[{"href":"https:\/\/nuniformswholesale.com\/es\/wp-json\/wp\/v2\/product\/63894","targetHints":{"allow":["GET"]}}],"collection":[{"href":"https:\/\/nuniformswholesale.com\/es\/wp-json\/wp\/v2\/product"}],"about":[{"href":"https:\/\/nuniformswholesale.com\/es\/wp-json\/wp\/v2\/types\/product"}],"replies":[{"embeddable":true,"href":"https:\/\/nuniformswholesale.com\/es\/wp-json\/wp\/v2\/comments?post=63894"}],"wp:featuredmedia":[{"embeddable":true,"href":"https:\/\/nuniformswholesale.com\/es\/wp-json\/wp\/v2\/media\/64138"}],"wp:attachment":[{"href":"https:\/\/nuniformswholesale.com\/es\/wp-json\/wp\/v2\/media?parent=63894"}],"wp:term":[{"taxonomy":"product_brand","embeddable":true,"href":"https:\/\/nuniformswholesale.com\/es\/wp-json\/wp\/v2\/product_brand?post=63894"},{"taxonomy":"product_cat","embeddable":true,"href":"https:\/\/nuniformswholesale.com\/es\/wp-json\/wp\/v2\/product_cat?post=63894"},{"taxonomy":"product_tag","embeddable":true,"href":"https:\/\/nuniformswholesale.com\/es\/wp-json\/wp\/v2\/product_tag?post=63894"}],"curies":[{"name":"wp","href":"https:\/\/api.w.org\/{rel}","templated":true}]}}