{"id":64626,"date":"2025-05-06T13:11:53","date_gmt":"2025-05-06T21:11:53","guid":{"rendered":"https:\/\/nuniforms.provisdemo.com\/product\/conjunto-medico-cargo-premium-essential-para-mujer-modelo-no-3102set\/"},"modified":"2026-04-14T00:48:45","modified_gmt":"2026-04-14T08:48:45","slug":"conjunto-medico-cargo-premium-essential-para-mujer-modelo-no-3102set","status":"publish","type":"product","link":"https:\/\/nuniformswholesale.com\/es\/producto\/conjunto-medico-cargo-premium-essential-para-mujer-modelo-no-3102set\/","title":{"rendered":"CONJUNTO M\u00c9DICO CARGO PREMIUM ESSENTIAL PARA MUJER (MODELO N\u00ba 3102SET)"},"content":{"rendered":"<p><strong>Aspectos destacados del producto:<\/strong><\/p>\n<p><strong data-start=\"205\" data-end=\"246\">Disponible en tallas Petite y Regular<\/strong><br data-start=\"246\" data-end=\"249\" \/>Por fin, un conjunto m\u00e9dico que se adapta a cada tipo de cuerpo. Consulta nuestra detallada tabla de tallas para encontrar tu ajuste perfecto.<\/p>\n<p><strong data-start=\"357\" data-end=\"383\">Tejido el\u00e1stico de primera calidad<\/strong><br data-start=\"383\" data-end=\"386\" \/>Fabricado con una mezcla de alta calidad de 93% poli\u00e9ster y 7% elastano, este conjunto ofrece durabilidad, flexibilidad y comodidad durante todo el d\u00eda para los profesionales ocupados.<\/p>\n<p><strong data-start=\"536\" data-end=\"560\">Top funcional<\/strong><\/p>\n<ul data-start=\"563\" data-end=\"666\">\n<li data-start=\"563\" data-end=\"602\">4 pr\u00e1cticos bolsillos para lo esencial<\/li>\n<li data-start=\"603\" data-end=\"626\">Pr\u00e1ctico bucle para tarjeta de identificaci\u00f3n<\/li>\n<li data-start=\"627\" data-end=\"666\">Ligeramente afilado para un aspecto favorecedor<\/li>\n<\/ul>\n<p><strong data-start=\"668\" data-end=\"693\">Pantalones cargo vers\u00e1tiles<\/strong><\/p>\n<ul data-start=\"696\" data-end=\"846\">\n<li data-start=\"696\" data-end=\"729\">8 bolsillos para un almacenamiento m\u00e1ximo<\/li>\n<li data-start=\"730\" data-end=\"795\">Cintura el\u00e1stica con cord\u00f3n ajustable para un ajuste seguro<\/li>\n<li data-start=\"796\" data-end=\"846\">Pierna ligeramente c\u00f3nica para un ajuste moderno y relajado a la vez<\/li>\n<\/ul>\n<p><strong data-start=\"848\" data-end=\"870\">Moderno ajuste relajado<\/strong><br data-start=\"870\" data-end=\"873\" \/>Dise\u00f1ado con un estrechamiento moderado que equilibra la comodidad con el estilo contempor\u00e1neo, este conjunto m\u00e9dico es perfecto para los profesionales sanitarios que quieren tener tan buen aspecto como se sienten.<\/p>\n","protected":false},"excerpt":{"rendered":"<p>Aspectos destacados del producto: Disponible en tallas Petite y RegularPor fin, un conjunto m\u00e9dico que se adapta a cada tipo de cuerpo. Consulta nuestra detallada tabla de tallas para encontrar tu ajuste perfecto. Tejido el\u00e1stico de primera calidadFabricado con una mezcla de alta calidad de 93% poli\u00e9ster y 7% elastano, este conjunto ofrece durabilidad, flexibilidad [&hellip;]<\/p>\n","protected":false},"featured_media":64683,"comment_status":"open","ping_status":"closed","template":"","meta":[],"product_brand":[378,565],"product_cat":[712,723,307,298,304,535],"product_tag":[622,351,614,625,618,380,617,620,624,623,621,615,616,725,661,726,727],"class_list":{"0":"post-64626","1":"product","2":"type-product","3":"status-publish","4":"has-post-thumbnail","6":"product_brand-monarch","7":"product_brand-monarch-uniforms","8":"product_cat-cargo","9":"product_cat-premium-stretch","10":"product_cat-scrub-sets","11":"product_cat-mujer","12":"product_cat-new-arrivals","13":"product_cat-pijama-quirurgico","14":"product_tag-black","15":"product_tag-burgundy","16":"product_tag-caribbean-blue","17":"product_tag-ceil-blue","18":"product_tag-charcoal","19":"product_tag-coral","20":"product_tag-eggplant","21":"product_tag-heather-grey","22":"product_tag-hot-pink","23":"product_tag-jogger","24":"product_tag-lavender","25":"product_tag-navy-blue","26":"product_tag-royal-blue","27":"product_tag-scrub-set","28":"product_tag-stretch","29":"product_tag-true-hunter-green","30":"product_tag-women","31":"pa_color-aceituna","32":"pa_color-azul-caribeno","33":"pa_color-azul-marino","34":"pa_color-azul-marino-verdadero","35":"pa_color-azul-real","36":"pa_color-azul-real-verdadero","37":"pa_color-berenjena","38":"pa_color-black","39":"pa_color-borgona","40":"pa_color-burgundy","41":"pa_color-carbon","42":"pa_color-ceil-blue","43":"pa_color-charcoal","44":"pa_color-coral","45":"pa_color-gris-brezo","46":"pa_color-hot-pink","47":"pa_color-lavanda","48":"pa_color-negra","49":"pa_color-rosa-fuerte","50":"pa_color-teal","51":"pa_color-techo-azul","52":"pa_color-true-hunter-green","53":"pa_color-true-navy-blue","54":"pa_color-true-royal-blue","55":"pa_color-verde-azulado","56":"pa_color-verde-cazador-verde","57":"pa_size-2x","58":"pa_size-3x","59":"pa_size-l","60":"pa_size-l-petite","61":"pa_size-m","62":"pa_size-m-petite","63":"pa_size-s","64":"pa_size-s-petite","65":"pa_size-xl","66":"pa_size-xl-petite","67":"pa_size-xs","68":"pa_size-xs-petite","70":"first","71":"instock","72":"taxable","73":"shipping-taxable","74":"purchasable","75":"product-type-variable"},"yoast_head":"<!-- This site is optimized with the Yoast SEO plugin v27.4 - https:\/\/yoast.com\/product\/yoast-seo-wordpress\/ -->\n<title>CONJUNTO M\u00c9DICO CARGO PREMIUM ESSENTIAL PARA MUJER (MODELO N\u00ba 3102SET) - Natural Uniforms Wholesale<\/title>\n<meta name=\"robots\" content=\"index, follow, max-snippet:-1, max-image-preview:large, max-video-preview:-1\" \/>\n<link rel=\"canonical\" href=\"https:\/\/nuniformswholesale.com\/es\/producto\/conjunto-medico-cargo-premium-essential-para-mujer-modelo-no-3102set\/\" \/>\n<meta property=\"og:locale\" content=\"es_ES\" \/>\n<meta property=\"og:type\" content=\"article\" \/>\n<meta property=\"og:title\" content=\"CONJUNTO M\u00c9DICO CARGO PREMIUM ESSENTIAL PARA MUJER (MODELO N\u00ba 3102SET) - Natural Uniforms Wholesale\" \/>\n<meta property=\"og:description\" content=\"Aspectos destacados del producto: Disponible en tallas Petite y RegularPor fin, un conjunto m\u00e9dico que se adapta a cada tipo de cuerpo. Consulta nuestra detallada tabla de tallas para encontrar tu ajuste perfecto. Tejido el\u00e1stico de primera calidadFabricado con una mezcla de alta calidad de 93% poli\u00e9ster y 7% elastano, este conjunto ofrece durabilidad, flexibilidad [&hellip;]\" \/>\n<meta property=\"og:url\" content=\"https:\/\/nuniformswholesale.com\/es\/producto\/conjunto-medico-cargo-premium-essential-para-mujer-modelo-no-3102set\/\" \/>\n<meta property=\"og:site_name\" content=\"Natural Uniforms Wholesale\" \/>\n<meta property=\"article:modified_time\" content=\"2026-04-14T08:48:45+00:00\" \/>\n<meta property=\"og:image\" content=\"https:\/\/nuniformswholesale.com\/wp-content\/uploads\/2025\/12\/3102_front-view_1_woman_TLB.jpg\" \/>\n\t<meta property=\"og:image:width\" content=\"800\" \/>\n\t<meta property=\"og:image:height\" content=\"800\" \/>\n\t<meta property=\"og:image:type\" content=\"image\/jpeg\" \/>\n<meta name=\"twitter:card\" content=\"summary_large_image\" \/>\n<meta name=\"twitter:label1\" content=\"Tiempo de lectura\" \/>\n\t<meta name=\"twitter:data1\" content=\"1 minuto\" \/>\n<script type=\"application\/ld+json\" class=\"yoast-schema-graph\">{\"@context\":\"https:\\\/\\\/schema.org\",\"@graph\":[{\"@type\":\"WebPage\",\"@id\":\"https:\\\/\\\/nuniformswholesale.com\\\/es\\\/producto\\\/conjunto-medico-cargo-premium-essential-para-mujer-modelo-no-3102set\\\/\",\"url\":\"https:\\\/\\\/nuniformswholesale.com\\\/es\\\/producto\\\/conjunto-medico-cargo-premium-essential-para-mujer-modelo-no-3102set\\\/\",\"name\":\"CONJUNTO M\u00c9DICO CARGO PREMIUM ESSENTIAL PARA MUJER (MODELO N\u00ba 3102SET) - Natural Uniforms Wholesale\",\"isPartOf\":{\"@id\":\"https:\\\/\\\/nuniformswholesale.com\\\/es\\\/#website\"},\"primaryImageOfPage\":{\"@id\":\"https:\\\/\\\/nuniformswholesale.com\\\/es\\\/producto\\\/conjunto-medico-cargo-premium-essential-para-mujer-modelo-no-3102set\\\/#primaryimage\"},\"image\":{\"@id\":\"https:\\\/\\\/nuniformswholesale.com\\\/es\\\/producto\\\/conjunto-medico-cargo-premium-essential-para-mujer-modelo-no-3102set\\\/#primaryimage\"},\"thumbnailUrl\":\"https:\\\/\\\/nuniformswholesale.com\\\/wp-content\\\/uploads\\\/2025\\\/12\\\/3102_front-view_1_woman_TLB.jpg\",\"datePublished\":\"2025-05-06T21:11:53+00:00\",\"dateModified\":\"2026-04-14T08:48:45+00:00\",\"breadcrumb\":{\"@id\":\"https:\\\/\\\/nuniformswholesale.com\\\/es\\\/producto\\\/conjunto-medico-cargo-premium-essential-para-mujer-modelo-no-3102set\\\/#breadcrumb\"},\"inLanguage\":\"es\",\"potentialAction\":[{\"@type\":\"ReadAction\",\"target\":[\"https:\\\/\\\/nuniformswholesale.com\\\/es\\\/producto\\\/conjunto-medico-cargo-premium-essential-para-mujer-modelo-no-3102set\\\/\"]}]},{\"@type\":\"ImageObject\",\"inLanguage\":\"es\",\"@id\":\"https:\\\/\\\/nuniformswholesale.com\\\/es\\\/producto\\\/conjunto-medico-cargo-premium-essential-para-mujer-modelo-no-3102set\\\/#primaryimage\",\"url\":\"https:\\\/\\\/nuniformswholesale.com\\\/wp-content\\\/uploads\\\/2025\\\/12\\\/3102_front-view_1_woman_TLB.jpg\",\"contentUrl\":\"https:\\\/\\\/nuniformswholesale.com\\\/wp-content\\\/uploads\\\/2025\\\/12\\\/3102_front-view_1_woman_TLB.jpg\",\"width\":800,\"height\":800},{\"@type\":\"BreadcrumbList\",\"@id\":\"https:\\\/\\\/nuniformswholesale.com\\\/es\\\/producto\\\/conjunto-medico-cargo-premium-essential-para-mujer-modelo-no-3102set\\\/#breadcrumb\",\"itemListElement\":[{\"@type\":\"ListItem\",\"position\":1,\"name\":\"Home\",\"item\":\"https:\\\/\\\/nuniformswholesale.com\\\/es\\\/\"},{\"@type\":\"ListItem\",\"position\":2,\"name\":\"Our Products\",\"item\":\"https:\\\/\\\/nuniformswholesale.com\\\/our-products\\\/\"},{\"@type\":\"ListItem\",\"position\":3,\"name\":\"CONJUNTO M\u00c9DICO CARGO PREMIUM ESSENTIAL PARA MUJER (MODELO N\u00ba 3102SET)\"}]},{\"@type\":\"WebSite\",\"@id\":\"https:\\\/\\\/nuniformswholesale.com\\\/es\\\/#website\",\"url\":\"https:\\\/\\\/nuniformswholesale.com\\\/es\\\/\",\"name\":\"Natural Uniforms\",\"description\":\"Natural Uniforms - Every Day Uniforms\",\"publisher\":{\"@id\":\"https:\\\/\\\/nuniformswholesale.com\\\/es\\\/#organization\"},\"alternateName\":\"Natural Uniforms\",\"potentialAction\":[{\"@type\":\"SearchAction\",\"target\":{\"@type\":\"EntryPoint\",\"urlTemplate\":\"https:\\\/\\\/nuniformswholesale.com\\\/es\\\/?s={search_term_string}\"},\"query-input\":{\"@type\":\"PropertyValueSpecification\",\"valueRequired\":true,\"valueName\":\"search_term_string\"}}],\"inLanguage\":\"es\"},{\"@type\":\"Organization\",\"@id\":\"https:\\\/\\\/nuniformswholesale.com\\\/es\\\/#organization\",\"name\":\"Natural Uniforms\",\"url\":\"https:\\\/\\\/nuniformswholesale.com\\\/es\\\/\",\"logo\":{\"@type\":\"ImageObject\",\"inLanguage\":\"es\",\"@id\":\"https:\\\/\\\/nuniformswholesale.com\\\/es\\\/#\\\/schema\\\/logo\\\/image\\\/\",\"url\":\"https:\\\/\\\/nuniformswholesale.com\\\/wp-content\\\/uploads\\\/2025\\\/08\\\/dsBuffer.bmp-2-1024x295-1-Photoroom.png\",\"contentUrl\":\"https:\\\/\\\/nuniformswholesale.com\\\/wp-content\\\/uploads\\\/2025\\\/08\\\/dsBuffer.bmp-2-1024x295-1-Photoroom.png\",\"width\":296,\"height\":85,\"caption\":\"Natural Uniforms\"},\"image\":{\"@id\":\"https:\\\/\\\/nuniformswholesale.com\\\/es\\\/#\\\/schema\\\/logo\\\/image\\\/\"}}]}<\/script>\n<!-- \/ Yoast SEO plugin. -->","yoast_head_json":{"title":"CONJUNTO M\u00c9DICO CARGO PREMIUM ESSENTIAL PARA MUJER (MODELO N\u00ba 3102SET) - Natural Uniforms Wholesale","robots":{"index":"index","follow":"follow","max-snippet":"max-snippet:-1","max-image-preview":"max-image-preview:large","max-video-preview":"max-video-preview:-1"},"canonical":"https:\/\/nuniformswholesale.com\/es\/producto\/conjunto-medico-cargo-premium-essential-para-mujer-modelo-no-3102set\/","og_locale":"es_ES","og_type":"article","og_title":"CONJUNTO M\u00c9DICO CARGO PREMIUM ESSENTIAL PARA MUJER (MODELO N\u00ba 3102SET) - Natural Uniforms Wholesale","og_description":"Aspectos destacados del producto: Disponible en tallas Petite y RegularPor fin, un conjunto m\u00e9dico que se adapta a cada tipo de cuerpo. Consulta nuestra detallada tabla de tallas para encontrar tu ajuste perfecto. Tejido el\u00e1stico de primera calidadFabricado con una mezcla de alta calidad de 93% poli\u00e9ster y 7% elastano, este conjunto ofrece durabilidad, flexibilidad [&hellip;]","og_url":"https:\/\/nuniformswholesale.com\/es\/producto\/conjunto-medico-cargo-premium-essential-para-mujer-modelo-no-3102set\/","og_site_name":"Natural Uniforms Wholesale","article_modified_time":"2026-04-14T08:48:45+00:00","og_image":[{"width":800,"height":800,"url":"https:\/\/nuniformswholesale.com\/wp-content\/uploads\/2025\/12\/3102_front-view_1_woman_TLB.jpg","type":"image\/jpeg"}],"twitter_card":"summary_large_image","twitter_misc":{"Tiempo de lectura":"1 minuto"},"schema":{"@context":"https:\/\/schema.org","@graph":[{"@type":"WebPage","@id":"https:\/\/nuniformswholesale.com\/es\/producto\/conjunto-medico-cargo-premium-essential-para-mujer-modelo-no-3102set\/","url":"https:\/\/nuniformswholesale.com\/es\/producto\/conjunto-medico-cargo-premium-essential-para-mujer-modelo-no-3102set\/","name":"CONJUNTO M\u00c9DICO CARGO PREMIUM ESSENTIAL PARA MUJER (MODELO N\u00ba 3102SET) - Natural Uniforms Wholesale","isPartOf":{"@id":"https:\/\/nuniformswholesale.com\/es\/#website"},"primaryImageOfPage":{"@id":"https:\/\/nuniformswholesale.com\/es\/producto\/conjunto-medico-cargo-premium-essential-para-mujer-modelo-no-3102set\/#primaryimage"},"image":{"@id":"https:\/\/nuniformswholesale.com\/es\/producto\/conjunto-medico-cargo-premium-essential-para-mujer-modelo-no-3102set\/#primaryimage"},"thumbnailUrl":"https:\/\/nuniformswholesale.com\/wp-content\/uploads\/2025\/12\/3102_front-view_1_woman_TLB.jpg","datePublished":"2025-05-06T21:11:53+00:00","dateModified":"2026-04-14T08:48:45+00:00","breadcrumb":{"@id":"https:\/\/nuniformswholesale.com\/es\/producto\/conjunto-medico-cargo-premium-essential-para-mujer-modelo-no-3102set\/#breadcrumb"},"inLanguage":"es","potentialAction":[{"@type":"ReadAction","target":["https:\/\/nuniformswholesale.com\/es\/producto\/conjunto-medico-cargo-premium-essential-para-mujer-modelo-no-3102set\/"]}]},{"@type":"ImageObject","inLanguage":"es","@id":"https:\/\/nuniformswholesale.com\/es\/producto\/conjunto-medico-cargo-premium-essential-para-mujer-modelo-no-3102set\/#primaryimage","url":"https:\/\/nuniformswholesale.com\/wp-content\/uploads\/2025\/12\/3102_front-view_1_woman_TLB.jpg","contentUrl":"https:\/\/nuniformswholesale.com\/wp-content\/uploads\/2025\/12\/3102_front-view_1_woman_TLB.jpg","width":800,"height":800},{"@type":"BreadcrumbList","@id":"https:\/\/nuniformswholesale.com\/es\/producto\/conjunto-medico-cargo-premium-essential-para-mujer-modelo-no-3102set\/#breadcrumb","itemListElement":[{"@type":"ListItem","position":1,"name":"Home","item":"https:\/\/nuniformswholesale.com\/es\/"},{"@type":"ListItem","position":2,"name":"Our Products","item":"https:\/\/nuniformswholesale.com\/our-products\/"},{"@type":"ListItem","position":3,"name":"CONJUNTO M\u00c9DICO CARGO PREMIUM ESSENTIAL PARA MUJER (MODELO N\u00ba 3102SET)"}]},{"@type":"WebSite","@id":"https:\/\/nuniformswholesale.com\/es\/#website","url":"https:\/\/nuniformswholesale.com\/es\/","name":"Natural Uniforms","description":"Natural Uniforms - Every Day Uniforms","publisher":{"@id":"https:\/\/nuniformswholesale.com\/es\/#organization"},"alternateName":"Natural Uniforms","potentialAction":[{"@type":"SearchAction","target":{"@type":"EntryPoint","urlTemplate":"https:\/\/nuniformswholesale.com\/es\/?s={search_term_string}"},"query-input":{"@type":"PropertyValueSpecification","valueRequired":true,"valueName":"search_term_string"}}],"inLanguage":"es"},{"@type":"Organization","@id":"https:\/\/nuniformswholesale.com\/es\/#organization","name":"Natural Uniforms","url":"https:\/\/nuniformswholesale.com\/es\/","logo":{"@type":"ImageObject","inLanguage":"es","@id":"https:\/\/nuniformswholesale.com\/es\/#\/schema\/logo\/image\/","url":"https:\/\/nuniformswholesale.com\/wp-content\/uploads\/2025\/08\/dsBuffer.bmp-2-1024x295-1-Photoroom.png","contentUrl":"https:\/\/nuniformswholesale.com\/wp-content\/uploads\/2025\/08\/dsBuffer.bmp-2-1024x295-1-Photoroom.png","width":296,"height":85,"caption":"Natural Uniforms"},"image":{"@id":"https:\/\/nuniformswholesale.com\/es\/#\/schema\/logo\/image\/"}}]}},"_links":{"self":[{"href":"https:\/\/nuniformswholesale.com\/es\/wp-json\/wp\/v2\/product\/64626","targetHints":{"allow":["GET"]}}],"collection":[{"href":"https:\/\/nuniformswholesale.com\/es\/wp-json\/wp\/v2\/product"}],"about":[{"href":"https:\/\/nuniformswholesale.com\/es\/wp-json\/wp\/v2\/types\/product"}],"replies":[{"embeddable":true,"href":"https:\/\/nuniformswholesale.com\/es\/wp-json\/wp\/v2\/comments?post=64626"}],"wp:featuredmedia":[{"embeddable":true,"href":"https:\/\/nuniformswholesale.com\/es\/wp-json\/wp\/v2\/media\/64683"}],"wp:attachment":[{"href":"https:\/\/nuniformswholesale.com\/es\/wp-json\/wp\/v2\/media?parent=64626"}],"wp:term":[{"taxonomy":"product_brand","embeddable":true,"href":"https:\/\/nuniformswholesale.com\/es\/wp-json\/wp\/v2\/product_brand?post=64626"},{"taxonomy":"product_cat","embeddable":true,"href":"https:\/\/nuniformswholesale.com\/es\/wp-json\/wp\/v2\/product_cat?post=64626"},{"taxonomy":"product_tag","embeddable":true,"href":"https:\/\/nuniformswholesale.com\/es\/wp-json\/wp\/v2\/product_tag?post=64626"}],"curies":[{"name":"wp","href":"https:\/\/api.w.org\/{rel}","templated":true}]}}