{"id":65744,"date":"2025-05-07T11:40:59","date_gmt":"2025-05-07T19:40:59","guid":{"rendered":"https:\/\/nuniforms.provisdemo.com\/product\/sujetador-deportivo-largo-sin-aros-y-acolchado-de-soporte-medio-para-mujer-estilo-n-6150\/"},"modified":"2026-02-21T01:55:15","modified_gmt":"2026-02-21T09:55:15","slug":"sujetador-deportivo-largo-sin-aros-y-acolchado-de-soporte-medio-para-mujer-estilo-n-6150","status":"publish","type":"product","link":"https:\/\/nuniformswholesale.com\/es\/producto\/sujetador-deportivo-largo-sin-aros-y-acolchado-de-soporte-medio-para-mujer-estilo-n-6150\/","title":{"rendered":"SUJETADOR DEPORTIVO LARGO SIN AROS, ACOLCHADO Y DE SOPORTE MEDIO PARA MUJER (MODELO N.\u00ba 6150)"},"content":{"rendered":"<p><strong>Aspectos destacados del producto:<\/strong><\/p>\n<p><strong data-start=\"172\" data-end=\"195\">Composici\u00f3n Del Tejido:<\/strong><\/p>\n<ul data-start=\"198\" data-end=\"313\">\n<li data-start=\"198\" data-end=\"228\">80% Poliamida, 20% Elastano<\/li>\n<li data-start=\"229\" data-end=\"276\">Tejido el\u00e1stico de alto rendimiento, ultra suave y fresco<\/li>\n<li data-start=\"277\" data-end=\"313\">Elasticidad en 4 direcciones para m\u00e1xima movilidad<\/li>\n<\/ul>\n<p><strong data-start=\"315\" data-end=\"337\">Dise\u00f1o Y Caracter\u00edsticas:<\/strong><\/p>\n<ul data-start=\"340\" data-end=\"591\">\n<li data-start=\"340\" data-end=\"364\">Cobertura Total Con Espalda En U<\/li>\n<li data-start=\"365\" data-end=\"418\">Estilo De Corte Largo Con Un Ajuste Suave Y Favorecedor<\/li>\n<li data-start=\"419\" data-end=\"473\">Alta elasticidad y transpirabilidad para comodidad durante todo el d\u00eda<\/li>\n<li data-start=\"474\" data-end=\"538\">Copas acolchadas extra\u00edbles para un soporte personalizable y un cuidado f\u00e1cil<\/li>\n<li data-start=\"539\" data-end=\"591\">Absorbe la humedad para mantenerte seca durante los entrenamientos<\/li>\n<\/ul>\n<p><strong data-start=\"593\" data-end=\"611\">Nivel De Soporte:<\/strong><\/p>\n<ul data-start=\"614\" data-end=\"739\">\n<li data-start=\"614\" data-end=\"670\">Adecuado para actividades de impacto bajo, medio y alto<\/li>\n<li data-start=\"671\" data-end=\"739\">Proporciona un soporte firme con efecto realce mientras permite un movimiento sin restricciones<\/li>\n<\/ul>\n<p><strong data-start=\"741\" data-end=\"753\">Consejo de Ajuste:<\/strong><\/p>\n<ul data-start=\"756\" data-end=\"813\">\n<li data-start=\"756\" data-end=\"813\">Consulte la tabla de tallas para garantizar el mejor ajuste.<\/li>\n<\/ul>\n","protected":false},"excerpt":{"rendered":"<p>Aspectos destacados del producto: Composici\u00f3n Del Tejido: 80% Poliamida, 20% Elastano Tejido el\u00e1stico de alto rendimiento, ultra suave y fresco Elasticidad en 4 direcciones para m\u00e1xima movilidad Dise\u00f1o Y Caracter\u00edsticas: Cobertura Total Con Espalda En U Estilo De Corte Largo Con Un Ajuste Suave Y Favorecedor Alta elasticidad y transpirabilidad para comodidad durante todo el [&hellip;]<\/p>\n","protected":false},"featured_media":65745,"comment_status":"closed","ping_status":"closed","template":"","meta":[],"product_brand":[349],"product_cat":[298,578,545,305],"product_tag":[572,571,573],"class_list":{"0":"post-65744","1":"product","2":"type-product","3":"status-publish","4":"has-post-thumbnail","6":"product_brand-uniformes-naturales","7":"product_cat-mujer","8":"product_cat-ropa-de-rendimiento-para-mujer","9":"product_cat-ropa-tecnica","10":"product_cat-yoga-bodysuits","11":"product_tag-bermudas","12":"product_tag-pantalones-cortos-de-motociclista","13":"product_tag-yoga","14":"pa_color-azul-marino-verdadero","15":"pa_color-azul-real-verdadero","16":"pa_color-blanca","17":"pa_color-borgona","18":"pa_color-carbon","19":"pa_color-lavanda","20":"pa_color-negra","21":"pa_color-purpura","22":"pa_color-roja","23":"pa_color-rosa","24":"pa_color-rosa-neon","25":"pa_color-verde-cazador-verde","26":"pa_size-2x","27":"pa_size-3x","28":"pa_size-l","29":"pa_size-m","30":"pa_size-s","31":"pa_size-xl","32":"pa_size-xs","34":"first","35":"instock","36":"purchasable","37":"product-type-variable"},"yoast_head":"<!-- This site is optimized with the Yoast SEO plugin v27.4 - https:\/\/yoast.com\/product\/yoast-seo-wordpress\/ -->\n<title>SUJETADOR DEPORTIVO LARGO SIN AROS, ACOLCHADO Y DE SOPORTE MEDIO PARA MUJER (MODELO N.\u00ba 6150) - Natural Uniforms Wholesale<\/title>\n<meta name=\"robots\" content=\"index, follow, max-snippet:-1, max-image-preview:large, max-video-preview:-1\" \/>\n<link rel=\"canonical\" href=\"https:\/\/nuniformswholesale.com\/es\/producto\/sujetador-deportivo-largo-sin-aros-y-acolchado-de-soporte-medio-para-mujer-estilo-n-6150\/\" \/>\n<meta property=\"og:locale\" content=\"es_ES\" \/>\n<meta property=\"og:type\" content=\"article\" \/>\n<meta property=\"og:title\" content=\"SUJETADOR DEPORTIVO LARGO SIN AROS, ACOLCHADO Y DE SOPORTE MEDIO PARA MUJER (MODELO N.\u00ba 6150) - Natural Uniforms Wholesale\" \/>\n<meta property=\"og:description\" content=\"Aspectos destacados del producto: Composici\u00f3n Del Tejido: 80% Poliamida, 20% Elastano Tejido el\u00e1stico de alto rendimiento, ultra suave y fresco Elasticidad en 4 direcciones para m\u00e1xima movilidad Dise\u00f1o Y Caracter\u00edsticas: Cobertura Total Con Espalda En U Estilo De Corte Largo Con Un Ajuste Suave Y Favorecedor Alta elasticidad y transpirabilidad para comodidad durante todo el [&hellip;]\" \/>\n<meta property=\"og:url\" content=\"https:\/\/nuniformswholesale.com\/es\/producto\/sujetador-deportivo-largo-sin-aros-y-acolchado-de-soporte-medio-para-mujer-estilo-n-6150\/\" \/>\n<meta property=\"og:site_name\" content=\"Natural Uniforms Wholesale\" \/>\n<meta property=\"article:modified_time\" content=\"2026-02-21T09:55:15+00:00\" \/>\n<meta property=\"og:image\" content=\"https:\/\/nuniformswholesale.com\/wp-content\/uploads\/2025\/05\/NU_140-2.jpg\" \/>\n\t<meta property=\"og:image:width\" content=\"1200\" \/>\n\t<meta property=\"og:image:height\" content=\"1200\" \/>\n\t<meta property=\"og:image:type\" content=\"image\/jpeg\" \/>\n<meta name=\"twitter:card\" content=\"summary_large_image\" \/>\n<meta name=\"twitter:label1\" content=\"Tiempo de lectura\" \/>\n\t<meta name=\"twitter:data1\" content=\"1 minuto\" \/>\n<script type=\"application\/ld+json\" class=\"yoast-schema-graph\">{\"@context\":\"https:\\\/\\\/schema.org\",\"@graph\":[{\"@type\":\"WebPage\",\"@id\":\"https:\\\/\\\/nuniformswholesale.com\\\/es\\\/producto\\\/sujetador-deportivo-largo-sin-aros-y-acolchado-de-soporte-medio-para-mujer-estilo-n-6150\\\/\",\"url\":\"https:\\\/\\\/nuniformswholesale.com\\\/es\\\/producto\\\/sujetador-deportivo-largo-sin-aros-y-acolchado-de-soporte-medio-para-mujer-estilo-n-6150\\\/\",\"name\":\"SUJETADOR DEPORTIVO LARGO SIN AROS, ACOLCHADO Y DE SOPORTE MEDIO PARA MUJER (MODELO N.\u00ba 6150) - Natural Uniforms Wholesale\",\"isPartOf\":{\"@id\":\"https:\\\/\\\/nuniformswholesale.com\\\/es\\\/#website\"},\"primaryImageOfPage\":{\"@id\":\"https:\\\/\\\/nuniformswholesale.com\\\/es\\\/producto\\\/sujetador-deportivo-largo-sin-aros-y-acolchado-de-soporte-medio-para-mujer-estilo-n-6150\\\/#primaryimage\"},\"image\":{\"@id\":\"https:\\\/\\\/nuniformswholesale.com\\\/es\\\/producto\\\/sujetador-deportivo-largo-sin-aros-y-acolchado-de-soporte-medio-para-mujer-estilo-n-6150\\\/#primaryimage\"},\"thumbnailUrl\":\"https:\\\/\\\/nuniformswholesale.com\\\/wp-content\\\/uploads\\\/2025\\\/05\\\/NU_140-2.jpg\",\"datePublished\":\"2025-05-07T19:40:59+00:00\",\"dateModified\":\"2026-02-21T09:55:15+00:00\",\"breadcrumb\":{\"@id\":\"https:\\\/\\\/nuniformswholesale.com\\\/es\\\/producto\\\/sujetador-deportivo-largo-sin-aros-y-acolchado-de-soporte-medio-para-mujer-estilo-n-6150\\\/#breadcrumb\"},\"inLanguage\":\"es\",\"potentialAction\":[{\"@type\":\"ReadAction\",\"target\":[\"https:\\\/\\\/nuniformswholesale.com\\\/es\\\/producto\\\/sujetador-deportivo-largo-sin-aros-y-acolchado-de-soporte-medio-para-mujer-estilo-n-6150\\\/\"]}]},{\"@type\":\"ImageObject\",\"inLanguage\":\"es\",\"@id\":\"https:\\\/\\\/nuniformswholesale.com\\\/es\\\/producto\\\/sujetador-deportivo-largo-sin-aros-y-acolchado-de-soporte-medio-para-mujer-estilo-n-6150\\\/#primaryimage\",\"url\":\"https:\\\/\\\/nuniformswholesale.com\\\/wp-content\\\/uploads\\\/2025\\\/05\\\/NU_140-2.jpg\",\"contentUrl\":\"https:\\\/\\\/nuniformswholesale.com\\\/wp-content\\\/uploads\\\/2025\\\/05\\\/NU_140-2.jpg\",\"width\":1200,\"height\":1200},{\"@type\":\"BreadcrumbList\",\"@id\":\"https:\\\/\\\/nuniformswholesale.com\\\/es\\\/producto\\\/sujetador-deportivo-largo-sin-aros-y-acolchado-de-soporte-medio-para-mujer-estilo-n-6150\\\/#breadcrumb\",\"itemListElement\":[{\"@type\":\"ListItem\",\"position\":1,\"name\":\"Home\",\"item\":\"https:\\\/\\\/nuniformswholesale.com\\\/es\\\/\"},{\"@type\":\"ListItem\",\"position\":2,\"name\":\"Our Products\",\"item\":\"https:\\\/\\\/nuniformswholesale.com\\\/our-products\\\/\"},{\"@type\":\"ListItem\",\"position\":3,\"name\":\"SUJETADOR DEPORTIVO LARGO SIN AROS, ACOLCHADO Y DE SOPORTE MEDIO PARA MUJER (MODELO N.\u00ba 6150)\"}]},{\"@type\":\"WebSite\",\"@id\":\"https:\\\/\\\/nuniformswholesale.com\\\/es\\\/#website\",\"url\":\"https:\\\/\\\/nuniformswholesale.com\\\/es\\\/\",\"name\":\"Natural Uniforms\",\"description\":\"Natural Uniforms - Every Day Uniforms\",\"publisher\":{\"@id\":\"https:\\\/\\\/nuniformswholesale.com\\\/es\\\/#organization\"},\"alternateName\":\"Natural Uniforms\",\"potentialAction\":[{\"@type\":\"SearchAction\",\"target\":{\"@type\":\"EntryPoint\",\"urlTemplate\":\"https:\\\/\\\/nuniformswholesale.com\\\/es\\\/?s={search_term_string}\"},\"query-input\":{\"@type\":\"PropertyValueSpecification\",\"valueRequired\":true,\"valueName\":\"search_term_string\"}}],\"inLanguage\":\"es\"},{\"@type\":\"Organization\",\"@id\":\"https:\\\/\\\/nuniformswholesale.com\\\/es\\\/#organization\",\"name\":\"Natural Uniforms\",\"url\":\"https:\\\/\\\/nuniformswholesale.com\\\/es\\\/\",\"logo\":{\"@type\":\"ImageObject\",\"inLanguage\":\"es\",\"@id\":\"https:\\\/\\\/nuniformswholesale.com\\\/es\\\/#\\\/schema\\\/logo\\\/image\\\/\",\"url\":\"https:\\\/\\\/nuniformswholesale.com\\\/wp-content\\\/uploads\\\/2025\\\/08\\\/dsBuffer.bmp-2-1024x295-1-Photoroom.png\",\"contentUrl\":\"https:\\\/\\\/nuniformswholesale.com\\\/wp-content\\\/uploads\\\/2025\\\/08\\\/dsBuffer.bmp-2-1024x295-1-Photoroom.png\",\"width\":296,\"height\":85,\"caption\":\"Natural Uniforms\"},\"image\":{\"@id\":\"https:\\\/\\\/nuniformswholesale.com\\\/es\\\/#\\\/schema\\\/logo\\\/image\\\/\"}}]}<\/script>\n<!-- \/ Yoast SEO plugin. -->","yoast_head_json":{"title":"SUJETADOR DEPORTIVO LARGO SIN AROS, ACOLCHADO Y DE SOPORTE MEDIO PARA MUJER (MODELO N.\u00ba 6150) - Natural Uniforms Wholesale","robots":{"index":"index","follow":"follow","max-snippet":"max-snippet:-1","max-image-preview":"max-image-preview:large","max-video-preview":"max-video-preview:-1"},"canonical":"https:\/\/nuniformswholesale.com\/es\/producto\/sujetador-deportivo-largo-sin-aros-y-acolchado-de-soporte-medio-para-mujer-estilo-n-6150\/","og_locale":"es_ES","og_type":"article","og_title":"SUJETADOR DEPORTIVO LARGO SIN AROS, ACOLCHADO Y DE SOPORTE MEDIO PARA MUJER (MODELO N.\u00ba 6150) - Natural Uniforms Wholesale","og_description":"Aspectos destacados del producto: Composici\u00f3n Del Tejido: 80% Poliamida, 20% Elastano Tejido el\u00e1stico de alto rendimiento, ultra suave y fresco Elasticidad en 4 direcciones para m\u00e1xima movilidad Dise\u00f1o Y Caracter\u00edsticas: Cobertura Total Con Espalda En U Estilo De Corte Largo Con Un Ajuste Suave Y Favorecedor Alta elasticidad y transpirabilidad para comodidad durante todo el [&hellip;]","og_url":"https:\/\/nuniformswholesale.com\/es\/producto\/sujetador-deportivo-largo-sin-aros-y-acolchado-de-soporte-medio-para-mujer-estilo-n-6150\/","og_site_name":"Natural Uniforms Wholesale","article_modified_time":"2026-02-21T09:55:15+00:00","og_image":[{"width":1200,"height":1200,"url":"https:\/\/nuniformswholesale.com\/wp-content\/uploads\/2025\/05\/NU_140-2.jpg","type":"image\/jpeg"}],"twitter_card":"summary_large_image","twitter_misc":{"Tiempo de lectura":"1 minuto"},"schema":{"@context":"https:\/\/schema.org","@graph":[{"@type":"WebPage","@id":"https:\/\/nuniformswholesale.com\/es\/producto\/sujetador-deportivo-largo-sin-aros-y-acolchado-de-soporte-medio-para-mujer-estilo-n-6150\/","url":"https:\/\/nuniformswholesale.com\/es\/producto\/sujetador-deportivo-largo-sin-aros-y-acolchado-de-soporte-medio-para-mujer-estilo-n-6150\/","name":"SUJETADOR DEPORTIVO LARGO SIN AROS, ACOLCHADO Y DE SOPORTE MEDIO PARA MUJER (MODELO N.\u00ba 6150) - Natural Uniforms Wholesale","isPartOf":{"@id":"https:\/\/nuniformswholesale.com\/es\/#website"},"primaryImageOfPage":{"@id":"https:\/\/nuniformswholesale.com\/es\/producto\/sujetador-deportivo-largo-sin-aros-y-acolchado-de-soporte-medio-para-mujer-estilo-n-6150\/#primaryimage"},"image":{"@id":"https:\/\/nuniformswholesale.com\/es\/producto\/sujetador-deportivo-largo-sin-aros-y-acolchado-de-soporte-medio-para-mujer-estilo-n-6150\/#primaryimage"},"thumbnailUrl":"https:\/\/nuniformswholesale.com\/wp-content\/uploads\/2025\/05\/NU_140-2.jpg","datePublished":"2025-05-07T19:40:59+00:00","dateModified":"2026-02-21T09:55:15+00:00","breadcrumb":{"@id":"https:\/\/nuniformswholesale.com\/es\/producto\/sujetador-deportivo-largo-sin-aros-y-acolchado-de-soporte-medio-para-mujer-estilo-n-6150\/#breadcrumb"},"inLanguage":"es","potentialAction":[{"@type":"ReadAction","target":["https:\/\/nuniformswholesale.com\/es\/producto\/sujetador-deportivo-largo-sin-aros-y-acolchado-de-soporte-medio-para-mujer-estilo-n-6150\/"]}]},{"@type":"ImageObject","inLanguage":"es","@id":"https:\/\/nuniformswholesale.com\/es\/producto\/sujetador-deportivo-largo-sin-aros-y-acolchado-de-soporte-medio-para-mujer-estilo-n-6150\/#primaryimage","url":"https:\/\/nuniformswholesale.com\/wp-content\/uploads\/2025\/05\/NU_140-2.jpg","contentUrl":"https:\/\/nuniformswholesale.com\/wp-content\/uploads\/2025\/05\/NU_140-2.jpg","width":1200,"height":1200},{"@type":"BreadcrumbList","@id":"https:\/\/nuniformswholesale.com\/es\/producto\/sujetador-deportivo-largo-sin-aros-y-acolchado-de-soporte-medio-para-mujer-estilo-n-6150\/#breadcrumb","itemListElement":[{"@type":"ListItem","position":1,"name":"Home","item":"https:\/\/nuniformswholesale.com\/es\/"},{"@type":"ListItem","position":2,"name":"Our Products","item":"https:\/\/nuniformswholesale.com\/our-products\/"},{"@type":"ListItem","position":3,"name":"SUJETADOR DEPORTIVO LARGO SIN AROS, ACOLCHADO Y DE SOPORTE MEDIO PARA MUJER (MODELO N.\u00ba 6150)"}]},{"@type":"WebSite","@id":"https:\/\/nuniformswholesale.com\/es\/#website","url":"https:\/\/nuniformswholesale.com\/es\/","name":"Natural Uniforms","description":"Natural Uniforms - Every Day Uniforms","publisher":{"@id":"https:\/\/nuniformswholesale.com\/es\/#organization"},"alternateName":"Natural Uniforms","potentialAction":[{"@type":"SearchAction","target":{"@type":"EntryPoint","urlTemplate":"https:\/\/nuniformswholesale.com\/es\/?s={search_term_string}"},"query-input":{"@type":"PropertyValueSpecification","valueRequired":true,"valueName":"search_term_string"}}],"inLanguage":"es"},{"@type":"Organization","@id":"https:\/\/nuniformswholesale.com\/es\/#organization","name":"Natural Uniforms","url":"https:\/\/nuniformswholesale.com\/es\/","logo":{"@type":"ImageObject","inLanguage":"es","@id":"https:\/\/nuniformswholesale.com\/es\/#\/schema\/logo\/image\/","url":"https:\/\/nuniformswholesale.com\/wp-content\/uploads\/2025\/08\/dsBuffer.bmp-2-1024x295-1-Photoroom.png","contentUrl":"https:\/\/nuniformswholesale.com\/wp-content\/uploads\/2025\/08\/dsBuffer.bmp-2-1024x295-1-Photoroom.png","width":296,"height":85,"caption":"Natural Uniforms"},"image":{"@id":"https:\/\/nuniformswholesale.com\/es\/#\/schema\/logo\/image\/"}}]}},"_links":{"self":[{"href":"https:\/\/nuniformswholesale.com\/es\/wp-json\/wp\/v2\/product\/65744","targetHints":{"allow":["GET"]}}],"collection":[{"href":"https:\/\/nuniformswholesale.com\/es\/wp-json\/wp\/v2\/product"}],"about":[{"href":"https:\/\/nuniformswholesale.com\/es\/wp-json\/wp\/v2\/types\/product"}],"replies":[{"embeddable":true,"href":"https:\/\/nuniformswholesale.com\/es\/wp-json\/wp\/v2\/comments?post=65744"}],"wp:featuredmedia":[{"embeddable":true,"href":"https:\/\/nuniformswholesale.com\/es\/wp-json\/wp\/v2\/media\/65745"}],"wp:attachment":[{"href":"https:\/\/nuniformswholesale.com\/es\/wp-json\/wp\/v2\/media?parent=65744"}],"wp:term":[{"taxonomy":"product_brand","embeddable":true,"href":"https:\/\/nuniformswholesale.com\/es\/wp-json\/wp\/v2\/product_brand?post=65744"},{"taxonomy":"product_cat","embeddable":true,"href":"https:\/\/nuniformswholesale.com\/es\/wp-json\/wp\/v2\/product_cat?post=65744"},{"taxonomy":"product_tag","embeddable":true,"href":"https:\/\/nuniformswholesale.com\/es\/wp-json\/wp\/v2\/product_tag?post=65744"}],"curies":[{"name":"wp","href":"https:\/\/api.w.org\/{rel}","templated":true}]}}