{"id":66866,"date":"2025-05-08T05:39:20","date_gmt":"2025-05-08T13:39:20","guid":{"rendered":"https:\/\/nuniforms.provisdemo.com\/product\/body-de-manga-larga-para-mujer-algodon-elastico-y-transpirable-estilo-n-7180\/"},"modified":"2026-02-21T01:55:28","modified_gmt":"2026-02-21T09:55:28","slug":"body-de-manga-larga-para-mujer-algodon-elastico-y-transpirable-estilo-n-7180","status":"publish","type":"product","link":"https:\/\/nuniformswholesale.com\/es\/producto\/body-de-manga-larga-para-mujer-algodon-elastico-y-transpirable-estilo-n-7180\/","title":{"rendered":"BODY DE MANGA LARGA PARA MUJER DE ALGOD\u00d3N TRANSPIRABLE Y EL\u00c1STICO (ESTILO N.\u00ba 7180)"},"content":{"rendered":"<p><strong>Aspectos destacados del producto:<\/strong><\/p>\n<ul data-start=\"213\" data-end=\"631\">\n<li data-start=\"213\" data-end=\"330\"><strong data-start=\"215\" data-end=\"226\">Tela:<\/strong>\n<ul data-start=\"231\" data-end=\"330\">\n<li data-start=\"231\" data-end=\"258\">95% Algod\u00f3n \/ 5% Elastano<\/li>\n<li data-start=\"261\" data-end=\"292\">Ultrasuave y transpirable.<\/li>\n<li data-start=\"295\" data-end=\"330\">El\u00e1stico para mayor comodidad y movilidad.<\/li>\n<\/ul>\n<\/li>\n<li data-start=\"332\" data-end=\"444\"><strong data-start=\"334\" data-end=\"345\">Dise\u00f1o:<\/strong>\n<ul data-start=\"350\" data-end=\"444\">\n<li data-start=\"350\" data-end=\"366\">Mangas largas<\/li>\n<li data-start=\"369\" data-end=\"386\">Escote redondo<\/li>\n<li data-start=\"389\" data-end=\"444\">Cierre a presi\u00f3n en la parte inferior (acolchado para mayor comodidad)<\/li>\n<\/ul>\n<\/li>\n<li data-start=\"446\" data-end=\"562\"><strong data-start=\"448\" data-end=\"456\">Ajuste:<\/strong>\n<ul data-start=\"461\" data-end=\"562\">\n<li data-start=\"461\" data-end=\"512\">Estilizado y favorecedor, abraza suavemente las curvas.<\/li>\n<li data-start=\"515\" data-end=\"562\">Se puede usar solo o como prenda de capa.<\/li>\n<\/ul>\n<\/li>\n<li data-start=\"564\" data-end=\"631\"><strong data-start=\"566\" data-end=\"575\">Cuidado:<\/strong>\n<ul data-start=\"580\" data-end=\"631\">\n<li data-start=\"580\" data-end=\"600\">Lavable a m\u00e1quina<\/li>\n<li data-start=\"603\" data-end=\"631\">Resistente al color (resiste la decoloraci\u00f3n)<\/li>\n<\/ul>\n<\/li>\n<\/ul>\n<p data-start=\"633\" data-end=\"650\">Casos pr\u00e1cticos:<\/p>\n<ul data-start=\"651\" data-end=\"767\">\n<li data-start=\"651\" data-end=\"668\">Ropa de uso diario<\/li>\n<li data-start=\"669\" data-end=\"687\">Salidas casuales<\/li>\n<li data-start=\"688\" data-end=\"720\">Entrenamientos o looks deportivos<\/li>\n<li data-start=\"721\" data-end=\"767\">Para llevar en capas con chaquetas, blazers o c\u00e1rdigans<\/li>\n<\/ul>\n","protected":false},"excerpt":{"rendered":"<p>Aspectos destacados del producto: Tela: 95% Algod\u00f3n \/ 5% Elastano Ultrasuave y transpirable. El\u00e1stico para mayor comodidad y movilidad. Dise\u00f1o: Mangas largas Escote redondo Cierre a presi\u00f3n en la parte inferior (acolchado para mayor comodidad) Ajuste: Estilizado y favorecedor, abraza suavemente las curvas. Se puede usar solo o como prenda de capa. Cuidado: Lavable a [&hellip;]<\/p>\n","protected":false},"featured_media":66867,"comment_status":"open","ping_status":"closed","template":"","meta":[],"product_brand":[349],"product_cat":[298,546,545,305],"product_tag":[549,548,443,547],"class_list":{"0":"post-66866","1":"product","2":"type-product","3":"status-publish","4":"has-post-thumbnail","6":"product_brand-uniformes-naturales","7":"product_cat-mujer","8":"product_cat-mujer-camisetas-prendas-interiores-sanitarias","9":"product_cat-ropa-tecnica","10":"product_cat-yoga-bodysuits","11":"product_tag-camiseta-interior-sanitaria","12":"product_tag-manga-larga","13":"product_tag-top-medico","14":"product_tag-traje-corporal","15":"pa_color-agua","16":"pa_color-azul-marino-verdadero","17":"pa_color-azul-real-verdadero","18":"pa_color-blanca","19":"pa_color-borgona","20":"pa_color-burgundy","21":"pa_color-carbon","22":"pa_color-carbon-de-brezo","23":"pa_color-ceil-blue","24":"pa_color-charcoal","25":"pa_color-desnuda","26":"pa_color-gris","27":"pa_color-gris-brezo","28":"pa_color-hot-pink","29":"pa_color-negra","30":"pa_color-purple","31":"pa_color-purpura","32":"pa_color-red","33":"pa_color-roja","34":"pa_color-rosa","35":"pa_color-rosa-fuerte","36":"pa_color-rosa-neon","37":"pa_color-teal","38":"pa_color-techo-azul","39":"pa_color-true-hunter-green","40":"pa_color-true-navy-blue","41":"pa_color-verde","42":"pa_color-verde-azulado","43":"pa_color-verde-cazador-verde","44":"pa_size-2x","45":"pa_size-3x","46":"pa_size-l","47":"pa_size-m","48":"pa_size-s","49":"pa_size-xl","50":"pa_size-xs","52":"first","53":"instock","54":"purchasable","55":"product-type-variable"},"yoast_head":"<!-- This site is optimized with the Yoast SEO plugin v27.4 - https:\/\/yoast.com\/product\/yoast-seo-wordpress\/ -->\n<title>BODY DE MANGA LARGA PARA MUJER DE ALGOD\u00d3N TRANSPIRABLE Y EL\u00c1STICO (ESTILO N.\u00ba 7180) - Natural Uniforms Wholesale<\/title>\n<meta name=\"robots\" content=\"index, follow, max-snippet:-1, max-image-preview:large, max-video-preview:-1\" \/>\n<link rel=\"canonical\" href=\"https:\/\/nuniformswholesale.com\/es\/producto\/body-de-manga-larga-para-mujer-algodon-elastico-y-transpirable-estilo-n-7180\/\" \/>\n<meta property=\"og:locale\" content=\"es_ES\" \/>\n<meta property=\"og:type\" content=\"article\" \/>\n<meta property=\"og:title\" content=\"BODY DE MANGA LARGA PARA MUJER DE ALGOD\u00d3N TRANSPIRABLE Y EL\u00c1STICO (ESTILO N.\u00ba 7180) - Natural Uniforms Wholesale\" \/>\n<meta property=\"og:description\" content=\"Aspectos destacados del producto: Tela: 95% Algod\u00f3n \/ 5% Elastano Ultrasuave y transpirable. El\u00e1stico para mayor comodidad y movilidad. Dise\u00f1o: Mangas largas Escote redondo Cierre a presi\u00f3n en la parte inferior (acolchado para mayor comodidad) Ajuste: Estilizado y favorecedor, abraza suavemente las curvas. Se puede usar solo o como prenda de capa. Cuidado: Lavable a [&hellip;]\" \/>\n<meta property=\"og:url\" content=\"https:\/\/nuniformswholesale.com\/es\/producto\/body-de-manga-larga-para-mujer-algodon-elastico-y-transpirable-estilo-n-7180\/\" \/>\n<meta property=\"og:site_name\" content=\"Natural Uniforms Wholesale\" \/>\n<meta property=\"article:modified_time\" content=\"2026-02-21T09:55:28+00:00\" \/>\n<meta property=\"og:image\" content=\"https:\/\/nuniformswholesale.com\/wp-content\/uploads\/2025\/05\/NT_0397.jpg\" \/>\n\t<meta property=\"og:image:width\" content=\"400\" \/>\n\t<meta property=\"og:image:height\" content=\"400\" \/>\n\t<meta property=\"og:image:type\" content=\"image\/jpeg\" \/>\n<meta name=\"twitter:card\" content=\"summary_large_image\" \/>\n<script type=\"application\/ld+json\" class=\"yoast-schema-graph\">{\"@context\":\"https:\\\/\\\/schema.org\",\"@graph\":[{\"@type\":\"WebPage\",\"@id\":\"https:\\\/\\\/nuniformswholesale.com\\\/es\\\/producto\\\/body-de-manga-larga-para-mujer-algodon-elastico-y-transpirable-estilo-n-7180\\\/\",\"url\":\"https:\\\/\\\/nuniformswholesale.com\\\/es\\\/producto\\\/body-de-manga-larga-para-mujer-algodon-elastico-y-transpirable-estilo-n-7180\\\/\",\"name\":\"BODY DE MANGA LARGA PARA MUJER DE ALGOD\u00d3N TRANSPIRABLE Y EL\u00c1STICO (ESTILO N.\u00ba 7180) - Natural Uniforms Wholesale\",\"isPartOf\":{\"@id\":\"https:\\\/\\\/nuniformswholesale.com\\\/es\\\/#website\"},\"primaryImageOfPage\":{\"@id\":\"https:\\\/\\\/nuniformswholesale.com\\\/es\\\/producto\\\/body-de-manga-larga-para-mujer-algodon-elastico-y-transpirable-estilo-n-7180\\\/#primaryimage\"},\"image\":{\"@id\":\"https:\\\/\\\/nuniformswholesale.com\\\/es\\\/producto\\\/body-de-manga-larga-para-mujer-algodon-elastico-y-transpirable-estilo-n-7180\\\/#primaryimage\"},\"thumbnailUrl\":\"https:\\\/\\\/nuniformswholesale.com\\\/wp-content\\\/uploads\\\/2025\\\/05\\\/NT_0397.jpg\",\"datePublished\":\"2025-05-08T13:39:20+00:00\",\"dateModified\":\"2026-02-21T09:55:28+00:00\",\"breadcrumb\":{\"@id\":\"https:\\\/\\\/nuniformswholesale.com\\\/es\\\/producto\\\/body-de-manga-larga-para-mujer-algodon-elastico-y-transpirable-estilo-n-7180\\\/#breadcrumb\"},\"inLanguage\":\"es\",\"potentialAction\":[{\"@type\":\"ReadAction\",\"target\":[\"https:\\\/\\\/nuniformswholesale.com\\\/es\\\/producto\\\/body-de-manga-larga-para-mujer-algodon-elastico-y-transpirable-estilo-n-7180\\\/\"]}]},{\"@type\":\"ImageObject\",\"inLanguage\":\"es\",\"@id\":\"https:\\\/\\\/nuniformswholesale.com\\\/es\\\/producto\\\/body-de-manga-larga-para-mujer-algodon-elastico-y-transpirable-estilo-n-7180\\\/#primaryimage\",\"url\":\"https:\\\/\\\/nuniformswholesale.com\\\/wp-content\\\/uploads\\\/2025\\\/05\\\/NT_0397.jpg\",\"contentUrl\":\"https:\\\/\\\/nuniformswholesale.com\\\/wp-content\\\/uploads\\\/2025\\\/05\\\/NT_0397.jpg\",\"width\":400,\"height\":400},{\"@type\":\"BreadcrumbList\",\"@id\":\"https:\\\/\\\/nuniformswholesale.com\\\/es\\\/producto\\\/body-de-manga-larga-para-mujer-algodon-elastico-y-transpirable-estilo-n-7180\\\/#breadcrumb\",\"itemListElement\":[{\"@type\":\"ListItem\",\"position\":1,\"name\":\"Home\",\"item\":\"https:\\\/\\\/nuniformswholesale.com\\\/es\\\/\"},{\"@type\":\"ListItem\",\"position\":2,\"name\":\"Our Products\",\"item\":\"https:\\\/\\\/nuniformswholesale.com\\\/our-products\\\/\"},{\"@type\":\"ListItem\",\"position\":3,\"name\":\"BODY DE MANGA LARGA PARA MUJER DE ALGOD\u00d3N TRANSPIRABLE Y EL\u00c1STICO (ESTILO N.\u00ba 7180)\"}]},{\"@type\":\"WebSite\",\"@id\":\"https:\\\/\\\/nuniformswholesale.com\\\/es\\\/#website\",\"url\":\"https:\\\/\\\/nuniformswholesale.com\\\/es\\\/\",\"name\":\"Natural Uniforms\",\"description\":\"Natural Uniforms - Every Day Uniforms\",\"publisher\":{\"@id\":\"https:\\\/\\\/nuniformswholesale.com\\\/es\\\/#organization\"},\"alternateName\":\"Natural Uniforms\",\"potentialAction\":[{\"@type\":\"SearchAction\",\"target\":{\"@type\":\"EntryPoint\",\"urlTemplate\":\"https:\\\/\\\/nuniformswholesale.com\\\/es\\\/?s={search_term_string}\"},\"query-input\":{\"@type\":\"PropertyValueSpecification\",\"valueRequired\":true,\"valueName\":\"search_term_string\"}}],\"inLanguage\":\"es\"},{\"@type\":\"Organization\",\"@id\":\"https:\\\/\\\/nuniformswholesale.com\\\/es\\\/#organization\",\"name\":\"Natural Uniforms\",\"url\":\"https:\\\/\\\/nuniformswholesale.com\\\/es\\\/\",\"logo\":{\"@type\":\"ImageObject\",\"inLanguage\":\"es\",\"@id\":\"https:\\\/\\\/nuniformswholesale.com\\\/es\\\/#\\\/schema\\\/logo\\\/image\\\/\",\"url\":\"https:\\\/\\\/nuniformswholesale.com\\\/wp-content\\\/uploads\\\/2025\\\/08\\\/dsBuffer.bmp-2-1024x295-1-Photoroom.png\",\"contentUrl\":\"https:\\\/\\\/nuniformswholesale.com\\\/wp-content\\\/uploads\\\/2025\\\/08\\\/dsBuffer.bmp-2-1024x295-1-Photoroom.png\",\"width\":296,\"height\":85,\"caption\":\"Natural Uniforms\"},\"image\":{\"@id\":\"https:\\\/\\\/nuniformswholesale.com\\\/es\\\/#\\\/schema\\\/logo\\\/image\\\/\"}}]}<\/script>\n<!-- \/ Yoast SEO plugin. -->","yoast_head_json":{"title":"BODY DE MANGA LARGA PARA MUJER DE ALGOD\u00d3N TRANSPIRABLE Y EL\u00c1STICO (ESTILO N.\u00ba 7180) - Natural Uniforms Wholesale","robots":{"index":"index","follow":"follow","max-snippet":"max-snippet:-1","max-image-preview":"max-image-preview:large","max-video-preview":"max-video-preview:-1"},"canonical":"https:\/\/nuniformswholesale.com\/es\/producto\/body-de-manga-larga-para-mujer-algodon-elastico-y-transpirable-estilo-n-7180\/","og_locale":"es_ES","og_type":"article","og_title":"BODY DE MANGA LARGA PARA MUJER DE ALGOD\u00d3N TRANSPIRABLE Y EL\u00c1STICO (ESTILO N.\u00ba 7180) - Natural Uniforms Wholesale","og_description":"Aspectos destacados del producto: Tela: 95% Algod\u00f3n \/ 5% Elastano Ultrasuave y transpirable. El\u00e1stico para mayor comodidad y movilidad. Dise\u00f1o: Mangas largas Escote redondo Cierre a presi\u00f3n en la parte inferior (acolchado para mayor comodidad) Ajuste: Estilizado y favorecedor, abraza suavemente las curvas. Se puede usar solo o como prenda de capa. Cuidado: Lavable a [&hellip;]","og_url":"https:\/\/nuniformswholesale.com\/es\/producto\/body-de-manga-larga-para-mujer-algodon-elastico-y-transpirable-estilo-n-7180\/","og_site_name":"Natural Uniforms Wholesale","article_modified_time":"2026-02-21T09:55:28+00:00","og_image":[{"width":400,"height":400,"url":"https:\/\/nuniformswholesale.com\/wp-content\/uploads\/2025\/05\/NT_0397.jpg","type":"image\/jpeg"}],"twitter_card":"summary_large_image","schema":{"@context":"https:\/\/schema.org","@graph":[{"@type":"WebPage","@id":"https:\/\/nuniformswholesale.com\/es\/producto\/body-de-manga-larga-para-mujer-algodon-elastico-y-transpirable-estilo-n-7180\/","url":"https:\/\/nuniformswholesale.com\/es\/producto\/body-de-manga-larga-para-mujer-algodon-elastico-y-transpirable-estilo-n-7180\/","name":"BODY DE MANGA LARGA PARA MUJER DE ALGOD\u00d3N TRANSPIRABLE Y EL\u00c1STICO (ESTILO N.\u00ba 7180) - Natural Uniforms Wholesale","isPartOf":{"@id":"https:\/\/nuniformswholesale.com\/es\/#website"},"primaryImageOfPage":{"@id":"https:\/\/nuniformswholesale.com\/es\/producto\/body-de-manga-larga-para-mujer-algodon-elastico-y-transpirable-estilo-n-7180\/#primaryimage"},"image":{"@id":"https:\/\/nuniformswholesale.com\/es\/producto\/body-de-manga-larga-para-mujer-algodon-elastico-y-transpirable-estilo-n-7180\/#primaryimage"},"thumbnailUrl":"https:\/\/nuniformswholesale.com\/wp-content\/uploads\/2025\/05\/NT_0397.jpg","datePublished":"2025-05-08T13:39:20+00:00","dateModified":"2026-02-21T09:55:28+00:00","breadcrumb":{"@id":"https:\/\/nuniformswholesale.com\/es\/producto\/body-de-manga-larga-para-mujer-algodon-elastico-y-transpirable-estilo-n-7180\/#breadcrumb"},"inLanguage":"es","potentialAction":[{"@type":"ReadAction","target":["https:\/\/nuniformswholesale.com\/es\/producto\/body-de-manga-larga-para-mujer-algodon-elastico-y-transpirable-estilo-n-7180\/"]}]},{"@type":"ImageObject","inLanguage":"es","@id":"https:\/\/nuniformswholesale.com\/es\/producto\/body-de-manga-larga-para-mujer-algodon-elastico-y-transpirable-estilo-n-7180\/#primaryimage","url":"https:\/\/nuniformswholesale.com\/wp-content\/uploads\/2025\/05\/NT_0397.jpg","contentUrl":"https:\/\/nuniformswholesale.com\/wp-content\/uploads\/2025\/05\/NT_0397.jpg","width":400,"height":400},{"@type":"BreadcrumbList","@id":"https:\/\/nuniformswholesale.com\/es\/producto\/body-de-manga-larga-para-mujer-algodon-elastico-y-transpirable-estilo-n-7180\/#breadcrumb","itemListElement":[{"@type":"ListItem","position":1,"name":"Home","item":"https:\/\/nuniformswholesale.com\/es\/"},{"@type":"ListItem","position":2,"name":"Our Products","item":"https:\/\/nuniformswholesale.com\/our-products\/"},{"@type":"ListItem","position":3,"name":"BODY DE MANGA LARGA PARA MUJER DE ALGOD\u00d3N TRANSPIRABLE Y EL\u00c1STICO (ESTILO N.\u00ba 7180)"}]},{"@type":"WebSite","@id":"https:\/\/nuniformswholesale.com\/es\/#website","url":"https:\/\/nuniformswholesale.com\/es\/","name":"Natural Uniforms","description":"Natural Uniforms - Every Day Uniforms","publisher":{"@id":"https:\/\/nuniformswholesale.com\/es\/#organization"},"alternateName":"Natural Uniforms","potentialAction":[{"@type":"SearchAction","target":{"@type":"EntryPoint","urlTemplate":"https:\/\/nuniformswholesale.com\/es\/?s={search_term_string}"},"query-input":{"@type":"PropertyValueSpecification","valueRequired":true,"valueName":"search_term_string"}}],"inLanguage":"es"},{"@type":"Organization","@id":"https:\/\/nuniformswholesale.com\/es\/#organization","name":"Natural Uniforms","url":"https:\/\/nuniformswholesale.com\/es\/","logo":{"@type":"ImageObject","inLanguage":"es","@id":"https:\/\/nuniformswholesale.com\/es\/#\/schema\/logo\/image\/","url":"https:\/\/nuniformswholesale.com\/wp-content\/uploads\/2025\/08\/dsBuffer.bmp-2-1024x295-1-Photoroom.png","contentUrl":"https:\/\/nuniformswholesale.com\/wp-content\/uploads\/2025\/08\/dsBuffer.bmp-2-1024x295-1-Photoroom.png","width":296,"height":85,"caption":"Natural Uniforms"},"image":{"@id":"https:\/\/nuniformswholesale.com\/es\/#\/schema\/logo\/image\/"}}]}},"_links":{"self":[{"href":"https:\/\/nuniformswholesale.com\/es\/wp-json\/wp\/v2\/product\/66866","targetHints":{"allow":["GET"]}}],"collection":[{"href":"https:\/\/nuniformswholesale.com\/es\/wp-json\/wp\/v2\/product"}],"about":[{"href":"https:\/\/nuniformswholesale.com\/es\/wp-json\/wp\/v2\/types\/product"}],"replies":[{"embeddable":true,"href":"https:\/\/nuniformswholesale.com\/es\/wp-json\/wp\/v2\/comments?post=66866"}],"wp:featuredmedia":[{"embeddable":true,"href":"https:\/\/nuniformswholesale.com\/es\/wp-json\/wp\/v2\/media\/66867"}],"wp:attachment":[{"href":"https:\/\/nuniformswholesale.com\/es\/wp-json\/wp\/v2\/media?parent=66866"}],"wp:term":[{"taxonomy":"product_brand","embeddable":true,"href":"https:\/\/nuniformswholesale.com\/es\/wp-json\/wp\/v2\/product_brand?post=66866"},{"taxonomy":"product_cat","embeddable":true,"href":"https:\/\/nuniformswholesale.com\/es\/wp-json\/wp\/v2\/product_cat?post=66866"},{"taxonomy":"product_tag","embeddable":true,"href":"https:\/\/nuniformswholesale.com\/es\/wp-json\/wp\/v2\/product_tag?post=66866"}],"curies":[{"name":"wp","href":"https:\/\/api.w.org\/{rel}","templated":true}]}}