{"id":67966,"date":"2025-05-09T05:55:58","date_gmt":"2025-05-09T13:55:58","guid":{"rendered":"https:\/\/nuniforms.provisdemo.com\/product\/chaqueta-medica-ultra-suave-con-cremallera-frontal-para-mujer-estilo-n-5200\/"},"modified":"2026-02-21T01:55:38","modified_gmt":"2026-02-21T09:55:38","slug":"chaqueta-medica-ultra-suave-con-cremallera-frontal-para-mujer-estilo-n-5200","status":"publish","type":"product","link":"https:\/\/nuniformswholesale.com\/es\/producto\/chaqueta-medica-ultra-suave-con-cremallera-frontal-para-mujer-estilo-n-5200\/","title":{"rendered":"CHAQUETA M\u00c9DICA ULTRA SUAVE CON CREMALLERA FRONTAL PARA MUJER (ESTILO N.\u00b0 5200)"},"content":{"rendered":"<p><strong>Caracter\u00edsticas destacadas del producto:<\/strong><\/p>\n<ul>\n<li data-start=\"152\" data-end=\"222\"><strong data-start=\"154\" data-end=\"167\">Material:<\/strong>\n<ul data-start=\"172\" data-end=\"222\">\n<li data-start=\"172\" data-end=\"189\">77% Poli\u00e9ster<\/li>\n<li data-start=\"192\" data-end=\"205\">20% Ray\u00f3n<\/li>\n<li data-start=\"208\" data-end=\"222\">3% Elastano<\/li>\n<\/ul>\n<\/li>\n<li data-start=\"224\" data-end=\"358\"><strong data-start=\"226\" data-end=\"246\">Caracter\u00edsticas del dise\u00f1o:<\/strong>\n<ul data-start=\"251\" data-end=\"358\">\n<li data-start=\"251\" data-end=\"272\">Cierre frontal con cremallera<\/li>\n<li data-start=\"275\" data-end=\"291\">Mangas largas<\/li>\n<li data-start=\"294\" data-end=\"321\">Dos bolsillos delanteros tipo parche<\/li>\n<li data-start=\"324\" data-end=\"358\">Escote minimalista sin cuello<\/li>\n<\/ul>\n<\/li>\n<li data-start=\"360\" data-end=\"505\"><strong data-start=\"362\" data-end=\"380\">Comodidad y ajuste:<\/strong>\n<ul data-start=\"385\" data-end=\"505\">\n<li data-start=\"385\" data-end=\"412\">Super suave y el\u00e1stica<\/li>\n<li data-start=\"415\" data-end=\"470\">Tejido de f\u00e1cil cuidado para uso prolongado y lavados frecuentes.<\/li>\n<li data-start=\"473\" data-end=\"505\">Dise\u00f1ado para comodidad durante todo el d\u00eda.<\/li>\n<\/ul>\n<\/li>\n<\/ul>\n","protected":false},"excerpt":{"rendered":"<p>Caracter\u00edsticas destacadas del producto: Material: 77% Poli\u00e9ster 20% Ray\u00f3n 3% Elastano Caracter\u00edsticas del dise\u00f1o: Cierre frontal con cremallera Mangas largas Dos bolsillos delanteros tipo parche Escote minimalista sin cuello Comodidad y ajuste: Super suave y el\u00e1stica Tejido de f\u00e1cil cuidado para uso prolongado y lavados frecuentes. Dise\u00f1ado para comodidad durante todo el d\u00eda.<\/p>\n","protected":false},"featured_media":67967,"comment_status":"closed","ping_status":"closed","template":"","meta":[],"product_brand":[349],"product_cat":[303,553,544,298],"product_tag":[358,359,622,357,351,625,579,522,615,443,523],"class_list":{"0":"post-67966","1":"product","2":"type-product","3":"status-publish","4":"has-post-thumbnail","6":"product_brand-uniformes-naturales","7":"product_cat-lab-coat-jackets","8":"product_cat-batas-y-chaquetas-medicas-mujer","9":"product_cat-chaquetas-medicas-para-mujer","10":"product_cat-mujer","11":"product_tag-azul-marino-verdadero","12":"product_tag-azul-real-intenso","13":"product_tag-black","14":"product_tag-blanco","15":"product_tag-burgundy","16":"product_tag-ceil-blue","17":"product_tag-chaqueta-de-uniforme-medico","18":"product_tag-gris","19":"product_tag-navy-blue","20":"product_tag-top-medico","21":"product_tag-verde-cazador","22":"pa_color-azul-marino-verdadero","23":"pa_color-azul-real-verdadero","24":"pa_color-blanca","25":"pa_color-borgona","26":"pa_color-carbon","27":"pa_color-gris","28":"pa_color-negra","29":"pa_color-negro-borgona","30":"pa_color-roja","31":"pa_color-rosa-fuerte","32":"pa_color-techo-azul","33":"pa_color-verde-azulado","34":"pa_color-verde-cazador","35":"pa_size-2x","36":"pa_size-3x","37":"pa_size-l","38":"pa_size-m","39":"pa_size-s","40":"pa_size-xl","41":"pa_size-xs","43":"first","44":"instock","45":"purchasable","46":"product-type-variable"},"yoast_head":"<!-- This site is optimized with the Yoast SEO plugin v27.4 - https:\/\/yoast.com\/product\/yoast-seo-wordpress\/ -->\n<title>CHAQUETA M\u00c9DICA ULTRA SUAVE CON CREMALLERA FRONTAL PARA MUJER (ESTILO N.\u00b0 5200) - Natural Uniforms Wholesale<\/title>\n<meta name=\"robots\" content=\"index, follow, max-snippet:-1, max-image-preview:large, max-video-preview:-1\" \/>\n<link rel=\"canonical\" href=\"https:\/\/nuniformswholesale.com\/es\/producto\/chaqueta-medica-ultra-suave-con-cremallera-frontal-para-mujer-estilo-n-5200\/\" \/>\n<meta property=\"og:locale\" content=\"es_ES\" \/>\n<meta property=\"og:type\" content=\"article\" \/>\n<meta property=\"og:title\" content=\"CHAQUETA M\u00c9DICA ULTRA SUAVE CON CREMALLERA FRONTAL PARA MUJER (ESTILO N.\u00b0 5200) - Natural Uniforms Wholesale\" \/>\n<meta property=\"og:description\" content=\"Caracter\u00edsticas destacadas del producto: Material: 77% Poli\u00e9ster 20% Ray\u00f3n 3% Elastano Caracter\u00edsticas del dise\u00f1o: Cierre frontal con cremallera Mangas largas Dos bolsillos delanteros tipo parche Escote minimalista sin cuello Comodidad y ajuste: Super suave y el\u00e1stica Tejido de f\u00e1cil cuidado para uso prolongado y lavados frecuentes. Dise\u00f1ado para comodidad durante todo el d\u00eda.\" \/>\n<meta property=\"og:url\" content=\"https:\/\/nuniformswholesale.com\/es\/producto\/chaqueta-medica-ultra-suave-con-cremallera-frontal-para-mujer-estilo-n-5200\/\" \/>\n<meta property=\"og:site_name\" content=\"Natural Uniforms Wholesale\" \/>\n<meta property=\"article:modified_time\" content=\"2026-02-21T09:55:38+00:00\" \/>\n<meta property=\"og:image\" content=\"https:\/\/nuniformswholesale.com\/wp-content\/uploads\/2025\/07\/5200_front-view_2_woman_Black.jpg\" \/>\n\t<meta property=\"og:image:width\" content=\"800\" \/>\n\t<meta property=\"og:image:height\" content=\"800\" \/>\n\t<meta property=\"og:image:type\" content=\"image\/jpeg\" \/>\n<meta name=\"twitter:card\" content=\"summary_large_image\" \/>\n<script type=\"application\/ld+json\" class=\"yoast-schema-graph\">{\"@context\":\"https:\\\/\\\/schema.org\",\"@graph\":[{\"@type\":\"WebPage\",\"@id\":\"https:\\\/\\\/nuniformswholesale.com\\\/es\\\/producto\\\/chaqueta-medica-ultra-suave-con-cremallera-frontal-para-mujer-estilo-n-5200\\\/\",\"url\":\"https:\\\/\\\/nuniformswholesale.com\\\/es\\\/producto\\\/chaqueta-medica-ultra-suave-con-cremallera-frontal-para-mujer-estilo-n-5200\\\/\",\"name\":\"CHAQUETA M\u00c9DICA ULTRA SUAVE CON CREMALLERA FRONTAL PARA MUJER (ESTILO N.\u00b0 5200) - Natural Uniforms Wholesale\",\"isPartOf\":{\"@id\":\"https:\\\/\\\/nuniformswholesale.com\\\/es\\\/#website\"},\"primaryImageOfPage\":{\"@id\":\"https:\\\/\\\/nuniformswholesale.com\\\/es\\\/producto\\\/chaqueta-medica-ultra-suave-con-cremallera-frontal-para-mujer-estilo-n-5200\\\/#primaryimage\"},\"image\":{\"@id\":\"https:\\\/\\\/nuniformswholesale.com\\\/es\\\/producto\\\/chaqueta-medica-ultra-suave-con-cremallera-frontal-para-mujer-estilo-n-5200\\\/#primaryimage\"},\"thumbnailUrl\":\"https:\\\/\\\/nuniformswholesale.com\\\/wp-content\\\/uploads\\\/2025\\\/07\\\/5200_front-view_2_woman_Black.jpg\",\"datePublished\":\"2025-05-09T13:55:58+00:00\",\"dateModified\":\"2026-02-21T09:55:38+00:00\",\"breadcrumb\":{\"@id\":\"https:\\\/\\\/nuniformswholesale.com\\\/es\\\/producto\\\/chaqueta-medica-ultra-suave-con-cremallera-frontal-para-mujer-estilo-n-5200\\\/#breadcrumb\"},\"inLanguage\":\"es\",\"potentialAction\":[{\"@type\":\"ReadAction\",\"target\":[\"https:\\\/\\\/nuniformswholesale.com\\\/es\\\/producto\\\/chaqueta-medica-ultra-suave-con-cremallera-frontal-para-mujer-estilo-n-5200\\\/\"]}]},{\"@type\":\"ImageObject\",\"inLanguage\":\"es\",\"@id\":\"https:\\\/\\\/nuniformswholesale.com\\\/es\\\/producto\\\/chaqueta-medica-ultra-suave-con-cremallera-frontal-para-mujer-estilo-n-5200\\\/#primaryimage\",\"url\":\"https:\\\/\\\/nuniformswholesale.com\\\/wp-content\\\/uploads\\\/2025\\\/07\\\/5200_front-view_2_woman_Black.jpg\",\"contentUrl\":\"https:\\\/\\\/nuniformswholesale.com\\\/wp-content\\\/uploads\\\/2025\\\/07\\\/5200_front-view_2_woman_Black.jpg\",\"width\":800,\"height\":800},{\"@type\":\"BreadcrumbList\",\"@id\":\"https:\\\/\\\/nuniformswholesale.com\\\/es\\\/producto\\\/chaqueta-medica-ultra-suave-con-cremallera-frontal-para-mujer-estilo-n-5200\\\/#breadcrumb\",\"itemListElement\":[{\"@type\":\"ListItem\",\"position\":1,\"name\":\"Home\",\"item\":\"https:\\\/\\\/nuniformswholesale.com\\\/es\\\/\"},{\"@type\":\"ListItem\",\"position\":2,\"name\":\"Our Products\",\"item\":\"https:\\\/\\\/nuniformswholesale.com\\\/our-products\\\/\"},{\"@type\":\"ListItem\",\"position\":3,\"name\":\"CHAQUETA M\u00c9DICA ULTRA SUAVE CON CREMALLERA FRONTAL PARA MUJER (ESTILO N.\u00b0 5200)\"}]},{\"@type\":\"WebSite\",\"@id\":\"https:\\\/\\\/nuniformswholesale.com\\\/es\\\/#website\",\"url\":\"https:\\\/\\\/nuniformswholesale.com\\\/es\\\/\",\"name\":\"Natural Uniforms\",\"description\":\"Natural Uniforms - Every Day Uniforms\",\"publisher\":{\"@id\":\"https:\\\/\\\/nuniformswholesale.com\\\/es\\\/#organization\"},\"alternateName\":\"Natural Uniforms\",\"potentialAction\":[{\"@type\":\"SearchAction\",\"target\":{\"@type\":\"EntryPoint\",\"urlTemplate\":\"https:\\\/\\\/nuniformswholesale.com\\\/es\\\/?s={search_term_string}\"},\"query-input\":{\"@type\":\"PropertyValueSpecification\",\"valueRequired\":true,\"valueName\":\"search_term_string\"}}],\"inLanguage\":\"es\"},{\"@type\":\"Organization\",\"@id\":\"https:\\\/\\\/nuniformswholesale.com\\\/es\\\/#organization\",\"name\":\"Natural Uniforms\",\"url\":\"https:\\\/\\\/nuniformswholesale.com\\\/es\\\/\",\"logo\":{\"@type\":\"ImageObject\",\"inLanguage\":\"es\",\"@id\":\"https:\\\/\\\/nuniformswholesale.com\\\/es\\\/#\\\/schema\\\/logo\\\/image\\\/\",\"url\":\"https:\\\/\\\/nuniformswholesale.com\\\/wp-content\\\/uploads\\\/2025\\\/08\\\/dsBuffer.bmp-2-1024x295-1-Photoroom.png\",\"contentUrl\":\"https:\\\/\\\/nuniformswholesale.com\\\/wp-content\\\/uploads\\\/2025\\\/08\\\/dsBuffer.bmp-2-1024x295-1-Photoroom.png\",\"width\":296,\"height\":85,\"caption\":\"Natural Uniforms\"},\"image\":{\"@id\":\"https:\\\/\\\/nuniformswholesale.com\\\/es\\\/#\\\/schema\\\/logo\\\/image\\\/\"}}]}<\/script>\n<!-- \/ Yoast SEO plugin. -->","yoast_head_json":{"title":"CHAQUETA M\u00c9DICA ULTRA SUAVE CON CREMALLERA FRONTAL PARA MUJER (ESTILO N.\u00b0 5200) - Natural Uniforms Wholesale","robots":{"index":"index","follow":"follow","max-snippet":"max-snippet:-1","max-image-preview":"max-image-preview:large","max-video-preview":"max-video-preview:-1"},"canonical":"https:\/\/nuniformswholesale.com\/es\/producto\/chaqueta-medica-ultra-suave-con-cremallera-frontal-para-mujer-estilo-n-5200\/","og_locale":"es_ES","og_type":"article","og_title":"CHAQUETA M\u00c9DICA ULTRA SUAVE CON CREMALLERA FRONTAL PARA MUJER (ESTILO N.\u00b0 5200) - Natural Uniforms Wholesale","og_description":"Caracter\u00edsticas destacadas del producto: Material: 77% Poli\u00e9ster 20% Ray\u00f3n 3% Elastano Caracter\u00edsticas del dise\u00f1o: Cierre frontal con cremallera Mangas largas Dos bolsillos delanteros tipo parche Escote minimalista sin cuello Comodidad y ajuste: Super suave y el\u00e1stica Tejido de f\u00e1cil cuidado para uso prolongado y lavados frecuentes. Dise\u00f1ado para comodidad durante todo el d\u00eda.","og_url":"https:\/\/nuniformswholesale.com\/es\/producto\/chaqueta-medica-ultra-suave-con-cremallera-frontal-para-mujer-estilo-n-5200\/","og_site_name":"Natural Uniforms Wholesale","article_modified_time":"2026-02-21T09:55:38+00:00","og_image":[{"width":800,"height":800,"url":"https:\/\/nuniformswholesale.com\/wp-content\/uploads\/2025\/07\/5200_front-view_2_woman_Black.jpg","type":"image\/jpeg"}],"twitter_card":"summary_large_image","schema":{"@context":"https:\/\/schema.org","@graph":[{"@type":"WebPage","@id":"https:\/\/nuniformswholesale.com\/es\/producto\/chaqueta-medica-ultra-suave-con-cremallera-frontal-para-mujer-estilo-n-5200\/","url":"https:\/\/nuniformswholesale.com\/es\/producto\/chaqueta-medica-ultra-suave-con-cremallera-frontal-para-mujer-estilo-n-5200\/","name":"CHAQUETA M\u00c9DICA ULTRA SUAVE CON CREMALLERA FRONTAL PARA MUJER (ESTILO N.\u00b0 5200) - Natural Uniforms Wholesale","isPartOf":{"@id":"https:\/\/nuniformswholesale.com\/es\/#website"},"primaryImageOfPage":{"@id":"https:\/\/nuniformswholesale.com\/es\/producto\/chaqueta-medica-ultra-suave-con-cremallera-frontal-para-mujer-estilo-n-5200\/#primaryimage"},"image":{"@id":"https:\/\/nuniformswholesale.com\/es\/producto\/chaqueta-medica-ultra-suave-con-cremallera-frontal-para-mujer-estilo-n-5200\/#primaryimage"},"thumbnailUrl":"https:\/\/nuniformswholesale.com\/wp-content\/uploads\/2025\/07\/5200_front-view_2_woman_Black.jpg","datePublished":"2025-05-09T13:55:58+00:00","dateModified":"2026-02-21T09:55:38+00:00","breadcrumb":{"@id":"https:\/\/nuniformswholesale.com\/es\/producto\/chaqueta-medica-ultra-suave-con-cremallera-frontal-para-mujer-estilo-n-5200\/#breadcrumb"},"inLanguage":"es","potentialAction":[{"@type":"ReadAction","target":["https:\/\/nuniformswholesale.com\/es\/producto\/chaqueta-medica-ultra-suave-con-cremallera-frontal-para-mujer-estilo-n-5200\/"]}]},{"@type":"ImageObject","inLanguage":"es","@id":"https:\/\/nuniformswholesale.com\/es\/producto\/chaqueta-medica-ultra-suave-con-cremallera-frontal-para-mujer-estilo-n-5200\/#primaryimage","url":"https:\/\/nuniformswholesale.com\/wp-content\/uploads\/2025\/07\/5200_front-view_2_woman_Black.jpg","contentUrl":"https:\/\/nuniformswholesale.com\/wp-content\/uploads\/2025\/07\/5200_front-view_2_woman_Black.jpg","width":800,"height":800},{"@type":"BreadcrumbList","@id":"https:\/\/nuniformswholesale.com\/es\/producto\/chaqueta-medica-ultra-suave-con-cremallera-frontal-para-mujer-estilo-n-5200\/#breadcrumb","itemListElement":[{"@type":"ListItem","position":1,"name":"Home","item":"https:\/\/nuniformswholesale.com\/es\/"},{"@type":"ListItem","position":2,"name":"Our Products","item":"https:\/\/nuniformswholesale.com\/our-products\/"},{"@type":"ListItem","position":3,"name":"CHAQUETA M\u00c9DICA ULTRA SUAVE CON CREMALLERA FRONTAL PARA MUJER (ESTILO N.\u00b0 5200)"}]},{"@type":"WebSite","@id":"https:\/\/nuniformswholesale.com\/es\/#website","url":"https:\/\/nuniformswholesale.com\/es\/","name":"Natural Uniforms","description":"Natural Uniforms - Every Day Uniforms","publisher":{"@id":"https:\/\/nuniformswholesale.com\/es\/#organization"},"alternateName":"Natural Uniforms","potentialAction":[{"@type":"SearchAction","target":{"@type":"EntryPoint","urlTemplate":"https:\/\/nuniformswholesale.com\/es\/?s={search_term_string}"},"query-input":{"@type":"PropertyValueSpecification","valueRequired":true,"valueName":"search_term_string"}}],"inLanguage":"es"},{"@type":"Organization","@id":"https:\/\/nuniformswholesale.com\/es\/#organization","name":"Natural Uniforms","url":"https:\/\/nuniformswholesale.com\/es\/","logo":{"@type":"ImageObject","inLanguage":"es","@id":"https:\/\/nuniformswholesale.com\/es\/#\/schema\/logo\/image\/","url":"https:\/\/nuniformswholesale.com\/wp-content\/uploads\/2025\/08\/dsBuffer.bmp-2-1024x295-1-Photoroom.png","contentUrl":"https:\/\/nuniformswholesale.com\/wp-content\/uploads\/2025\/08\/dsBuffer.bmp-2-1024x295-1-Photoroom.png","width":296,"height":85,"caption":"Natural Uniforms"},"image":{"@id":"https:\/\/nuniformswholesale.com\/es\/#\/schema\/logo\/image\/"}}]}},"_links":{"self":[{"href":"https:\/\/nuniformswholesale.com\/es\/wp-json\/wp\/v2\/product\/67966","targetHints":{"allow":["GET"]}}],"collection":[{"href":"https:\/\/nuniformswholesale.com\/es\/wp-json\/wp\/v2\/product"}],"about":[{"href":"https:\/\/nuniformswholesale.com\/es\/wp-json\/wp\/v2\/types\/product"}],"replies":[{"embeddable":true,"href":"https:\/\/nuniformswholesale.com\/es\/wp-json\/wp\/v2\/comments?post=67966"}],"wp:featuredmedia":[{"embeddable":true,"href":"https:\/\/nuniformswholesale.com\/es\/wp-json\/wp\/v2\/media\/67967"}],"wp:attachment":[{"href":"https:\/\/nuniformswholesale.com\/es\/wp-json\/wp\/v2\/media?parent=67966"}],"wp:term":[{"taxonomy":"product_brand","embeddable":true,"href":"https:\/\/nuniformswholesale.com\/es\/wp-json\/wp\/v2\/product_brand?post=67966"},{"taxonomy":"product_cat","embeddable":true,"href":"https:\/\/nuniformswholesale.com\/es\/wp-json\/wp\/v2\/product_cat?post=67966"},{"taxonomy":"product_tag","embeddable":true,"href":"https:\/\/nuniformswholesale.com\/es\/wp-json\/wp\/v2\/product_tag?post=67966"}],"curies":[{"name":"wp","href":"https:\/\/api.w.org\/{rel}","templated":true}]}}