{"id":73851,"date":"2025-12-18T22:17:27","date_gmt":"2025-12-19T06:17:27","guid":{"rendered":"https:\/\/nuniformswholesale.com\/product\/chaqueta-medica-de-calentamiento-para-mujer-natural-uniforms-con-cremallera-frontal-elasticidad-en-4-direcciones-absorcion-de-humedad-ajuste-contemporaneo-chaqueta-de-uniforme-medico-styl\/"},"modified":"2026-04-16T04:37:25","modified_gmt":"2026-04-16T12:37:25","slug":"chaqueta-medica-de-calentamiento-para-mujer-natural-uniforms-con-cremallera-frontal-elasticidad-en-4-direcciones-absorcion-de-humedad-ajuste-contemporaneo-chaqueta-de-uniforme-medico-styl","status":"publish","type":"product","link":"https:\/\/nuniformswholesale.com\/es\/producto\/chaqueta-medica-de-calentamiento-para-mujer-natural-uniforms-con-cremallera-frontal-elasticidad-en-4-direcciones-absorcion-de-humedad-ajuste-contemporaneo-chaqueta-de-uniforme-medico-styl\/","title":{"rendered":"CHAQUETA M\u00e9DICA DE CALENTAMIENTO PARA MUJER NATURAL UNIFORMS CON CREMALLERA FRONTAL \u2013 ELASTICIDAD EN 4 DIRECCIONES, ABSORCI\u00f3N DE HUMEDAD, AJUSTE CONTEMPOR\u00e1NEO, CHAQUETA DE UNIFORME M\u00e9DICO STYLE 4080"},"content":{"rendered":"<p><strong><span class=\"a-declarative\" data-action=\"voyager-desktop-ns-expander-toggle\" data-voyager-desktop-ns-expander-toggle=\"{\"columnName\":\"topHighlight\"}\"><a class=\"a-expander-header a-declarative a-expander-section-header a-link-section-expander a-size-medium\" role=\"button\" aria-expanded=\"true\" data-action=\"a-expander-toggle\" data-a-expander-toggle=\"{\"allowLinkDefault\":true, \"expand_prompt\":\"\", \"collapse_prompt\":\"\"}\"><span class=\"a-expander-prompt\" role=\"heading\" aria-level=\"5\">Aspectos destacados <\/span><\/a><\/span><\/strong><\/p>\n<div id=\"topHighlight\" class=\"a-expander-content a-expander-section-content a-section-expander-inner\" data-expanded=\"true\">\n<div id=\"productFactsDesktopExpander\" class=\"a-expander-collapsed-height a-row a-expander-container a-spacing-medium a-expander-partial-collapse-container\" data-a-expander-name=\"productFactsDesktopExpander\" data-a-expander-collapsed-height=\"400\">\n<div class=\"a-expander-content a-expander-partial-collapse-content a-expander-content-expanded\" data-expanded=\"true\">\n<div class=\"a-section\" role=\"list\">\n<div class=\"a-fixed-left-grid product-facts-detail\">\n<div class=\"a-fixed-left-grid-inner\">\n<div class=\"a-fixed-left-grid-col a-col-left\"><span class=\"a-color-base\">Tipo de tejido<\/span>: 93% <strong>poli\u00e9ster<\/strong>, 7% <span class=\"a-color-base\">spandex<\/span><\/div>\n<\/div>\n<\/div>\n<div class=\"a-fixed-left-grid product-facts-detail\">\n<div class=\"a-fixed-left-grid-inner\">\n<div class=\"a-fixed-left-grid-col a-col-left\">Instrucciones de cuidado: Lavado a m\u00e1quina<\/div>\n<\/div>\n<\/div>\n<div class=\"a-fixed-left-grid product-facts-detail\">\n<div class=\"a-fixed-left-grid-inner\">\n<div class=\"a-fixed-left-grid-col a-col-left\">Origen: Importado<\/div>\n<\/div>\n<\/div>\n<div class=\"a-fixed-left-grid product-facts-detail\">\n<div class=\"a-fixed-left-grid-inner\">\n<div class=\"a-fixed-left-grid-col a-col-left\">Tipo de cierre: Cremallera<\/div>\n<\/div>\n<\/div>\n<\/div>\n<hr class=\"a-spacing-base a-spacing-top-base a-divider-normal\" aria-hidden=\"true\">\n<h3 class=\"product-facts-title\">Sobre este producto<\/h3>\n<ul class=\"a-unordered-list a-vertical a-spacing-small\">\n<li><span class=\"a-list-item a-size-base a-color-base\">DISE\u00d1O FUNCIONAL CON CREMALLERA \u2013 La cremallera frontal completa permite poner y quitar f\u00e1cilmente la prenda, con protecci\u00f3n en el cuello (cubierta de cremallera) para mayor comodidad y un acabado limpio.<\/span><\/li>\n<li><span class=\"a-list-item a-size-base a-color-base\">OPCIONES DE ALMACENAMIENTO PR\u00c1CTICAS \u2013 Cuenta con dos amplios bolsillos frontales tipo ojal y un bolsillo interior oculto para art\u00edculos esenciales como tel\u00e9fono, credencial o bol\u00edgrafos. Incluye un lazo para instrumentos para mayor practicidad. <\/span><\/li>\n<li><span class=\"a-list-item a-size-base a-color-base\">TEJIDO EL\u00c1STICO EN 4 DIRECCIONES \u2013 Confeccionado con resistente tejido dobby de trama cruzada (93% poli\u00e9ster, 7% spandex) que se adapta al movimiento durante largas jornadas. El material con absorci\u00f3n de humedad ayuda a mantenerte seco y c\u00f3modo. <\/span><\/li>\n<li><span class=\"a-list-item a-size-base a-color-base\">AJUSTE DEPORTIVO Y CONTEMPOR\u00c1NEO \u2013 Dise\u00f1ado con una silueta favorecedora y contorneada que ofrece una apariencia profesional sin sacrificar la comodidad durante todo el d\u00eda. Ideal para profesionales de la salud y entornos de trabajo activos. <\/span><\/li>\n<li><span class=\"a-list-item a-size-base a-color-base\">Comfort Stretch Knit Panels \u2013 Soft knit side panels, cuffs, and hem provide breathability, flexibility, and all-day ease of movement at work or on the go.<\/span><\/li>\n<\/ul>\n<\/div>\n<\/div>\n<\/div>\n","protected":false},"excerpt":{"rendered":"<p>Aspectos destacados Tipo de tejido: 93% poli\u00e9ster, 7% spandex Instrucciones de cuidado: Lavado a m\u00e1quina Origen: Importado Tipo de cierre: Cremallera Sobre este producto DISE\u00d1O FUNCIONAL CON CREMALLERA \u2013 La cremallera frontal completa permite poner y quitar f\u00e1cilmente la prenda, con protecci\u00f3n en el cuello (cubierta de cremallera) para mayor comodidad y un acabado limpio. [&hellip;]<\/p>\n","protected":false},"featured_media":73536,"comment_status":"open","ping_status":"closed","template":"","meta":[],"product_brand":[450],"product_cat":[544,298,553],"product_tag":[727],"class_list":{"0":"post-73851","1":"product","2":"type-product","3":"status-publish","4":"has-post-thumbnail","6":"product_brand-exfoliantes-mm","7":"product_cat-chaquetas-medicas-para-mujer","8":"product_cat-mujer","9":"product_cat-batas-y-chaquetas-medicas-mujer","10":"product_tag-women","11":"pa_color-aceituna","12":"pa_color-azul-marino-verdadero","13":"pa_color-azul-real-verdadero","14":"pa_color-berenjena","15":"pa_color-blanca","16":"pa_color-borgona","17":"pa_color-carbon","18":"pa_color-lavanda","19":"pa_color-negra","20":"pa_color-red","21":"pa_color-roja","22":"pa_color-rosa-fuerte","23":"pa_color-techo-azul","24":"pa_color-verde-azulado","25":"pa_color-verde-cazador-verde","26":"pa_size-2x","28":"pa_size-3x","30":"pa_size-l","32":"pa_size-m","34":"pa_size-s","36":"pa_size-xl","38":"pa_size-xs","41":"first","42":"instock","43":"taxable","44":"shipping-taxable","45":"purchasable","46":"product-type-variable"},"yoast_head":"<!-- This site is optimized with the Yoast SEO plugin v27.4 - https:\/\/yoast.com\/product\/yoast-seo-wordpress\/ -->\n<title>Chaqueta m\u00e9dica de calentamiento para mujer Natural Uniforms con cremallera frontal \u2013 Elasticidad en 4 direcciones, absorci\u00f3n de humedad, ajuste contempor\u00e1neo, chaqueta de uniforme m\u00e9dico STYLE 4080 - Natural Uniforms Wholesale<\/title>\n<meta name=\"robots\" content=\"index, follow, max-snippet:-1, max-image-preview:large, max-video-preview:-1\" \/>\n<link rel=\"canonical\" href=\"https:\/\/nuniformswholesale.com\/es\/producto\/chaqueta-medica-de-calentamiento-para-mujer-natural-uniforms-con-cremallera-frontal-elasticidad-en-4-direcciones-absorcion-de-humedad-ajuste-contemporaneo-chaqueta-de-uniforme-medico-styl\/\" \/>\n<meta property=\"og:locale\" content=\"es_ES\" \/>\n<meta property=\"og:type\" content=\"article\" \/>\n<meta property=\"og:title\" content=\"Chaqueta m\u00e9dica de calentamiento para mujer Natural Uniforms con cremallera frontal \u2013 Elasticidad en 4 direcciones, absorci\u00f3n de humedad, ajuste contempor\u00e1neo, chaqueta de uniforme m\u00e9dico STYLE 4080 - Natural Uniforms Wholesale\" \/>\n<meta property=\"og:description\" content=\"Aspectos destacados Tipo de tejido: 93% poli\u00e9ster, 7% spandex Instrucciones de cuidado: Lavado a m\u00e1quina Origen: Importado Tipo de cierre: Cremallera Sobre este producto DISE\u00d1O FUNCIONAL CON CREMALLERA \u2013 La cremallera frontal completa permite poner y quitar f\u00e1cilmente la prenda, con protecci\u00f3n en el cuello (cubierta de cremallera) para mayor comodidad y un acabado limpio. [&hellip;]\" \/>\n<meta property=\"og:url\" content=\"https:\/\/nuniformswholesale.com\/es\/producto\/chaqueta-medica-de-calentamiento-para-mujer-natural-uniforms-con-cremallera-frontal-elasticidad-en-4-direcciones-absorcion-de-humedad-ajuste-contemporaneo-chaqueta-de-uniforme-medico-styl\/\" \/>\n<meta property=\"og:site_name\" content=\"Natural Uniforms Wholesale\" \/>\n<meta property=\"article:modified_time\" content=\"2026-04-16T12:37:25+00:00\" \/>\n<meta property=\"og:image\" content=\"https:\/\/nuniformswholesale.com\/wp-content\/uploads\/2025\/12\/4080-RED-800x800-1.jpg\" \/>\n\t<meta property=\"og:image:width\" content=\"800\" \/>\n\t<meta property=\"og:image:height\" content=\"800\" \/>\n\t<meta property=\"og:image:type\" content=\"image\/jpeg\" \/>\n<meta name=\"twitter:card\" content=\"summary_large_image\" \/>\n<meta name=\"twitter:label1\" content=\"Tiempo de lectura\" \/>\n\t<meta name=\"twitter:data1\" content=\"1 minuto\" \/>\n<script type=\"application\/ld+json\" class=\"yoast-schema-graph\">{\"@context\":\"https:\\\/\\\/schema.org\",\"@graph\":[{\"@type\":\"WebPage\",\"@id\":\"https:\\\/\\\/nuniformswholesale.com\\\/es\\\/producto\\\/chaqueta-medica-de-calentamiento-para-mujer-natural-uniforms-con-cremallera-frontal-elasticidad-en-4-direcciones-absorcion-de-humedad-ajuste-contemporaneo-chaqueta-de-uniforme-medico-styl\\\/\",\"url\":\"https:\\\/\\\/nuniformswholesale.com\\\/es\\\/producto\\\/chaqueta-medica-de-calentamiento-para-mujer-natural-uniforms-con-cremallera-frontal-elasticidad-en-4-direcciones-absorcion-de-humedad-ajuste-contemporaneo-chaqueta-de-uniforme-medico-styl\\\/\",\"name\":\"Chaqueta m\u00e9dica de calentamiento para mujer Natural Uniforms con cremallera frontal \u2013 Elasticidad en 4 direcciones, absorci\u00f3n de humedad, ajuste contempor\u00e1neo, chaqueta de uniforme m\u00e9dico STYLE 4080 - Natural Uniforms Wholesale\",\"isPartOf\":{\"@id\":\"https:\\\/\\\/nuniformswholesale.com\\\/es\\\/#website\"},\"primaryImageOfPage\":{\"@id\":\"https:\\\/\\\/nuniformswholesale.com\\\/es\\\/producto\\\/chaqueta-medica-de-calentamiento-para-mujer-natural-uniforms-con-cremallera-frontal-elasticidad-en-4-direcciones-absorcion-de-humedad-ajuste-contemporaneo-chaqueta-de-uniforme-medico-styl\\\/#primaryimage\"},\"image\":{\"@id\":\"https:\\\/\\\/nuniformswholesale.com\\\/es\\\/producto\\\/chaqueta-medica-de-calentamiento-para-mujer-natural-uniforms-con-cremallera-frontal-elasticidad-en-4-direcciones-absorcion-de-humedad-ajuste-contemporaneo-chaqueta-de-uniforme-medico-styl\\\/#primaryimage\"},\"thumbnailUrl\":\"https:\\\/\\\/nuniformswholesale.com\\\/wp-content\\\/uploads\\\/2025\\\/12\\\/4080-RED-800x800-1.jpg\",\"datePublished\":\"2025-12-19T06:17:27+00:00\",\"dateModified\":\"2026-04-16T12:37:25+00:00\",\"breadcrumb\":{\"@id\":\"https:\\\/\\\/nuniformswholesale.com\\\/es\\\/producto\\\/chaqueta-medica-de-calentamiento-para-mujer-natural-uniforms-con-cremallera-frontal-elasticidad-en-4-direcciones-absorcion-de-humedad-ajuste-contemporaneo-chaqueta-de-uniforme-medico-styl\\\/#breadcrumb\"},\"inLanguage\":\"es\",\"potentialAction\":[{\"@type\":\"ReadAction\",\"target\":[\"https:\\\/\\\/nuniformswholesale.com\\\/es\\\/producto\\\/chaqueta-medica-de-calentamiento-para-mujer-natural-uniforms-con-cremallera-frontal-elasticidad-en-4-direcciones-absorcion-de-humedad-ajuste-contemporaneo-chaqueta-de-uniforme-medico-styl\\\/\"]}]},{\"@type\":\"ImageObject\",\"inLanguage\":\"es\",\"@id\":\"https:\\\/\\\/nuniformswholesale.com\\\/es\\\/producto\\\/chaqueta-medica-de-calentamiento-para-mujer-natural-uniforms-con-cremallera-frontal-elasticidad-en-4-direcciones-absorcion-de-humedad-ajuste-contemporaneo-chaqueta-de-uniforme-medico-styl\\\/#primaryimage\",\"url\":\"https:\\\/\\\/nuniformswholesale.com\\\/wp-content\\\/uploads\\\/2025\\\/12\\\/4080-RED-800x800-1.jpg\",\"contentUrl\":\"https:\\\/\\\/nuniformswholesale.com\\\/wp-content\\\/uploads\\\/2025\\\/12\\\/4080-RED-800x800-1.jpg\",\"width\":800,\"height\":800},{\"@type\":\"BreadcrumbList\",\"@id\":\"https:\\\/\\\/nuniformswholesale.com\\\/es\\\/producto\\\/chaqueta-medica-de-calentamiento-para-mujer-natural-uniforms-con-cremallera-frontal-elasticidad-en-4-direcciones-absorcion-de-humedad-ajuste-contemporaneo-chaqueta-de-uniforme-medico-styl\\\/#breadcrumb\",\"itemListElement\":[{\"@type\":\"ListItem\",\"position\":1,\"name\":\"Home\",\"item\":\"https:\\\/\\\/nuniformswholesale.com\\\/es\\\/\"},{\"@type\":\"ListItem\",\"position\":2,\"name\":\"Our Products\",\"item\":\"https:\\\/\\\/nuniformswholesale.com\\\/our-products\\\/\"},{\"@type\":\"ListItem\",\"position\":3,\"name\":\"CHAQUETA M\u00e9DICA DE CALENTAMIENTO PARA MUJER NATURAL UNIFORMS CON CREMALLERA FRONTAL \u2013 ELASTICIDAD EN 4 DIRECCIONES, ABSORCI\u00f3N DE HUMEDAD, AJUSTE CONTEMPOR\u00e1NEO, CHAQUETA DE UNIFORME M\u00e9DICO STYLE 4080\"}]},{\"@type\":\"WebSite\",\"@id\":\"https:\\\/\\\/nuniformswholesale.com\\\/es\\\/#website\",\"url\":\"https:\\\/\\\/nuniformswholesale.com\\\/es\\\/\",\"name\":\"Natural Uniforms\",\"description\":\"Natural Uniforms - Every Day Uniforms\",\"publisher\":{\"@id\":\"https:\\\/\\\/nuniformswholesale.com\\\/es\\\/#organization\"},\"alternateName\":\"Natural Uniforms\",\"potentialAction\":[{\"@type\":\"SearchAction\",\"target\":{\"@type\":\"EntryPoint\",\"urlTemplate\":\"https:\\\/\\\/nuniformswholesale.com\\\/es\\\/?s={search_term_string}\"},\"query-input\":{\"@type\":\"PropertyValueSpecification\",\"valueRequired\":true,\"valueName\":\"search_term_string\"}}],\"inLanguage\":\"es\"},{\"@type\":\"Organization\",\"@id\":\"https:\\\/\\\/nuniformswholesale.com\\\/es\\\/#organization\",\"name\":\"Natural Uniforms\",\"url\":\"https:\\\/\\\/nuniformswholesale.com\\\/es\\\/\",\"logo\":{\"@type\":\"ImageObject\",\"inLanguage\":\"es\",\"@id\":\"https:\\\/\\\/nuniformswholesale.com\\\/es\\\/#\\\/schema\\\/logo\\\/image\\\/\",\"url\":\"https:\\\/\\\/nuniformswholesale.com\\\/wp-content\\\/uploads\\\/2025\\\/08\\\/dsBuffer.bmp-2-1024x295-1-Photoroom.png\",\"contentUrl\":\"https:\\\/\\\/nuniformswholesale.com\\\/wp-content\\\/uploads\\\/2025\\\/08\\\/dsBuffer.bmp-2-1024x295-1-Photoroom.png\",\"width\":296,\"height\":85,\"caption\":\"Natural Uniforms\"},\"image\":{\"@id\":\"https:\\\/\\\/nuniformswholesale.com\\\/es\\\/#\\\/schema\\\/logo\\\/image\\\/\"}}]}<\/script>\n<!-- \/ Yoast SEO plugin. -->","yoast_head_json":{"title":"Chaqueta m\u00e9dica de calentamiento para mujer Natural Uniforms con cremallera frontal \u2013 Elasticidad en 4 direcciones, absorci\u00f3n de humedad, ajuste contempor\u00e1neo, chaqueta de uniforme m\u00e9dico STYLE 4080 - Natural Uniforms Wholesale","robots":{"index":"index","follow":"follow","max-snippet":"max-snippet:-1","max-image-preview":"max-image-preview:large","max-video-preview":"max-video-preview:-1"},"canonical":"https:\/\/nuniformswholesale.com\/es\/producto\/chaqueta-medica-de-calentamiento-para-mujer-natural-uniforms-con-cremallera-frontal-elasticidad-en-4-direcciones-absorcion-de-humedad-ajuste-contemporaneo-chaqueta-de-uniforme-medico-styl\/","og_locale":"es_ES","og_type":"article","og_title":"Chaqueta m\u00e9dica de calentamiento para mujer Natural Uniforms con cremallera frontal \u2013 Elasticidad en 4 direcciones, absorci\u00f3n de humedad, ajuste contempor\u00e1neo, chaqueta de uniforme m\u00e9dico STYLE 4080 - Natural Uniforms Wholesale","og_description":"Aspectos destacados Tipo de tejido: 93% poli\u00e9ster, 7% spandex Instrucciones de cuidado: Lavado a m\u00e1quina Origen: Importado Tipo de cierre: Cremallera Sobre este producto DISE\u00d1O FUNCIONAL CON CREMALLERA \u2013 La cremallera frontal completa permite poner y quitar f\u00e1cilmente la prenda, con protecci\u00f3n en el cuello (cubierta de cremallera) para mayor comodidad y un acabado limpio. [&hellip;]","og_url":"https:\/\/nuniformswholesale.com\/es\/producto\/chaqueta-medica-de-calentamiento-para-mujer-natural-uniforms-con-cremallera-frontal-elasticidad-en-4-direcciones-absorcion-de-humedad-ajuste-contemporaneo-chaqueta-de-uniforme-medico-styl\/","og_site_name":"Natural Uniforms Wholesale","article_modified_time":"2026-04-16T12:37:25+00:00","og_image":[{"width":800,"height":800,"url":"https:\/\/nuniformswholesale.com\/wp-content\/uploads\/2025\/12\/4080-RED-800x800-1.jpg","type":"image\/jpeg"}],"twitter_card":"summary_large_image","twitter_misc":{"Tiempo de lectura":"1 minuto"},"schema":{"@context":"https:\/\/schema.org","@graph":[{"@type":"WebPage","@id":"https:\/\/nuniformswholesale.com\/es\/producto\/chaqueta-medica-de-calentamiento-para-mujer-natural-uniforms-con-cremallera-frontal-elasticidad-en-4-direcciones-absorcion-de-humedad-ajuste-contemporaneo-chaqueta-de-uniforme-medico-styl\/","url":"https:\/\/nuniformswholesale.com\/es\/producto\/chaqueta-medica-de-calentamiento-para-mujer-natural-uniforms-con-cremallera-frontal-elasticidad-en-4-direcciones-absorcion-de-humedad-ajuste-contemporaneo-chaqueta-de-uniforme-medico-styl\/","name":"Chaqueta m\u00e9dica de calentamiento para mujer Natural Uniforms con cremallera frontal \u2013 Elasticidad en 4 direcciones, absorci\u00f3n de humedad, ajuste contempor\u00e1neo, chaqueta de uniforme m\u00e9dico STYLE 4080 - Natural Uniforms Wholesale","isPartOf":{"@id":"https:\/\/nuniformswholesale.com\/es\/#website"},"primaryImageOfPage":{"@id":"https:\/\/nuniformswholesale.com\/es\/producto\/chaqueta-medica-de-calentamiento-para-mujer-natural-uniforms-con-cremallera-frontal-elasticidad-en-4-direcciones-absorcion-de-humedad-ajuste-contemporaneo-chaqueta-de-uniforme-medico-styl\/#primaryimage"},"image":{"@id":"https:\/\/nuniformswholesale.com\/es\/producto\/chaqueta-medica-de-calentamiento-para-mujer-natural-uniforms-con-cremallera-frontal-elasticidad-en-4-direcciones-absorcion-de-humedad-ajuste-contemporaneo-chaqueta-de-uniforme-medico-styl\/#primaryimage"},"thumbnailUrl":"https:\/\/nuniformswholesale.com\/wp-content\/uploads\/2025\/12\/4080-RED-800x800-1.jpg","datePublished":"2025-12-19T06:17:27+00:00","dateModified":"2026-04-16T12:37:25+00:00","breadcrumb":{"@id":"https:\/\/nuniformswholesale.com\/es\/producto\/chaqueta-medica-de-calentamiento-para-mujer-natural-uniforms-con-cremallera-frontal-elasticidad-en-4-direcciones-absorcion-de-humedad-ajuste-contemporaneo-chaqueta-de-uniforme-medico-styl\/#breadcrumb"},"inLanguage":"es","potentialAction":[{"@type":"ReadAction","target":["https:\/\/nuniformswholesale.com\/es\/producto\/chaqueta-medica-de-calentamiento-para-mujer-natural-uniforms-con-cremallera-frontal-elasticidad-en-4-direcciones-absorcion-de-humedad-ajuste-contemporaneo-chaqueta-de-uniforme-medico-styl\/"]}]},{"@type":"ImageObject","inLanguage":"es","@id":"https:\/\/nuniformswholesale.com\/es\/producto\/chaqueta-medica-de-calentamiento-para-mujer-natural-uniforms-con-cremallera-frontal-elasticidad-en-4-direcciones-absorcion-de-humedad-ajuste-contemporaneo-chaqueta-de-uniforme-medico-styl\/#primaryimage","url":"https:\/\/nuniformswholesale.com\/wp-content\/uploads\/2025\/12\/4080-RED-800x800-1.jpg","contentUrl":"https:\/\/nuniformswholesale.com\/wp-content\/uploads\/2025\/12\/4080-RED-800x800-1.jpg","width":800,"height":800},{"@type":"BreadcrumbList","@id":"https:\/\/nuniformswholesale.com\/es\/producto\/chaqueta-medica-de-calentamiento-para-mujer-natural-uniforms-con-cremallera-frontal-elasticidad-en-4-direcciones-absorcion-de-humedad-ajuste-contemporaneo-chaqueta-de-uniforme-medico-styl\/#breadcrumb","itemListElement":[{"@type":"ListItem","position":1,"name":"Home","item":"https:\/\/nuniformswholesale.com\/es\/"},{"@type":"ListItem","position":2,"name":"Our Products","item":"https:\/\/nuniformswholesale.com\/our-products\/"},{"@type":"ListItem","position":3,"name":"CHAQUETA M\u00e9DICA DE CALENTAMIENTO PARA MUJER NATURAL UNIFORMS CON CREMALLERA FRONTAL \u2013 ELASTICIDAD EN 4 DIRECCIONES, ABSORCI\u00f3N DE HUMEDAD, AJUSTE CONTEMPOR\u00e1NEO, CHAQUETA DE UNIFORME M\u00e9DICO STYLE 4080"}]},{"@type":"WebSite","@id":"https:\/\/nuniformswholesale.com\/es\/#website","url":"https:\/\/nuniformswholesale.com\/es\/","name":"Natural Uniforms","description":"Natural Uniforms - Every Day Uniforms","publisher":{"@id":"https:\/\/nuniformswholesale.com\/es\/#organization"},"alternateName":"Natural Uniforms","potentialAction":[{"@type":"SearchAction","target":{"@type":"EntryPoint","urlTemplate":"https:\/\/nuniformswholesale.com\/es\/?s={search_term_string}"},"query-input":{"@type":"PropertyValueSpecification","valueRequired":true,"valueName":"search_term_string"}}],"inLanguage":"es"},{"@type":"Organization","@id":"https:\/\/nuniformswholesale.com\/es\/#organization","name":"Natural Uniforms","url":"https:\/\/nuniformswholesale.com\/es\/","logo":{"@type":"ImageObject","inLanguage":"es","@id":"https:\/\/nuniformswholesale.com\/es\/#\/schema\/logo\/image\/","url":"https:\/\/nuniformswholesale.com\/wp-content\/uploads\/2025\/08\/dsBuffer.bmp-2-1024x295-1-Photoroom.png","contentUrl":"https:\/\/nuniformswholesale.com\/wp-content\/uploads\/2025\/08\/dsBuffer.bmp-2-1024x295-1-Photoroom.png","width":296,"height":85,"caption":"Natural Uniforms"},"image":{"@id":"https:\/\/nuniformswholesale.com\/es\/#\/schema\/logo\/image\/"}}]}},"_links":{"self":[{"href":"https:\/\/nuniformswholesale.com\/es\/wp-json\/wp\/v2\/product\/73851","targetHints":{"allow":["GET"]}}],"collection":[{"href":"https:\/\/nuniformswholesale.com\/es\/wp-json\/wp\/v2\/product"}],"about":[{"href":"https:\/\/nuniformswholesale.com\/es\/wp-json\/wp\/v2\/types\/product"}],"replies":[{"embeddable":true,"href":"https:\/\/nuniformswholesale.com\/es\/wp-json\/wp\/v2\/comments?post=73851"}],"wp:featuredmedia":[{"embeddable":true,"href":"https:\/\/nuniformswholesale.com\/es\/wp-json\/wp\/v2\/media\/73536"}],"wp:attachment":[{"href":"https:\/\/nuniformswholesale.com\/es\/wp-json\/wp\/v2\/media?parent=73851"}],"wp:term":[{"taxonomy":"product_brand","embeddable":true,"href":"https:\/\/nuniformswholesale.com\/es\/wp-json\/wp\/v2\/product_brand?post=73851"},{"taxonomy":"product_cat","embeddable":true,"href":"https:\/\/nuniformswholesale.com\/es\/wp-json\/wp\/v2\/product_cat?post=73851"},{"taxonomy":"product_tag","embeddable":true,"href":"https:\/\/nuniformswholesale.com\/es\/wp-json\/wp\/v2\/product_tag?post=73851"}],"curies":[{"name":"wp","href":"https:\/\/api.w.org\/{rel}","templated":true}]}}